{"id":3549,"date":"2024-05-28T14:36:52","date_gmt":"2024-05-28T14:36:52","guid":{"rendered":"https:\/\/myfoodoffice.com\/?page_id=3549"},"modified":"2024-05-29T07:47:24","modified_gmt":"2024-05-29T07:47:24","slug":"story-pave-milano","status":"publish","type":"page","link":"https:\/\/myfoodoffice.com\/en\/customer-stories\/story-pave-milano\/","title":{"rendered":"Story &#8211; Pav\u00e9 Milano"},"content":{"rendered":"\n<div style=\"height:40px\" aria-hidden=\"true\" class=\"wp-block-spacer\"><\/div>\n\n\n\n<figure class=\"wp-block-gallery has-nested-images columns-default is-cropped wp-block-gallery-1 is-layout-flex wp-block-gallery-is-layout-flex\">\n<figure class=\"wp-block-image size-large is-style-rounded\"><img loading=\"lazy\" decoding=\"async\" width=\"1601\" height=\"2560\" data-id=\"3565\" src=\"https:\/\/myfoodoffice.com\/wp-content\/uploads\/2024\/05\/12-edited-scaled.jpg\" alt=\"\" class=\"wp-image-3565\" srcset=\"https:\/\/myfoodoffice.com\/wp-content\/uploads\/2024\/05\/12-edited-scaled.jpg 1601w, https:\/\/myfoodoffice.com\/wp-content\/uploads\/2024\/05\/12-edited-188x300.jpg 188w, https:\/\/myfoodoffice.com\/wp-content\/uploads\/2024\/05\/12-edited-640x1024.jpg 640w, https:\/\/myfoodoffice.com\/wp-content\/uploads\/2024\/05\/12-edited-768x1228.jpg 768w, https:\/\/myfoodoffice.com\/wp-content\/uploads\/2024\/05\/12-edited-960x1536.jpg 960w, https:\/\/myfoodoffice.com\/wp-content\/uploads\/2024\/05\/12-edited-1281x2048.jpg 1281w, https:\/\/myfoodoffice.com\/wp-content\/uploads\/2024\/05\/12-edited-8x12.jpg 8w, https:\/\/myfoodoffice.com\/wp-content\/uploads\/2024\/05\/12-edited-2000x3199.jpg 2000w\" sizes=\"auto, (max-width: 1601px) 100vw, 1601px\" \/><figcaption class=\"wp-element-caption\">Photo: Pav\u00e9 Milano<\/figcaption><\/figure>\n<\/figure>\n\n\n\n<h2 class=\"wp-block-heading has-text-align-center has-medium-font-size\">The story of the company that revolutionised the world of bakery and pastry: now MyFoodOffice joins Pav\u00e9 Milano in the digitalisation challenge<\/h2>\n\n\n\n<p><a href=\"https:\/\/www.pavemilano.com\/\" data-type=\"link\" data-id=\"https:\/\/www.pavemilano.com\/\">Pav\u00e9 Milano<\/a>, the innovative caf\u00e9 born 10 years ago from the vision of three friends determined to revolutionize breakfast in Milan, has charted an incredible growth trajectory. Constantly evolving, Pav\u00e9 has opened new shops and introduced innovative projects: pastry shops, gelaterias (ice cream bars), and breweries. In 2023, with six locations and over 50 employees, Pav\u00e9 faced a new challenge: optimizing business management. The goal was to integrate the management of products, orders, and costs into a single platform<\/p>\n\n\n\n<p class=\"has-text-align-left has-black-color has-text-color\"> &#8211; MyFoodOffice has become the ideal partner, as it is capable of offering a tailored solution that has transformed Pav\u00e9&#8217;s work routine. Alessandro, Pav\u00e9 Milano&#8217;s logistics manager, emphasizes the importance of the collaboration: <\/p>\n\n\n\n<blockquote class=\"wp-block-quote is-layout-flow wp-block-quote-is-layout-flow\">\n<p>\u201cMyFoodOffice understands the challenges of the bakery sector. The transition has given us the opportunity to optimize products and procedures, improving our work routine.<\/p>\n<cite>Alessandro, Pav\u00e9 Milano&#8217;s logistics manage<\/cite><\/blockquote>\n\n\n\n<div class=\"wp-block-columns are-vertically-aligned-center is-layout-flex wp-container-core-columns-is-layout-9d6595d7 wp-block-columns-is-layout-flex\">\n<div class=\"wp-block-column is-vertically-aligned-center is-layout-flow wp-block-column-is-layout-flow\">\n<p>The implementation of the system has allowed the company to plan orders in advance and generate detailed reports on raw materials and production, saving valuable work hours and simplifying repetitive tasks. <\/p>\n\n\n\n<p>Elena, Pav\u00e9\u2019s administrative manager, explains: \u201cWith real-time access to raw material costs, we maintain the margins necessary for growth. Having all the data in one place, with dynamic lists, is invaluable.\u201d Order control has freed up additional time for the development of new products, preserving Pav\u00e9\u2019s distinctive quality, which encompasses design, graphics, and architecture.<\/p>\n<\/div>\n\n\n\n<div class=\"wp-block-column is-vertically-aligned-center is-layout-flow wp-block-column-is-layout-flow\">\n<figure class=\"wp-block-gallery has-nested-images columns-default is-cropped wp-block-gallery-2 is-layout-flex wp-block-gallery-is-layout-flex\">\n<figure class=\"wp-block-image size-full\"><img loading=\"lazy\" decoding=\"async\" width=\"2560\" height=\"1709\" data-id=\"3558\" src=\"https:\/\/myfoodoffice.com\/wp-content\/uploads\/2024\/05\/Store_casati_2-4-scaled.jpg\" alt=\"\" class=\"wp-image-3558\" srcset=\"https:\/\/myfoodoffice.com\/wp-content\/uploads\/2024\/05\/Store_casati_2-4-scaled.jpg 2560w, https:\/\/myfoodoffice.com\/wp-content\/uploads\/2024\/05\/Store_casati_2-4-300x200.jpg 300w, https:\/\/myfoodoffice.com\/wp-content\/uploads\/2024\/05\/Store_casati_2-4-1024x683.jpg 1024w, https:\/\/myfoodoffice.com\/wp-content\/uploads\/2024\/05\/Store_casati_2-4-768x513.jpg 768w, https:\/\/myfoodoffice.com\/wp-content\/uploads\/2024\/05\/Store_casati_2-4-1536x1025.jpg 1536w, https:\/\/myfoodoffice.com\/wp-content\/uploads\/2024\/05\/Store_casati_2-4-2048x1367.jpg 2048w, https:\/\/myfoodoffice.com\/wp-content\/uploads\/2024\/05\/Store_casati_2-4-18x12.jpg 18w, https:\/\/myfoodoffice.com\/wp-content\/uploads\/2024\/05\/Store_casati_2-4-2000x1335.jpg 2000w\" sizes=\"auto, (max-width: 2560px) 100vw, 2560px\" \/><figcaption class=\"wp-element-caption\">Pav\u00e9&#8217; shop invia Felice Casati, Milano<\/figcaption><\/figure>\n<\/figure>\n<\/div>\n<\/div>\n\n\n\n<blockquote class=\"wp-block-quote is-layout-flow wp-block-quote-is-layout-flow\">\n<p>With real-time access to raw material costs, we can ensure the margins necessary for growth. Consolidating all the data in one place, with dynamic lists, is invaluable.<\/p>\n<cite>Elena, Pav\u00e9 Milano&#8217;s administrative Manager<\/cite><\/blockquote>\n\n\n\n<p><a href=\"https:\/\/myfoodoffice.com\/customer-stories\/story-pave-milano\/pave-milano-and-myfoodoffice-together-in-innovation\" data-type=\"page\" data-id=\"3570\" target=\"_blank\" rel=\"noreferrer noopener\">Read the whole article (in Italian) published in the magazine <strong>Dolcesalato<\/strong>, January 2024<\/a><\/p>\n\n\n\n<p><\/p>\n\n\n\n<div class=\"wp-block-cover alignfull\" style=\"min-height:600px;aspect-ratio:unset;\"><span aria-hidden=\"true\" class=\"wp-block-cover__background has-background-dim-100 has-background-dim wp-block-cover__gradient-background has-background-gradient\" style=\"background:linear-gradient(135deg,rgb(142,162,248) 0%,rgb(59,67,181) 100%)\"><\/span><img loading=\"lazy\" decoding=\"async\" width=\"2560\" height=\"1707\" class=\"wp-block-cover__image-background wp-image-1405\" alt=\"\" src=\"http:\/\/34.88.199.23\/wp-content\/uploads\/2022\/08\/gradienta-LeG68PrXA6Y-unsplash-scaled.jpg\" data-object-fit=\"cover\" srcset=\"https:\/\/myfoodoffice.com\/wp-content\/uploads\/2022\/08\/gradienta-LeG68PrXA6Y-unsplash-scaled.jpg 2560w, https:\/\/myfoodoffice.com\/wp-content\/uploads\/2022\/08\/gradienta-LeG68PrXA6Y-unsplash-300x200.jpg 300w, https:\/\/myfoodoffice.com\/wp-content\/uploads\/2022\/08\/gradienta-LeG68PrXA6Y-unsplash-1024x683.jpg 1024w, https:\/\/myfoodoffice.com\/wp-content\/uploads\/2022\/08\/gradienta-LeG68PrXA6Y-unsplash-768x512.jpg 768w, https:\/\/myfoodoffice.com\/wp-content\/uploads\/2022\/08\/gradienta-LeG68PrXA6Y-unsplash-1536x1024.jpg 1536w, https:\/\/myfoodoffice.com\/wp-content\/uploads\/2022\/08\/gradienta-LeG68PrXA6Y-unsplash-2048x1365.jpg 2048w, https:\/\/myfoodoffice.com\/wp-content\/uploads\/2022\/08\/gradienta-LeG68PrXA6Y-unsplash-18x12.jpg 18w, https:\/\/myfoodoffice.com\/wp-content\/uploads\/2022\/08\/gradienta-LeG68PrXA6Y-unsplash-2000x1333.jpg 2000w\" sizes=\"auto, (max-width: 2560px) 100vw, 2560px\" \/><div class=\"wp-block-cover__inner-container is-layout-flow wp-block-cover-is-layout-flow\">\n<div style=\"height:40px\" aria-hidden=\"true\" class=\"wp-block-spacer\"><\/div>\n\n\n\n<h2 class=\"wp-block-heading has-text-align-left\" style=\"font-size:50px\"><strong><span style=\"text-decoration: underline;\">One<\/span> platform for managing your<\/strong><\/h2>\n\n\n\n<div style=\"height:80px\" aria-hidden=\"true\" class=\"wp-block-spacer\"><\/div>\n\n\n\n<div class=\"wp-block-columns is-layout-flex wp-container-core-columns-is-layout-9d6595d7 wp-block-columns-is-layout-flex\">\n<div class=\"wp-block-column is-layout-flow wp-block-column-is-layout-flow\">\n<h1 class=\"wp-block-heading\"><mark style=\"background-color:rgba(0, 0, 0, 0)\" class=\"has-inline-color has-white-color\">Products<\/mark><\/h1>\n\n\n\n<p>All the tools you need.<br>Manage your&nbsp;entire food portfolio&nbsp;in one place.<\/p>\n\n\n\n<div class=\"wp-block-buttons is-layout-flex wp-block-buttons-is-layout-flex\">\n<div class=\"wp-block-button has-custom-font-size has-small-font-size\"><a class=\"wp-block-button__link wp-element-button\" href=\"https:\/\/myfoodoffice.com\/manage-your-products\/\">learn more<\/a><\/div>\n\n\n\n<div class=\"wp-block-button has-custom-font-size has-small-font-size\"><a class=\"wp-block-button__link wp-element-button\" href=\"https:\/\/app.myfoodoffice.com\/auth\/signup\/?locale\">Get Started<\/a><\/div>\n<\/div>\n<\/div>\n\n\n\n<div class=\"wp-block-column is-layout-flow wp-block-column-is-layout-flow\">\n<h1 class=\"wp-block-heading\"><mark style=\"background-color:rgba(0, 0, 0, 0)\" class=\"has-inline-color has-white-color\">Business<\/mark><\/h1>\n\n\n\n<p>Streamlined and automated.<br>We connect your sales channels with operations.<\/p>\n\n\n\n<div class=\"wp-block-buttons is-layout-flex wp-block-buttons-is-layout-flex\">\n<div class=\"wp-block-button has-custom-font-size has-small-font-size\"><a class=\"wp-block-button__link wp-element-button\" href=\"https:\/\/myfoodoffice.com\/manage-your-business\/\">learn more<\/a><\/div>\n\n\n\n<div class=\"wp-block-button has-custom-font-size has-small-font-size\"><a class=\"wp-block-button__link wp-element-button\" href=\"https:\/\/app.myfoodoffice.com\/auth\/signup\/?locale\">GET STARTED<\/a><\/div>\n<\/div>\n<\/div>\n<\/div>\n\n\n\n<div style=\"height:136px\" aria-hidden=\"true\" class=\"wp-block-spacer\"><\/div>\n<\/div><\/div>\n\n\n\n<div class=\"wp-block-cover alignfull is-light book-demo-wide\"><span aria-hidden=\"true\" class=\"wp-block-cover__background has-background-dim-100 has-background-dim has-background-gradient\" style=\"background:linear-gradient(135deg,rgb(255,255,255) 0%,rgb(169,184,195) 100%)\"><\/span><div class=\"wp-block-cover__inner-container is-layout-flow wp-block-cover-is-layout-flow\">\n<div style=\"height:40px\" aria-hidden=\"true\" class=\"wp-block-spacer\"><\/div>\n\n\n\n<h2 class=\"wp-block-heading has-text-align-center\">Have questions?<\/h2>\n\n\n\n<h2 class=\"wp-block-heading has-text-align-center\">Prefer a guided demo?<\/h2>\n\n\n\n<h2 class=\"wp-block-heading has-text-align-center\">Book a meeting with us!<\/h2>\n\n\n<br \/>\n<!-- Start of Meetings Embed Script --><\/p>\n<div class=\"meetings-iframe-container\" data-src=\"https:\/\/meetings.hubspot.com\/martin-lang?embed=true\"><\/div>\n<p><script type=\"text\/javascript\" src=\"https:\/\/static.hsappstatic.net\/MeetingsEmbed\/ex\/MeetingsEmbedCode.js\"><\/script><!-- End of Meetings Embed Script \u2014>--><br \/>\n\n\n\n\n\n\n\n\n\n\n<\/div><\/div>\n\n\n\n<div class=\"wp-block-columns is-layout-flex wp-container-core-columns-is-layout-9d6595d7 wp-block-columns-is-layout-flex\">\n<div class=\"wp-block-column feature-colorful-container is-layout-flow wp-block-column-is-layout-flow\">\n<h2 class=\"wp-block-heading\">We got everything you need to manage your <\/h2>\n\n\n\n<div class=\"wp-block-columns is-layout-flex wp-container-core-columns-is-layout-9d6595d7 wp-block-columns-is-layout-flex\">\n<div class=\"wp-block-column is-layout-flow wp-block-column-is-layout-flow\">\n<h3 class=\"wp-block-heading\">Food Business<\/h3>\n<\/div>\n<\/div>\n\n\n\n<div class=\"wp-block-columns is-layout-flex wp-container-core-columns-is-layout-9d6595d7 wp-block-columns-is-layout-flex\">\n<div class=\"wp-block-column feature-box-colored feature-box-green is-layout-flow wp-block-column-is-layout-flow\">\n<h4 class=\"wp-block-heading\">B2B Sales<\/h4>\n\n\n\n<p>Running a chain of shops, wholesale or B2B? The all-in-one solution for all your sales channels.<\/p>\n<\/div>\n\n\n\n<div class=\"wp-block-column feature-box-colored feature-box-green is-layout-flow wp-block-column-is-layout-flow\">\n<h4 class=\"wp-block-heading\">Production<\/h4>\n\n\n\n<p>Go digital with your production. Have right-sized recipe batches automatically prepared.<\/p>\n<\/div>\n\n\n\n<div class=\"wp-block-column feature-box-colored feature-box-green is-layout-flow wp-block-column-is-layout-flow\">\n<h4 class=\"wp-block-heading\">Packing<\/h4>\n\n\n\n<p>Our digital tools speed up the&nbsp;order&nbsp;picking and packing operations. Fewer errors and happier team.<\/p>\n<\/div>\n\n\n\n<div class=\"wp-block-column feature-box-colored feature-box-green is-layout-flow wp-block-column-is-layout-flow\">\n<h4 class=\"wp-block-heading\">Connect<\/h4>\n\n\n\n<p>Cut out needless data entry between systems.  Automate the data flow with your POS, accounting or webshop.<\/p>\n<\/div>\n<\/div>\n\n\n\n<div class=\"wp-block-columns is-layout-flex wp-container-core-columns-is-layout-9d6595d7 wp-block-columns-is-layout-flex\">\n<div class=\"wp-block-column is-layout-flow wp-block-column-is-layout-flow\">\n<h3 class=\"wp-block-heading\">Food Products<\/h3>\n<\/div>\n<\/div>\n\n\n\n<div class=\"wp-block-columns is-layout-flex wp-container-core-columns-is-layout-9d6595d7 wp-block-columns-is-layout-flex\">\n<div class=\"wp-block-column feature-box-colored feature-box-blue is-layout-flow wp-block-column-is-layout-flow\">\n<h4 class=\"wp-block-heading\">Food Declaration<\/h4>\n\n\n\n<p>Get all your recipes organised. Make sure your food declarations are correct and up-to-date.<\/p>\n<\/div>\n\n\n\n<div class=\"wp-block-column feature-box-colored feature-box-blue is-layout-flow wp-block-column-is-layout-flow\">\n<h4 class=\"wp-block-heading\">Pro Tools<\/h4>\n\n\n\n<p>Are food declarations your dedicated responsibility? Benefit from our powerful tools that takes you further.<\/p>\n<\/div>\n\n\n\n<div class=\"wp-block-column feature-box-colored feature-box-blue is-layout-flow wp-block-column-is-layout-flow\">\n<h4 class=\"wp-block-heading\">Food Labels<\/h4>\n\n\n\n<p>Easily automate your label design and content generation. Always up-to-date with your recipes. <\/p>\n<\/div>\n\n\n\n<div class=\"wp-block-column feature-box-colored feature-box-blue is-layout-flow wp-block-column-is-layout-flow\">\n<h4 class=\"wp-block-heading\">Food Costing<\/h4>\n\n\n\n<p>Know your sales margins and meet the competition with confidence. Actionable insight for improved profits.<\/p>\n<\/div>\n<\/div>\n<\/div>\n<\/div>\n\n\n\n<div class=\"wp-block-cover alignfull is-light has-parallax is-position-center-center\" style=\"min-height:597px;aspect-ratio:unset;\"><span aria-hidden=\"true\" class=\"wp-block-cover__background has-black-background-color has-background-dim-40 has-background-dim\"><\/span><div role=\"img\" class=\"wp-block-cover__image-background wp-image-1096 has-parallax\" style=\"background-position:50% 50%;background-image:url(https:\/\/myfoodoffice.com\/wp-content\/uploads\/2022\/07\/laura-lefurgey-smith-MGXNnStUi0s-unsplash-scaled.jpg)\"><\/div><div class=\"wp-block-cover__inner-container is-layout-flow wp-block-cover-is-layout-flow\">\n<p class=\"has-text-align-center has-text-color has-huge-font-size\" style=\"color:#fffffa;line-height:1.1\"><\/p>\n\n\n\n<div style=\"height:186px\" aria-hidden=\"true\" class=\"wp-block-spacer\"><\/div>\n\n\n\n<p class=\"has-text-align-center has-white-color has-text-color has-large-font-size\"><strong>MyFoodOffice helps you<\/strong><\/p>\n\n\n\n\n\n\n\n<div class=\"wp-block-typing-text-typing-text-block  root-eb-typing-text-4dr32xl\"><div class=\"eb-parent-wrapper eb-parent-eb-typing-text-4dr32xl \"><div class=\"eb-typed-wrapper eb-typing-text-4dr32xl\" data-id=\"eb-typing-text-4dr32xl\"><div class=\"eb-typed-content\" data-type-speed=\"50\" data-start-delay=\"0\" data-smart-backspace=\"true\" data-back-speed=\"40\" data-back-delay=\"700\" data-fade=\"false\" data-fade-delay=\"500\" data-loop=\"true\" data-cursor=\"true\"><span class=\"eb-typed-prefix\"><\/span><span class=\"eb-typed-text-wrapper is-hidden\"><span class=\"eb-typed-text\">sell more<\/span><span class=\"eb-typed-text\">become more profitable<\/span><span class=\"eb-typed-text\">become more efficient<\/span><\/span><span class=\"eb-typed-view\"><\/span><span class=\"eb-typed-suffix\"><\/span><\/div><\/div><\/div><\/div>\n\n\n\n\n\n\n\n\n\n\n\n\n\n\n\n\n\n\n\n<div class=\"wp-block-buttons is-horizontal is-content-justification-center is-layout-flex wp-container-core-buttons-is-layout-499968f5 wp-block-buttons-is-layout-flex\">\n<div class=\"wp-block-button is-style-outline is-style-outline--3\"><a class=\"wp-block-button__link has-white-color has-vivid-cyan-blue-background-color has-text-color has-background wp-element-button\" href=\"https:\/\/app.myfoodoffice.com\/auth\/signup\" target=\"_blank\" rel=\"noreferrer noopener\">Get started<\/a><\/div>\n<\/div>\n\n\n\n<div style=\"height:190px\" aria-hidden=\"true\" class=\"wp-block-spacer\"><\/div>\n<\/div><\/div>\n","protected":false},"excerpt":{"rendered":"<p>The story of the company that revolutionised the world of bakery and pastry: now MyFoodOffice joins Pav\u00e9 Milano in the digitalisation challenge Pav\u00e9 Milano, the innovative caf\u00e9 born 10 years ago from the vision of three friends determined to revolutionize breakfast in Milan, has charted an incredible growth trajectory. Constantly evolving, Pav\u00e9 has opened new &hellip; <\/p>\n<p class=\"link-more\"><a href=\"https:\/\/myfoodoffice.com\/en\/customer-stories\/story-pave-milano\/\" class=\"more-link\">Read more<span class=\"screen-reader-text\"> &#8220;Story &#8211; Pav\u00e9 Milano&#8221;<\/span><\/a><\/p>\n","protected":false},"author":4,"featured_media":0,"parent":1196,"menu_order":0,"comment_status":"closed","ping_status":"closed","template":"","meta":{"content-type":"","_eb_attr":"","_kad_blocks_custom_css":"","_kad_blocks_head_custom_js":"","_kad_blocks_body_custom_js":"","_kad_blocks_footer_custom_js":"","_kadence_starter_templates_imported_post":false,"footnotes":""},"class_list":["post-3549","page","type-page","status-publish","hentry"],"taxonomy_info":[],"featured_image_src_large":false,"author_info":{"display_name":"Heidi","author_link":"https:\/\/myfoodoffice.com\/en\/author\/heidi\/"},"comment_info":0,"_links":{"self":[{"href":"https:\/\/myfoodoffice.com\/en\/wp-json\/wp\/v2\/pages\/3549","targetHints":{"allow":["GET"]}}],"collection":[{"href":"https:\/\/myfoodoffice.com\/en\/wp-json\/wp\/v2\/pages"}],"about":[{"href":"https:\/\/myfoodoffice.com\/en\/wp-json\/wp\/v2\/types\/page"}],"author":[{"embeddable":true,"href":"https:\/\/myfoodoffice.com\/en\/wp-json\/wp\/v2\/users\/4"}],"replies":[{"embeddable":true,"href":"https:\/\/myfoodoffice.com\/en\/wp-json\/wp\/v2\/comments?post=3549"}],"version-history":[{"count":16,"href":"https:\/\/myfoodoffice.com\/en\/wp-json\/wp\/v2\/pages\/3549\/revisions"}],"predecessor-version":[{"id":3580,"href":"https:\/\/myfoodoffice.com\/en\/wp-json\/wp\/v2\/pages\/3549\/revisions\/3580"}],"up":[{"embeddable":true,"href":"https:\/\/myfoodoffice.com\/en\/wp-json\/wp\/v2\/pages\/1196"}],"wp:attachment":[{"href":"https:\/\/myfoodoffice.com\/en\/wp-json\/wp\/v2\/media?parent=3549"}],"curies":[{"name":"wp","href":"https:\/\/api.w.org\/{rel}","templated":true}]}}