{"id":2373,"date":"2022-08-30T09:12:04","date_gmt":"2022-08-30T09:12:04","guid":{"rendered":"https:\/\/blog.myfoodoffice.com\/?page_id=2373"},"modified":"2023-02-05T17:55:30","modified_gmt":"2023-02-05T17:55:30","slug":"story-odegaarden","status":"publish","type":"page","link":"https:\/\/myfoodoffice.com\/it\/story-odegaarden\/","title":{"rendered":"Story Odegaarden"},"content":{"rendered":"<div style=\"height:40px\" aria-hidden=\"true\" class=\"wp-block-spacer\"><\/div>\n\n\n\n<figure class=\"wp-block-image size-large is-style-rounded\"><img loading=\"lazy\" decoding=\"async\" width=\"1024\" height=\"576\" src=\"https:\/\/blog.myfoodoffice.com\/wp-content\/uploads\/2022\/08\/\u009ddegaarden_2-1024x576.jpg\" alt=\"\" class=\"wp-image-2376\" srcset=\"https:\/\/myfoodoffice.com\/wp-content\/uploads\/2022\/08\/\u009ddegaarden_2-1024x576.jpg 1024w, https:\/\/myfoodoffice.com\/wp-content\/uploads\/2022\/08\/\u009ddegaarden_2-300x169.jpg 300w, https:\/\/myfoodoffice.com\/wp-content\/uploads\/2022\/08\/\u009ddegaarden_2-768x432.jpg 768w, https:\/\/myfoodoffice.com\/wp-content\/uploads\/2022\/08\/\u009ddegaarden_2-18x10.jpg 18w, https:\/\/myfoodoffice.com\/wp-content\/uploads\/2022\/08\/\u009ddegaarden_2.jpg 1500w\" sizes=\"auto, (max-width: 1024px) 100vw, 1024px\" \/><figcaption class=\"wp-element-caption\">I giorni di lavoro dal Panificio e Pasticceria \u00d8degaarden sono diventati pi\u00f9 leggeri e semplici con MyFoodOffice.<\/figcaption><\/figure>\n\n\n\n<h2 class=\"has-text-align-center has-medium-font-size wp-block-heading\">Hanno esplorato il mercato alla ricerca di una soluzione in grado di migliorare ogni giorno di lavoro. <\/h2>\n\n\n\n<h2 class=\"has-text-align-center has-medium-font-size wp-block-heading\">Alla fine, la decisione \u00e8 stata semplice.<\/h2>\n\n\n\n<blockquote class=\"wp-block-quote has-text-align-center is-layout-flow wp-block-quote-is-layout-flow\">\n<p class=\"has-black-color has-text-color\"><svg viewbox=\"0 0 24 24\" xmlns=\"http:\/\/www.w3.org\/2000\/svg\" width=\"24\" height=\"24\" aria-hidden=\"true\" focusable=\"false\"><path d=\"M13 6v6h5.2v4c0 .8-.2 1.4-.5 1.7-.6.6-1.6.6-2.5.5h-.3v1.5h.5c1 0 2.3-.1 3.3-1 .6-.6 1-1.6 1-2.8V6H13zm-9 6h5.2v4c0 .8-.2 1.4-.5 1.7-.6.6-1.6.6-2.5.5h-.3v1.5h.5c1 0 2.3-.1 3.3-1 .6-.6 1-1.6 1-2.8V6H4v6z\"><\/path><\/svg> Non \u00e8 necessario essere ingegneri missilistici per utilizzare MyFoodOffice.<br>Ci \u00e8 servita un'ora di formazione e alcune indicazioni. Dopodich\u00e9, tutto \u00e8 filato liscio.<\/p>\n<cite>Anette Lunde, Vice Direttore Generale, \u00d8degaarden Bakeri<\/cite><\/blockquote>\n\n\n\n<p>Il Panificio e pasticceria \u00d8degaarden Bakeri og Konditori di Vinstra gestisce quattro panetterie e un food truck. Ogni giorno producono una vasta gamma di prodotti non solo per i propri punti vendita, ma anche per rifornire 20 supermercati, mense, istituzioni e asili. Con una storia che risale al 1898, questa panetteria si \u00e8 trovata di fronte alla necessit\u00e0 di rivedere i propri processi a causa dell'onere eccessivo di lavoro manuale e degli errori commessi.<\/p>\n\n\n\n<div class=\"wp-block-columns is-layout-flex wp-container-core-columns-is-layout-9d6595d7 wp-block-columns-is-layout-flex\">\n<div class=\"wp-block-column is-layout-flow wp-block-column-is-layout-flow\">\n<h2 class=\"wp-block-heading\">La soluzione \u00e8 molto automatizzata<\/h2>\n\n\n\n<p><em>\u2013 <\/em>Durante la fase di ricerca, quali processi aziendali e alternative avete considerato, e quali sono stati i motivi che vi hanno portato alla scelta finale di MyFoodOffice?<\/p>\n\n\n\n<p><em>\u2013 <\/em>Durante la fase di ricerca, abbiamo considerato diversi processi aziendali e alternative per affrontare le sfide che stavamo incontrando. Inizialmente, abbiamo esaminato l'opzione di aggiornare le casse nei punti vendita dei nostri negozi come un possibile miglioramento. Tuttavia, ci siamo resi conto rapidamente che questa soluzione non sarebbe stata sufficiente a risolvere tutte le nostre sfide aziendali. Di conseguenza, abbiamo ampliato la nostra ricerca, cercando consigli da associazioni di panificatori, gruppi di panificatori sui social media e aziende del settore. Durante questo processo, abbiamo valutato diverse soluzioni e le relative funzionalit\u00e0. MyFoodOffice si \u00e8 distinto come la soluzione pi\u00f9 moderna e intuitiva disponibile sul mercato. Abbiamo particolarmente apprezzato l'automazione integrata nella piattaforma e la profonda conoscenza del settore bakery dimostrata dal team di MyFoodOffice. Senza dubbio, avere un partner commerciale che comprende le sfide quotidiane della nostra attivit\u00e0 \u00e8 un grande vantaggio, come confermano Anette Nyheim Lunde e Merete Brendstuen di \u00d8degaarden Bakeri og Konditori.<\/p>\n\n\n\n<p>Con il supporto fornito dal team di MyFoodOffice, siamo pi\u00f9 convinti che mai di aver fatto la scelta giusta, sia per la soluzione che per il fornitore.<\/p>\n<\/div>\n\n\n\n<div class=\"wp-block-column is-vertically-aligned-center is-layout-flow wp-block-column-is-layout-flow\">\n<figure class=\"wp-block-image size-large is-style-default\"><img loading=\"lazy\" decoding=\"async\" width=\"563\" height=\"844\" src=\"https:\/\/blog.myfoodoffice.com\/wp-content\/uploads\/2023\/01\/\u009ddegaarden_11-edited.jpg\" alt=\"\" class=\"wp-image-2752\" srcset=\"https:\/\/myfoodoffice.com\/wp-content\/uploads\/2023\/01\/\u009ddegaarden_11-edited.jpg 563w, https:\/\/myfoodoffice.com\/wp-content\/uploads\/2023\/01\/\u009ddegaarden_11-edited-200x300.jpg 200w, https:\/\/myfoodoffice.com\/wp-content\/uploads\/2023\/01\/\u009ddegaarden_11-edited-8x12.jpg 8w\" sizes=\"auto, (max-width: 563px) 100vw, 563px\" \/><\/figure>\n<\/div>\n<\/div>\n\n\n\n<h2 class=\"wp-block-heading\">Mantengono la parola<\/h2>\n\n\n\n<p><em>\u2013 <\/em>E il costo della licenza?<\/p>\n\n\n\n<p>Il costo della licenza \u00e8 senza dubbio una considerazione fondamentale per qualsiasi azienda. Inizialmente, \u00e8 stato un aspetto significativo del nostro processo decisionale. Tuttavia, man mano che abbiamo esaminato MyFoodOffice in dettaglio e abbiamo compreso appieno i vantaggi che offriva, il costo della licenza \u00e8 diventato meno rilevante nella nostra valutazione finale. MyFoodOffice si \u00e8 rivelato essere una soluzione unica che ci ha mostrato chiaramente i risparmi e i benefici specifici per la nostra azienda, presentandoli in modo chiaro e comprensibile. A differenza di alcuni fornitori che promettono molto ma poi non riescono a consegnare, MyFoodOffice ha mantenuto la sua promessa su tutti i fronti. Siamo estremamente soddisfatti sia del sistema che del fornitore, afferma Anette Nyheim Lunde di \u00d8degaarden Bakeri og Konditori.<\/p>\n\n\n\n<h2 class=\"wp-block-heading\">Semplice da usare<\/h2>\n\n\n\n<p>Anette Nyheim Lunde ha configurato la soluzione con l'anagrafica dei clienti, dei prodotti e dei prezzi, rendendo il sistema pronto per l'uso quotidiano da parte dei vari utenti.<\/p>\n\n\n\n<p>L'implementazione di MyFoodOffice \u00e8 stata sorprendentemente semplice e veloce. Abbiamo dedicato solo un'ora alla formazione dei nostri dipendenti, e successivamente ho fornito un supporto iniziale quando hanno iniziato a utilizzare il sistema. Dopo questa fase iniziale, tutto \u00e8 andato senza intoppi.<\/p>\n\n\n\n<figure class=\"wp-block-image size-large\"><img loading=\"lazy\" decoding=\"async\" width=\"1024\" height=\"576\" src=\"https:\/\/blog.myfoodoffice.com\/wp-content\/uploads\/2022\/08\/\u009ddegaarden_14-1024x576.jpg\" alt=\"\" class=\"wp-image-2381\" srcset=\"https:\/\/myfoodoffice.com\/wp-content\/uploads\/2022\/08\/\u009ddegaarden_14-1024x576.jpg 1024w, https:\/\/myfoodoffice.com\/wp-content\/uploads\/2022\/08\/\u009ddegaarden_14-300x169.jpg 300w, https:\/\/myfoodoffice.com\/wp-content\/uploads\/2022\/08\/\u009ddegaarden_14-768x432.jpg 768w, https:\/\/myfoodoffice.com\/wp-content\/uploads\/2022\/08\/\u009ddegaarden_14-18x10.jpg 18w, https:\/\/myfoodoffice.com\/wp-content\/uploads\/2022\/08\/\u009ddegaarden_14.jpg 1500w\" sizes=\"auto, (max-width: 1024px) 100vw, 1024px\" \/><figcaption class=\"wp-element-caption\">Anette Nyheim Lunde (a destra) e Merete Brendstuen di \u00d8degaarden Bakeri og Konditori sono stupite di quanto sia stato facile il passaggio a MyFoodOffice. Il panificio ne sta gi\u00e0 vedendo gli effetti e si aspetta di risparmiare tempo in futuro.<\/figcaption><\/figure>\n\n\n\n<div class=\"wp-block-cover alignfull\" style=\"min-height:600px;aspect-ratio:unset;\"><span aria-hidden=\"true\" class=\"wp-block-cover__background has-background-dim-100 has-background-dim wp-block-cover__gradient-background has-background-gradient\" style=\"background:linear-gradient(135deg,rgb(142,162,248) 0%,rgb(59,67,181) 100%)\"><\/span><img loading=\"lazy\" decoding=\"async\" width=\"2560\" height=\"1707\" class=\"wp-block-cover__image-background wp-image-1405\" alt=\"\" src=\"http:\/\/34.88.199.23\/wp-content\/uploads\/2022\/08\/gradienta-LeG68PrXA6Y-unsplash-scaled.jpg\" data-object-fit=\"cover\" srcset=\"https:\/\/myfoodoffice.com\/wp-content\/uploads\/2022\/08\/gradienta-LeG68PrXA6Y-unsplash-scaled.jpg 2560w, https:\/\/myfoodoffice.com\/wp-content\/uploads\/2022\/08\/gradienta-LeG68PrXA6Y-unsplash-300x200.jpg 300w, https:\/\/myfoodoffice.com\/wp-content\/uploads\/2022\/08\/gradienta-LeG68PrXA6Y-unsplash-1024x683.jpg 1024w, https:\/\/myfoodoffice.com\/wp-content\/uploads\/2022\/08\/gradienta-LeG68PrXA6Y-unsplash-768x512.jpg 768w, https:\/\/myfoodoffice.com\/wp-content\/uploads\/2022\/08\/gradienta-LeG68PrXA6Y-unsplash-1536x1024.jpg 1536w, https:\/\/myfoodoffice.com\/wp-content\/uploads\/2022\/08\/gradienta-LeG68PrXA6Y-unsplash-2048x1365.jpg 2048w, https:\/\/myfoodoffice.com\/wp-content\/uploads\/2022\/08\/gradienta-LeG68PrXA6Y-unsplash-18x12.jpg 18w, https:\/\/myfoodoffice.com\/wp-content\/uploads\/2022\/08\/gradienta-LeG68PrXA6Y-unsplash-2000x1333.jpg 2000w\" sizes=\"auto, (max-width: 2560px) 100vw, 2560px\" \/><div class=\"wp-block-cover__inner-container is-layout-flow wp-block-cover-is-layout-flow\">\n<div style=\"height:40px\" aria-hidden=\"true\" class=\"wp-block-spacer\"><\/div>\n\n\n\n<h2 class=\"wp-block-heading has-text-align-left\" style=\"font-size:50px\"><strong><span style=\"text-decoration: underline;\">Una<\/span> piattaforma per gestire:<\/strong><\/h2>\n\n\n\n<div style=\"height:80px\" aria-hidden=\"true\" class=\"wp-block-spacer\"><\/div>\n\n\n\n<div class=\"wp-block-columns is-layout-flex wp-container-core-columns-is-layout-9d6595d7 wp-block-columns-is-layout-flex\">\n<div class=\"wp-block-column is-layout-flow wp-block-column-is-layout-flow\">\n<h1 class=\"wp-block-heading\"><mark style=\"background-color:rgba(0, 0, 0, 0)\" class=\"has-inline-color has-white-color\">i tuoi prodotti<\/mark><\/h1>\n\n\n\n<p>Tutti gli strumenti di cui hai bisogno.<br>Gestisci l'intero portafolio prodotti in un posto.\n<br \/>\n<br \/><\/p>\n\n\n\n<div class=\"wp-block-buttons is-layout-flex wp-block-buttons-is-layout-flex\">\n<div class=\"wp-block-button has-custom-font-size has-small-font-size\"><a class=\"wp-block-button__link wp-element-button\" href=\"https:\/\/myfoodoffice.com\/it\/manage-your-products\/\">Scopri di pi\u00f9<\/a><\/div>\n\n\n\n<div class=\"wp-block-button has-custom-font-size has-small-font-size\"><a class=\"wp-block-button__link wp-element-button\" href=\"https:\/\/app.myfoodoffice.com\/auth\/signup\/?locale\">Inizia ora<\/a><\/div>\n<\/div>\n<\/div>\n\n\n\n<div class=\"wp-block-column is-layout-flow wp-block-column-is-layout-flow\">\n<h1 class=\"wp-block-heading\"><mark style=\"background-color:rgba(0, 0, 0, 0)\" class=\"has-inline-color has-white-color\">la tua attivit\u00e0 principale<\/mark><\/h1>\n\n\n\n<p>Ottimizzata e automatizzata.<br>Noi connettiamo i tuoi canali di vendita con la produzione e le operazioni quotidiane.<\/p>\n\n\n\n<div class=\"wp-block-buttons is-layout-flex wp-block-buttons-is-layout-flex\">\n<div class=\"wp-block-button has-custom-font-size has-small-font-size\"><a class=\"wp-block-button__link wp-element-button\" href=\"https:\/\/myfoodoffice.com\/it\/manage-your-business\/\">Scopri di pi\u00f9<\/a><\/div>\n\n\n\n<div class=\"wp-block-button has-custom-font-size has-small-font-size\"><a class=\"wp-block-button__link wp-element-button\" href=\"https:\/\/app.myfoodoffice.com\/auth\/signup\/?locale\">Inizia ora<\/a><\/div>\n<\/div>\n<\/div>\n<\/div>\n\n\n\n<div style=\"height:136px\" aria-hidden=\"true\" class=\"wp-block-spacer\"><\/div>\n<\/div><\/div>\n\n\n\n<div class=\"wp-block-cover alignfull is-light book-demo-wide\"><span aria-hidden=\"true\" class=\"wp-block-cover__background has-background-dim-100 has-background-dim has-background-gradient\" style=\"background:linear-gradient(135deg,rgb(255,255,255) 0%,rgb(169,184,195) 100%)\"><\/span><div class=\"wp-block-cover__inner-container is-layout-flow wp-block-cover-is-layout-flow\">\n<div style=\"height:40px\" aria-hidden=\"true\" class=\"wp-block-spacer\"><\/div>\n\n\n\n<h2 class=\"wp-block-heading has-text-align-center\">Hai domande?<\/h2>\n\n\n\n<h2 class=\"wp-block-heading has-text-align-center\">Preferisci una demo guidata?<\/h2>\n\n\n\n<h2 class=\"wp-block-heading has-text-align-center\">Prenota un incontro con noi!<\/h2>\n\n\n\n\n\n<br \/>\n<!-- Start of Meetings Embed Script --><\/p>\n<div class=\"meetings-iframe-container\" data-src=\"https:\/\/meetings.hubspot.com\/heidi-haugli?embed=true\"><\/div>\n<p><script type=\"text\/javascript\" src=\"https:\/\/static.hsappstatic.net\/MeetingsEmbed\/ex\/MeetingsEmbedCode.js\"><\/script><!-- End of Meetings Embed Script \u2014>--><br \/>\n\n\n\n\n\n\n\n<\/div><\/div>\n\n\n\n<div class=\"wp-block-columns is-layout-flex wp-container-core-columns-is-layout-9d6595d7 wp-block-columns-is-layout-flex\">\n<div class=\"wp-block-column feature-colorful-container is-layout-flow wp-block-column-is-layout-flow\">\n<h2 class=\"wp-block-heading\">Abbiamo tutto ci\u00f2 che serve per gestire: <\/h2>\n\n\n\n<div class=\"wp-block-columns is-layout-flex wp-container-core-columns-is-layout-9d6595d7 wp-block-columns-is-layout-flex\">\n<div class=\"wp-block-column is-layout-flow wp-block-column-is-layout-flow\">\n<h3 class=\"wp-block-heading\">il tuo Food Business - gestione quotidiana<\/h3>\n<\/div>\n<\/div>\n\n\n\n<div class=\"wp-block-columns is-layout-flex wp-container-core-columns-is-layout-9d6595d7 wp-block-columns-is-layout-flex\">\n<div class=\"wp-block-column feature-box-colored feature-box-green is-layout-flow wp-block-column-is-layout-flow\">\n<h4 class=\"wp-block-heading\">B2B Sales<\/h4>\n\n\n\n<p>Gestisci pi\u00f9 punti vendita, una vendita all'ingrosso o B2B? La soluzione completa per tutti i vostri canali di vendita.<\/p>\n<\/div>\n\n\n\n<div class=\"wp-block-column feature-box-colored feature-box-green is-layout-flow wp-block-column-is-layout-flow\">\n<h4 class=\"wp-block-heading\">Production &amp; Tracciabilit\u00e0<\/h4>\n\n\n\n<p>Passa al digitale con la tua produzione. Prepara automaticamente dosi di ricette su misura.<\/p>\n<\/div>\n\n\n\n<div class=\"wp-block-column feature-box-colored feature-box-green is-layout-flow wp-block-column-is-layout-flow\">\n<h4 class=\"wp-block-heading\">Digital Packing<\/h4>\n\n\n\n<p>I nostri strumenti digitali velocizzano le operazioni di raccolta e preparazione (pick&amp;pack) degli ordini. Meno errori e un team pi\u00f9 felice.<\/p>\n<\/div>\n\n\n\n<div class=\"wp-block-column feature-box-colored feature-box-green is-layout-flow wp-block-column-is-layout-flow\">\n<h4 class=\"wp-block-heading\">Connect<\/h4>\n\n\n\n<p>Elimina l'inserimento di dati superflui tra i sistemi. Automatizza il flusso dei dati con il tuo POS, contabilit\u00e0 o negozio online.<\/p>\n<\/div>\n<\/div>\n\n\n\n<div class=\"wp-block-columns is-layout-flex wp-container-core-columns-is-layout-9d6595d7 wp-block-columns-is-layout-flex\">\n<div class=\"wp-block-column is-layout-flow wp-block-column-is-layout-flow\">\n<h3 class=\"wp-block-heading\">i tuoi Food Products - gestione prodotti<\/h3>\n<\/div>\n<\/div>\n\n\n\n<div class=\"wp-block-columns is-layout-flex wp-container-core-columns-is-layout-9d6595d7 wp-block-columns-is-layout-flex\">\n<div class=\"wp-block-column feature-box-colored feature-box-blue is-layout-flow wp-block-column-is-layout-flow\">\n<h4 class=\"wp-block-heading\">Food Declaration<\/h4>\n\n\n\n<p>Organizza tutte le tue ricette. Assicurati che le tue dichiarazioni nutrizionali siano corrette e aggiornate.<\/p>\n<\/div>\n\n\n\n<div class=\"wp-block-column feature-box-colored feature-box-blue is-layout-flow wp-block-column-is-layout-flow\">\n<h4 class=\"wp-block-heading\">Strumenti PRO<\/h4>\n\n\n\n<p>Le dichiarazioni nutrizionali sono la tua responsabilit\u00e0 dedicata? Approfitta dei nostri potenti strumenti che ti portano oltre.<\/p>\n<\/div>\n\n\n\n<div class=\"wp-block-column feature-box-colored feature-box-blue is-layout-flow wp-block-column-is-layout-flow\">\n<h4 class=\"wp-block-heading\">Food Labels - Etichette<\/h4>\n\n\n\n<p>Automatizza facilmente il design delle etichette e la generazione dei contenuti. Sempre aggiornato con le tue ricette. <\/p>\n<\/div>\n\n\n\n<div class=\"wp-block-column feature-box-colored feature-box-blue is-layout-flow wp-block-column-is-layout-flow\">\n<h4 class=\"wp-block-heading\">Food Costing<\/h4>\n\n\n\n<p>Conosci i margini di vendita e affronta la concorrenza con fiducia. Informazioni pratiche per migliorare i profitti.<\/p>\n<\/div>\n<\/div>\n<\/div>\n<\/div>\n\n\n\n<div class=\"wp-block-cover alignfull is-light has-parallax is-position-center-center\" style=\"min-height:597px;aspect-ratio:unset;\"><span aria-hidden=\"true\" class=\"wp-block-cover__background has-black-background-color has-background-dim-40 has-background-dim\"><\/span><div role=\"img\" class=\"wp-block-cover__image-background wp-image-1096 has-parallax\" style=\"background-position:50% 50%;background-image:url(https:\/\/myfoodoffice.com\/wp-content\/uploads\/2022\/07\/laura-lefurgey-smith-MGXNnStUi0s-unsplash-scaled.jpg)\"><\/div><div class=\"wp-block-cover__inner-container is-layout-flow wp-block-cover-is-layout-flow\">\n<p class=\"has-text-align-center has-text-color has-huge-font-size\" style=\"color:#fffffa;line-height:1.1\"><\/p>\n\n\n\n<div style=\"height:186px\" aria-hidden=\"true\" class=\"wp-block-spacer\"><\/div>\n\n\n\n<p class=\"has-text-align-center has-white-color has-text-color has-large-font-size\"><strong>MyFoodOffice ti aiuta a<\/strong><\/p>\n\n\n\n\n\n\n\n\n\n\n\n\n\n\n\n<div class=\"wp-block-typing-text-typing-text-block no-translation  root-eb-typing-text-9j26zvy\" data-no-translation=\"\"><div class=\"eb-parent-wrapper eb-parent-eb-typing-text-9j26zvy\"><div class=\"eb-typed-wrapper eb-typing-text-9j26zvy\" data-id=\"eb-typing-text-9j26zvy\"><div class=\"eb-typed-content\" data-type-speed=\"50\" data-start-delay=\"0\" data-smart-backspace=\"true\" data-back-speed=\"40\" data-back-delay=\"700\" data-fade=\"false\" data-fade-delay=\"500\" data-loop=\"true\" data-cursor=\"true\"><span class=\"eb-typed-prefix\"><\/span><span class=\"eb-typed-text-wrapper is-hidden\"><span class=\"eb-typed-text\">vendere di pi\u00f9<\/span><span class=\"eb-typed-text\">diventare pi\u00f9 redditizio<\/span><span class=\"eb-typed-text\">diventare pi\u00f9 efficiente<\/span><\/span><span class=\"eb-typed-view\"><\/span><span class=\"eb-typed-suffix\"><\/span><\/div><\/div><\/div><\/div>\n\n\n\n\n\n\n\n\n\n\n\n<div class=\"wp-block-buttons is-horizontal is-content-justification-center is-layout-flex wp-container-core-buttons-is-layout-499968f5 wp-block-buttons-is-layout-flex\">\n<div class=\"wp-block-button is-style-outline is-style-outline--1\"><a class=\"wp-block-button__link has-white-color has-vivid-cyan-blue-background-color has-text-color has-background wp-element-button\" href=\"https:\/\/app.myfoodoffice.com\/auth\/signup\" target=\"_blank\" rel=\"noreferrer noopener\">Inizia qui<\/a><\/div>\n<\/div>\n\n\n\n<div style=\"height:190px\" aria-hidden=\"true\" class=\"wp-block-spacer\"><\/div>\n<\/div><\/div>","protected":false},"excerpt":{"rendered":"<p>They trawled the market to find a solution that could create a better work day everyday. That choice eventually became easy. You don&#8217;t have to be rocket engineer to use MyFoodOffice.An hour training and some guidance. After that, things went smoothly. Anette Lunde, Deputy General Manager, \u00d8degaarden Bakeri \u00d8degaarden Bakery and Confectionery in Vinstra has &hellip; <\/p>\n<p class=\"link-more\"><a href=\"https:\/\/myfoodoffice.com\/it\/story-odegaarden\/\" class=\"more-link\">Leggi tutto<span class=\"screen-reader-text\"> &#8220;Story Odegaarden&#8221;<\/span><\/a><\/p>","protected":false},"author":3,"featured_media":0,"parent":0,"menu_order":0,"comment_status":"closed","ping_status":"closed","template":"","meta":{"content-type":"","_eb_attr":"","_kad_blocks_custom_css":"","_kad_blocks_head_custom_js":"","_kad_blocks_body_custom_js":"","_kad_blocks_footer_custom_js":"","_kadence_starter_templates_imported_post":false,"footnotes":""},"class_list":["post-2373","page","type-page","status-publish","hentry"],"taxonomy_info":[],"featured_image_src_large":false,"author_info":{"display_name":"Martin","author_link":"https:\/\/myfoodoffice.com\/it\/author\/martin\/"},"comment_info":0,"_links":{"self":[{"href":"https:\/\/myfoodoffice.com\/it\/wp-json\/wp\/v2\/pages\/2373","targetHints":{"allow":["GET"]}}],"collection":[{"href":"https:\/\/myfoodoffice.com\/it\/wp-json\/wp\/v2\/pages"}],"about":[{"href":"https:\/\/myfoodoffice.com\/it\/wp-json\/wp\/v2\/types\/page"}],"author":[{"embeddable":true,"href":"https:\/\/myfoodoffice.com\/it\/wp-json\/wp\/v2\/users\/3"}],"replies":[{"embeddable":true,"href":"https:\/\/myfoodoffice.com\/it\/wp-json\/wp\/v2\/comments?post=2373"}],"version-history":[{"count":20,"href":"https:\/\/myfoodoffice.com\/it\/wp-json\/wp\/v2\/pages\/2373\/revisions"}],"predecessor-version":[{"id":3280,"href":"https:\/\/myfoodoffice.com\/it\/wp-json\/wp\/v2\/pages\/2373\/revisions\/3280"}],"wp:attachment":[{"href":"https:\/\/myfoodoffice.com\/it\/wp-json\/wp\/v2\/media?parent=2373"}],"curies":[{"name":"wp","href":"https:\/\/api.w.org\/{rel}","templated":true}]}}