{"id":2759,"date":"2023-01-19T12:23:19","date_gmt":"2023-01-19T12:23:19","guid":{"rendered":"https:\/\/blog.myfoodoffice.com\/?page_id=2759"},"modified":"2023-01-24T17:26:17","modified_gmt":"2023-01-24T17:26:17","slug":"story-geheb","status":"publish","type":"page","link":"https:\/\/myfoodoffice.com\/it\/story-geheb\/","title":{"rendered":"Geheb making quantum leaps with new technology"},"content":{"rendered":"<div class=\"wp-block-columns is-layout-flex wp-container-core-columns-is-layout-9d6595d7 wp-block-columns-is-layout-flex\">\n<div class=\"wp-block-column is-layout-flow wp-block-column-is-layout-flow\">\n<div style=\"height:40px\" aria-hidden=\"true\" class=\"wp-block-spacer\"><\/div>\n\n\n<div class=\"wp-block-image is-style-rounded\">\n<figure class=\"aligncenter size-large\"><img loading=\"lazy\" decoding=\"async\" width=\"1024\" height=\"576\" src=\"https:\/\/blog.myfoodoffice.com\/wp-content\/uploads\/2023\/01\/My-Food-Office_Martin-Lang-og-Kjetil-Hodne_web-1404x790-1-1024x576.jpg\" alt=\"Kjetil Hodne (right) and Martin Lang from MyFoodOffice have found the tone and will now fully digitalize nine bakery companies in Southern Norway.\" class=\"wp-image-2760\" srcset=\"https:\/\/myfoodoffice.com\/wp-content\/uploads\/2023\/01\/My-Food-Office_Martin-Lang-og-Kjetil-Hodne_web-1404x790-1-1024x576.jpg 1024w, https:\/\/myfoodoffice.com\/wp-content\/uploads\/2023\/01\/My-Food-Office_Martin-Lang-og-Kjetil-Hodne_web-1404x790-1-300x169.jpg 300w, https:\/\/myfoodoffice.com\/wp-content\/uploads\/2023\/01\/My-Food-Office_Martin-Lang-og-Kjetil-Hodne_web-1404x790-1-768x432.jpg 768w, https:\/\/myfoodoffice.com\/wp-content\/uploads\/2023\/01\/My-Food-Office_Martin-Lang-og-Kjetil-Hodne_web-1404x790-1-18x10.jpg 18w, https:\/\/myfoodoffice.com\/wp-content\/uploads\/2023\/01\/My-Food-Office_Martin-Lang-og-Kjetil-Hodne_web-1404x790-1.jpg 1404w\" sizes=\"auto, (max-width: 1024px) 100vw, 1024px\" \/><figcaption class=\"wp-element-caption\">Photo: Jon-Are Berg-Jacobsen, Vest Vind Media<\/figcaption><\/figure><\/div><\/div>\n<\/div>\n\n\n\n<h2 class=\"has-text-align-center has-medium-font-size wp-block-heading\">9 panetterie lungo la costa meridionale della Norvegia uniscono le loro forze<br>per digitalizzare completamente le loro attivit\u00e0 di panificazione. <\/h2>\n\n\n\n<blockquote class=\"wp-block-quote has-text-align-center is-layout-flow wp-block-quote-is-layout-flow\">\n<p class=\"has-black-color has-text-color\">L'unico modo per ottenere il massimo effetto dalla nostra strategia aziendale<br>\u00e8 avere sistemi aziendali che lo supportino.<\/p>\n<cite>Kjetil Hodne, CEO, Geheb Bakery Group<\/cite><\/blockquote>\n\n\n\n<h2 class=\"wp-block-heading\">Sfruttare le opportunit\u00e0 tecnologiche<\/h2>\n\n\n\n<p><em>\u2013<\/em>&nbsp;Da tempo eravamo alla ricerca di una nuova piattaforma commerciale per potenziare le nostre operazioni di panificazione. \u00c8 evidente che la tecnologia sta compiendo progressi significativi, aprendo nuove possibilit\u00e0 che desideriamo sfruttare al massimo\", afferma Kjetil Hodne, CEO. <\/p>\n\n\n\n<p>Hodne sottolinea che l'avanzamento tecnologico introduce nuove esigenze:<\/p>\n\n\n\n<p><em>\u2013<\/em>&nbsp;Un esempio significativo \u00e8 la crescente integrazione tra vendite online e punti vendita fisici, che richiede nuovi approcci nella gestione delle informazioni sui prodotti, nel trattamento degli ordini e nella logistica delle merci. Per mantenere i nostri panifici all'avanguardia, \u00e8 fondamentale adottare sistemi aziendali flessibili e robusti, in grado di costituire una base solida per il nostro successo futuro.<\/p>\n\n\n\n<h2 class=\"wp-block-heading\">Rafforza l'intera organizzazione<\/h2>\n\n\n\n<p>Kjetil Hodne ha ricevuto un prezioso sostegno dal team di management durante il processo di selezione, durante il quale sono state valutate diverse alternative.<\/p>\n\n\n\n<p><em>\u2013<\/em>&nbsp;Vogliamo rafforzare la collaborazione e l'interazione all'interno dell'intera nostra organizzazione, creando una cultura di apprendimento e sviluppo continuo, afferma Kine Rohnen, Responsabile delle Risorse Umane. \"Essendo responsabile delle nostre risorse umane, desidero una piattaforma che sollevi l'intera azienda, non solo singole parti.\"<\/p>\n\n\n\n<h2 class=\"wp-block-heading\">La priorit\u00e0 \u00e8 la strategia<\/h2>\n\n\n\n<p>Il gruppo di panifici gestisce una serie di panifici locali, alcuni dei quali con funzioni centralizzate. Kjetil Hodne cerca di chiarire:<\/p>\n\n\n\n<p><em>\u2013<\/em>&nbsp;La nostra intera strategia \u00e8 costruire marchi locali forti. Le nostre funzioni centrali operano in secondo piano rispetto al panificio locale. Affinch\u00e9 la strategia funzioni nella pratica, dobbiamo avere sistemi aziendali come fondamenta che la supportino, in modo da ottenere piena forza ed efficacia nel mercato.<\/p>\n\n\n\n<h2 class=\"wp-block-heading\">Processo di approvvigionamento esteso<\/h2>\n\n\n\n<p>Il team di management ha scelto di condurre un approfondito processo di sourcing, valutando diversi fornitori di soluzioni sulla base di criteri quali la tecnologia attuale e futura, la competenza settoriale e le licenze disponibili, spiega la Responsabile delle Risorse Umane. <\/p>\n\n\n\n<p><em>\u2013<\/em>&nbsp;Abbiamo avviato un dialogo aperto con altre panetterie per conoscere le loro esperienze in processi simili. Ascoltare chi ha gi\u00e0 affrontato situazioni analoghe \u00e8 sempre un'opportunit\u00e0 utile. Ci\u00f2 ci ha fornito criteri fondamentali che abbiamo utilizzato come base per le nostre scelte\", spiega Kine Rohnen.<\/p>\n\n\n\n<h2 class=\"wp-block-heading\">Una scelta inequivocabile<\/h2>\n\n\n\n<p>I nove panifici hanno esaminato attentamente cinque alternative di soluzioni, che sono state poi ridotte a due. Alla fine, la scelta \u00e8 ricaduta su MyFoodOffice.<\/p>\n\n\n\n<p><em>\u2013<\/em>&nbsp; Nel settore della panificazione, accordi di questa portata sono rari. Lo consideriamo un importante riconoscimento della completezza di MyFoodOffice come piattaforma aziendale, afferma Martin Lang, Direttore Generale di MyFoodOffice.<\/p>\n\n\n\n<p>Insieme a Kjetil, Kine e i loro panifici, MyFoodOffice continuer\u00e0 a guidare la digitalizzazione delle operazioni alimentari. Questo \u00e8 il modo migliore per rafforzare l'industria della panificazione e della produzione alimentare, e siamo orgogliosi e grati di poter essere parte di questo percorso, conclude Martin Lang.<\/p>\n\n\n\n<div style=\"height:64px\" aria-hidden=\"true\" class=\"wp-block-spacer\"><\/div>\n\n\n\n<div class=\"wp-block-cover alignfull\" style=\"min-height:600px;aspect-ratio:unset;\"><span aria-hidden=\"true\" class=\"wp-block-cover__background has-background-dim-100 has-background-dim wp-block-cover__gradient-background has-background-gradient\" style=\"background:linear-gradient(135deg,rgb(142,162,248) 0%,rgb(59,67,181) 100%)\"><\/span><img loading=\"lazy\" decoding=\"async\" width=\"2560\" height=\"1707\" class=\"wp-block-cover__image-background wp-image-1405\" alt=\"\" src=\"http:\/\/34.88.199.23\/wp-content\/uploads\/2022\/08\/gradienta-LeG68PrXA6Y-unsplash-scaled.jpg\" data-object-fit=\"cover\" srcset=\"https:\/\/myfoodoffice.com\/wp-content\/uploads\/2022\/08\/gradienta-LeG68PrXA6Y-unsplash-scaled.jpg 2560w, https:\/\/myfoodoffice.com\/wp-content\/uploads\/2022\/08\/gradienta-LeG68PrXA6Y-unsplash-300x200.jpg 300w, https:\/\/myfoodoffice.com\/wp-content\/uploads\/2022\/08\/gradienta-LeG68PrXA6Y-unsplash-1024x683.jpg 1024w, https:\/\/myfoodoffice.com\/wp-content\/uploads\/2022\/08\/gradienta-LeG68PrXA6Y-unsplash-768x512.jpg 768w, https:\/\/myfoodoffice.com\/wp-content\/uploads\/2022\/08\/gradienta-LeG68PrXA6Y-unsplash-1536x1024.jpg 1536w, https:\/\/myfoodoffice.com\/wp-content\/uploads\/2022\/08\/gradienta-LeG68PrXA6Y-unsplash-2048x1365.jpg 2048w, https:\/\/myfoodoffice.com\/wp-content\/uploads\/2022\/08\/gradienta-LeG68PrXA6Y-unsplash-18x12.jpg 18w, https:\/\/myfoodoffice.com\/wp-content\/uploads\/2022\/08\/gradienta-LeG68PrXA6Y-unsplash-2000x1333.jpg 2000w\" sizes=\"auto, (max-width: 2560px) 100vw, 2560px\" \/><div class=\"wp-block-cover__inner-container is-layout-flow wp-block-cover-is-layout-flow\">\n<div style=\"height:40px\" aria-hidden=\"true\" class=\"wp-block-spacer\"><\/div>\n\n\n\n<h2 class=\"wp-block-heading has-text-align-left\" style=\"font-size:50px\"><strong><span style=\"text-decoration: underline;\">Una<\/span> piattaforma per gestire:<\/strong><\/h2>\n\n\n\n<div style=\"height:80px\" aria-hidden=\"true\" class=\"wp-block-spacer\"><\/div>\n\n\n\n<div class=\"wp-block-columns is-layout-flex wp-container-core-columns-is-layout-9d6595d7 wp-block-columns-is-layout-flex\">\n<div class=\"wp-block-column is-layout-flow wp-block-column-is-layout-flow\">\n<h1 class=\"wp-block-heading\"><mark style=\"background-color:rgba(0, 0, 0, 0)\" class=\"has-inline-color has-white-color\">i tuoi prodotti<\/mark><\/h1>\n\n\n\n<p>Tutti gli strumenti di cui hai bisogno.<br>Gestisci l'intero portafolio prodotti in un posto.\n<br \/>\n<br \/><\/p>\n\n\n\n<div class=\"wp-block-buttons is-layout-flex wp-block-buttons-is-layout-flex\">\n<div class=\"wp-block-button has-custom-font-size has-small-font-size\"><a class=\"wp-block-button__link wp-element-button\" href=\"https:\/\/myfoodoffice.com\/it\/manage-your-products\/\">Scopri di pi\u00f9<\/a><\/div>\n\n\n\n<div class=\"wp-block-button has-custom-font-size has-small-font-size\"><a class=\"wp-block-button__link wp-element-button\" href=\"https:\/\/app.myfoodoffice.com\/auth\/signup\/?locale\">Inizia ora<\/a><\/div>\n<\/div>\n<\/div>\n\n\n\n<div class=\"wp-block-column is-layout-flow wp-block-column-is-layout-flow\">\n<h1 class=\"wp-block-heading\"><mark style=\"background-color:rgba(0, 0, 0, 0)\" class=\"has-inline-color has-white-color\">la tua attivit\u00e0 principale<\/mark><\/h1>\n\n\n\n<p>Ottimizzata e automatizzata.<br>Noi connettiamo i tuoi canali di vendita con la produzione e le operazioni quotidiane.<\/p>\n\n\n\n<div class=\"wp-block-buttons is-layout-flex wp-block-buttons-is-layout-flex\">\n<div class=\"wp-block-button has-custom-font-size has-small-font-size\"><a class=\"wp-block-button__link wp-element-button\" href=\"https:\/\/myfoodoffice.com\/it\/manage-your-business\/\">Scopri di pi\u00f9<\/a><\/div>\n\n\n\n<div class=\"wp-block-button has-custom-font-size has-small-font-size\"><a class=\"wp-block-button__link wp-element-button\" href=\"https:\/\/app.myfoodoffice.com\/auth\/signup\/?locale\">Inizia ora<\/a><\/div>\n<\/div>\n<\/div>\n<\/div>\n\n\n\n<div style=\"height:136px\" aria-hidden=\"true\" class=\"wp-block-spacer\"><\/div>\n<\/div><\/div>\n\n\n\n<div class=\"wp-block-cover alignfull is-light book-demo-wide\"><span aria-hidden=\"true\" class=\"wp-block-cover__background has-background-dim-100 has-background-dim has-background-gradient\" style=\"background:linear-gradient(135deg,rgb(255,255,255) 0%,rgb(169,184,195) 100%)\"><\/span><div class=\"wp-block-cover__inner-container is-layout-flow wp-block-cover-is-layout-flow\">\n<div style=\"height:40px\" aria-hidden=\"true\" class=\"wp-block-spacer\"><\/div>\n\n\n\n<h2 class=\"wp-block-heading has-text-align-center\">Hai domande?<\/h2>\n\n\n\n<h2 class=\"wp-block-heading has-text-align-center\">Preferisci una demo guidata?<\/h2>\n\n\n\n<h2 class=\"wp-block-heading has-text-align-center\">Prenota un incontro con noi!<\/h2>\n\n\n\n\n\n<br \/>\n<!-- Start of Meetings Embed Script --><\/p>\n<div class=\"meetings-iframe-container\" data-src=\"https:\/\/meetings.hubspot.com\/heidi-haugli?embed=true\"><\/div>\n<p><script type=\"text\/javascript\" src=\"https:\/\/static.hsappstatic.net\/MeetingsEmbed\/ex\/MeetingsEmbedCode.js\"><\/script><!-- End of Meetings Embed Script \u2014>--><br \/>\n\n\n\n\n\n\n\n<\/div><\/div>\n\n\n\n<div class=\"wp-block-columns is-layout-flex wp-container-core-columns-is-layout-9d6595d7 wp-block-columns-is-layout-flex\">\n<div class=\"wp-block-column feature-colorful-container is-layout-flow wp-block-column-is-layout-flow\">\n<h2 class=\"wp-block-heading\">Abbiamo tutto ci\u00f2 che serve per gestire: <\/h2>\n\n\n\n<div class=\"wp-block-columns is-layout-flex wp-container-core-columns-is-layout-9d6595d7 wp-block-columns-is-layout-flex\">\n<div class=\"wp-block-column is-layout-flow wp-block-column-is-layout-flow\">\n<h3 class=\"wp-block-heading\">il tuo Food Business - gestione quotidiana<\/h3>\n<\/div>\n<\/div>\n\n\n\n<div class=\"wp-block-columns is-layout-flex wp-container-core-columns-is-layout-9d6595d7 wp-block-columns-is-layout-flex\">\n<div class=\"wp-block-column feature-box-colored feature-box-green is-layout-flow wp-block-column-is-layout-flow\">\n<h4 class=\"wp-block-heading\">B2B Sales<\/h4>\n\n\n\n<p>Gestisci pi\u00f9 punti vendita, una vendita all'ingrosso o B2B? La soluzione completa per tutti i vostri canali di vendita.<\/p>\n<\/div>\n\n\n\n<div class=\"wp-block-column feature-box-colored feature-box-green is-layout-flow wp-block-column-is-layout-flow\">\n<h4 class=\"wp-block-heading\">Production &amp; Tracciabilit\u00e0<\/h4>\n\n\n\n<p>Passa al digitale con la tua produzione. Prepara automaticamente dosi di ricette su misura.<\/p>\n<\/div>\n\n\n\n<div class=\"wp-block-column feature-box-colored feature-box-green is-layout-flow wp-block-column-is-layout-flow\">\n<h4 class=\"wp-block-heading\">Digital Packing<\/h4>\n\n\n\n<p>I nostri strumenti digitali velocizzano le operazioni di raccolta e preparazione (pick&amp;pack) degli ordini. Meno errori e un team pi\u00f9 felice.<\/p>\n<\/div>\n\n\n\n<div class=\"wp-block-column feature-box-colored feature-box-green is-layout-flow wp-block-column-is-layout-flow\">\n<h4 class=\"wp-block-heading\">Connect<\/h4>\n\n\n\n<p>Elimina l'inserimento di dati superflui tra i sistemi. Automatizza il flusso dei dati con il tuo POS, contabilit\u00e0 o negozio online.<\/p>\n<\/div>\n<\/div>\n\n\n\n<div class=\"wp-block-columns is-layout-flex wp-container-core-columns-is-layout-9d6595d7 wp-block-columns-is-layout-flex\">\n<div class=\"wp-block-column is-layout-flow wp-block-column-is-layout-flow\">\n<h3 class=\"wp-block-heading\">i tuoi Food Products - gestione prodotti<\/h3>\n<\/div>\n<\/div>\n\n\n\n<div class=\"wp-block-columns is-layout-flex wp-container-core-columns-is-layout-9d6595d7 wp-block-columns-is-layout-flex\">\n<div class=\"wp-block-column feature-box-colored feature-box-blue is-layout-flow wp-block-column-is-layout-flow\">\n<h4 class=\"wp-block-heading\">Food Declaration<\/h4>\n\n\n\n<p>Organizza tutte le tue ricette. Assicurati che le tue dichiarazioni nutrizionali siano corrette e aggiornate.<\/p>\n<\/div>\n\n\n\n<div class=\"wp-block-column feature-box-colored feature-box-blue is-layout-flow wp-block-column-is-layout-flow\">\n<h4 class=\"wp-block-heading\">Strumenti PRO<\/h4>\n\n\n\n<p>Le dichiarazioni nutrizionali sono la tua responsabilit\u00e0 dedicata? Approfitta dei nostri potenti strumenti che ti portano oltre.<\/p>\n<\/div>\n\n\n\n<div class=\"wp-block-column feature-box-colored feature-box-blue is-layout-flow wp-block-column-is-layout-flow\">\n<h4 class=\"wp-block-heading\">Food Labels - Etichette<\/h4>\n\n\n\n<p>Automatizza facilmente il design delle etichette e la generazione dei contenuti. Sempre aggiornato con le tue ricette. <\/p>\n<\/div>\n\n\n\n<div class=\"wp-block-column feature-box-colored feature-box-blue is-layout-flow wp-block-column-is-layout-flow\">\n<h4 class=\"wp-block-heading\">Food Costing<\/h4>\n\n\n\n<p>Conosci i margini di vendita e affronta la concorrenza con fiducia. Informazioni pratiche per migliorare i profitti.<\/p>\n<\/div>\n<\/div>\n<\/div>\n<\/div>\n\n\n\n<div style=\"height:76px\" aria-hidden=\"true\" class=\"wp-block-spacer\"><\/div>\n\n\n\n<div class=\"wp-block-cover alignfull is-light has-parallax is-position-center-center\" style=\"min-height:597px;aspect-ratio:unset;\"><span aria-hidden=\"true\" class=\"wp-block-cover__background has-black-background-color has-background-dim-40 has-background-dim\"><\/span><div role=\"img\" class=\"wp-block-cover__image-background wp-image-1096 has-parallax\" style=\"background-position:50% 50%;background-image:url(https:\/\/myfoodoffice.com\/wp-content\/uploads\/2022\/07\/laura-lefurgey-smith-MGXNnStUi0s-unsplash-scaled.jpg)\"><\/div><div class=\"wp-block-cover__inner-container is-layout-flow wp-block-cover-is-layout-flow\">\n<p class=\"has-text-align-center has-text-color has-huge-font-size\" style=\"color:#fffffa;line-height:1.1\"><\/p>\n\n\n\n<div style=\"height:186px\" aria-hidden=\"true\" class=\"wp-block-spacer\"><\/div>\n\n\n\n<p class=\"has-text-align-center has-white-color has-text-color has-large-font-size\"><strong>MyFoodOffice ti aiuta a<\/strong><\/p>\n\n\n\n\n\n\n\n\n\n\n\n\n\n\n\n<div class=\"wp-block-typing-text-typing-text-block no-translation  root-eb-typing-text-9j26zvy\" data-no-translation=\"\"><div class=\"eb-parent-wrapper eb-parent-eb-typing-text-9j26zvy\"><div class=\"eb-typed-wrapper eb-typing-text-9j26zvy\" data-id=\"eb-typing-text-9j26zvy\"><div class=\"eb-typed-content\" data-type-speed=\"50\" data-start-delay=\"0\" data-smart-backspace=\"true\" data-back-speed=\"40\" data-back-delay=\"700\" data-fade=\"false\" data-fade-delay=\"500\" data-loop=\"true\" data-cursor=\"true\"><span class=\"eb-typed-prefix\"><\/span><span class=\"eb-typed-text-wrapper is-hidden\"><span class=\"eb-typed-text\">vendere di pi\u00f9<\/span><span class=\"eb-typed-text\">diventare pi\u00f9 redditizio<\/span><span class=\"eb-typed-text\">diventare pi\u00f9 efficiente<\/span><\/span><span class=\"eb-typed-view\"><\/span><span class=\"eb-typed-suffix\"><\/span><\/div><\/div><\/div><\/div>\n\n\n\n\n\n\n\n\n\n\n\n<div class=\"wp-block-buttons is-horizontal is-content-justification-center is-layout-flex wp-container-core-buttons-is-layout-499968f5 wp-block-buttons-is-layout-flex\">\n<div class=\"wp-block-button is-style-outline is-style-outline--1\"><a class=\"wp-block-button__link has-white-color has-vivid-cyan-blue-background-color has-text-color has-background wp-element-button\" href=\"https:\/\/app.myfoodoffice.com\/auth\/signup\" target=\"_blank\" rel=\"noreferrer noopener\">Inizia qui<\/a><\/div>\n<\/div>\n\n\n\n<div style=\"height:190px\" aria-hidden=\"true\" class=\"wp-block-spacer\"><\/div>\n<\/div><\/div>","protected":false},"excerpt":{"rendered":"<p>9 bakeries along the southern coast of Norway are joining forcesto fully digitalise their bakery operations. The only way to get full force and effect from our business strategyis to have business systems supporting it. Kjetil Hodne, CEO, Geheb Bakery Group Tapping into technological opportunities \u2013&nbsp;We have been looking for a new business platform for &hellip; <\/p>\n<p class=\"link-more\"><a href=\"https:\/\/myfoodoffice.com\/it\/story-geheb\/\" class=\"more-link\">Leggi tutto<span class=\"screen-reader-text\"> &#8220;Geheb making quantum leaps with new technology&#8221;<\/span><\/a><\/p>","protected":false},"author":3,"featured_media":0,"parent":0,"menu_order":0,"comment_status":"closed","ping_status":"closed","template":"","meta":{"content-type":"","_eb_attr":"","_kad_blocks_custom_css":"","_kad_blocks_head_custom_js":"","_kad_blocks_body_custom_js":"","_kad_blocks_footer_custom_js":"","_kadence_starter_templates_imported_post":false,"footnotes":""},"class_list":["post-2759","page","type-page","status-publish","hentry"],"taxonomy_info":[],"featured_image_src_large":false,"author_info":{"display_name":"Martin","author_link":"https:\/\/myfoodoffice.com\/it\/author\/martin\/"},"comment_info":0,"_links":{"self":[{"href":"https:\/\/myfoodoffice.com\/it\/wp-json\/wp\/v2\/pages\/2759","targetHints":{"allow":["GET"]}}],"collection":[{"href":"https:\/\/myfoodoffice.com\/it\/wp-json\/wp\/v2\/pages"}],"about":[{"href":"https:\/\/myfoodoffice.com\/it\/wp-json\/wp\/v2\/types\/page"}],"author":[{"embeddable":true,"href":"https:\/\/myfoodoffice.com\/it\/wp-json\/wp\/v2\/users\/3"}],"replies":[{"embeddable":true,"href":"https:\/\/myfoodoffice.com\/it\/wp-json\/wp\/v2\/comments?post=2759"}],"version-history":[{"count":17,"href":"https:\/\/myfoodoffice.com\/it\/wp-json\/wp\/v2\/pages\/2759\/revisions"}],"predecessor-version":[{"id":3090,"href":"https:\/\/myfoodoffice.com\/it\/wp-json\/wp\/v2\/pages\/2759\/revisions\/3090"}],"wp:attachment":[{"href":"https:\/\/myfoodoffice.com\/it\/wp-json\/wp\/v2\/media?parent=2759"}],"curies":[{"name":"wp","href":"https:\/\/api.w.org\/{rel}","templated":true}]}}