{"id":852,"date":"2022-07-25T11:13:42","date_gmt":"2022-07-25T11:13:42","guid":{"rendered":"http:\/\/34.88.199.23\/?page_id=852"},"modified":"2023-01-24T17:29:48","modified_gmt":"2023-01-24T17:29:48","slug":"story-romsoes","status":"publish","type":"page","link":"https:\/\/myfoodoffice.com\/it\/story-romsoes\/","title":{"rendered":"Story &#8211; Romsoes"},"content":{"rendered":"<div class=\"wp-block-columns is-layout-flex wp-container-core-columns-is-layout-9d6595d7 wp-block-columns-is-layout-flex\">\n<div class=\"wp-block-column is-layout-flow wp-block-column-is-layout-flow\">\n<div style=\"height:20px\" aria-hidden=\"true\" class=\"wp-block-spacer\"><\/div>\n\n\n<div class=\"wp-block-image is-style-rounded\">\n<figure class=\"aligncenter size-large is-resized\"><img loading=\"lazy\" decoding=\"async\" src=\"https:\/\/blog.myfoodoffice.com\/wp-content\/uploads\/2022\/07\/Romsoe_4_web-1404x790-1-1024x576.jpeg\" alt=\"Anders Voll, CEO, Roms\u00f8es Conditori\" class=\"wp-image-857\" width=\"933\" height=\"524\" srcset=\"https:\/\/myfoodoffice.com\/wp-content\/uploads\/2022\/07\/Romsoe_4_web-1404x790-1-1024x576.jpeg 1024w, https:\/\/myfoodoffice.com\/wp-content\/uploads\/2022\/07\/Romsoe_4_web-1404x790-1-300x169.jpeg 300w, https:\/\/myfoodoffice.com\/wp-content\/uploads\/2022\/07\/Romsoe_4_web-1404x790-1-768x432.jpeg 768w, https:\/\/myfoodoffice.com\/wp-content\/uploads\/2022\/07\/Romsoe_4_web-1404x790-1-18x10.jpeg 18w, https:\/\/myfoodoffice.com\/wp-content\/uploads\/2022\/07\/Romsoe_4_web-1404x790-1.jpeg 1404w\" sizes=\"auto, (max-width: 933px) 100vw, 933px\" \/><figcaption class=\"wp-element-caption\">Photo: Kristofer Ryde, Negative<\/figcaption><\/figure><\/div>\n\n\n<div style=\"height:20px\" aria-hidden=\"true\" class=\"wp-block-spacer\"><\/div>\n<\/div>\n<\/div>\n\n\n\n<h2 class=\"has-text-align-center has-medium-font-size wp-block-heading\">La pandemia ci ha colpito come uno tsunami. La squadra si \u00e8 rimboccato le maniche.<br>Alla ricerca di modi per rafforzare la propria attivit\u00e0.<\/h2>\n\n\n\n<blockquote class=\"wp-block-quote has-text-align-center is-layout-flow wp-block-quote-is-layout-flow\">\n<p class=\"has-black-color has-text-color\"><svg viewbox=\"0 0 24 24\" xmlns=\"http:\/\/www.w3.org\/2000\/svg\" width=\"24\" height=\"24\" aria-hidden=\"true\" focusable=\"false\"><path d=\"M13 6v6h5.2v4c0 .8-.2 1.4-.5 1.7-.6.6-1.6.6-2.5.5h-.3v1.5h.5c1 0 2.3-.1 3.3-1 .6-.6 1-1.6 1-2.8V6H13zm-9 6h5.2v4c0 .8-.2 1.4-.5 1.7-.6.6-1.6.6-2.5.5h-.3v1.5h.5c1 0 2.3-.1 3.3-1 .6-.6 1-1.6 1-2.8V6H4v6z\"><\/path><\/svg> Semplicemente passando a MyFoodOffice,<br>abbiamo risparmiato nella manodopera 1 persona a tempo pieno.<\/p>\n<cite>Anders Voll, CEO, Roms\u00f8es Conditori<\/cite><\/blockquote>\n\n\n\n<p>Roms\u00f8es Conditori \u00e8 una storica pasticceria con sede a Stavanger, Norvegia, che vanta una lunga tradizione nel settore. Come molte altre aziende, ha affrontato una fase difficile durante l'arrivo della pandemia. Temporaneamente, l'azienda ha dovuto chiudere completamente le sue attivit\u00e0 e, nel momento in cui si adattava alle nuove regole imposte dalla pandemia, ha iniziato gradualmente a riaprire. <\/p>\n\n\n\n<p>Questa chiusura ha portato a una serie di cambiamenti significativi all'interno dell'azienda tradizionale. Si \u00e8 lavorato sodo per semplificare e ottimizzare i processi aziendali al fine di preparare Roms\u00f8es Conditori al meglio per il futuro. Tra gli sforzi compiuti, vi \u00e8 stata la chiusura di due punti vendita poco redditizi, la revisione della gamma di prodotti e un'ottimizzazione dei processi produttivi e logistici. Ogni aspetto dell'azienda \u00e8 stato attentamente valutato. Anders Voll, l'amministratore delegato, ha descritto la situazione come estremamente critica.<\/p>\n\n\n\n<p><em>\u2013<\/em> Eravamo in procinto di celebrare il nostro centesimo anniversario come azienda. Tuttavia, con l'arrivo del lockdown dovuto al Covid, abbiamo seriamente dubitato di poter mai raggiungere questo importante traguardo. La situazione richiedeva una risposta immediata e decisa.<\/p>\n\n\n\n<p>L'implementazione di MyFoodOffice \u00e8 stata una delle tante iniziative adottate per rendere l'azienda pi\u00f9 efficiente.<\/p>\n\n\n\n<div class=\"wp-block-columns is-layout-flex wp-container-core-columns-is-layout-9d6595d7 wp-block-columns-is-layout-flex\">\n<div class=\"wp-block-column is-vertically-aligned-center is-layout-flow wp-block-column-is-layout-flow\">\n<h2 class=\"wp-block-heading\">Ricerca di efficienza e flessibilit\u00e0<\/h2>\n\n\n\n<p class=\"has-text-align-left\">Quando abbiamo deciso di ottimizzare i nostri processi, \u00e8 stato naturale esaminare attentamente il nostro sistema di produzione e di ordini\", spiega Anders.<\/p>\n\n\n\n<p class=\"has-text-align-left\">Volevamo renderlo pi\u00f9 efficiente e orientato al futuro, quindi ci siamo rivolti a MyFoodOffice. Questo sistema basato sul cloud ci consente di lavorare da qualsiasi luogo, liberandoci dalla necessit\u00e0 di rimanere costantemente in ufficio. Ora possiamo gestire le attivit\u00e0 anche la sera o nel fine settimana, se necessario, senza doverci spostare sul posto di lavoro. Inoltre, durante le vacanze, i viaggi o in caso di malattia, la flessibilit\u00e0 del sistema si \u00e8 dimostrata un vantaggio inestimabile, soprattutto durante la pandemia.<\/p>\n<\/div>\n\n\n\n<div class=\"wp-block-column is-vertically-aligned-bottom is-layout-flow wp-block-column-is-layout-flow\"><div class=\"wp-block-image\">\n<figure class=\"aligncenter size-full is-resized\"><img loading=\"lazy\" decoding=\"async\" src=\"https:\/\/blog.myfoodoffice.com\/wp-content\/uploads\/2022\/07\/Romsoe_2_web-790x790-1.jpeg\" alt=\"Anders Voll demonstrating the use of My Food Office.\" class=\"wp-image-869\" width=\"351\" height=\"351\" srcset=\"https:\/\/myfoodoffice.com\/wp-content\/uploads\/2022\/07\/Romsoe_2_web-790x790-1.jpeg 790w, https:\/\/myfoodoffice.com\/wp-content\/uploads\/2022\/07\/Romsoe_2_web-790x790-1-300x300.jpeg 300w, https:\/\/myfoodoffice.com\/wp-content\/uploads\/2022\/07\/Romsoe_2_web-790x790-1-150x150.jpeg 150w, https:\/\/myfoodoffice.com\/wp-content\/uploads\/2022\/07\/Romsoe_2_web-790x790-1-768x768.jpeg 768w, https:\/\/myfoodoffice.com\/wp-content\/uploads\/2022\/07\/Romsoe_2_web-790x790-1-12x12.jpeg 12w\" sizes=\"auto, (max-width: 351px) 100vw, 351px\" \/><figcaption class=\"wp-element-caption\">Foto: Kristofer Ryde, Negative<\/figcaption><\/figure><\/div><\/div>\n<\/div>\n\n\n\n<p>Abbiamo fatto questa scelta per preparare l'azienda a un futuro pi\u00f9 solido\", continua Anders. \"Volevamo un sistema che centralizzasse tutte le nostre operazioni in un'unica piattaforma. Ora abbiamo etichette, informazioni sugli allergeni, ricette e dati integrati in un'unica soluzione che si interfaccia direttamente con le vendite e la produzione. La transizione a questo nuovo sistema ci ha anche dato l'opportunit\u00e0 di rivedere e ottimizzare i nostri prodotti e le nostre procedure. Fin dal primo giorno, il sistema ha funzionato perfettamente, regalandoci una nuova e migliorata routine lavorativa\", conclude Anders, rappresentante della seconda generazione all'interno dell'azienda.<\/p>\n\n\n\n<figure class=\"wp-block-image size-large\"><img loading=\"lazy\" decoding=\"async\" width=\"1024\" height=\"576\" src=\"http:\/\/34.88.199.23\/wp-content\/uploads\/2022\/06\/Romsoe_8_web-1024x576.jpeg\" alt=\"With My Food Office, Roms\u00f8es Conditori has gained full control and a good overview.\" class=\"wp-image-13\" srcset=\"https:\/\/myfoodoffice.com\/wp-content\/uploads\/2022\/06\/Romsoe_8_web-1024x576.jpeg 1024w, https:\/\/myfoodoffice.com\/wp-content\/uploads\/2022\/06\/Romsoe_8_web-300x169.jpeg 300w, https:\/\/myfoodoffice.com\/wp-content\/uploads\/2022\/06\/Romsoe_8_web-768x432.jpeg 768w, https:\/\/myfoodoffice.com\/wp-content\/uploads\/2022\/06\/Romsoe_8_web.jpeg 1500w\" sizes=\"auto, (max-width: 1024px) 100vw, 1024px\" \/><figcaption class=\"wp-element-caption\">Foto: Kristofer Ryde, Negative<\/figcaption><\/figure>\n\n\n\n<h2 class=\"wp-block-heading\">Un risparmio di tempo eccezionale<\/h2>\n\n\n\n<p>- Quanto tempo risparmiate grazie a MyFoodOffice?<\/p>\n\n\n\n<p>Stimiamo di risparmiare almeno 2-3 ore al giorno in ufficio, risponde Anders. In passato, dovevamo affrontare l'arduo compito di ricevere gli ordini giornalieri attraverso chiamate telefoniche e attivit\u00e0 manuali. Ora, grazie al sistema, ciascuno dei nostri cinque negozi risparmia circa un'ora al giorno. Mettendo tutto in prospettiva, potremmo dire che risparmiamo un anno intero di lavoro di una persona, che ora pu\u00f2 essere utilizzato per altre attivit\u00e0 cruciali per l'azienda.<\/p>\n\n\n\n<p>Il nuovo sistema ha praticamente eliminato il lavoro manuale, prosegue Anders. Le liste settimanali, le liste di ordini e gli ordini programmati per il giorno successivo sono ora gestiti autonomamente dai nostri negozi e dai clienti B2B. Con pochi clic, gli ordini vengono automaticamente inviati al nostro sistema di fatturazione elettronica, semplificando notevolmente il processo di fatturazione e incasso, che ora \u00e8 gestito dal nostro commercialista<\/p>\n\n\n\n<p>Andando avanti, apprezziamo come MyFoodOffice sia proattivo nell'aggiornare e migliorare costantemente il software e le funzionalit\u00e0, afferma Anders. Abbiamo sentito parlare di un nuovo modulo che mira a ridurre gli sprechi nei panifici ed eravamo molto interessati ad essere coinvolti. Apprezziamo l'approccio del nostro partner commerciale nel comprendere le nostre sfide e nel contribuire al nostro sviluppo aziendale, stabilendo nuovi standard nell'industria, conclude il CEO Anders Voll. <\/p>\n\n\n\n<div style=\"height:100px\" aria-hidden=\"true\" class=\"wp-block-spacer\"><\/div>\n\n\n\n<div class=\"wp-block-cover alignfull\" style=\"min-height:600px;aspect-ratio:unset;\"><span aria-hidden=\"true\" class=\"wp-block-cover__background has-background-dim-100 has-background-dim wp-block-cover__gradient-background has-background-gradient\" style=\"background:linear-gradient(135deg,rgb(142,162,248) 0%,rgb(59,67,181) 100%)\"><\/span><img loading=\"lazy\" decoding=\"async\" width=\"2560\" height=\"1707\" class=\"wp-block-cover__image-background wp-image-1405\" alt=\"\" src=\"http:\/\/34.88.199.23\/wp-content\/uploads\/2022\/08\/gradienta-LeG68PrXA6Y-unsplash-scaled.jpg\" data-object-fit=\"cover\" srcset=\"https:\/\/myfoodoffice.com\/wp-content\/uploads\/2022\/08\/gradienta-LeG68PrXA6Y-unsplash-scaled.jpg 2560w, https:\/\/myfoodoffice.com\/wp-content\/uploads\/2022\/08\/gradienta-LeG68PrXA6Y-unsplash-300x200.jpg 300w, https:\/\/myfoodoffice.com\/wp-content\/uploads\/2022\/08\/gradienta-LeG68PrXA6Y-unsplash-1024x683.jpg 1024w, https:\/\/myfoodoffice.com\/wp-content\/uploads\/2022\/08\/gradienta-LeG68PrXA6Y-unsplash-768x512.jpg 768w, https:\/\/myfoodoffice.com\/wp-content\/uploads\/2022\/08\/gradienta-LeG68PrXA6Y-unsplash-1536x1024.jpg 1536w, https:\/\/myfoodoffice.com\/wp-content\/uploads\/2022\/08\/gradienta-LeG68PrXA6Y-unsplash-2048x1365.jpg 2048w, https:\/\/myfoodoffice.com\/wp-content\/uploads\/2022\/08\/gradienta-LeG68PrXA6Y-unsplash-18x12.jpg 18w, https:\/\/myfoodoffice.com\/wp-content\/uploads\/2022\/08\/gradienta-LeG68PrXA6Y-unsplash-2000x1333.jpg 2000w\" sizes=\"auto, (max-width: 2560px) 100vw, 2560px\" \/><div class=\"wp-block-cover__inner-container is-layout-flow wp-block-cover-is-layout-flow\">\n<div style=\"height:40px\" aria-hidden=\"true\" class=\"wp-block-spacer\"><\/div>\n\n\n\n<h2 class=\"wp-block-heading has-text-align-left\" style=\"font-size:50px\"><strong><span style=\"text-decoration: underline;\">Una<\/span> piattaforma per gestire:<\/strong><\/h2>\n\n\n\n<div style=\"height:80px\" aria-hidden=\"true\" class=\"wp-block-spacer\"><\/div>\n\n\n\n<div class=\"wp-block-columns is-layout-flex wp-container-core-columns-is-layout-9d6595d7 wp-block-columns-is-layout-flex\">\n<div class=\"wp-block-column is-layout-flow wp-block-column-is-layout-flow\">\n<h1 class=\"wp-block-heading\"><mark style=\"background-color:rgba(0, 0, 0, 0)\" class=\"has-inline-color has-white-color\">i tuoi prodotti<\/mark><\/h1>\n\n\n\n<p>Tutti gli strumenti di cui hai bisogno.<br>Gestisci l'intero portafolio prodotti in un posto.\n<br \/>\n<br \/><\/p>\n\n\n\n<div class=\"wp-block-buttons is-layout-flex wp-block-buttons-is-layout-flex\">\n<div class=\"wp-block-button has-custom-font-size has-small-font-size\"><a class=\"wp-block-button__link wp-element-button\" href=\"https:\/\/myfoodoffice.com\/it\/manage-your-products\/\">Scopri di pi\u00f9<\/a><\/div>\n\n\n\n<div class=\"wp-block-button has-custom-font-size has-small-font-size\"><a class=\"wp-block-button__link wp-element-button\" href=\"https:\/\/app.myfoodoffice.com\/auth\/signup\/?locale\">Inizia ora<\/a><\/div>\n<\/div>\n<\/div>\n\n\n\n<div class=\"wp-block-column is-layout-flow wp-block-column-is-layout-flow\">\n<h1 class=\"wp-block-heading\"><mark style=\"background-color:rgba(0, 0, 0, 0)\" class=\"has-inline-color has-white-color\">la tua attivit\u00e0 principale<\/mark><\/h1>\n\n\n\n<p>Ottimizzata e automatizzata.<br>Noi connettiamo i tuoi canali di vendita con la produzione e le operazioni quotidiane.<\/p>\n\n\n\n<div class=\"wp-block-buttons is-layout-flex wp-block-buttons-is-layout-flex\">\n<div class=\"wp-block-button has-custom-font-size has-small-font-size\"><a class=\"wp-block-button__link wp-element-button\" href=\"https:\/\/myfoodoffice.com\/it\/manage-your-business\/\">Scopri di pi\u00f9<\/a><\/div>\n\n\n\n<div class=\"wp-block-button has-custom-font-size has-small-font-size\"><a class=\"wp-block-button__link wp-element-button\" href=\"https:\/\/app.myfoodoffice.com\/auth\/signup\/?locale\">Inizia ora<\/a><\/div>\n<\/div>\n<\/div>\n<\/div>\n\n\n\n<div style=\"height:136px\" aria-hidden=\"true\" class=\"wp-block-spacer\"><\/div>\n<\/div><\/div>\n\n\n\n<div class=\"wp-block-cover alignfull is-light book-demo-wide\"><span aria-hidden=\"true\" class=\"wp-block-cover__background has-background-dim-100 has-background-dim has-background-gradient\" style=\"background:linear-gradient(135deg,rgb(255,255,255) 0%,rgb(169,184,195) 100%)\"><\/span><div class=\"wp-block-cover__inner-container is-layout-flow wp-block-cover-is-layout-flow\">\n<div style=\"height:40px\" aria-hidden=\"true\" class=\"wp-block-spacer\"><\/div>\n\n\n\n<h2 class=\"wp-block-heading has-text-align-center\">Hai domande?<\/h2>\n\n\n\n<h2 class=\"wp-block-heading has-text-align-center\">Preferisci una demo guidata?<\/h2>\n\n\n\n<h2 class=\"wp-block-heading has-text-align-center\">Prenota un incontro con noi!<\/h2>\n\n\n\n\n\n<br \/>\n<!-- Start of Meetings Embed Script --><\/p>\n<div class=\"meetings-iframe-container\" data-src=\"https:\/\/meetings.hubspot.com\/heidi-haugli?embed=true\"><\/div>\n<p><script type=\"text\/javascript\" src=\"https:\/\/static.hsappstatic.net\/MeetingsEmbed\/ex\/MeetingsEmbedCode.js\"><\/script><!-- End of Meetings Embed Script \u2014>--><br \/>\n\n\n\n\n\n\n\n<\/div><\/div>\n\n\n\n<div class=\"wp-block-columns is-layout-flex wp-container-core-columns-is-layout-9d6595d7 wp-block-columns-is-layout-flex\">\n<div class=\"wp-block-column feature-colorful-container is-layout-flow wp-block-column-is-layout-flow\">\n<h2 class=\"wp-block-heading\">Abbiamo tutto ci\u00f2 che serve per gestire: <\/h2>\n\n\n\n<div class=\"wp-block-columns is-layout-flex wp-container-core-columns-is-layout-9d6595d7 wp-block-columns-is-layout-flex\">\n<div class=\"wp-block-column is-layout-flow wp-block-column-is-layout-flow\">\n<h3 class=\"wp-block-heading\">il tuo Food Business - gestione quotidiana<\/h3>\n<\/div>\n<\/div>\n\n\n\n<div class=\"wp-block-columns is-layout-flex wp-container-core-columns-is-layout-9d6595d7 wp-block-columns-is-layout-flex\">\n<div class=\"wp-block-column feature-box-colored feature-box-green is-layout-flow wp-block-column-is-layout-flow\">\n<h4 class=\"wp-block-heading\">B2B Sales<\/h4>\n\n\n\n<p>Gestisci pi\u00f9 punti vendita, una vendita all'ingrosso o B2B? La soluzione completa per tutti i vostri canali di vendita.<\/p>\n<\/div>\n\n\n\n<div class=\"wp-block-column feature-box-colored feature-box-green is-layout-flow wp-block-column-is-layout-flow\">\n<h4 class=\"wp-block-heading\">Production &amp; Tracciabilit\u00e0<\/h4>\n\n\n\n<p>Passa al digitale con la tua produzione. Prepara automaticamente dosi di ricette su misura.<\/p>\n<\/div>\n\n\n\n<div class=\"wp-block-column feature-box-colored feature-box-green is-layout-flow wp-block-column-is-layout-flow\">\n<h4 class=\"wp-block-heading\">Digital Packing<\/h4>\n\n\n\n<p>I nostri strumenti digitali velocizzano le operazioni di raccolta e preparazione (pick&amp;pack) degli ordini. Meno errori e un team pi\u00f9 felice.<\/p>\n<\/div>\n\n\n\n<div class=\"wp-block-column feature-box-colored feature-box-green is-layout-flow wp-block-column-is-layout-flow\">\n<h4 class=\"wp-block-heading\">Connect<\/h4>\n\n\n\n<p>Elimina l'inserimento di dati superflui tra i sistemi. Automatizza il flusso dei dati con il tuo POS, contabilit\u00e0 o negozio online.<\/p>\n<\/div>\n<\/div>\n\n\n\n<div class=\"wp-block-columns is-layout-flex wp-container-core-columns-is-layout-9d6595d7 wp-block-columns-is-layout-flex\">\n<div class=\"wp-block-column is-layout-flow wp-block-column-is-layout-flow\">\n<h3 class=\"wp-block-heading\">i tuoi Food Products - gestione prodotti<\/h3>\n<\/div>\n<\/div>\n\n\n\n<div class=\"wp-block-columns is-layout-flex wp-container-core-columns-is-layout-9d6595d7 wp-block-columns-is-layout-flex\">\n<div class=\"wp-block-column feature-box-colored feature-box-blue is-layout-flow wp-block-column-is-layout-flow\">\n<h4 class=\"wp-block-heading\">Food Declaration<\/h4>\n\n\n\n<p>Organizza tutte le tue ricette. Assicurati che le tue dichiarazioni nutrizionali siano corrette e aggiornate.<\/p>\n<\/div>\n\n\n\n<div class=\"wp-block-column feature-box-colored feature-box-blue is-layout-flow wp-block-column-is-layout-flow\">\n<h4 class=\"wp-block-heading\">Strumenti PRO<\/h4>\n\n\n\n<p>Le dichiarazioni nutrizionali sono la tua responsabilit\u00e0 dedicata? Approfitta dei nostri potenti strumenti che ti portano oltre.<\/p>\n<\/div>\n\n\n\n<div class=\"wp-block-column feature-box-colored feature-box-blue is-layout-flow wp-block-column-is-layout-flow\">\n<h4 class=\"wp-block-heading\">Food Labels - Etichette<\/h4>\n\n\n\n<p>Automatizza facilmente il design delle etichette e la generazione dei contenuti. Sempre aggiornato con le tue ricette. <\/p>\n<\/div>\n\n\n\n<div class=\"wp-block-column feature-box-colored feature-box-blue is-layout-flow wp-block-column-is-layout-flow\">\n<h4 class=\"wp-block-heading\">Food Costing<\/h4>\n\n\n\n<p>Conosci i margini di vendita e affronta la concorrenza con fiducia. Informazioni pratiche per migliorare i profitti.<\/p>\n<\/div>\n<\/div>\n<\/div>\n<\/div>\n\n\n\n<div class=\"wp-block-cover alignfull is-light has-parallax is-position-center-center\" style=\"min-height:597px;aspect-ratio:unset;\"><span aria-hidden=\"true\" class=\"wp-block-cover__background has-black-background-color has-background-dim-40 has-background-dim\"><\/span><div role=\"img\" class=\"wp-block-cover__image-background wp-image-1096 has-parallax\" style=\"background-position:50% 50%;background-image:url(https:\/\/myfoodoffice.com\/wp-content\/uploads\/2022\/07\/laura-lefurgey-smith-MGXNnStUi0s-unsplash-scaled.jpg)\"><\/div><div class=\"wp-block-cover__inner-container is-layout-flow wp-block-cover-is-layout-flow\">\n<p class=\"has-text-align-center has-text-color has-huge-font-size\" style=\"color:#fffffa;line-height:1.1\"><\/p>\n\n\n\n<div style=\"height:186px\" aria-hidden=\"true\" class=\"wp-block-spacer\"><\/div>\n\n\n\n<p class=\"has-text-align-center has-white-color has-text-color has-large-font-size\"><strong>MyFoodOffice ti aiuta a<\/strong><\/p>\n\n\n\n\n\n\n\n\n\n\n\n\n\n\n\n<div class=\"wp-block-typing-text-typing-text-block no-translation  root-eb-typing-text-9j26zvy\" data-no-translation=\"\"><div class=\"eb-parent-wrapper eb-parent-eb-typing-text-9j26zvy\"><div class=\"eb-typed-wrapper eb-typing-text-9j26zvy\" data-id=\"eb-typing-text-9j26zvy\"><div class=\"eb-typed-content\" data-type-speed=\"50\" data-start-delay=\"0\" data-smart-backspace=\"true\" data-back-speed=\"40\" data-back-delay=\"700\" data-fade=\"false\" data-fade-delay=\"500\" data-loop=\"true\" data-cursor=\"true\"><span class=\"eb-typed-prefix\"><\/span><span class=\"eb-typed-text-wrapper is-hidden\"><span class=\"eb-typed-text\">vendere di pi\u00f9<\/span><span class=\"eb-typed-text\">diventare pi\u00f9 redditizio<\/span><span class=\"eb-typed-text\">diventare pi\u00f9 efficiente<\/span><\/span><span class=\"eb-typed-view\"><\/span><span class=\"eb-typed-suffix\"><\/span><\/div><\/div><\/div><\/div>\n\n\n\n\n\n\n\n\n\n\n\n<div class=\"wp-block-buttons is-horizontal is-content-justification-center is-layout-flex wp-container-core-buttons-is-layout-499968f5 wp-block-buttons-is-layout-flex\">\n<div class=\"wp-block-button is-style-outline is-style-outline--1\"><a class=\"wp-block-button__link has-white-color has-vivid-cyan-blue-background-color has-text-color has-background wp-element-button\" href=\"https:\/\/app.myfoodoffice.com\/auth\/signup\" target=\"_blank\" rel=\"noreferrer noopener\">Inizia qui<\/a><\/div>\n<\/div>\n\n\n\n<div style=\"height:190px\" aria-hidden=\"true\" class=\"wp-block-spacer\"><\/div>\n<\/div><\/div>","protected":false},"excerpt":{"rendered":"<p>The pandemic struck like a tsunami. The team turned over every stone.Searching for ways to strengthen their business. Just by switching to MyFoodOffice,we saved one person-year. Anders Voll, CEO, Roms\u00f8es Conditori Roms\u00f8es Conditori is a time-honoured pastry maker based in Stavanger, Norway. Like many others, they got a a tough time when the pandemic came. &hellip; <\/p>\n<p class=\"link-more\"><a href=\"https:\/\/myfoodoffice.com\/it\/story-romsoes\/\" class=\"more-link\">Leggi tutto<span class=\"screen-reader-text\"> &#8220;Story &#8211; Romsoes&#8221;<\/span><\/a><\/p>","protected":false},"author":3,"featured_media":0,"parent":0,"menu_order":0,"comment_status":"closed","ping_status":"closed","template":"","meta":{"content-type":"","_eb_attr":"","_kad_blocks_custom_css":"","_kad_blocks_head_custom_js":"","_kad_blocks_body_custom_js":"","_kad_blocks_footer_custom_js":"","_kadence_starter_templates_imported_post":false,"footnotes":""},"class_list":["post-852","page","type-page","status-publish","hentry"],"taxonomy_info":[],"featured_image_src_large":false,"author_info":{"display_name":"Martin","author_link":"https:\/\/myfoodoffice.com\/it\/author\/martin\/"},"comment_info":0,"_links":{"self":[{"href":"https:\/\/myfoodoffice.com\/it\/wp-json\/wp\/v2\/pages\/852","targetHints":{"allow":["GET"]}}],"collection":[{"href":"https:\/\/myfoodoffice.com\/it\/wp-json\/wp\/v2\/pages"}],"about":[{"href":"https:\/\/myfoodoffice.com\/it\/wp-json\/wp\/v2\/types\/page"}],"author":[{"embeddable":true,"href":"https:\/\/myfoodoffice.com\/it\/wp-json\/wp\/v2\/users\/3"}],"replies":[{"embeddable":true,"href":"https:\/\/myfoodoffice.com\/it\/wp-json\/wp\/v2\/comments?post=852"}],"version-history":[{"count":74,"href":"https:\/\/myfoodoffice.com\/it\/wp-json\/wp\/v2\/pages\/852\/revisions"}],"predecessor-version":[{"id":3093,"href":"https:\/\/myfoodoffice.com\/it\/wp-json\/wp\/v2\/pages\/852\/revisions\/3093"}],"wp:attachment":[{"href":"https:\/\/myfoodoffice.com\/it\/wp-json\/wp\/v2\/media?parent=852"}],"curies":[{"name":"wp","href":"https:\/\/api.w.org\/{rel}","templated":true}]}}