{"id":885,"date":"2022-07-25T11:50:10","date_gmt":"2022-07-25T11:50:10","guid":{"rendered":"http:\/\/34.88.199.23\/?page_id=885"},"modified":"2023-01-24T17:26:50","modified_gmt":"2023-01-24T17:26:50","slug":"story-larsens-bakery","status":"publish","type":"page","link":"https:\/\/myfoodoffice.com\/it\/story-larsens-bakery\/","title":{"rendered":"Story &#8211; Larsens Bakeri"},"content":{"rendered":"<div style=\"height:40px\" aria-hidden=\"true\" class=\"wp-block-spacer\"><\/div>\n\n\n\n<figure class=\"wp-block-image size-large is-style-rounded\"><img loading=\"lazy\" decoding=\"async\" width=\"1024\" height=\"576\" src=\"https:\/\/blog.myfoodoffice.com\/wp-content\/uploads\/2023\/01\/Larsens-Bakeri_web3-1404x790-1-1024x576.jpg\" alt=\"CEO Kim Larsen\" class=\"wp-image-2452\" srcset=\"https:\/\/myfoodoffice.com\/wp-content\/uploads\/2023\/01\/Larsens-Bakeri_web3-1404x790-1-1024x576.jpg 1024w, https:\/\/myfoodoffice.com\/wp-content\/uploads\/2023\/01\/Larsens-Bakeri_web3-1404x790-1-300x169.jpg 300w, https:\/\/myfoodoffice.com\/wp-content\/uploads\/2023\/01\/Larsens-Bakeri_web3-1404x790-1-768x432.jpg 768w, https:\/\/myfoodoffice.com\/wp-content\/uploads\/2023\/01\/Larsens-Bakeri_web3-1404x790-1-18x10.jpg 18w, https:\/\/myfoodoffice.com\/wp-content\/uploads\/2023\/01\/Larsens-Bakeri_web3-1404x790-1.jpg 1404w\" sizes=\"auto, (max-width: 1024px) 100vw, 1024px\" \/><figcaption class=\"wp-element-caption\">Photo: Cecilie Nilsen, Lister24<\/figcaption><\/figure>\n\n\n\n<h2 class=\"has-text-align-center has-medium-font-size wp-block-heading\">Suo padre lavorava 24 ore su 24, ma il tempo non era mai sufficiente. <br>Melissa ha dato un ultimatum; <br>o trovavano modi pi\u00f9 intelligenti per lavorare, o lei avrebbe lasciato l'azienda di famiglia. <\/h2>\n\n\n\n<h2 class=\"has-text-align-center has-medium-font-size wp-block-heading\">Ora, gestire il lavoro \u00e8 un gioco da ragazzi. <\/h2>\n\n\n\n<blockquote class=\"wp-block-quote has-text-align-center is-layout-flow wp-block-quote-is-layout-flow\">\n<p class=\"has-black-color has-text-color\"><svg viewbox=\"0 0 24 24\" xmlns=\"http:\/\/www.w3.org\/2000\/svg\" width=\"24\" height=\"24\" aria-hidden=\"true\" focusable=\"false\"><path d=\"M13 6v6h5.2v4c0 .8-.2 1.4-.5 1.7-.6.6-1.6.6-2.5.5h-.3v1.5h.5c1 0 2.3-.1 3.3-1 .6-.6 1-1.6 1-2.8V6H13zm-9 6h5.2v4c0 .8-.2 1.4-.5 1.7-.6.6-1.6.6-2.5.5h-.3v1.5h.5c1 0 2.3-.1 3.3-1 .6-.6 1-1.6 1-2.8V6H4v6z\"><\/path><\/svg>I risparmi sono incredibili.<br>E' completamente pazzesco. Non pensavo fosse possibile.<\/p>\n<cite>Kim \u00c5ge Larsen, CEO, Larsens Bakeri<\/cite><\/blockquote>\n\n\n\n<p>Larsens Bakeri \u00e8 stata fondata nel 1995 da Kim \u00c5ge Larsen, figlio del panettiere danese Svend \u00c5ge Larsen, ed \u00e8 diventata un'icona nella produzione di prodotti da forno artigianali. Coinvolta nell'azienda anche sua moglie, Solveig, insieme a quattro dei loro cinque figli, Larsens Bakeri rappresenta un'autentica azienda familiare dove l'arte del mestiere \u00e8 stata tramandata di generazione in generazione. Nel 2020, l'azienda ha registrato un fatturato superiore a 14 milioni di corone norvegesi, equivalenti a circa 1,3 milioni di euro, con una forza lavoro di circa 35 dipendenti.<\/p>\n\n\n\n<p>Offrendo una vasta selezione di prodotti da forno basati su ricette tradizionali danesi e norvegesi, Larsens Bakeri \u00e8 rinomata per la produzione di torte e pane di ottima qualit\u00e0. Attualmente, gestisce diverse filiali nella regione meridionale della Norvegia e i suoi prodotti da forno molto apprezzati sono disponibili sugli scaffali di tutti i principali supermercati della zona.<\/p>\n\n\n\n<div class=\"wp-block-columns is-layout-flex wp-container-core-columns-is-layout-9d6595d7 wp-block-columns-is-layout-flex\">\n<div class=\"wp-block-column is-layout-flow wp-block-column-is-layout-flow\">\n<h2 class=\"wp-block-heading\">Un risparmio di tempo significativo<\/h2>\n\n\n\n<p>Il passaggio a MyFoodOffice si \u00e8 rivelato essere l'investimento pi\u00f9 redditizio mai effettuato dal nostro panificio. Da una serie di processi manuali ad alta intensit\u00e0 di lavoro, siamo passati a una soluzione che ha trasformato radicalmente la nostra operativit\u00e0.<\/p>\n\n\n\n<p>In passato, utilizzavamo un sistema generico di contabilit\u00e0 e ordini installato localmente su un singolo PC. Ora, grazie a MyFoodOffice, disponiamo di un sistema su misura per il settore della panificazione, adattato alle nostre specifiche esigenze. Le personalizzazioni o le modifiche sono possibili con una semplice telefonata o email. Con MyFoodOffice, abbiamo un partner che comprende sia il sistema che la gestione di un'attivit\u00e0 nel settore della panificazione ed \u00e8 estremamente flessibile nel soddisfare le nostre richieste. Le modifiche e gli aggiornamenti vengono realizzati in tempi incredibilmente rapidi. Non abbiamo mai incontrato un supporto cos\u00ec efficiente con nessun altro sistema\", afferma Kim \u00c5ge Larsen.<\/p>\n\n\n\n<p>Hanno iniziato con la gestione degli allergeni e le dichiarazioni nutrizionali, poi hanno continuato con il product costing e, soprattutto, con la gestione degli ordini e la fatturazione. Il risultato \u00e8 stato un risparmio incredibile. Personalmente, risparmiamo tra le 40 e le 50 ore al mese. \u00c8 semplicemente incredibile. Tutto \u00e8 gestito nel sistema e pu\u00f2 essere eseguito con pochi clic.<\/p>\n<\/div>\n\n\n\n<div class=\"wp-block-column is-vertically-aligned-center is-layout-flow wp-block-column-is-layout-flow\">\n<figure class=\"wp-block-image size-full\"><img loading=\"lazy\" decoding=\"async\" width=\"596\" height=\"840\" src=\"https:\/\/blog.myfoodoffice.com\/wp-content\/uploads\/2022\/07\/Larsens-Bakeri_web2.jpeg\" alt=\"Larsens Bakeri\" class=\"wp-image-895\" srcset=\"https:\/\/myfoodoffice.com\/wp-content\/uploads\/2022\/07\/Larsens-Bakeri_web2.jpeg 596w, https:\/\/myfoodoffice.com\/wp-content\/uploads\/2022\/07\/Larsens-Bakeri_web2-213x300.jpeg 213w, https:\/\/myfoodoffice.com\/wp-content\/uploads\/2022\/07\/Larsens-Bakeri_web2-9x12.jpeg 9w\" sizes=\"auto, (max-width: 596px) 100vw, 596px\" \/><figcaption class=\"wp-element-caption\">Photo: Cecilie Nilsen, Lister24<\/figcaption><\/figure>\n<\/div>\n<\/div>\n\n\n\n<figure class=\"wp-block-image size-large\"><img loading=\"lazy\" decoding=\"async\" width=\"1024\" height=\"576\" src=\"https:\/\/blog.myfoodoffice.com\/wp-content\/uploads\/2022\/07\/Larsens-Bakeri_web5-1024x576.jpeg\" alt=\"Bruk av MyFoodOffice har frigitt mye tid som n\u00e5 brukes i produksjonen og til mer fritid.\" class=\"wp-image-897\" srcset=\"https:\/\/myfoodoffice.com\/wp-content\/uploads\/2022\/07\/Larsens-Bakeri_web5-1024x576.jpeg 1024w, https:\/\/myfoodoffice.com\/wp-content\/uploads\/2022\/07\/Larsens-Bakeri_web5-300x169.jpeg 300w, https:\/\/myfoodoffice.com\/wp-content\/uploads\/2022\/07\/Larsens-Bakeri_web5-768x432.jpeg 768w, https:\/\/myfoodoffice.com\/wp-content\/uploads\/2022\/07\/Larsens-Bakeri_web5-18x10.jpeg 18w, https:\/\/myfoodoffice.com\/wp-content\/uploads\/2022\/07\/Larsens-Bakeri_web5.jpeg 1500w\" sizes=\"auto, (max-width: 1024px) 100vw, 1024px\" \/><figcaption class=\"wp-element-caption\">Photo: Cecilie Nilsen, Lister24<\/figcaption><\/figure>\n\n\n\n<p>Inoltre, risparmiamo un'ora al giorno grazie al fatto che i negozi possono effettuare gli ordini autonomamente. L'unica cosa che dobbiamo fare \u00e8 stampare le bolle di consegna. Con soli due clic, possiamo inviare le fatture a tutti i clienti. Tutto pu\u00f2 essere gestito da qualsiasi luogo. Anche se siamo in vacanza e abbiamo accesso online, possiamo affrontare rapidamente qualsiasi questione urgente ovunque ci troviamo.<\/p>\n\n\n\n<p>In passato, impiegavamo molto tempo a formare una persona prima delle ferie. Ora abbiamo molti utenti di MyFoodOffice, e il software \u00e8 cos\u00ec intuitivo e facile da usare che non \u00e8 pi\u00f9 necessaria una formazione approfondita. Con molti utenti, abbiamo una maggiore flessibilit\u00e0 nell'organizzare ferie e gestire situazioni di assenza per malattia.<\/p>\n\n\n\n<p>Personalmente, ritengo che MyFoodOffice sia una delle invenzioni pi\u00f9 geniali nel settore della panificazione. \u00c8 indubbiamente l'investimento pi\u00f9 redditizio che abbiamo fatto in molti anni, e ci ha liberato da numerose frustrazioni sia tra i clienti che tra i dipendenti.<\/p>\n\n\n\n<p>Ho iniziato nel settore nel 1995 con un'azienda piccola. Sempre ci siamo distinti per il servizio clienti di alta qualit\u00e0. I clienti potevano inviare ordini o richieste di modifiche fino a tarda serata, anche oltre le 22. Inizialmente, quando il numero di clienti era limitato, questo funzionava bene, ma quando abbiamo cominciato a ricevere 15-16 richieste di modifiche in tarda serata, le cose si facevano pi\u00f9 complesse e c'erano maggiori possibilit\u00e0 di dimenticanze. Con MyFoodOffice, abbiamo stabilito che i nostri clienti possono effettuare ordini fino alle 16:00. Questo ci ha garantito una giornata lavorativa pi\u00f9 tranquilla e ha eliminato la necessit\u00e0 di inserire manualmente ordini e modifiche. Quando si lavora tutta la notte, \u00e8 davvero un sollievo non dover poi occuparsi delle attivit\u00e0 d'ufficio, afferma Kim \u00c5ge.<\/p>\n\n\n\n<h2 class=\"wp-block-heading\"> <\/h2>\n\n\n\n<figure class=\"wp-block-image size-large\"><img loading=\"lazy\" decoding=\"async\" width=\"1024\" height=\"576\" src=\"https:\/\/blog.myfoodoffice.com\/wp-content\/uploads\/2022\/07\/Larsens-Bakeri_web4-1024x576.jpeg\" alt=\"When you've worked all night, it's good not to have to sit down with office work afterwards, says Kim \u00c5ge,\" class=\"wp-image-902\" srcset=\"https:\/\/myfoodoffice.com\/wp-content\/uploads\/2022\/07\/Larsens-Bakeri_web4-1024x576.jpeg 1024w, https:\/\/myfoodoffice.com\/wp-content\/uploads\/2022\/07\/Larsens-Bakeri_web4-300x169.jpeg 300w, https:\/\/myfoodoffice.com\/wp-content\/uploads\/2022\/07\/Larsens-Bakeri_web4-768x432.jpeg 768w, https:\/\/myfoodoffice.com\/wp-content\/uploads\/2022\/07\/Larsens-Bakeri_web4-18x10.jpeg 18w, https:\/\/myfoodoffice.com\/wp-content\/uploads\/2022\/07\/Larsens-Bakeri_web4.jpeg 1500w\" sizes=\"auto, (max-width: 1024px) 100vw, 1024px\" \/><figcaption class=\"wp-element-caption\">Photo: Cecilie Nilsen, Lister24<\/figcaption><\/figure>\n\n\n\n<h2 class=\"wp-block-heading\">Pi\u00f9 tempo per la produzione e il tempo libero<\/h2>\n\n\n\n<p>\u2013<em>&nbsp;<\/em>Come sfrutterai il tempo che risparmi grazie a MyFoodOffice?<\/p>\n\n\n\n<p>Innanzitutto, ora siamo in grado di gestire un maggior numero di clienti. In secondo luogo, abbiamo pi\u00f9 tempo per socializzare. Per noi, che siamo un'azienda familiare con mia moglie e i nostri quattro figli che lavorano qui, organizzare eventi e viaggi di famiglia \u00e8 sempre stata una sfida operativa significativa. Ora possiamo andare in vacanza insieme e organizzare riunioni familiari senza preoccuparci della gestione quotidiana del panificio. \u00c8 un vantaggio meraviglioso, afferma Kim \u00c5ge Larsen.<\/p>\n\n\n\n<p>Una decisione saggia supportata dalla famiglia:\nSua figlia Melissa annuisce e sorride, sapendo che \u00e8 stato soprattutto il suo ultimatum e la sua richiesta a suo padre di adottare tecnologie moderne in azienda che hanno portato a questa svolta. Aveva minacciato di dimettersi se non avessero adottato nuovi strumenti tecnologici. Oggi sono entrambi soddisfatti della decisione di investire in tecnologia avanzata.<\/p>\n\n\n\n<p>MyFoodOffice ha un costo leggermente superiore rispetto alla nostra soluzione precedente, ma ne vale ogni centesimo. Risparmiamo moltissimo tempo su ogni aspetto del nostro lavoro. Utilizzando MyFoodOffice, abbiamo effettivamente eliminato la necessit\u00e0 di una posizione a tempo pieno. Si tratta di un notevole risparmio di denaro su base annua. Non avrei mai immaginato che il solo cambiamento di software potesse portare a cos\u00ec significativi risparmi di tempo, sottolinea Kim \u00c5ge Larsen.<\/p>\n\n\n\n<figure class=\"wp-block-image size-large\"><img loading=\"lazy\" decoding=\"async\" width=\"1024\" height=\"576\" src=\"https:\/\/blog.myfoodoffice.com\/wp-content\/uploads\/2022\/07\/Larsens-Bakeri_web-2-1024x576.jpeg\" alt=\". I didn't think we could save so much time by just changing the software, says Kim \u00c5ge Larsen.\" class=\"wp-image-905\" srcset=\"https:\/\/myfoodoffice.com\/wp-content\/uploads\/2022\/07\/Larsens-Bakeri_web-2-1024x576.jpeg 1024w, https:\/\/myfoodoffice.com\/wp-content\/uploads\/2022\/07\/Larsens-Bakeri_web-2-300x169.jpeg 300w, https:\/\/myfoodoffice.com\/wp-content\/uploads\/2022\/07\/Larsens-Bakeri_web-2-768x432.jpeg 768w, https:\/\/myfoodoffice.com\/wp-content\/uploads\/2022\/07\/Larsens-Bakeri_web-2-18x10.jpeg 18w, https:\/\/myfoodoffice.com\/wp-content\/uploads\/2022\/07\/Larsens-Bakeri_web-2.jpeg 1500w\" sizes=\"auto, (max-width: 1024px) 100vw, 1024px\" \/><figcaption class=\"wp-element-caption\">Photo: Cecilie Nilsen, Lister24<\/figcaption><\/figure>\n\n\n\n<h2 class=\"wp-block-heading\">Incremento delle vendite<\/h2>\n\n\n\n<p>Grazie a MyFoodOffice, i nostri clienti hanno l'opportunit\u00e0 di esplorare l'intera gamma dei nostri prodotti. Spesso, i clienti tendono a ripetere gli ordini degli articoli che conoscono gi\u00e0. Tuttavia, con l'utilizzo del portale MyFoodOffice per effettuare gli ordini, vengono esposti a una vasta gamma di altri prodotti che potrebbero interessarli. Questo ha portato a Larsens Bakeri a generare vendite aggiuntive, talvolta inaspettate, da parte dei clienti esistenti.<\/p>\n\n\n\n<p>\u00c8 stato davvero sorprendente scoprire quanto i nostri clienti fossero interessati ad esplorare nuovi prodotti e ci\u00f2 ha contribuito notevolmente al nostro successo.<\/p>\n\n\n\n<div class=\"wp-block-cover alignfull\" style=\"min-height:600px;aspect-ratio:unset;\"><span aria-hidden=\"true\" class=\"wp-block-cover__background has-background-dim-100 has-background-dim wp-block-cover__gradient-background has-background-gradient\" style=\"background:linear-gradient(135deg,rgb(142,162,248) 0%,rgb(59,67,181) 100%)\"><\/span><img loading=\"lazy\" decoding=\"async\" width=\"2560\" height=\"1707\" class=\"wp-block-cover__image-background wp-image-1405\" alt=\"\" src=\"http:\/\/34.88.199.23\/wp-content\/uploads\/2022\/08\/gradienta-LeG68PrXA6Y-unsplash-scaled.jpg\" data-object-fit=\"cover\" srcset=\"https:\/\/myfoodoffice.com\/wp-content\/uploads\/2022\/08\/gradienta-LeG68PrXA6Y-unsplash-scaled.jpg 2560w, https:\/\/myfoodoffice.com\/wp-content\/uploads\/2022\/08\/gradienta-LeG68PrXA6Y-unsplash-300x200.jpg 300w, https:\/\/myfoodoffice.com\/wp-content\/uploads\/2022\/08\/gradienta-LeG68PrXA6Y-unsplash-1024x683.jpg 1024w, https:\/\/myfoodoffice.com\/wp-content\/uploads\/2022\/08\/gradienta-LeG68PrXA6Y-unsplash-768x512.jpg 768w, https:\/\/myfoodoffice.com\/wp-content\/uploads\/2022\/08\/gradienta-LeG68PrXA6Y-unsplash-1536x1024.jpg 1536w, https:\/\/myfoodoffice.com\/wp-content\/uploads\/2022\/08\/gradienta-LeG68PrXA6Y-unsplash-2048x1365.jpg 2048w, https:\/\/myfoodoffice.com\/wp-content\/uploads\/2022\/08\/gradienta-LeG68PrXA6Y-unsplash-18x12.jpg 18w, https:\/\/myfoodoffice.com\/wp-content\/uploads\/2022\/08\/gradienta-LeG68PrXA6Y-unsplash-2000x1333.jpg 2000w\" sizes=\"auto, (max-width: 2560px) 100vw, 2560px\" \/><div class=\"wp-block-cover__inner-container is-layout-flow wp-block-cover-is-layout-flow\">\n<div style=\"height:40px\" aria-hidden=\"true\" class=\"wp-block-spacer\"><\/div>\n\n\n\n<h2 class=\"wp-block-heading has-text-align-left\" style=\"font-size:50px\"><strong><span style=\"text-decoration: underline;\">Una<\/span> piattaforma per gestire:<\/strong><\/h2>\n\n\n\n<div style=\"height:80px\" aria-hidden=\"true\" class=\"wp-block-spacer\"><\/div>\n\n\n\n<div class=\"wp-block-columns is-layout-flex wp-container-core-columns-is-layout-9d6595d7 wp-block-columns-is-layout-flex\">\n<div class=\"wp-block-column is-layout-flow wp-block-column-is-layout-flow\">\n<h1 class=\"wp-block-heading\"><mark style=\"background-color:rgba(0, 0, 0, 0)\" class=\"has-inline-color has-white-color\">i tuoi prodotti<\/mark><\/h1>\n\n\n\n<p>Tutti gli strumenti di cui hai bisogno.<br>Gestisci l'intero portafolio prodotti in un posto.\n<br \/>\n<br \/><\/p>\n\n\n\n<div class=\"wp-block-buttons is-layout-flex wp-block-buttons-is-layout-flex\">\n<div class=\"wp-block-button has-custom-font-size has-small-font-size\"><a class=\"wp-block-button__link wp-element-button\" href=\"https:\/\/myfoodoffice.com\/it\/manage-your-products\/\">Scopri di pi\u00f9<\/a><\/div>\n\n\n\n<div class=\"wp-block-button has-custom-font-size has-small-font-size\"><a class=\"wp-block-button__link wp-element-button\" href=\"https:\/\/app.myfoodoffice.com\/auth\/signup\/?locale\">Inizia ora<\/a><\/div>\n<\/div>\n<\/div>\n\n\n\n<div class=\"wp-block-column is-layout-flow wp-block-column-is-layout-flow\">\n<h1 class=\"wp-block-heading\"><mark style=\"background-color:rgba(0, 0, 0, 0)\" class=\"has-inline-color has-white-color\">la tua attivit\u00e0 principale<\/mark><\/h1>\n\n\n\n<p>Ottimizzata e automatizzata.<br>Noi connettiamo i tuoi canali di vendita con la produzione e le operazioni quotidiane.<\/p>\n\n\n\n<div class=\"wp-block-buttons is-layout-flex wp-block-buttons-is-layout-flex\">\n<div class=\"wp-block-button has-custom-font-size has-small-font-size\"><a class=\"wp-block-button__link wp-element-button\" href=\"https:\/\/myfoodoffice.com\/it\/manage-your-business\/\">Scopri di pi\u00f9<\/a><\/div>\n\n\n\n<div class=\"wp-block-button has-custom-font-size has-small-font-size\"><a class=\"wp-block-button__link wp-element-button\" href=\"https:\/\/app.myfoodoffice.com\/auth\/signup\/?locale\">Inizia ora<\/a><\/div>\n<\/div>\n<\/div>\n<\/div>\n\n\n\n<div style=\"height:136px\" aria-hidden=\"true\" class=\"wp-block-spacer\"><\/div>\n<\/div><\/div>\n\n\n\n<div class=\"wp-block-cover alignfull is-light book-demo-wide\"><span aria-hidden=\"true\" class=\"wp-block-cover__background has-background-dim-100 has-background-dim has-background-gradient\" style=\"background:linear-gradient(135deg,rgb(255,255,255) 0%,rgb(169,184,195) 100%)\"><\/span><div class=\"wp-block-cover__inner-container is-layout-flow wp-block-cover-is-layout-flow\">\n<div style=\"height:40px\" aria-hidden=\"true\" class=\"wp-block-spacer\"><\/div>\n\n\n\n<h2 class=\"wp-block-heading has-text-align-center\">Hai domande?<\/h2>\n\n\n\n<h2 class=\"wp-block-heading has-text-align-center\">Preferisci una demo guidata?<\/h2>\n\n\n\n<h2 class=\"wp-block-heading has-text-align-center\">Prenota un incontro con noi!<\/h2>\n\n\n\n\n\n<br \/>\n<!-- Start of Meetings Embed Script --><\/p>\n<div class=\"meetings-iframe-container\" data-src=\"https:\/\/meetings.hubspot.com\/heidi-haugli?embed=true\"><\/div>\n<p><script type=\"text\/javascript\" src=\"https:\/\/static.hsappstatic.net\/MeetingsEmbed\/ex\/MeetingsEmbedCode.js\"><\/script><!-- End of Meetings Embed Script \u2014>--><br \/>\n\n\n\n\n\n\n\n<\/div><\/div>\n\n\n\n<div class=\"wp-block-columns is-layout-flex wp-container-core-columns-is-layout-9d6595d7 wp-block-columns-is-layout-flex\">\n<div class=\"wp-block-column feature-colorful-container is-layout-flow wp-block-column-is-layout-flow\">\n<h2 class=\"wp-block-heading\">Abbiamo tutto ci\u00f2 che serve per gestire: <\/h2>\n\n\n\n<div class=\"wp-block-columns is-layout-flex wp-container-core-columns-is-layout-9d6595d7 wp-block-columns-is-layout-flex\">\n<div class=\"wp-block-column is-layout-flow wp-block-column-is-layout-flow\">\n<h3 class=\"wp-block-heading\">il tuo Food Business - gestione quotidiana<\/h3>\n<\/div>\n<\/div>\n\n\n\n<div class=\"wp-block-columns is-layout-flex wp-container-core-columns-is-layout-9d6595d7 wp-block-columns-is-layout-flex\">\n<div class=\"wp-block-column feature-box-colored feature-box-green is-layout-flow wp-block-column-is-layout-flow\">\n<h4 class=\"wp-block-heading\">B2B Sales<\/h4>\n\n\n\n<p>Gestisci pi\u00f9 punti vendita, una vendita all'ingrosso o B2B? La soluzione completa per tutti i vostri canali di vendita.<\/p>\n<\/div>\n\n\n\n<div class=\"wp-block-column feature-box-colored feature-box-green is-layout-flow wp-block-column-is-layout-flow\">\n<h4 class=\"wp-block-heading\">Production &amp; Tracciabilit\u00e0<\/h4>\n\n\n\n<p>Passa al digitale con la tua produzione. Prepara automaticamente dosi di ricette su misura.<\/p>\n<\/div>\n\n\n\n<div class=\"wp-block-column feature-box-colored feature-box-green is-layout-flow wp-block-column-is-layout-flow\">\n<h4 class=\"wp-block-heading\">Digital Packing<\/h4>\n\n\n\n<p>I nostri strumenti digitali velocizzano le operazioni di raccolta e preparazione (pick&amp;pack) degli ordini. Meno errori e un team pi\u00f9 felice.<\/p>\n<\/div>\n\n\n\n<div class=\"wp-block-column feature-box-colored feature-box-green is-layout-flow wp-block-column-is-layout-flow\">\n<h4 class=\"wp-block-heading\">Connect<\/h4>\n\n\n\n<p>Elimina l'inserimento di dati superflui tra i sistemi. Automatizza il flusso dei dati con il tuo POS, contabilit\u00e0 o negozio online.<\/p>\n<\/div>\n<\/div>\n\n\n\n<div class=\"wp-block-columns is-layout-flex wp-container-core-columns-is-layout-9d6595d7 wp-block-columns-is-layout-flex\">\n<div class=\"wp-block-column is-layout-flow wp-block-column-is-layout-flow\">\n<h3 class=\"wp-block-heading\">i tuoi Food Products - gestione prodotti<\/h3>\n<\/div>\n<\/div>\n\n\n\n<div class=\"wp-block-columns is-layout-flex wp-container-core-columns-is-layout-9d6595d7 wp-block-columns-is-layout-flex\">\n<div class=\"wp-block-column feature-box-colored feature-box-blue is-layout-flow wp-block-column-is-layout-flow\">\n<h4 class=\"wp-block-heading\">Food Declaration<\/h4>\n\n\n\n<p>Organizza tutte le tue ricette. Assicurati che le tue dichiarazioni nutrizionali siano corrette e aggiornate.<\/p>\n<\/div>\n\n\n\n<div class=\"wp-block-column feature-box-colored feature-box-blue is-layout-flow wp-block-column-is-layout-flow\">\n<h4 class=\"wp-block-heading\">Strumenti PRO<\/h4>\n\n\n\n<p>Le dichiarazioni nutrizionali sono la tua responsabilit\u00e0 dedicata? Approfitta dei nostri potenti strumenti che ti portano oltre.<\/p>\n<\/div>\n\n\n\n<div class=\"wp-block-column feature-box-colored feature-box-blue is-layout-flow wp-block-column-is-layout-flow\">\n<h4 class=\"wp-block-heading\">Food Labels - Etichette<\/h4>\n\n\n\n<p>Automatizza facilmente il design delle etichette e la generazione dei contenuti. Sempre aggiornato con le tue ricette. <\/p>\n<\/div>\n\n\n\n<div class=\"wp-block-column feature-box-colored feature-box-blue is-layout-flow wp-block-column-is-layout-flow\">\n<h4 class=\"wp-block-heading\">Food Costing<\/h4>\n\n\n\n<p>Conosci i margini di vendita e affronta la concorrenza con fiducia. Informazioni pratiche per migliorare i profitti.<\/p>\n<\/div>\n<\/div>\n<\/div>\n<\/div>\n\n\n\n<div class=\"wp-block-cover alignfull is-light has-parallax is-position-center-center\" style=\"min-height:597px;aspect-ratio:unset;\"><span aria-hidden=\"true\" class=\"wp-block-cover__background has-black-background-color has-background-dim-40 has-background-dim\"><\/span><div role=\"img\" class=\"wp-block-cover__image-background wp-image-1096 has-parallax\" style=\"background-position:50% 50%;background-image:url(https:\/\/myfoodoffice.com\/wp-content\/uploads\/2022\/07\/laura-lefurgey-smith-MGXNnStUi0s-unsplash-scaled.jpg)\"><\/div><div class=\"wp-block-cover__inner-container is-layout-flow wp-block-cover-is-layout-flow\">\n<p class=\"has-text-align-center has-text-color has-huge-font-size\" style=\"color:#fffffa;line-height:1.1\"><\/p>\n\n\n\n<div style=\"height:186px\" aria-hidden=\"true\" class=\"wp-block-spacer\"><\/div>\n\n\n\n<p class=\"has-text-align-center has-white-color has-text-color has-large-font-size\"><strong>MyFoodOffice ti aiuta a<\/strong><\/p>\n\n\n\n\n\n\n\n\n\n\n\n\n\n\n\n<div class=\"wp-block-typing-text-typing-text-block no-translation  root-eb-typing-text-9j26zvy\" data-no-translation=\"\"><div class=\"eb-parent-wrapper eb-parent-eb-typing-text-9j26zvy\"><div class=\"eb-typed-wrapper eb-typing-text-9j26zvy\" data-id=\"eb-typing-text-9j26zvy\"><div class=\"eb-typed-content\" data-type-speed=\"50\" data-start-delay=\"0\" data-smart-backspace=\"true\" data-back-speed=\"40\" data-back-delay=\"700\" data-fade=\"false\" data-fade-delay=\"500\" data-loop=\"true\" data-cursor=\"true\"><span class=\"eb-typed-prefix\"><\/span><span class=\"eb-typed-text-wrapper is-hidden\"><span class=\"eb-typed-text\">vendere di pi\u00f9<\/span><span class=\"eb-typed-text\">diventare pi\u00f9 redditizio<\/span><span class=\"eb-typed-text\">diventare pi\u00f9 efficiente<\/span><\/span><span class=\"eb-typed-view\"><\/span><span class=\"eb-typed-suffix\"><\/span><\/div><\/div><\/div><\/div>\n\n\n\n\n\n\n\n\n\n\n\n<div class=\"wp-block-buttons is-horizontal is-content-justification-center is-layout-flex wp-container-core-buttons-is-layout-499968f5 wp-block-buttons-is-layout-flex\">\n<div class=\"wp-block-button is-style-outline is-style-outline--1\"><a class=\"wp-block-button__link has-white-color has-vivid-cyan-blue-background-color has-text-color has-background wp-element-button\" href=\"https:\/\/app.myfoodoffice.com\/auth\/signup\" target=\"_blank\" rel=\"noreferrer noopener\">Inizia qui<\/a><\/div>\n<\/div>\n\n\n\n<div style=\"height:190px\" aria-hidden=\"true\" class=\"wp-block-spacer\"><\/div>\n<\/div><\/div>","protected":false},"excerpt":{"rendered":"<p>Her father worked around the clock, but it still wasn&#8217;t enough. Melissa gave him the ultimatum. Either they found smarter ways to work or she would quit their family business. Now, it&#8217;s a piece of cake. The savings are insane.It&#8217;s absolutely wild. I didn&#8217;t think it was possible. Kim \u00c5ge Larsen, CEO, Larsens Bakeri Larsens &hellip; <\/p>\n<p class=\"link-more\"><a href=\"https:\/\/myfoodoffice.com\/it\/story-larsens-bakery\/\" class=\"more-link\">Leggi tutto<span class=\"screen-reader-text\"> &#8220;Story &#8211; Larsens Bakeri&#8221;<\/span><\/a><\/p>","protected":false},"author":3,"featured_media":0,"parent":0,"menu_order":0,"comment_status":"closed","ping_status":"closed","template":"","meta":{"content-type":"","_eb_attr":"","_kad_blocks_custom_css":"","_kad_blocks_head_custom_js":"","_kad_blocks_body_custom_js":"","_kad_blocks_footer_custom_js":"","_kadence_starter_templates_imported_post":false,"footnotes":""},"class_list":["post-885","page","type-page","status-publish","hentry"],"taxonomy_info":[],"featured_image_src_large":false,"author_info":{"display_name":"Martin","author_link":"https:\/\/myfoodoffice.com\/it\/author\/martin\/"},"comment_info":0,"_links":{"self":[{"href":"https:\/\/myfoodoffice.com\/it\/wp-json\/wp\/v2\/pages\/885","targetHints":{"allow":["GET"]}}],"collection":[{"href":"https:\/\/myfoodoffice.com\/it\/wp-json\/wp\/v2\/pages"}],"about":[{"href":"https:\/\/myfoodoffice.com\/it\/wp-json\/wp\/v2\/types\/page"}],"author":[{"embeddable":true,"href":"https:\/\/myfoodoffice.com\/it\/wp-json\/wp\/v2\/users\/3"}],"replies":[{"embeddable":true,"href":"https:\/\/myfoodoffice.com\/it\/wp-json\/wp\/v2\/comments?post=885"}],"version-history":[{"count":47,"href":"https:\/\/myfoodoffice.com\/it\/wp-json\/wp\/v2\/pages\/885\/revisions"}],"predecessor-version":[{"id":2821,"href":"https:\/\/myfoodoffice.com\/it\/wp-json\/wp\/v2\/pages\/885\/revisions\/2821"}],"wp:attachment":[{"href":"https:\/\/myfoodoffice.com\/it\/wp-json\/wp\/v2\/media?parent=885"}],"curies":[{"name":"wp","href":"https:\/\/api.w.org\/{rel}","templated":true}]}}