{"id":2373,"date":"2022-08-30T09:12:04","date_gmt":"2022-08-30T09:12:04","guid":{"rendered":"https:\/\/blog.myfoodoffice.com\/?page_id=2373"},"modified":"2023-02-05T17:55:30","modified_gmt":"2023-02-05T17:55:30","slug":"story-odegaarden","status":"publish","type":"page","link":"https:\/\/myfoodoffice.com\/no\/story-odegaarden\/","title":{"rendered":"Story Odegaarden"},"content":{"rendered":"<div style=\"height:40px\" aria-hidden=\"true\" class=\"wp-block-spacer\"><\/div>\n\n\n\n<figure class=\"wp-block-image size-large is-style-rounded\"><img loading=\"lazy\" decoding=\"async\" width=\"1024\" height=\"576\" src=\"https:\/\/blog.myfoodoffice.com\/wp-content\/uploads\/2022\/08\/\u009ddegaarden_2-1024x576.jpg\" alt=\"\" class=\"wp-image-2376\" srcset=\"https:\/\/myfoodoffice.com\/wp-content\/uploads\/2022\/08\/\u009ddegaarden_2-1024x576.jpg 1024w, https:\/\/myfoodoffice.com\/wp-content\/uploads\/2022\/08\/\u009ddegaarden_2-300x169.jpg 300w, https:\/\/myfoodoffice.com\/wp-content\/uploads\/2022\/08\/\u009ddegaarden_2-768x432.jpg 768w, https:\/\/myfoodoffice.com\/wp-content\/uploads\/2022\/08\/\u009ddegaarden_2-18x10.jpg 18w, https:\/\/myfoodoffice.com\/wp-content\/uploads\/2022\/08\/\u009ddegaarden_2.jpg 1500w\" sizes=\"auto, (max-width: 1024px) 100vw, 1024px\" \/><figcaption class=\"wp-element-caption\">Arbeidsdagene hos \u00d8degaarden Bakeri og Konditori har blitt enklere med MyFoodOffice.<\/figcaption><\/figure>\n\n\n\n<h2 class=\"has-text-align-center has-medium-font-size wp-block-heading\">De tr\u00e5let markedet for \u00e5 finne en l\u00f8sning som kunne gi en ny hverdag i bakeriet. <\/h2>\n\n\n\n<h2 class=\"has-text-align-center has-medium-font-size wp-block-heading\">Det valget ble etter hvert enkelt.<\/h2>\n\n\n\n<blockquote class=\"wp-block-quote has-text-align-center is-layout-flow wp-block-quote-is-layout-flow\">\n<p class=\"has-black-color has-text-color\"><svg viewbox=\"0 0 24 24\" xmlns=\"http:\/\/www.w3.org\/2000\/svg\" width=\"24\" height=\"24\" aria-hidden=\"true\" focusable=\"false\"><path d=\"M13 6v6h5.2v4c0 .8-.2 1.4-.5 1.7-.6.6-1.6.6-2.5.5h-.3v1.5h.5c1 0 2.3-.1 3.3-1 .6-.6 1-1.6 1-2.8V6H13zm-9 6h5.2v4c0 .8-.2 1.4-.5 1.7-.6.6-1.6.6-2.5.5h-.3v1.5h.5c1 0 2.3-.1 3.3-1 .6-.6 1-1.6 1-2.8V6H4v6z\"><\/path><\/svg> Man trenger ikke \u00e5 v\u00e6re dataingeni\u00f8r for \u00e5 bruke MyFoodOffice.<br>Vi hadde en times oppl\u00e6ring med de ansatte og litt veiledning. Deretter har det g\u00e5tt p\u00e5 skinner.<\/p>\n<cite>Anette Lunde, ass. daglig leder, \u00d8degaarden Bakeri<\/cite><\/blockquote>\n\n\n\n<p>\u00d8degaarden Bakeri og Konditori p\u00e5 Vinstra har fire bakerikafeer og en foodtruck. Hver dag produserer de varer til egne utsalg, 20 dagligvarebutikker, samt kantiner, institusjoner og barnehager. Bakeriet fra 1898 kom til et punkt at de m\u00e5tte se p\u00e5 egne prosesser, ikke minst p\u00e5 grunn av mye manuelt arbeid og feil.<\/p>\n\n\n\n<div class=\"wp-block-columns is-layout-flex wp-container-core-columns-is-layout-9d6595d7 wp-block-columns-is-layout-flex\">\n<div class=\"wp-block-column is-layout-flow wp-block-column-is-layout-flow\">\n<h2 class=\"wp-block-heading\">Mye automatikk i l\u00f8sningen<\/h2>\n\n\n\n<p><em>\u2013 <\/em>Da dere vurderte l\u00f8sning, hvilke prosessere og l\u00f8sninger s\u00e5 dere p\u00e5 og hvorfor ble det MyFoodOffice?<\/p>\n\n\n\n<p><em>\u2013 <\/em>Vi begynte egentlig med \u00e5 se p\u00e5 kasser ute i butikken. Vi tenkte at det l\u00f8ser noe, men det l\u00f8ser ikke problemene med regnefeil og at butikker blir glemt. Deretter sonderte vi litt og var innom Din Baker hvor vi er medlem. Vi var ogs\u00e5 innom Facebook-siden Hele Norges Bakere. I tillegg fikk vi noen tips fra andre i bransjen. Vi var i kontakt med Martin Lang i MyFoodOffice og noen andre. Deretter fikk vi demonstrert de ulike l\u00f8sningene, slik at vi kunne sammenligne dem. MyFoodOffice fremsto for oss som det mest moderne og brukervennlige programmet. Det var mye automatikk i l\u00f8sningen. I tillegg hadde teamet i MyFoodOffice stor kunnskap om det \u00e5 drive bakeri. Det er utvilsomt en stor fordel at du har en leverand\u00f8r som forst\u00e5r dine utfordringer i hverdagen, sier Anette Nyheim Lunde og Merete Brendstuen i \u00d8degaarden Bakeri og Konditori og fortsetter:<\/p>\n\n\n\n<p>\u2013 Med den oppf\u00f8lgingen vi har f\u00e5tt underveis og en leverand\u00f8r som alltid er \u00abp\u00e5\u00bb er vi mer sikre enn noen gang p\u00e5 at vi har valgt riktig system og leverand\u00f8r.<\/p>\n<\/div>\n\n\n\n<div class=\"wp-block-column is-vertically-aligned-center is-layout-flow wp-block-column-is-layout-flow\">\n<figure class=\"wp-block-image size-large is-style-default\"><img loading=\"lazy\" decoding=\"async\" width=\"563\" height=\"844\" src=\"https:\/\/blog.myfoodoffice.com\/wp-content\/uploads\/2023\/01\/\u009ddegaarden_11-edited.jpg\" alt=\"\" class=\"wp-image-2752\" srcset=\"https:\/\/myfoodoffice.com\/wp-content\/uploads\/2023\/01\/\u009ddegaarden_11-edited.jpg 563w, https:\/\/myfoodoffice.com\/wp-content\/uploads\/2023\/01\/\u009ddegaarden_11-edited-200x300.jpg 200w, https:\/\/myfoodoffice.com\/wp-content\/uploads\/2023\/01\/\u009ddegaarden_11-edited-8x12.jpg 8w\" sizes=\"auto, (max-width: 563px) 100vw, 563px\" \/><\/figure>\n<\/div>\n<\/div>\n\n\n\n<h2 class=\"wp-block-heading\">Holder hva de lover<\/h2>\n\n\n\n<p><em>\u2013 <\/em>Hva med pris?<\/p>\n\n\n\n<p>Pris er en del av vurderingen i alle bedrifter. Prismessig er det p\u00e5 niv\u00e5 med andre alternative l\u00f8sninger, men etter hvert s\u00e5 ble pris mindre og mindre relevant. MyFoodOffice var i en egen klasse i \u00e5 selge inn produktet og synliggj\u00f8re v\u00e5re besparelser og fordeler. Det ble gjort p\u00e5 en m\u00e5te som tok utgangspunkt i v\u00e5r bedrift og v\u00e5r situasjon. Og s\u00e5 tenker kanskje noen at det er en typisk selger som overselger, og som ikke greier \u00e5 levere i etterkant, men slik har det ikke v\u00e6rt. MyFoodOffice har levert p\u00e5 alle punkter i ettertid og vi er storforn\u00f8yd med b\u00e5de system og leverand\u00f8r, sier Anette Nyheim Lunde i \u00d8degaarden Bakeri og Konditori.<\/p>\n\n\n\n<h2 class=\"wp-block-heading\">Lett \u00e5 bruke<\/h2>\n\n\n\n<p>Anette Nyheim Lunde har lagt kunder, kategorier og priser inn i MyFoodOffice og har lagt til rette for de som skal bruke systemet i hverdagen.<\/p>\n\n\n\n<p>\u2013 Man trenger ikke \u00e5 v\u00e6re dataingeni\u00f8r for \u00e5 bruke MyFoodOffice. Vi hadde en times oppl\u00e6ring med de ansatte. Etter det var jeg med og veiledet dem litt da de tok i bruk systemet. Deretter s\u00e5 har dette g\u00e5tt p\u00e5 skinner, sier Lunde.<\/p>\n\n\n\n<figure class=\"wp-block-image size-large\"><img loading=\"lazy\" decoding=\"async\" width=\"1024\" height=\"576\" src=\"https:\/\/blog.myfoodoffice.com\/wp-content\/uploads\/2022\/08\/\u009ddegaarden_14-1024x576.jpg\" alt=\"\" class=\"wp-image-2381\" srcset=\"https:\/\/myfoodoffice.com\/wp-content\/uploads\/2022\/08\/\u009ddegaarden_14-1024x576.jpg 1024w, https:\/\/myfoodoffice.com\/wp-content\/uploads\/2022\/08\/\u009ddegaarden_14-300x169.jpg 300w, https:\/\/myfoodoffice.com\/wp-content\/uploads\/2022\/08\/\u009ddegaarden_14-768x432.jpg 768w, https:\/\/myfoodoffice.com\/wp-content\/uploads\/2022\/08\/\u009ddegaarden_14-18x10.jpg 18w, https:\/\/myfoodoffice.com\/wp-content\/uploads\/2022\/08\/\u009ddegaarden_14.jpg 1500w\" sizes=\"auto, (max-width: 1024px) 100vw, 1024px\" \/><figcaption class=\"wp-element-caption\">Anette Nyheim Lunde (til h\u00f8yre) og Merete Brendstuen i \u00d8degaarden Bakeri og Konditori er overrasket over hvor lett overgangen til MyFoodOffice var. Bakeriet ser allerede effekten og regner med \u00e5 spare tid fremover.<\/figcaption><\/figure>\n\n\n\n<div class=\"wp-block-cover alignfull\" style=\"min-height:600px;aspect-ratio:unset;\"><span aria-hidden=\"true\" class=\"wp-block-cover__background has-background-dim-100 has-background-dim wp-block-cover__gradient-background has-background-gradient\" style=\"background:linear-gradient(135deg,rgb(142,162,248) 0%,rgb(59,67,181) 100%)\"><\/span><img loading=\"lazy\" decoding=\"async\" width=\"2560\" height=\"1707\" class=\"wp-block-cover__image-background wp-image-1405\" alt=\"\" src=\"http:\/\/34.88.199.23\/wp-content\/uploads\/2022\/08\/gradienta-LeG68PrXA6Y-unsplash-scaled.jpg\" data-object-fit=\"cover\" srcset=\"https:\/\/myfoodoffice.com\/wp-content\/uploads\/2022\/08\/gradienta-LeG68PrXA6Y-unsplash-scaled.jpg 2560w, https:\/\/myfoodoffice.com\/wp-content\/uploads\/2022\/08\/gradienta-LeG68PrXA6Y-unsplash-300x200.jpg 300w, https:\/\/myfoodoffice.com\/wp-content\/uploads\/2022\/08\/gradienta-LeG68PrXA6Y-unsplash-1024x683.jpg 1024w, https:\/\/myfoodoffice.com\/wp-content\/uploads\/2022\/08\/gradienta-LeG68PrXA6Y-unsplash-768x512.jpg 768w, https:\/\/myfoodoffice.com\/wp-content\/uploads\/2022\/08\/gradienta-LeG68PrXA6Y-unsplash-1536x1024.jpg 1536w, https:\/\/myfoodoffice.com\/wp-content\/uploads\/2022\/08\/gradienta-LeG68PrXA6Y-unsplash-2048x1365.jpg 2048w, https:\/\/myfoodoffice.com\/wp-content\/uploads\/2022\/08\/gradienta-LeG68PrXA6Y-unsplash-18x12.jpg 18w, https:\/\/myfoodoffice.com\/wp-content\/uploads\/2022\/08\/gradienta-LeG68PrXA6Y-unsplash-2000x1333.jpg 2000w\" sizes=\"auto, (max-width: 2560px) 100vw, 2560px\" \/><div class=\"wp-block-cover__inner-container is-layout-flow wp-block-cover-is-layout-flow\">\n<div style=\"height:40px\" aria-hidden=\"true\" class=\"wp-block-spacer\"><\/div>\n\n\n\n<h2 class=\"wp-block-heading has-text-align-left\" style=\"font-size:50px\"><strong><span style=\"text-decoration: underline;\">\u00c9n<\/span> plattform for \u00e5 f\u00f8lge opp dine<\/strong><\/h2>\n\n\n\n<div style=\"height:80px\" aria-hidden=\"true\" class=\"wp-block-spacer\"><\/div>\n\n\n\n<div class=\"wp-block-columns is-layout-flex wp-container-core-columns-is-layout-9d6595d7 wp-block-columns-is-layout-flex\">\n<div class=\"wp-block-column is-layout-flow wp-block-column-is-layout-flow\">\n<h1 class=\"wp-block-heading\"><mark style=\"background-color:rgba(0, 0, 0, 0)\" class=\"has-inline-color has-white-color\">Produkter<\/mark><\/h1>\n\n\n\n<p>Alle verkt\u00f8yene du trenger.<br>F\u00e5 p\u00e5 kontroll p\u00e5 hele produktportef\u00f8ljen fra ett sted.<\/p>\n\n\n\n<div class=\"wp-block-buttons is-layout-flex wp-block-buttons-is-layout-flex\">\n<div class=\"wp-block-button has-custom-font-size has-small-font-size\"><a class=\"wp-block-button__link wp-element-button\" href=\"https:\/\/myfoodoffice.com\/no\/manage-your-products\/\">L\u00e6r mer<\/a><\/div>\n\n\n\n<div class=\"wp-block-button has-custom-font-size has-small-font-size\"><a class=\"wp-block-button__link wp-element-button\" href=\"https:\/\/app.myfoodoffice.com\/auth\/signup\/?locale\">Kom i gang<\/a><\/div>\n<\/div>\n<\/div>\n\n\n\n<div class=\"wp-block-column is-layout-flow wp-block-column-is-layout-flow\">\n<h1 class=\"wp-block-heading\"><mark style=\"background-color:rgba(0, 0, 0, 0)\" class=\"has-inline-color has-white-color\">Daglig drift<\/mark><\/h1>\n\n\n\n<p>Str\u00f8mlinjeformet og automatisert.<br>Vi kobler dine salgskanaler med driften.<\/p>\n\n\n\n<div class=\"wp-block-buttons is-layout-flex wp-block-buttons-is-layout-flex\">\n<div class=\"wp-block-button has-custom-font-size has-small-font-size\"><a class=\"wp-block-button__link wp-element-button\" href=\"https:\/\/myfoodoffice.com\/no\/manage-your-business\/\">L\u00e6r mer<\/a><\/div>\n\n\n\n<div class=\"wp-block-button has-custom-font-size has-small-font-size\"><a class=\"wp-block-button__link wp-element-button\" href=\"https:\/\/app.myfoodoffice.com\/auth\/signup\/?locale\">Kom i gang<\/a><\/div>\n<\/div>\n<\/div>\n<\/div>\n\n\n\n<div style=\"height:136px\" aria-hidden=\"true\" class=\"wp-block-spacer\"><\/div>\n<\/div><\/div>\n\n\n\n<div class=\"wp-block-cover alignfull is-light book-demo-wide\"><span aria-hidden=\"true\" class=\"wp-block-cover__background has-background-dim-100 has-background-dim has-background-gradient\" style=\"background:linear-gradient(135deg,rgb(255,255,255) 0%,rgb(169,184,195) 100%)\"><\/span><div class=\"wp-block-cover__inner-container is-layout-flow wp-block-cover-is-layout-flow\">\n<div style=\"height:40px\" aria-hidden=\"true\" class=\"wp-block-spacer\"><\/div>\n\n\n\n<h2 class=\"wp-block-heading has-text-align-center\">Har du sp\u00f8rsm\u00e5l?<\/h2>\n\n\n\n<h2 class=\"wp-block-heading has-text-align-center\">\u00d8nsker du en guidet demo?<\/h2>\n\n\n\n<h2 class=\"wp-block-heading has-text-align-center\">Book et m\u00f8te med oss!<\/h2>\n\n\n\n\n\n\n\n\n<br \/>\n<!-- Start of Meetings Embed Script --><\/p>\n<div class=\"meetings-iframe-container\" data-src=\"https:\/\/meetings.hubspot.com\/martin-lang?embed=true\"><\/div>\n<p><script type=\"text\/javascript\" src=\"https:\/\/static.hsappstatic.net\/MeetingsEmbed\/ex\/MeetingsEmbedCode.js\"><\/script><!-- End of Meetings Embed Script \u2014>--><br \/>\n\n\n\n\n<\/div><\/div>\n\n\n\n<div class=\"wp-block-columns is-layout-flex wp-container-core-columns-is-layout-9d6595d7 wp-block-columns-is-layout-flex\">\n<div class=\"wp-block-column feature-colorful-container is-layout-flow wp-block-column-is-layout-flow\">\n<h2 class=\"wp-block-heading\">Vi har alt du trenger for \u00e5 f\u00f8lge opp <\/h2>\n\n\n\n<div class=\"wp-block-columns is-layout-flex wp-container-core-columns-is-layout-9d6595d7 wp-block-columns-is-layout-flex\">\n<div class=\"wp-block-column is-layout-flow wp-block-column-is-layout-flow\">\n<h3 class=\"wp-block-heading\">Daglig drift<\/h3>\n<\/div>\n<\/div>\n\n\n\n<div class=\"wp-block-columns is-layout-flex wp-container-core-columns-is-layout-9d6595d7 wp-block-columns-is-layout-flex\">\n<div class=\"wp-block-column feature-box-colored feature-box-green is-layout-flow wp-block-column-is-layout-flow\">\n<h4 class=\"wp-block-heading\">B2B Salg<\/h4>\n\n\n\n<p>Driver dere en utsalgskjede, engros eller bedriftsalg? <br> Alt-i-ett l\u00f8sningen for alle dine salgskanaler. <br><\/p>\n<\/div>\n\n\n\n<div class=\"wp-block-column feature-box-colored feature-box-green is-layout-flow wp-block-column-is-layout-flow\">\n<h4 class=\"wp-block-heading\">Produksjon<\/h4>\n\n\n\n<p>G\u00e5 digitalt med din produksjon. Ferdig utregnet batchst\u00f8rrelser automatisk klargjort og mye mer.<\/p>\n<\/div>\n\n\n\n<div class=\"wp-block-column feature-box-colored feature-box-green is-layout-flow wp-block-column-is-layout-flow\">\n<h4 class=\"wp-block-heading\">Pakking<\/h4>\n\n\n\n<p>V\u00e5re digitale verkt\u00f8y \u00f8ker farten med plukking og pakking av ordre. F\u00e6rre feil gir god stemning.<\/p>\n<\/div>\n\n\n\n<div class=\"wp-block-column feature-box-colored feature-box-green is-layout-flow wp-block-column-is-layout-flow\">\n<h4 class=\"wp-block-heading\">Connect<\/h4>\n\n\n\n<p>Kutt ut un\u00f8dvendig dataregistrering fra ett system til et annet. Automatiser data mot POS, regnskap og nettbutikk.<\/p>\n<\/div>\n<\/div>\n\n\n\n<div class=\"wp-block-columns is-layout-flex wp-container-core-columns-is-layout-9d6595d7 wp-block-columns-is-layout-flex\">\n<div class=\"wp-block-column is-layout-flow wp-block-column-is-layout-flow\">\n<h3 class=\"wp-block-heading\">Produkter<\/h3>\n<\/div>\n<\/div>\n\n\n\n<div class=\"wp-block-columns is-layout-flex wp-container-core-columns-is-layout-9d6595d7 wp-block-columns-is-layout-flex\">\n<div class=\"wp-block-column feature-box-colored feature-box-blue is-layout-flow wp-block-column-is-layout-flow\">\n<h4 class=\"wp-block-heading\">Varedeklarasjon<\/h4>\n\n\n\n<p>F\u00e5 orden p\u00e5 alle oppskriftene. S\u00f8rg for riktige og oppdaterte varedeklarasjoner<\/p>\n<\/div>\n\n\n\n<div class=\"wp-block-column feature-box-colored feature-box-blue is-layout-flow wp-block-column-is-layout-flow\">\n<h4 class=\"wp-block-heading\">Pro Verkt\u00f8y<\/h4>\n\n\n\n<p>N\u00e5r matmerking er din hovedoppgave. V\u00e5re avanserte verkt\u00f8y tar deg videre.<\/p>\n<\/div>\n\n\n\n<div class=\"wp-block-column feature-box-colored feature-box-blue is-layout-flow wp-block-column-is-layout-flow\">\n<h4 class=\"wp-block-heading\">Etiketter<\/h4>\n\n\n\n<p>Automatiser etikettdesign og innhold. Enkelt og greit. Alltid oppdatert med oppskriftene. <\/p>\n<\/div>\n\n\n\n<div class=\"wp-block-column feature-box-colored feature-box-blue is-layout-flow wp-block-column-is-layout-flow\">\n<h4 class=\"wp-block-heading\">Produktkalkyle<\/h4>\n\n\n\n<p>Kjenn salgsmarginene dine og m\u00f8t konkurransen med selvtillit. Vi gir deg handlekraftig innsikt.<\/p>\n<\/div>\n<\/div>\n<\/div>\n<\/div>\n\n\n\n<div class=\"wp-block-cover alignfull is-light has-parallax is-position-center-center\" style=\"min-height:597px;aspect-ratio:unset;\"><span aria-hidden=\"true\" class=\"wp-block-cover__background has-black-background-color has-background-dim-40 has-background-dim\"><\/span><div role=\"img\" class=\"wp-block-cover__image-background wp-image-1096 has-parallax\" style=\"background-position:50% 50%;background-image:url(https:\/\/myfoodoffice.com\/wp-content\/uploads\/2022\/07\/laura-lefurgey-smith-MGXNnStUi0s-unsplash-scaled.jpg)\"><\/div><div class=\"wp-block-cover__inner-container is-layout-flow wp-block-cover-is-layout-flow\">\n<p class=\"has-text-align-center has-text-color has-huge-font-size\" style=\"color:#fffffa;line-height:1.1\"><\/p>\n\n\n\n<div style=\"height:186px\" aria-hidden=\"true\" class=\"wp-block-spacer\"><\/div>\n\n\n\n<p class=\"has-text-align-center has-white-color has-text-color has-large-font-size\"><strong>MyFoodOffice hjelper deg \u00e5<\/strong><\/p>\n\n\n\n\n\n\n\n\n\n\n\n<div class=\"wp-block-typing-text-typing-text-block no-translation  root-eb-typing-text-55oqrxm\" data-no-translation=\"\"><div class=\"eb-parent-wrapper eb-parent-eb-typing-text-55oqrxm\"><div class=\"eb-typed-wrapper eb-typing-text-55oqrxm\" data-id=\"eb-typing-text-55oqrxm\"><div class=\"eb-typed-content\" data-type-speed=\"50\" data-start-delay=\"0\" data-smart-backspace=\"true\" data-back-speed=\"40\" data-back-delay=\"700\" data-fade=\"false\" data-fade-delay=\"500\" data-loop=\"true\" data-cursor=\"true\"><span class=\"eb-typed-prefix\"><\/span><span class=\"eb-typed-text-wrapper is-hidden\"><span class=\"eb-typed-text\">selge mer<\/span><span class=\"eb-typed-text\">\u00f8ke fortjenesten<\/span><span class=\"eb-typed-text\">bli mer effektiv<\/span><\/span><span class=\"eb-typed-view\"><\/span><span class=\"eb-typed-suffix\"><\/span><\/div><\/div><\/div><\/div>\n\n\n\n\n\n\n\n\n\n\n\n\n\n\n\n<div class=\"wp-block-buttons is-horizontal is-content-justification-center is-layout-flex wp-container-core-buttons-is-layout-499968f5 wp-block-buttons-is-layout-flex\">\n<div class=\"wp-block-button is-style-outline is-style-outline--1\"><a class=\"wp-block-button__link has-white-color has-vivid-cyan-blue-background-color has-text-color has-background wp-element-button\" href=\"https:\/\/app.myfoodoffice.com\/auth\/signup\" target=\"_blank\" rel=\"noreferrer noopener\">Kom i gang<\/a><\/div>\n<\/div>\n\n\n\n<div style=\"height:190px\" aria-hidden=\"true\" class=\"wp-block-spacer\"><\/div>\n<\/div><\/div>","protected":false},"excerpt":{"rendered":"<p>They trawled the market to find a solution that could create a better work day everyday. That choice eventually became easy. You don&#8217;t have to be rocket engineer to use MyFoodOffice.An hour training and some guidance. After that, things went smoothly. Anette Lunde, Deputy General Manager, \u00d8degaarden Bakeri \u00d8degaarden Bakery and Confectionery in Vinstra has &hellip; <\/p>\n<p class=\"link-more\"><a href=\"https:\/\/myfoodoffice.com\/no\/story-odegaarden\/\" class=\"more-link\">Read more<span class=\"screen-reader-text\"> &#8220;Story Odegaarden&#8221;<\/span><\/a><\/p>","protected":false},"author":3,"featured_media":0,"parent":0,"menu_order":0,"comment_status":"closed","ping_status":"closed","template":"","meta":{"content-type":"","_eb_attr":"","_kad_blocks_custom_css":"","_kad_blocks_head_custom_js":"","_kad_blocks_body_custom_js":"","_kad_blocks_footer_custom_js":"","_kadence_starter_templates_imported_post":false,"footnotes":""},"class_list":["post-2373","page","type-page","status-publish","hentry"],"taxonomy_info":[],"featured_image_src_large":false,"author_info":{"display_name":"Martin","author_link":"https:\/\/myfoodoffice.com\/no\/author\/martin\/"},"comment_info":0,"_links":{"self":[{"href":"https:\/\/myfoodoffice.com\/no\/wp-json\/wp\/v2\/pages\/2373","targetHints":{"allow":["GET"]}}],"collection":[{"href":"https:\/\/myfoodoffice.com\/no\/wp-json\/wp\/v2\/pages"}],"about":[{"href":"https:\/\/myfoodoffice.com\/no\/wp-json\/wp\/v2\/types\/page"}],"author":[{"embeddable":true,"href":"https:\/\/myfoodoffice.com\/no\/wp-json\/wp\/v2\/users\/3"}],"replies":[{"embeddable":true,"href":"https:\/\/myfoodoffice.com\/no\/wp-json\/wp\/v2\/comments?post=2373"}],"version-history":[{"count":20,"href":"https:\/\/myfoodoffice.com\/no\/wp-json\/wp\/v2\/pages\/2373\/revisions"}],"predecessor-version":[{"id":3280,"href":"https:\/\/myfoodoffice.com\/no\/wp-json\/wp\/v2\/pages\/2373\/revisions\/3280"}],"wp:attachment":[{"href":"https:\/\/myfoodoffice.com\/no\/wp-json\/wp\/v2\/media?parent=2373"}],"curies":[{"name":"wp","href":"https:\/\/api.w.org\/{rel}","templated":true}]}}