{"id":2759,"date":"2023-01-19T12:23:19","date_gmt":"2023-01-19T12:23:19","guid":{"rendered":"https:\/\/blog.myfoodoffice.com\/?page_id=2759"},"modified":"2023-01-24T17:26:17","modified_gmt":"2023-01-24T17:26:17","slug":"story-geheb","status":"publish","type":"page","link":"https:\/\/myfoodoffice.com\/no\/story-geheb\/","title":{"rendered":"Geheb making quantum leaps with new technology"},"content":{"rendered":"<div class=\"wp-block-columns is-layout-flex wp-container-core-columns-is-layout-9d6595d7 wp-block-columns-is-layout-flex\">\n<div class=\"wp-block-column is-layout-flow wp-block-column-is-layout-flow\">\n<div style=\"height:40px\" aria-hidden=\"true\" class=\"wp-block-spacer\"><\/div>\n\n\n<div class=\"wp-block-image is-style-rounded\">\n<figure class=\"aligncenter size-large\"><img loading=\"lazy\" decoding=\"async\" width=\"1024\" height=\"576\" src=\"https:\/\/blog.myfoodoffice.com\/wp-content\/uploads\/2023\/01\/My-Food-Office_Martin-Lang-og-Kjetil-Hodne_web-1404x790-1-1024x576.jpg\" alt=\"Kjetil Hodne (right) and Martin Lang from MyFoodOffice have found the tone and will now fully digitalize nine bakery companies in Southern Norway.\" class=\"wp-image-2760\" srcset=\"https:\/\/myfoodoffice.com\/wp-content\/uploads\/2023\/01\/My-Food-Office_Martin-Lang-og-Kjetil-Hodne_web-1404x790-1-1024x576.jpg 1024w, https:\/\/myfoodoffice.com\/wp-content\/uploads\/2023\/01\/My-Food-Office_Martin-Lang-og-Kjetil-Hodne_web-1404x790-1-300x169.jpg 300w, https:\/\/myfoodoffice.com\/wp-content\/uploads\/2023\/01\/My-Food-Office_Martin-Lang-og-Kjetil-Hodne_web-1404x790-1-768x432.jpg 768w, https:\/\/myfoodoffice.com\/wp-content\/uploads\/2023\/01\/My-Food-Office_Martin-Lang-og-Kjetil-Hodne_web-1404x790-1-18x10.jpg 18w, https:\/\/myfoodoffice.com\/wp-content\/uploads\/2023\/01\/My-Food-Office_Martin-Lang-og-Kjetil-Hodne_web-1404x790-1.jpg 1404w\" sizes=\"auto, (max-width: 1024px) 100vw, 1024px\" \/><figcaption class=\"wp-element-caption\">Foto: Jon-Are Berg-Jacobsen, Vest Vind Media<\/figcaption><\/figure><\/div><\/div>\n<\/div>\n\n\n\n<h2 class=\"has-text-align-center has-medium-font-size wp-block-heading\">Ni bakerier langs S\u00f8rlandskysten g\u00e5r sammen<br>om heldigitalisering av bakeridriften. <\/h2>\n\n\n\n<blockquote class=\"wp-block-quote has-text-align-center is-layout-flow wp-block-quote-is-layout-flow\">\n<p class=\"has-black-color has-text-color\">Eneste m\u00e5ten \u00e5 f\u00e5 full kraft og effekt fra v\u00e5r strategi<br>er \u00e5 ha systemer i bunn som st\u00f8tter den.<\/p>\n<cite>Kjetil Hodne, adm. dir., Geheb Conditori<\/cite><\/blockquote>\n\n\n\n<h2 class=\"wp-block-heading\">Utnytter teknologiske muligheter<\/h2>\n\n\n\n<p><em>\u2013<\/em>&nbsp;Vi har v\u00e6rt p\u00e5 jakt etter ny plattform for v\u00e5r samlede bakeridrift en stund. Vi ser at teknologien gj\u00f8r kvantesprang. Dette \u00e5pner opp nye muligheter vi \u00f8nsker \u00e5 utnytte, forteller Kjetil Hodne. <\/p>\n\n\n\n<p>Han meddeler at den teknologiske utviklingen ogs\u00e5 stiller nye krav.<\/p>\n\n\n\n<p><em>\u2013<\/em>&nbsp;Et eksempel er hvordan digitalt salg i kombinasjon med fysiske utsalg krever nye m\u00e5ter \u00e5 jobbe p\u00e5, b\u00e5de for vareinformasjon og h\u00e5ndtering av ordre- og vareflyt. Skal v\u00e5re bakerier fortsette i f\u00f8rersetet er det ekstremt viktig at vi har b\u00e5de fleksible og robuste forretningssystemer i bunn som underst\u00f8tter denne utviklingen, poengterer Hodne.<\/p>\n\n\n\n<h2 class=\"wp-block-heading\">Styrker hele organisasjonen<\/h2>\n\n\n\n<p>I anskaffelsesprosessen har Kjetil Hodne hatt god hjelp av lederteamet der flere alternativer er blitt vurdert.<\/p>\n\n\n\n<p><em>\u2013<\/em>&nbsp;Vi \u00f8nsker \u00e5 styrke samhandlingen for \u00f8kt l\u00e6ring og utvikling, forteller HR-leder Kine Rohnen. Som ansvarlig for organisasjonsutviklingen og menneskene som jobber hos oss \u00f8nsker jeg en plattform som kan l\u00f8fte hele virksomheten, ikke bare enkelte deler.<\/p>\n\n\n\n<h2 class=\"wp-block-heading\">Strategi f\u00f8rst<\/h2>\n\n\n\n<p>Bakerikonsernet eier flere lokale bakerier, der visse funksjoner er organisert sentralt. Kjetil Hodne utdyper.<\/p>\n\n\n\n<p><em>\u2013<\/em>&nbsp;Hele strategien v\u00e5r er \u00e5 bygge sterke lokale merkevarer. V\u00e5re sentrale funksjoner kommer i bakgrunnen av det lokale bakeriet. Skal strategien fungere i praksis, m\u00e5 vi ha forretningssystemer i bunn som underst\u00f8tter dette, s\u00e5 vi f\u00e5r full kraft og effekt ut i markedet.<\/p>\n\n\n\n<h2 class=\"wp-block-heading\">Utvidet anskaffelsesprosess<\/h2>\n\n\n\n<p>Lederteamet valgte en utvidet anskaffelsesprosess der et utvalg systemleverand\u00f8rer ble vurdert p\u00e5 b\u00e5de n\u00e5v\u00e6rende og fremtidig teknologi, bransjekunnskap og pris forklarer HR-sjefen. <\/p>\n\n\n\n<p><em>\u2013<\/em>&nbsp;Vi har hatt en \u00e5pen dialog med andre bakerier om deres erfaringer i liknende prosesser. Det er alltid nyttig \u00e5 lytte til de som har v\u00e6rt gjennom dette f\u00f8r. Det gav oss noen viktige kriterier vi kunne legge til grunn n\u00e5r vi tok v\u00e5re valg, utdyper Kine Rohnen.<\/p>\n\n\n\n<h2 class=\"wp-block-heading\">Entydig valg<\/h2>\n\n\n\n<p>De ni bakeriene vurderte fem alternative l\u00f8sninger, som senere ble snevret inn til to. Til slutt falt valget p\u00e5 MyFoodOffice.<\/p>\n\n\n\n<p><em>\u2013<\/em>&nbsp; Det er sjeldent at s\u00e5 store avtaler er i bevegelse i norsk bakerbransje. Vi tar det som en viktig anerkjennelse av MyFoodOffice som et komplett driftssystem, sier daglig leder i MyFoodOffice, Martin Lang.<\/p>\n\n\n\n<p>Sammen med Kjetil, Kine og deres bakerier skal vi fortsette \u00e5 lede an i digitaliseringen av bakeridrift. Det er den beste m\u00e5ten vi kan styrke norsk bakerbransje p\u00e5, og vi er stolt og takknemlig for at vi kan v\u00e6re med p\u00e5 den reisen, avslutter Martin Lang.<\/p>\n\n\n\n<div style=\"height:64px\" aria-hidden=\"true\" class=\"wp-block-spacer\"><\/div>\n\n\n\n<div class=\"wp-block-cover alignfull\" style=\"min-height:600px;aspect-ratio:unset;\"><span aria-hidden=\"true\" class=\"wp-block-cover__background has-background-dim-100 has-background-dim wp-block-cover__gradient-background has-background-gradient\" style=\"background:linear-gradient(135deg,rgb(142,162,248) 0%,rgb(59,67,181) 100%)\"><\/span><img loading=\"lazy\" decoding=\"async\" width=\"2560\" height=\"1707\" class=\"wp-block-cover__image-background wp-image-1405\" alt=\"\" src=\"http:\/\/34.88.199.23\/wp-content\/uploads\/2022\/08\/gradienta-LeG68PrXA6Y-unsplash-scaled.jpg\" data-object-fit=\"cover\" srcset=\"https:\/\/myfoodoffice.com\/wp-content\/uploads\/2022\/08\/gradienta-LeG68PrXA6Y-unsplash-scaled.jpg 2560w, https:\/\/myfoodoffice.com\/wp-content\/uploads\/2022\/08\/gradienta-LeG68PrXA6Y-unsplash-300x200.jpg 300w, https:\/\/myfoodoffice.com\/wp-content\/uploads\/2022\/08\/gradienta-LeG68PrXA6Y-unsplash-1024x683.jpg 1024w, https:\/\/myfoodoffice.com\/wp-content\/uploads\/2022\/08\/gradienta-LeG68PrXA6Y-unsplash-768x512.jpg 768w, https:\/\/myfoodoffice.com\/wp-content\/uploads\/2022\/08\/gradienta-LeG68PrXA6Y-unsplash-1536x1024.jpg 1536w, https:\/\/myfoodoffice.com\/wp-content\/uploads\/2022\/08\/gradienta-LeG68PrXA6Y-unsplash-2048x1365.jpg 2048w, https:\/\/myfoodoffice.com\/wp-content\/uploads\/2022\/08\/gradienta-LeG68PrXA6Y-unsplash-18x12.jpg 18w, https:\/\/myfoodoffice.com\/wp-content\/uploads\/2022\/08\/gradienta-LeG68PrXA6Y-unsplash-2000x1333.jpg 2000w\" sizes=\"auto, (max-width: 2560px) 100vw, 2560px\" \/><div class=\"wp-block-cover__inner-container is-layout-flow wp-block-cover-is-layout-flow\">\n<div style=\"height:40px\" aria-hidden=\"true\" class=\"wp-block-spacer\"><\/div>\n\n\n\n<h2 class=\"wp-block-heading has-text-align-left\" style=\"font-size:50px\"><strong><span style=\"text-decoration: underline;\">\u00c9n<\/span> plattform for \u00e5 f\u00f8lge opp dine<\/strong><\/h2>\n\n\n\n<div style=\"height:80px\" aria-hidden=\"true\" class=\"wp-block-spacer\"><\/div>\n\n\n\n<div class=\"wp-block-columns is-layout-flex wp-container-core-columns-is-layout-9d6595d7 wp-block-columns-is-layout-flex\">\n<div class=\"wp-block-column is-layout-flow wp-block-column-is-layout-flow\">\n<h1 class=\"wp-block-heading\"><mark style=\"background-color:rgba(0, 0, 0, 0)\" class=\"has-inline-color has-white-color\">Produkter<\/mark><\/h1>\n\n\n\n<p>Alle verkt\u00f8yene du trenger.<br>F\u00e5 p\u00e5 kontroll p\u00e5 hele produktportef\u00f8ljen fra ett sted.<\/p>\n\n\n\n<div class=\"wp-block-buttons is-layout-flex wp-block-buttons-is-layout-flex\">\n<div class=\"wp-block-button has-custom-font-size has-small-font-size\"><a class=\"wp-block-button__link wp-element-button\" href=\"https:\/\/myfoodoffice.com\/no\/manage-your-products\/\">L\u00e6r mer<\/a><\/div>\n\n\n\n<div class=\"wp-block-button has-custom-font-size has-small-font-size\"><a class=\"wp-block-button__link wp-element-button\" href=\"https:\/\/app.myfoodoffice.com\/auth\/signup\/?locale\">Kom i gang<\/a><\/div>\n<\/div>\n<\/div>\n\n\n\n<div class=\"wp-block-column is-layout-flow wp-block-column-is-layout-flow\">\n<h1 class=\"wp-block-heading\"><mark style=\"background-color:rgba(0, 0, 0, 0)\" class=\"has-inline-color has-white-color\">Daglig drift<\/mark><\/h1>\n\n\n\n<p>Str\u00f8mlinjeformet og automatisert.<br>Vi kobler dine salgskanaler med driften.<\/p>\n\n\n\n<div class=\"wp-block-buttons is-layout-flex wp-block-buttons-is-layout-flex\">\n<div class=\"wp-block-button has-custom-font-size has-small-font-size\"><a class=\"wp-block-button__link wp-element-button\" href=\"https:\/\/myfoodoffice.com\/no\/manage-your-business\/\">L\u00e6r mer<\/a><\/div>\n\n\n\n<div class=\"wp-block-button has-custom-font-size has-small-font-size\"><a class=\"wp-block-button__link wp-element-button\" href=\"https:\/\/app.myfoodoffice.com\/auth\/signup\/?locale\">Kom i gang<\/a><\/div>\n<\/div>\n<\/div>\n<\/div>\n\n\n\n<div style=\"height:136px\" aria-hidden=\"true\" class=\"wp-block-spacer\"><\/div>\n<\/div><\/div>\n\n\n\n<div class=\"wp-block-cover alignfull is-light book-demo-wide\"><span aria-hidden=\"true\" class=\"wp-block-cover__background has-background-dim-100 has-background-dim has-background-gradient\" style=\"background:linear-gradient(135deg,rgb(255,255,255) 0%,rgb(169,184,195) 100%)\"><\/span><div class=\"wp-block-cover__inner-container is-layout-flow wp-block-cover-is-layout-flow\">\n<div style=\"height:40px\" aria-hidden=\"true\" class=\"wp-block-spacer\"><\/div>\n\n\n\n<h2 class=\"wp-block-heading has-text-align-center\">Har du sp\u00f8rsm\u00e5l?<\/h2>\n\n\n\n<h2 class=\"wp-block-heading has-text-align-center\">\u00d8nsker du en guidet demo?<\/h2>\n\n\n\n<h2 class=\"wp-block-heading has-text-align-center\">Book et m\u00f8te med oss!<\/h2>\n\n\n\n\n\n\n\n\n<br \/>\n<!-- Start of Meetings Embed Script --><\/p>\n<div class=\"meetings-iframe-container\" data-src=\"https:\/\/meetings.hubspot.com\/martin-lang?embed=true\"><\/div>\n<p><script type=\"text\/javascript\" src=\"https:\/\/static.hsappstatic.net\/MeetingsEmbed\/ex\/MeetingsEmbedCode.js\"><\/script><!-- End of Meetings Embed Script \u2014>--><br \/>\n\n\n\n\n<\/div><\/div>\n\n\n\n<div class=\"wp-block-columns is-layout-flex wp-container-core-columns-is-layout-9d6595d7 wp-block-columns-is-layout-flex\">\n<div class=\"wp-block-column feature-colorful-container is-layout-flow wp-block-column-is-layout-flow\">\n<h2 class=\"wp-block-heading\">Vi har alt du trenger for \u00e5 f\u00f8lge opp <\/h2>\n\n\n\n<div class=\"wp-block-columns is-layout-flex wp-container-core-columns-is-layout-9d6595d7 wp-block-columns-is-layout-flex\">\n<div class=\"wp-block-column is-layout-flow wp-block-column-is-layout-flow\">\n<h3 class=\"wp-block-heading\">Daglig drift<\/h3>\n<\/div>\n<\/div>\n\n\n\n<div class=\"wp-block-columns is-layout-flex wp-container-core-columns-is-layout-9d6595d7 wp-block-columns-is-layout-flex\">\n<div class=\"wp-block-column feature-box-colored feature-box-green is-layout-flow wp-block-column-is-layout-flow\">\n<h4 class=\"wp-block-heading\">B2B Salg<\/h4>\n\n\n\n<p>Driver dere en utsalgskjede, engros eller bedriftsalg? <br> Alt-i-ett l\u00f8sningen for alle dine salgskanaler. <br><\/p>\n<\/div>\n\n\n\n<div class=\"wp-block-column feature-box-colored feature-box-green is-layout-flow wp-block-column-is-layout-flow\">\n<h4 class=\"wp-block-heading\">Produksjon<\/h4>\n\n\n\n<p>G\u00e5 digitalt med din produksjon. Ferdig utregnet batchst\u00f8rrelser automatisk klargjort og mye mer.<\/p>\n<\/div>\n\n\n\n<div class=\"wp-block-column feature-box-colored feature-box-green is-layout-flow wp-block-column-is-layout-flow\">\n<h4 class=\"wp-block-heading\">Pakking<\/h4>\n\n\n\n<p>V\u00e5re digitale verkt\u00f8y \u00f8ker farten med plukking og pakking av ordre. F\u00e6rre feil gir god stemning.<\/p>\n<\/div>\n\n\n\n<div class=\"wp-block-column feature-box-colored feature-box-green is-layout-flow wp-block-column-is-layout-flow\">\n<h4 class=\"wp-block-heading\">Connect<\/h4>\n\n\n\n<p>Kutt ut un\u00f8dvendig dataregistrering fra ett system til et annet. Automatiser data mot POS, regnskap og nettbutikk.<\/p>\n<\/div>\n<\/div>\n\n\n\n<div class=\"wp-block-columns is-layout-flex wp-container-core-columns-is-layout-9d6595d7 wp-block-columns-is-layout-flex\">\n<div class=\"wp-block-column is-layout-flow wp-block-column-is-layout-flow\">\n<h3 class=\"wp-block-heading\">Produkter<\/h3>\n<\/div>\n<\/div>\n\n\n\n<div class=\"wp-block-columns is-layout-flex wp-container-core-columns-is-layout-9d6595d7 wp-block-columns-is-layout-flex\">\n<div class=\"wp-block-column feature-box-colored feature-box-blue is-layout-flow wp-block-column-is-layout-flow\">\n<h4 class=\"wp-block-heading\">Varedeklarasjon<\/h4>\n\n\n\n<p>F\u00e5 orden p\u00e5 alle oppskriftene. S\u00f8rg for riktige og oppdaterte varedeklarasjoner<\/p>\n<\/div>\n\n\n\n<div class=\"wp-block-column feature-box-colored feature-box-blue is-layout-flow wp-block-column-is-layout-flow\">\n<h4 class=\"wp-block-heading\">Pro Verkt\u00f8y<\/h4>\n\n\n\n<p>N\u00e5r matmerking er din hovedoppgave. V\u00e5re avanserte verkt\u00f8y tar deg videre.<\/p>\n<\/div>\n\n\n\n<div class=\"wp-block-column feature-box-colored feature-box-blue is-layout-flow wp-block-column-is-layout-flow\">\n<h4 class=\"wp-block-heading\">Etiketter<\/h4>\n\n\n\n<p>Automatiser etikettdesign og innhold. Enkelt og greit. Alltid oppdatert med oppskriftene. <\/p>\n<\/div>\n\n\n\n<div class=\"wp-block-column feature-box-colored feature-box-blue is-layout-flow wp-block-column-is-layout-flow\">\n<h4 class=\"wp-block-heading\">Produktkalkyle<\/h4>\n\n\n\n<p>Kjenn salgsmarginene dine og m\u00f8t konkurransen med selvtillit. Vi gir deg handlekraftig innsikt.<\/p>\n<\/div>\n<\/div>\n<\/div>\n<\/div>\n\n\n\n<div style=\"height:76px\" aria-hidden=\"true\" class=\"wp-block-spacer\"><\/div>\n\n\n\n<div class=\"wp-block-cover alignfull is-light has-parallax is-position-center-center\" style=\"min-height:597px;aspect-ratio:unset;\"><span aria-hidden=\"true\" class=\"wp-block-cover__background has-black-background-color has-background-dim-40 has-background-dim\"><\/span><div role=\"img\" class=\"wp-block-cover__image-background wp-image-1096 has-parallax\" style=\"background-position:50% 50%;background-image:url(https:\/\/myfoodoffice.com\/wp-content\/uploads\/2022\/07\/laura-lefurgey-smith-MGXNnStUi0s-unsplash-scaled.jpg)\"><\/div><div class=\"wp-block-cover__inner-container is-layout-flow wp-block-cover-is-layout-flow\">\n<p class=\"has-text-align-center has-text-color has-huge-font-size\" style=\"color:#fffffa;line-height:1.1\"><\/p>\n\n\n\n<div style=\"height:186px\" aria-hidden=\"true\" class=\"wp-block-spacer\"><\/div>\n\n\n\n<p class=\"has-text-align-center has-white-color has-text-color has-large-font-size\"><strong>MyFoodOffice hjelper deg \u00e5<\/strong><\/p>\n\n\n\n\n\n\n\n\n\n\n\n<div class=\"wp-block-typing-text-typing-text-block no-translation  root-eb-typing-text-55oqrxm\" data-no-translation=\"\"><div class=\"eb-parent-wrapper eb-parent-eb-typing-text-55oqrxm\"><div class=\"eb-typed-wrapper eb-typing-text-55oqrxm\" data-id=\"eb-typing-text-55oqrxm\"><div class=\"eb-typed-content\" data-type-speed=\"50\" data-start-delay=\"0\" data-smart-backspace=\"true\" data-back-speed=\"40\" data-back-delay=\"700\" data-fade=\"false\" data-fade-delay=\"500\" data-loop=\"true\" data-cursor=\"true\"><span class=\"eb-typed-prefix\"><\/span><span class=\"eb-typed-text-wrapper is-hidden\"><span class=\"eb-typed-text\">selge mer<\/span><span class=\"eb-typed-text\">\u00f8ke fortjenesten<\/span><span class=\"eb-typed-text\">bli mer effektiv<\/span><\/span><span class=\"eb-typed-view\"><\/span><span class=\"eb-typed-suffix\"><\/span><\/div><\/div><\/div><\/div>\n\n\n\n\n\n\n\n\n\n\n\n\n\n\n\n<div class=\"wp-block-buttons is-horizontal is-content-justification-center is-layout-flex wp-container-core-buttons-is-layout-499968f5 wp-block-buttons-is-layout-flex\">\n<div class=\"wp-block-button is-style-outline is-style-outline--1\"><a class=\"wp-block-button__link has-white-color has-vivid-cyan-blue-background-color has-text-color has-background wp-element-button\" href=\"https:\/\/app.myfoodoffice.com\/auth\/signup\" target=\"_blank\" rel=\"noreferrer noopener\">Kom i gang<\/a><\/div>\n<\/div>\n\n\n\n<div style=\"height:190px\" aria-hidden=\"true\" class=\"wp-block-spacer\"><\/div>\n<\/div><\/div>","protected":false},"excerpt":{"rendered":"<p>9 bakeries along the southern coast of Norway are joining forcesto fully digitalise their bakery operations. The only way to get full force and effect from our business strategyis to have business systems supporting it. Kjetil Hodne, CEO, Geheb Bakery Group Tapping into technological opportunities \u2013&nbsp;We have been looking for a new business platform for &hellip; <\/p>\n<p class=\"link-more\"><a href=\"https:\/\/myfoodoffice.com\/no\/story-geheb\/\" class=\"more-link\">Read more<span class=\"screen-reader-text\"> &#8220;Geheb making quantum leaps with new technology&#8221;<\/span><\/a><\/p>","protected":false},"author":3,"featured_media":0,"parent":0,"menu_order":0,"comment_status":"closed","ping_status":"closed","template":"","meta":{"content-type":"","_eb_attr":"","_kad_blocks_custom_css":"","_kad_blocks_head_custom_js":"","_kad_blocks_body_custom_js":"","_kad_blocks_footer_custom_js":"","_kadence_starter_templates_imported_post":false,"footnotes":""},"class_list":["post-2759","page","type-page","status-publish","hentry"],"taxonomy_info":[],"featured_image_src_large":false,"author_info":{"display_name":"Martin","author_link":"https:\/\/myfoodoffice.com\/no\/author\/martin\/"},"comment_info":0,"_links":{"self":[{"href":"https:\/\/myfoodoffice.com\/no\/wp-json\/wp\/v2\/pages\/2759","targetHints":{"allow":["GET"]}}],"collection":[{"href":"https:\/\/myfoodoffice.com\/no\/wp-json\/wp\/v2\/pages"}],"about":[{"href":"https:\/\/myfoodoffice.com\/no\/wp-json\/wp\/v2\/types\/page"}],"author":[{"embeddable":true,"href":"https:\/\/myfoodoffice.com\/no\/wp-json\/wp\/v2\/users\/3"}],"replies":[{"embeddable":true,"href":"https:\/\/myfoodoffice.com\/no\/wp-json\/wp\/v2\/comments?post=2759"}],"version-history":[{"count":17,"href":"https:\/\/myfoodoffice.com\/no\/wp-json\/wp\/v2\/pages\/2759\/revisions"}],"predecessor-version":[{"id":3090,"href":"https:\/\/myfoodoffice.com\/no\/wp-json\/wp\/v2\/pages\/2759\/revisions\/3090"}],"wp:attachment":[{"href":"https:\/\/myfoodoffice.com\/no\/wp-json\/wp\/v2\/media?parent=2759"}],"curies":[{"name":"wp","href":"https:\/\/api.w.org\/{rel}","templated":true}]}}