{"id":3361,"date":"2023-09-29T09:34:49","date_gmt":"2023-09-29T09:34:49","guid":{"rendered":"https:\/\/myfoodoffice.com\/?page_id=3361"},"modified":"2025-04-14T13:09:41","modified_gmt":"2025-04-14T13:09:41","slug":"il-panificio-balduzzi","status":"publish","type":"page","link":"https:\/\/myfoodoffice.com\/no\/customer-stories\/il-panificio-balduzzi\/","title":{"rendered":"Story &#8211; Il Panificio Balduzzi"},"content":{"rendered":"<div style=\"height:40px\" aria-hidden=\"true\" class=\"wp-block-spacer\"><\/div>\n\n\n\n<figure class=\"wp-block-gallery has-nested-images columns-default is-cropped wp-block-gallery-1 is-layout-flex wp-block-gallery-is-layout-flex\">\n<figure class=\"wp-block-image size-large is-style-rounded\"><img loading=\"lazy\" decoding=\"async\" width=\"1024\" height=\"1024\" data-id=\"3366\" src=\"https:\/\/myfoodoffice.com\/wp-content\/uploads\/2023\/08\/IMG_2774-1-1024x1024.jpg\" alt=\"\" class=\"wp-image-3366\" srcset=\"https:\/\/myfoodoffice.com\/wp-content\/uploads\/2023\/08\/IMG_2774-1-1024x1024.jpg 1024w, https:\/\/myfoodoffice.com\/wp-content\/uploads\/2023\/08\/IMG_2774-1-300x300.jpg 300w, https:\/\/myfoodoffice.com\/wp-content\/uploads\/2023\/08\/IMG_2774-1-150x150.jpg 150w, https:\/\/myfoodoffice.com\/wp-content\/uploads\/2023\/08\/IMG_2774-1-768x768.jpg 768w, https:\/\/myfoodoffice.com\/wp-content\/uploads\/2023\/08\/IMG_2774-1-12x12.jpg 12w, https:\/\/myfoodoffice.com\/wp-content\/uploads\/2023\/08\/IMG_2774-1.jpg 1512w\" sizes=\"auto, (max-width: 1024px) 100vw, 1024px\" \/><figcaption class=\"wp-element-caption\">Foto: Heidi Haugli<\/figcaption><\/figure>\n<\/figure>\n\n\n\n<h2 class=\"wp-block-heading has-text-align-center has-medium-font-size\">Ingen flere Excel-ark og repeterende oppgaver. <\/h2>\n\n\n\n<h2 class=\"wp-block-heading has-text-align-center has-medium-font-size\">Med MyFoodOffice h\u00e5ndterer vi n\u00e6ringsdeklarasjoner, kalkyler, merking, innkommende kundeordrer, produksjon og fakturering, alt med ETT eneste verkt\u00f8y! <\/h2>\n\n\n\n<blockquote class=\"wp-block-quote has-text-align-center is-layout-flow wp-block-quote-is-layout-flow\">\n<p class=\"has-black-color has-text-color\"><svg viewbox=\"0 0 24 24\" xmlns=\"http:\/\/www.w3.org\/2000\/svg\" width=\"24\" height=\"24\" aria-hidden=\"true\" focusable=\"false\"><path d=\"M13 6v6h5.2v4c0 .8-.2 1.4-.5 1.7-.6.6-1.6.6-2.5.5h-.3v1.5h.5c1 0 2.3-.1 3.3-1 .6-.6 1-1.6 1-2.8V6H13zm-9 6h5.2v4c0 .8-.2 1.4-.5 1.7-.6.6-1.6.6-2.5.5h-.3v1.5h.5c1 0 2.3-.1 3.3-1 .6-.6 1-1.6 1-2.8V6H4v6z\"><\/path><\/svg>MyFoodOffice har inng\u00e5ende kunnskap om de spesifikke prosessene innen baking, det er helt tydelig at programvaren er utviklet av bakere for bakere! <\/p>\n<cite>Angelo Balduzzi, Daglig leder, Il Panificio Balduzzi<\/cite><\/blockquote>\n\n\n\n<p>Panificio Balduzzi (15 ansatte og 3 butikker) driver sin daglige virksomhet med \u00e5 produsere bakevarer for et bredt B2B-kundemarked, som inkluderer barer, dagligvarebutikker, sykehus og restauranter, i tillegg til sine egne 3 butikker. <\/p>\n\n\n\n<p>Angelo Balduzzi hadde lenge lett etter et nytt ERP-system som kunne gj\u00f8re arbeidet enklere og gi bedre oversikt over virksomheten.&nbsp;<br>\u2013 Vi har alltid hatt et tradisjonelt fokus i produksjonen for \u00e5 sikre h\u00f8yeste kvalitet. Men vi forst\u00e5r at en tradisjonell tiln\u00e6rming til administrasjon og ledelse ikke er n\u00f8kkelen til suksess n\u00e5r selskapet skal vokse. Vi m\u00e5tte rett og slett gj\u00f8re endringer for \u00e5 kunne skalere videre, sier bakerigr\u00fcnderen.<\/p>\n\n\n\n<div class=\"wp-block-columns are-vertically-aligned-center is-layout-flex wp-container-core-columns-is-layout-9d6595d7 wp-block-columns-is-layout-flex\">\n<div class=\"wp-block-column is-vertically-aligned-center is-layout-flow wp-block-column-is-layout-flow\">\n<h2 class=\"wp-block-heading\">Hvordan ble du kjent med MyFoodOffice?<\/h2>\n\n\n\n<p><a href=\"http:\/\/www.greselin.eu\/\" data-type=\"link\" data-id=\"http:\/\/www.greselin.eu\/\">Stefano Greselin<\/a> introduced MyFoodOffice to Angelo thanks to an event organised by the local bakery association <a href=\"http:\/\/Aspan.it\">Aspan <\/a>(Associazione dei Panificatori Bergamaschi) in Bergamo, during which Stefano Greselin got to know MyFoodOffice. Mr Greselin is a freelance engineer who assists small and medium-sized companies in reorganisation, development and innovation projects.  <\/p>\n\n\n\n<p>Han deler sine inntrykk:\n\u2013 Jeg forsto umiddelbart at MyFoodOffice var DEN ideelle l\u00f8sningen for Panificio Balduzzi. Vi hadde lenge sett etter en komplett l\u00f8sning som virkelig kunne hjelpe Angelo i hans reise. Etter en grundig gjennomgang sammen med ham, bestemte vi oss for \u00e5 g\u00e5 for MyFoodOffice.&nbsp;<\/p>\n\n\n\n<p>\u2013 Digitalisering betyr bedre kontroll p\u00e5 prosesser, kostnader og dermed marginer. I tillegg blir informasjonen delt og ikke lenger eid av \u00e9n enkelt person. Dette \u00e5pner for mer delegering til medarbeidere og gir st\u00f8rre frihet for gr\u00fcnderen, legger Stefano til.<\/p>\n<\/div>\n\n\n\n<div class=\"wp-block-column is-vertically-aligned-center is-layout-flow wp-block-column-is-layout-flow\">\n<figure class=\"wp-block-gallery has-nested-images columns-default is-cropped wp-block-gallery-2 is-layout-flex wp-block-gallery-is-layout-flex\">\n<figure class=\"wp-block-image size-large\"><img loading=\"lazy\" decoding=\"async\" width=\"1024\" height=\"1024\" data-id=\"3364\" src=\"https:\/\/myfoodoffice.com\/wp-content\/uploads\/2023\/08\/Greselin-Balduzzi-1024x1024.jpg\" alt=\"\" class=\"wp-image-3364\" srcset=\"https:\/\/myfoodoffice.com\/wp-content\/uploads\/2023\/08\/Greselin-Balduzzi-1024x1024.jpg 1024w, https:\/\/myfoodoffice.com\/wp-content\/uploads\/2023\/08\/Greselin-Balduzzi-300x300.jpg 300w, https:\/\/myfoodoffice.com\/wp-content\/uploads\/2023\/08\/Greselin-Balduzzi-150x150.jpg 150w, https:\/\/myfoodoffice.com\/wp-content\/uploads\/2023\/08\/Greselin-Balduzzi-768x768.jpg 768w, https:\/\/myfoodoffice.com\/wp-content\/uploads\/2023\/08\/Greselin-Balduzzi-12x12.jpg 12w, https:\/\/myfoodoffice.com\/wp-content\/uploads\/2023\/08\/Greselin-Balduzzi.jpg 1512w\" sizes=\"auto, (max-width: 1024px) 100vw, 1024px\" \/><figcaption class=\"wp-element-caption\">Foto: Heidi Haugli<\/figcaption><\/figure>\n<\/figure>\n<\/div>\n<\/div>\n\n\n\n<blockquote class=\"wp-block-quote is-layout-flow wp-block-quote-is-layout-flow\">\n<p class=\"has-black-color has-text-color\"><svg viewbox=\"0 0 24 24\" xmlns=\"http:\/\/www.w3.org\/2000\/svg\" width=\"24\" height=\"24\" aria-hidden=\"true\" focusable=\"false\"><path d=\"M13 6v6h5.2v4c0 .8-.2 1.4-.5 1.7-.6.6-1.6.6-2.5.5h-.3v1.5h.5c1 0 2.3-.1 3.3-1 .6-.6 1-1.6 1-2.8V6H13zm-9 6h5.2v4c0 .8-.2 1.4-.5 1.7-.6.6-1.6.6-2.5.5h-.3v1.5h.5c1 0 2.3-.1 3.3-1 .6-.6 1-1.6 1-2.8V6H4v6z\"><\/path><\/svg>Bakeribransjen, som er sv\u00e6rt tradisjonell, har alltid vist stor motstand mot digitalisering. Men verden beveger seg denne veien, og Panificio Balduzzi har forst\u00e5tt hvor viktig det er!<\/p>\n<cite>Stefano Greselin<\/cite><\/blockquote>\n\n\n\n<div class=\"wp-block-columns is-layout-flex wp-container-core-columns-is-layout-9d6595d7 wp-block-columns-is-layout-flex\">\n<div class=\"wp-block-column is-layout-flow wp-block-column-is-layout-flow\" style=\"flex-basis:100%\">\n<figure class=\"wp-block-gallery has-nested-images columns-default is-cropped wp-block-gallery-3 is-layout-flex wp-block-gallery-is-layout-flex\">\n<figure class=\"wp-block-image size-large\"><img loading=\"lazy\" decoding=\"async\" width=\"1512\" height=\"945\" data-id=\"3370\" src=\"https:\/\/myfoodoffice.com\/wp-content\/uploads\/2023\/08\/IMG_2786-edited.jpg\" alt=\"\" class=\"wp-image-3370\" srcset=\"https:\/\/myfoodoffice.com\/wp-content\/uploads\/2023\/08\/IMG_2786-edited.jpg 1512w, https:\/\/myfoodoffice.com\/wp-content\/uploads\/2023\/08\/IMG_2786-edited-300x188.jpg 300w, https:\/\/myfoodoffice.com\/wp-content\/uploads\/2023\/08\/IMG_2786-edited-1024x640.jpg 1024w, https:\/\/myfoodoffice.com\/wp-content\/uploads\/2023\/08\/IMG_2786-edited-768x480.jpg 768w, https:\/\/myfoodoffice.com\/wp-content\/uploads\/2023\/08\/IMG_2786-edited-18x12.jpg 18w\" sizes=\"auto, (max-width: 1512px) 100vw, 1512px\" \/><figcaption class=\"wp-element-caption\">Foto: Heidi Haugli<\/figcaption><\/figure>\n<\/figure>\n\n\n\n<p>The girls at Panifico Balduzzi preparing<em> Frittelle di Mele<\/em><\/p>\n<\/div>\n<\/div>\n\n\n\n<h2 class=\"wp-block-heading\">Hvordan s\u00e5 en typisk arbeidsdag ut hos Panificio Balduzzi?<\/h2>\n\n\n\n<p>\u2013 Vi starter vanligvis kl. 23. F\u00f8rste oppgave var alltid \u00e5 sjekke tilleggsordrer, meldt inn av kundene via e-post, WhatsApp eller telefon. F\u00f8rste steg var \u00e5 samle disse \u201cvariasjonene\u201d manuelt og oppdatere produksjonsplanen. \u00abDet \u00e5 ikke ha et str\u00f8mlinjeformet system for \u00e5 ta imot ordre har alltid v\u00e6rt en stor utfordring for oss,\u00bb forteller Angelo Balduzzi. \u00abDet ble mye repeterende og manuelt arbeid (Excel og faktureringsprogram), og dermed ogs\u00e5 mange feil.\u00bb<\/p>\n\n\n\n<p>\"MyFoodOffice er en modulbasert plattform som lar bedriften min vokse kontinuerlig. Den har gjort det mulig \u00e5 optimalisere prosessene, og n\u00e5 \u00e5pner den opp for nye forretningsmuligheter jeg ellers ikke ville hatt tilgang til.\"<\/p>\n\n\n\n<h2 class=\"wp-block-heading\">Oppstart med MyFoodOffice<\/h2>\n\n\n\n<p>Da de f\u00f8rst skulle innf\u00f8re nye arbeidsrutiner, var det en viss skepsis. <\/p>\n\n\n\n<p>En av Angelos ansatte forteller:\n\u2013 Det er alltid en utfordring \u00e5 l\u00e6re nye m\u00e5ter \u00e5 organisere arbeidet p\u00e5. Vi satte stor pris p\u00e5 MyFoodOffice-teamet som guidet oss og hjalp oss \u00e5 tilpasse oss de nye rutinene. Det gjorde overgangen mye smidigere. N\u00e5 har v\u00e5r arbeidshverdag blitt mye bedre \u2013 fra ordrebehandling til produksjon og fakturering \u2013 og vi har en klarere oversikt over produktlinjer, kostnader og marginer.<\/p>\n\n\n\n<p>Angelo Balduzzi legger til:\n\u2013 I dag genereres alle standardordrer automatisk n\u00e5r vi setter fristen i systemet. N\u00e5r ordreendringer er lagt inn, skriver de ansatte ut produksjonsplanen direkte fra MyFoodOffice, alt dette skjer f\u00f8r jeg selv kommer p\u00e5 jobb.<br>Dette frigj\u00f8r tid, gir bedre fokus p\u00e5 produksjonsprosessene og gj\u00f8r det lettere \u00e5 delegere. Jeg liker ogs\u00e5 hvordan ordrene automatisk blir til pakkesedler.<\/p>\n\n\n\n<p>Den ansatte fortsetter:\n\u2013 Ved m\u00e5nedsslutt trenger jeg bare noen f\u00e5 klikk, s\u00e5 sendes all informasjon direkte til v\u00e5rt skybaserte faktureringssystem. Jeg kunne aldri g\u00e5tt tilbake til den gamle m\u00e5ten \u00e5 gj\u00f8re administrasjonen p\u00e5!<\/p>\n\n\n\n<p>I tillegg var det viktig for selskapet \u00e5 finjustere kalkylene for \u00e5 f\u00e5 kontroll p\u00e5 marginer og kostnader. En presis oversikt over f\u00f8rste margin gj\u00f8r ogs\u00e5 forhandlinger med kunder enklere. Etter en grundig datarydding har de n\u00e5 et system som hjelper dem \u00e5 holde alt oppdatert.<\/p>\n\n\n\n<p>\u2013 V\u00e5re etiketter er et annet eksempel p\u00e5 hvordan arbeidshverdagen har blitt enklere. Vi bruker bare tre etiketter til \u00e5 dekke alle produktene, og innholdet genereres automatisk fra oppskriftene. P\u00e5 den m\u00e5ten er etikettene alltid oppdatert med de siste endringene i oppskriftene.<\/p>\n\n\n\n<h2 class=\"wp-block-heading\">Hva er neste m\u00e5l?<\/h2>\n\n\n\n<p>\u2013 Neste steg er \u00e5 innf\u00f8re bestillingsportalen for v\u00e5re B2B-kunder og tre egne butikker. Dette vil gj\u00f8re det mulig for kundene \u00e5 legge inn daglige eller ukentlige bestillinger selv, n\u00e5r det passer dem. I samme \u00f8yeblikk ordren registreres, dukker dataene opp p\u00e5 neste dags produksjons- og pakkelister, forklarer Angelo Balduzzi.\nDette betyr enda et viktig steg i \u00e5 str\u00f8mlinjeforme prosessene, og mer tid spart.<\/p>\n\n\n\n<h2 class=\"wp-block-heading\">Hvorfor MyFoodOffice?<\/h2>\n\n\n\n<p>De ansatte deler grunnen til valget:\n\"Det er s\u00e5 enkelt! Brukergrensesnittet er veldig brukervennlig, sidene er intuitive og enkle \u00e5 bruke.\"<\/p>\n\n\n\n<p>\u2013 MyFoodOffice-teamet, med sin lokale tilstedev\u00e6relse, gir grundig oppl\u00e6ring og konstant st\u00f8tte i oppstartsfasen. Med sitt eget IT-team er de dessuten imponerende raske til \u00e5 svare p\u00e5 v\u00e5re behov, alltid presise og punktlige. Dette var helt avgj\u00f8rende for oss, legger Angelo Balduzzi til.<\/p>\n\n\n\n<p>Hans konklusjon er enkel:<\/p>\n\n\n\n<p>\u2013 MyFoodOffice er den ideelle l\u00f8sningen, enkel og effektiv, som har hjulpet meg \u00e5 starte en utviklingsstrategi for selskapet mitt. Dette har jeg \u00f8nsket meg lenge.<\/p>\n\n\n\n<p>Se videoen med Angelo Balduzzi og Stefano Greselin.<\/p>\n\n\n\n<figure class=\"wp-block-video\"><video controls src=\"https:\/\/myfoodoffice.com\/wp-content\/uploads\/2023\/08\/MFOBalduzzi_def.mp4\"><\/video><\/figure>\n\n\n\n<div class=\"wp-block-cover alignfull\" style=\"min-height:600px;aspect-ratio:unset;\"><span aria-hidden=\"true\" class=\"wp-block-cover__background has-background-dim-100 has-background-dim wp-block-cover__gradient-background has-background-gradient\" style=\"background:linear-gradient(135deg,rgb(142,162,248) 0%,rgb(59,67,181) 100%)\"><\/span><img loading=\"lazy\" decoding=\"async\" width=\"2560\" height=\"1707\" class=\"wp-block-cover__image-background wp-image-1405\" alt=\"\" src=\"http:\/\/34.88.199.23\/wp-content\/uploads\/2022\/08\/gradienta-LeG68PrXA6Y-unsplash-scaled.jpg\" data-object-fit=\"cover\" srcset=\"https:\/\/myfoodoffice.com\/wp-content\/uploads\/2022\/08\/gradienta-LeG68PrXA6Y-unsplash-scaled.jpg 2560w, https:\/\/myfoodoffice.com\/wp-content\/uploads\/2022\/08\/gradienta-LeG68PrXA6Y-unsplash-300x200.jpg 300w, https:\/\/myfoodoffice.com\/wp-content\/uploads\/2022\/08\/gradienta-LeG68PrXA6Y-unsplash-1024x683.jpg 1024w, https:\/\/myfoodoffice.com\/wp-content\/uploads\/2022\/08\/gradienta-LeG68PrXA6Y-unsplash-768x512.jpg 768w, https:\/\/myfoodoffice.com\/wp-content\/uploads\/2022\/08\/gradienta-LeG68PrXA6Y-unsplash-1536x1024.jpg 1536w, https:\/\/myfoodoffice.com\/wp-content\/uploads\/2022\/08\/gradienta-LeG68PrXA6Y-unsplash-2048x1365.jpg 2048w, https:\/\/myfoodoffice.com\/wp-content\/uploads\/2022\/08\/gradienta-LeG68PrXA6Y-unsplash-18x12.jpg 18w, https:\/\/myfoodoffice.com\/wp-content\/uploads\/2022\/08\/gradienta-LeG68PrXA6Y-unsplash-2000x1333.jpg 2000w\" sizes=\"auto, (max-width: 2560px) 100vw, 2560px\" \/><div class=\"wp-block-cover__inner-container is-layout-flow wp-block-cover-is-layout-flow\">\n<div style=\"height:40px\" aria-hidden=\"true\" class=\"wp-block-spacer\"><\/div>\n\n\n\n<h2 class=\"wp-block-heading has-text-align-left\" style=\"font-size:50px\"><strong><span style=\"text-decoration: underline;\">\u00c9n<\/span> plattform for \u00e5 f\u00f8lge opp dine<\/strong><\/h2>\n\n\n\n<div style=\"height:80px\" aria-hidden=\"true\" class=\"wp-block-spacer\"><\/div>\n\n\n\n<div class=\"wp-block-columns is-layout-flex wp-container-core-columns-is-layout-9d6595d7 wp-block-columns-is-layout-flex\">\n<div class=\"wp-block-column is-layout-flow wp-block-column-is-layout-flow\">\n<h1 class=\"wp-block-heading\"><mark style=\"background-color:rgba(0, 0, 0, 0)\" class=\"has-inline-color has-white-color\">Produkter<\/mark><\/h1>\n\n\n\n<p>Alle verkt\u00f8yene du trenger.<br>F\u00e5 p\u00e5 kontroll p\u00e5 hele produktportef\u00f8ljen fra ett sted.<\/p>\n\n\n\n<div class=\"wp-block-buttons is-layout-flex wp-block-buttons-is-layout-flex\">\n<div class=\"wp-block-button has-custom-font-size has-small-font-size\"><a class=\"wp-block-button__link wp-element-button\" href=\"https:\/\/myfoodoffice.com\/no\/manage-your-products\/\">L\u00e6r mer<\/a><\/div>\n\n\n\n<div class=\"wp-block-button has-custom-font-size has-small-font-size\"><a class=\"wp-block-button__link wp-element-button\" href=\"https:\/\/app.myfoodoffice.com\/auth\/signup\/?locale\">Kom i gang<\/a><\/div>\n<\/div>\n<\/div>\n\n\n\n<div class=\"wp-block-column is-layout-flow wp-block-column-is-layout-flow\">\n<h1 class=\"wp-block-heading\"><mark style=\"background-color:rgba(0, 0, 0, 0)\" class=\"has-inline-color has-white-color\">Daglig drift<\/mark><\/h1>\n\n\n\n<p>Str\u00f8mlinjeformet og automatisert.<br>Vi kobler dine salgskanaler med driften.<\/p>\n\n\n\n<div class=\"wp-block-buttons is-layout-flex wp-block-buttons-is-layout-flex\">\n<div class=\"wp-block-button has-custom-font-size has-small-font-size\"><a class=\"wp-block-button__link wp-element-button\" href=\"https:\/\/myfoodoffice.com\/no\/manage-your-business\/\">L\u00e6r mer<\/a><\/div>\n\n\n\n<div class=\"wp-block-button has-custom-font-size has-small-font-size\"><a class=\"wp-block-button__link wp-element-button\" href=\"https:\/\/app.myfoodoffice.com\/auth\/signup\/?locale\">Kom i gang<\/a><\/div>\n<\/div>\n<\/div>\n<\/div>\n\n\n\n<div style=\"height:136px\" aria-hidden=\"true\" class=\"wp-block-spacer\"><\/div>\n<\/div><\/div>\n\n\n\n<div class=\"wp-block-cover alignfull is-light book-demo-wide\"><span aria-hidden=\"true\" class=\"wp-block-cover__background has-background-dim-100 has-background-dim has-background-gradient\" style=\"background:linear-gradient(135deg,rgb(255,255,255) 0%,rgb(169,184,195) 100%)\"><\/span><div class=\"wp-block-cover__inner-container is-layout-flow wp-block-cover-is-layout-flow\">\n<div style=\"height:40px\" aria-hidden=\"true\" class=\"wp-block-spacer\"><\/div>\n\n\n\n<h2 class=\"wp-block-heading has-text-align-center\">Har du sp\u00f8rsm\u00e5l?<\/h2>\n\n\n\n<h2 class=\"wp-block-heading has-text-align-center\">\u00d8nsker du en guidet demo?<\/h2>\n\n\n\n<h2 class=\"wp-block-heading has-text-align-center\">Book et m\u00f8te med oss!<\/h2>\n\n\n\n\n\n\n\n\n<br \/>\n<!-- Start of Meetings Embed Script --><\/p>\n<div class=\"meetings-iframe-container\" data-src=\"https:\/\/meetings.hubspot.com\/martin-lang?embed=true\"><\/div>\n<p><script type=\"text\/javascript\" src=\"https:\/\/static.hsappstatic.net\/MeetingsEmbed\/ex\/MeetingsEmbedCode.js\"><\/script><!-- End of Meetings Embed Script \u2014>--><br \/>\n\n\n\n\n<\/div><\/div>\n\n\n\n<div class=\"wp-block-columns is-layout-flex wp-container-core-columns-is-layout-9d6595d7 wp-block-columns-is-layout-flex\">\n<div class=\"wp-block-column feature-colorful-container is-layout-flow wp-block-column-is-layout-flow\">\n<h2 class=\"wp-block-heading\">Vi har alt du trenger for \u00e5 f\u00f8lge opp <\/h2>\n\n\n\n<div class=\"wp-block-columns is-layout-flex wp-container-core-columns-is-layout-9d6595d7 wp-block-columns-is-layout-flex\">\n<div class=\"wp-block-column is-layout-flow wp-block-column-is-layout-flow\">\n<h3 class=\"wp-block-heading\">Daglig drift<\/h3>\n<\/div>\n<\/div>\n\n\n\n<div class=\"wp-block-columns is-layout-flex wp-container-core-columns-is-layout-9d6595d7 wp-block-columns-is-layout-flex\">\n<div class=\"wp-block-column feature-box-colored feature-box-green is-layout-flow wp-block-column-is-layout-flow\">\n<h4 class=\"wp-block-heading\">B2B Salg<\/h4>\n\n\n\n<p>Driver dere en utsalgskjede, engros eller bedriftsalg? <br> Alt-i-ett l\u00f8sningen for alle dine salgskanaler. <br><\/p>\n<\/div>\n\n\n\n<div class=\"wp-block-column feature-box-colored feature-box-green is-layout-flow wp-block-column-is-layout-flow\">\n<h4 class=\"wp-block-heading\">Produksjon<\/h4>\n\n\n\n<p>G\u00e5 digitalt med din produksjon. Ferdig utregnet batchst\u00f8rrelser automatisk klargjort og mye mer.<\/p>\n<\/div>\n\n\n\n<div class=\"wp-block-column feature-box-colored feature-box-green is-layout-flow wp-block-column-is-layout-flow\">\n<h4 class=\"wp-block-heading\">Pakking<\/h4>\n\n\n\n<p>V\u00e5re digitale verkt\u00f8y \u00f8ker farten med plukking og pakking av ordre. F\u00e6rre feil gir god stemning.<\/p>\n<\/div>\n\n\n\n<div class=\"wp-block-column feature-box-colored feature-box-green is-layout-flow wp-block-column-is-layout-flow\">\n<h4 class=\"wp-block-heading\">Connect<\/h4>\n\n\n\n<p>Kutt ut un\u00f8dvendig dataregistrering fra ett system til et annet. Automatiser data mot POS, regnskap og nettbutikk.<\/p>\n<\/div>\n<\/div>\n\n\n\n<div class=\"wp-block-columns is-layout-flex wp-container-core-columns-is-layout-9d6595d7 wp-block-columns-is-layout-flex\">\n<div class=\"wp-block-column is-layout-flow wp-block-column-is-layout-flow\">\n<h3 class=\"wp-block-heading\">Produkter<\/h3>\n<\/div>\n<\/div>\n\n\n\n<div class=\"wp-block-columns is-layout-flex wp-container-core-columns-is-layout-9d6595d7 wp-block-columns-is-layout-flex\">\n<div class=\"wp-block-column feature-box-colored feature-box-blue is-layout-flow wp-block-column-is-layout-flow\">\n<h4 class=\"wp-block-heading\">Varedeklarasjon<\/h4>\n\n\n\n<p>F\u00e5 orden p\u00e5 alle oppskriftene. S\u00f8rg for riktige og oppdaterte varedeklarasjoner<\/p>\n<\/div>\n\n\n\n<div class=\"wp-block-column feature-box-colored feature-box-blue is-layout-flow wp-block-column-is-layout-flow\">\n<h4 class=\"wp-block-heading\">Pro Verkt\u00f8y<\/h4>\n\n\n\n<p>N\u00e5r matmerking er din hovedoppgave. V\u00e5re avanserte verkt\u00f8y tar deg videre.<\/p>\n<\/div>\n\n\n\n<div class=\"wp-block-column feature-box-colored feature-box-blue is-layout-flow wp-block-column-is-layout-flow\">\n<h4 class=\"wp-block-heading\">Etiketter<\/h4>\n\n\n\n<p>Automatiser etikettdesign og innhold. Enkelt og greit. Alltid oppdatert med oppskriftene. <\/p>\n<\/div>\n\n\n\n<div class=\"wp-block-column feature-box-colored feature-box-blue is-layout-flow wp-block-column-is-layout-flow\">\n<h4 class=\"wp-block-heading\">Produktkalkyle<\/h4>\n\n\n\n<p>Kjenn salgsmarginene dine og m\u00f8t konkurransen med selvtillit. Vi gir deg handlekraftig innsikt.<\/p>\n<\/div>\n<\/div>\n<\/div>\n<\/div>\n\n\n\n<div class=\"wp-block-cover alignfull is-light has-parallax is-position-center-center\" style=\"min-height:597px;aspect-ratio:unset;\"><span aria-hidden=\"true\" class=\"wp-block-cover__background has-black-background-color has-background-dim-40 has-background-dim\"><\/span><div role=\"img\" class=\"wp-block-cover__image-background wp-image-1096 has-parallax\" style=\"background-position:50% 50%;background-image:url(https:\/\/myfoodoffice.com\/wp-content\/uploads\/2022\/07\/laura-lefurgey-smith-MGXNnStUi0s-unsplash-scaled.jpg)\"><\/div><div class=\"wp-block-cover__inner-container is-layout-flow wp-block-cover-is-layout-flow\">\n<p class=\"has-text-align-center has-text-color has-huge-font-size\" style=\"color:#fffffa;line-height:1.1\"><\/p>\n\n\n\n<div style=\"height:186px\" aria-hidden=\"true\" class=\"wp-block-spacer\"><\/div>\n\n\n\n<p class=\"has-text-align-center has-white-color has-text-color has-large-font-size\"><strong>MyFoodOffice hjelper deg \u00e5<\/strong><\/p>\n\n\n\n\n\n\n\n\n\n\n\n<div class=\"wp-block-typing-text-typing-text-block no-translation  root-eb-typing-text-55oqrxm\" data-no-translation=\"\"><div class=\"eb-parent-wrapper eb-parent-eb-typing-text-55oqrxm\"><div class=\"eb-typed-wrapper eb-typing-text-55oqrxm\" data-id=\"eb-typing-text-55oqrxm\"><div class=\"eb-typed-content\" data-type-speed=\"50\" data-start-delay=\"0\" data-smart-backspace=\"true\" data-back-speed=\"40\" data-back-delay=\"700\" data-fade=\"false\" data-fade-delay=\"500\" data-loop=\"true\" data-cursor=\"true\"><span class=\"eb-typed-prefix\"><\/span><span class=\"eb-typed-text-wrapper is-hidden\"><span class=\"eb-typed-text\">selge mer<\/span><span class=\"eb-typed-text\">\u00f8ke fortjenesten<\/span><span class=\"eb-typed-text\">bli mer effektiv<\/span><\/span><span class=\"eb-typed-view\"><\/span><span class=\"eb-typed-suffix\"><\/span><\/div><\/div><\/div><\/div>\n\n\n\n\n\n\n\n\n\n\n\n\n\n\n\n<div class=\"wp-block-buttons is-horizontal is-content-justification-center is-layout-flex wp-container-core-buttons-is-layout-499968f5 wp-block-buttons-is-layout-flex\">\n<div class=\"wp-block-button is-style-outline is-style-outline--4\"><a class=\"wp-block-button__link has-white-color has-vivid-cyan-blue-background-color has-text-color has-background wp-element-button\" href=\"https:\/\/app.myfoodoffice.com\/auth\/signup\" target=\"_blank\" rel=\"noreferrer noopener\">Kom i gang<\/a><\/div>\n<\/div>\n\n\n\n<div style=\"height:190px\" aria-hidden=\"true\" class=\"wp-block-spacer\"><\/div>\n<\/div><\/div>","protected":false},"excerpt":{"rendered":"<p>No more excel sheets and repetitive tasks. With MyFoodOffice, we manage food declarations, food costing, labelling, incoming customer orders, production up to invoicing, all with ONE single tool! MyFoodOffice has a profound knowledge of the specific processes of baking, it is absolutely easy to understand that the software is developed by bakers for bakers! Angelo &hellip; <\/p>\n<p class=\"link-more\"><a href=\"https:\/\/myfoodoffice.com\/no\/customer-stories\/il-panificio-balduzzi\/\" class=\"more-link\">Read more<span class=\"screen-reader-text\"> &#8220;Story &#8211; Il Panificio Balduzzi&#8221;<\/span><\/a><\/p>","protected":false},"author":3,"featured_media":0,"parent":1196,"menu_order":0,"comment_status":"closed","ping_status":"closed","template":"","meta":{"content-type":"","_eb_attr":"","_kad_blocks_custom_css":"","_kad_blocks_head_custom_js":"","_kad_blocks_body_custom_js":"","_kad_blocks_footer_custom_js":"","_kadence_starter_templates_imported_post":false,"footnotes":""},"class_list":["post-3361","page","type-page","status-publish","hentry"],"taxonomy_info":[],"featured_image_src_large":false,"author_info":{"display_name":"Martin","author_link":"https:\/\/myfoodoffice.com\/no\/author\/martin\/"},"comment_info":0,"_links":{"self":[{"href":"https:\/\/myfoodoffice.com\/no\/wp-json\/wp\/v2\/pages\/3361","targetHints":{"allow":["GET"]}}],"collection":[{"href":"https:\/\/myfoodoffice.com\/no\/wp-json\/wp\/v2\/pages"}],"about":[{"href":"https:\/\/myfoodoffice.com\/no\/wp-json\/wp\/v2\/types\/page"}],"author":[{"embeddable":true,"href":"https:\/\/myfoodoffice.com\/no\/wp-json\/wp\/v2\/users\/3"}],"replies":[{"embeddable":true,"href":"https:\/\/myfoodoffice.com\/no\/wp-json\/wp\/v2\/comments?post=3361"}],"version-history":[{"count":47,"href":"https:\/\/myfoodoffice.com\/no\/wp-json\/wp\/v2\/pages\/3361\/revisions"}],"predecessor-version":[{"id":3722,"href":"https:\/\/myfoodoffice.com\/no\/wp-json\/wp\/v2\/pages\/3361\/revisions\/3722"}],"up":[{"embeddable":true,"href":"https:\/\/myfoodoffice.com\/no\/wp-json\/wp\/v2\/pages\/1196"}],"wp:attachment":[{"href":"https:\/\/myfoodoffice.com\/no\/wp-json\/wp\/v2\/media?parent=3361"}],"curies":[{"name":"wp","href":"https:\/\/api.w.org\/{rel}","templated":true}]}}