{"id":3549,"date":"2024-05-28T14:36:52","date_gmt":"2024-05-28T14:36:52","guid":{"rendered":"https:\/\/myfoodoffice.com\/?page_id=3549"},"modified":"2024-05-29T07:47:24","modified_gmt":"2024-05-29T07:47:24","slug":"story-pave-milano","status":"publish","type":"page","link":"https:\/\/myfoodoffice.com\/no\/customer-stories\/story-pave-milano\/","title":{"rendered":"Story &#8211; Pav\u00e9 Milano"},"content":{"rendered":"<div style=\"height:40px\" aria-hidden=\"true\" class=\"wp-block-spacer\"><\/div>\n\n\n\n<figure class=\"wp-block-gallery has-nested-images columns-default is-cropped wp-block-gallery-1 is-layout-flex wp-block-gallery-is-layout-flex\">\n<figure class=\"wp-block-image size-large is-style-rounded\"><img loading=\"lazy\" decoding=\"async\" width=\"1601\" height=\"2560\" data-id=\"3565\" src=\"https:\/\/myfoodoffice.com\/wp-content\/uploads\/2024\/05\/12-edited-scaled.jpg\" alt=\"\" class=\"wp-image-3565\" srcset=\"https:\/\/myfoodoffice.com\/wp-content\/uploads\/2024\/05\/12-edited-scaled.jpg 1601w, https:\/\/myfoodoffice.com\/wp-content\/uploads\/2024\/05\/12-edited-188x300.jpg 188w, https:\/\/myfoodoffice.com\/wp-content\/uploads\/2024\/05\/12-edited-640x1024.jpg 640w, https:\/\/myfoodoffice.com\/wp-content\/uploads\/2024\/05\/12-edited-768x1228.jpg 768w, https:\/\/myfoodoffice.com\/wp-content\/uploads\/2024\/05\/12-edited-960x1536.jpg 960w, https:\/\/myfoodoffice.com\/wp-content\/uploads\/2024\/05\/12-edited-1281x2048.jpg 1281w, https:\/\/myfoodoffice.com\/wp-content\/uploads\/2024\/05\/12-edited-8x12.jpg 8w, https:\/\/myfoodoffice.com\/wp-content\/uploads\/2024\/05\/12-edited-2000x3199.jpg 2000w\" sizes=\"auto, (max-width: 1601px) 100vw, 1601px\" \/><figcaption class=\"wp-element-caption\">Foto: Pav\u00e9 Milano<\/figcaption><\/figure>\n<\/figure>\n\n\n\n<h2 class=\"wp-block-heading has-text-align-center has-medium-font-size\">Historien om selskapet som revolusjonerte bakeri- og konditorverdenen: n\u00e5 g\u00e5r MyFoodOffice sammen med Pav\u00e9 Milano i digitaliseringsutfordringen<\/h2>\n\n\n\n<p><a href=\"https:\/\/www.pavemilano.com\/\" data-type=\"link\" data-id=\"https:\/\/www.pavemilano.com\/\">Pav\u00e9 Milano<\/a>, det innovative kafeen som ble grunnlagt for 10 \u00e5r siden av tre venner med en visjon om \u00e5 revolusjonere frokosten i Milano, har hatt en imponerende vekstkurve. I stadig utvikling har Pav\u00e9 \u00e5pnet nye utsalgssteder og lansert nyskapende prosjekter: konditorier, gelaterier (isbarer) og bryggerier. I 2023, med seks avdelinger og over 50 ansatte, sto Pav\u00e9 overfor en ny utfordring: \u00e5 optimalisere virksomhetsstyringen. M\u00e5let var \u00e5 samle h\u00e5ndteringen av produkter, bestillinger og kostnader i \u00e9n enkelt plattform.<\/p>\n\n\n\n<p class=\"has-text-align-left has-black-color has-text-color\"> \u2013 MyFoodOffice har blitt den ideelle partneren, fordi de kan tilby en skreddersydd l\u00f8sning som har forvandlet Pav\u00e9s arbeidsrutiner. Alessandro, Pav\u00e9 Milanos logistikkansvarlig, understreker betydningen av samarbeidet: <\/p>\n\n\n\n<blockquote class=\"wp-block-quote is-layout-flow wp-block-quote-is-layout-flow\">\n<p>\u00abMyFoodOffice forst\u00e5r utfordringene i bakeribransjen. Overgangen har gitt oss mulighet til \u00e5 optimalisere produkter og prosesser, og dermed forbedret arbeidsrutinene v\u00e5re.\u00bb<\/p>\n<cite>Alessandro, logistikkansvarlig Pav\u00e9 Milano<\/cite><\/blockquote>\n\n\n\n<div class=\"wp-block-columns are-vertically-aligned-center is-layout-flex wp-container-core-columns-is-layout-9d6595d7 wp-block-columns-is-layout-flex\">\n<div class=\"wp-block-column is-vertically-aligned-center is-layout-flow wp-block-column-is-layout-flow\">\n<p>Implementeringen av systemet har gjort det mulig for selskapet \u00e5 planlegge bestillinger p\u00e5 forh\u00e5nd og generere detaljerte rapporter om r\u00e5varer og produksjon. Dette har spart verdifulle arbeidstimer og forenklet repeterende oppgaver. <\/p>\n\n\n\n<p>Elena, Pav\u00e9s administrasjonsansvarlig, forklarer:\n\u00abMed sanntidstilgang til r\u00e5varekostnader kan vi opprettholde marginene som er n\u00f8dvendige for vekst. \u00c5 ha alle data samlet p\u00e5 ett sted, med dynamiske lister, er uvurderlig.\u00bb\nKontroll p\u00e5 bestillingene har frigjort ekstra tid til utvikling av nye produkter og bidratt til \u00e5 bevare Pav\u00e9s s\u00e6rpregede kvalitet, som ogs\u00e5 omfatter design, grafikk og arkitektur.<\/p>\n<\/div>\n\n\n\n<div class=\"wp-block-column is-vertically-aligned-center is-layout-flow wp-block-column-is-layout-flow\">\n<figure class=\"wp-block-gallery has-nested-images columns-default is-cropped wp-block-gallery-2 is-layout-flex wp-block-gallery-is-layout-flex\">\n<figure class=\"wp-block-image size-full\"><img loading=\"lazy\" decoding=\"async\" width=\"2560\" height=\"1709\" data-id=\"3558\" src=\"https:\/\/myfoodoffice.com\/wp-content\/uploads\/2024\/05\/Store_casati_2-4-scaled.jpg\" alt=\"\" class=\"wp-image-3558\" srcset=\"https:\/\/myfoodoffice.com\/wp-content\/uploads\/2024\/05\/Store_casati_2-4-scaled.jpg 2560w, https:\/\/myfoodoffice.com\/wp-content\/uploads\/2024\/05\/Store_casati_2-4-300x200.jpg 300w, https:\/\/myfoodoffice.com\/wp-content\/uploads\/2024\/05\/Store_casati_2-4-1024x683.jpg 1024w, https:\/\/myfoodoffice.com\/wp-content\/uploads\/2024\/05\/Store_casati_2-4-768x513.jpg 768w, https:\/\/myfoodoffice.com\/wp-content\/uploads\/2024\/05\/Store_casati_2-4-1536x1025.jpg 1536w, https:\/\/myfoodoffice.com\/wp-content\/uploads\/2024\/05\/Store_casati_2-4-2048x1367.jpg 2048w, https:\/\/myfoodoffice.com\/wp-content\/uploads\/2024\/05\/Store_casati_2-4-18x12.jpg 18w, https:\/\/myfoodoffice.com\/wp-content\/uploads\/2024\/05\/Store_casati_2-4-2000x1335.jpg 2000w\" sizes=\"auto, (max-width: 2560px) 100vw, 2560px\" \/><figcaption class=\"wp-element-caption\">Pav\u00e9s butikk p\u00e5 Felice Casati, Milano<\/figcaption><\/figure>\n<\/figure>\n<\/div>\n<\/div>\n\n\n\n<blockquote class=\"wp-block-quote is-layout-flow wp-block-quote-is-layout-flow\">\n<p>\"Med sanntidstilgang til r\u00e5varekostnader kan vi sikre marginene som er n\u00f8dvendige for vekst. \u00c5 konsolidere alle data p\u00e5 ett sted, med dynamiske lister, er uvurderlig.\"<\/p>\n<cite>Elena, administrativt ansvarlig Pav\u00e9 Milano<\/cite><\/blockquote>\n\n\n\n<p><a href=\"https:\/\/myfoodoffice.com\/no\/customer-stories\/story-pave-milano\/pave-milano-and-myfoodoffice-together-in-innovation\/\" data-type=\"page\" data-id=\"3570\" target=\"_blank\" rel=\"noreferrer noopener\">Les hele artikkelen (p\u00e5 italiensk) publisert i magasinet Dolcesalato, januar 2024 <strong>Dolcesalato<\/strong>, January 2024<\/a><\/p>\n\n\n\n<p><\/p>\n\n\n\n<div class=\"wp-block-cover alignfull\" style=\"min-height:600px;aspect-ratio:unset;\"><span aria-hidden=\"true\" class=\"wp-block-cover__background has-background-dim-100 has-background-dim wp-block-cover__gradient-background has-background-gradient\" style=\"background:linear-gradient(135deg,rgb(142,162,248) 0%,rgb(59,67,181) 100%)\"><\/span><img loading=\"lazy\" decoding=\"async\" width=\"2560\" height=\"1707\" class=\"wp-block-cover__image-background wp-image-1405\" alt=\"\" src=\"http:\/\/34.88.199.23\/wp-content\/uploads\/2022\/08\/gradienta-LeG68PrXA6Y-unsplash-scaled.jpg\" data-object-fit=\"cover\" srcset=\"https:\/\/myfoodoffice.com\/wp-content\/uploads\/2022\/08\/gradienta-LeG68PrXA6Y-unsplash-scaled.jpg 2560w, https:\/\/myfoodoffice.com\/wp-content\/uploads\/2022\/08\/gradienta-LeG68PrXA6Y-unsplash-300x200.jpg 300w, https:\/\/myfoodoffice.com\/wp-content\/uploads\/2022\/08\/gradienta-LeG68PrXA6Y-unsplash-1024x683.jpg 1024w, https:\/\/myfoodoffice.com\/wp-content\/uploads\/2022\/08\/gradienta-LeG68PrXA6Y-unsplash-768x512.jpg 768w, https:\/\/myfoodoffice.com\/wp-content\/uploads\/2022\/08\/gradienta-LeG68PrXA6Y-unsplash-1536x1024.jpg 1536w, https:\/\/myfoodoffice.com\/wp-content\/uploads\/2022\/08\/gradienta-LeG68PrXA6Y-unsplash-2048x1365.jpg 2048w, https:\/\/myfoodoffice.com\/wp-content\/uploads\/2022\/08\/gradienta-LeG68PrXA6Y-unsplash-18x12.jpg 18w, https:\/\/myfoodoffice.com\/wp-content\/uploads\/2022\/08\/gradienta-LeG68PrXA6Y-unsplash-2000x1333.jpg 2000w\" sizes=\"auto, (max-width: 2560px) 100vw, 2560px\" \/><div class=\"wp-block-cover__inner-container is-layout-flow wp-block-cover-is-layout-flow\">\n<div style=\"height:40px\" aria-hidden=\"true\" class=\"wp-block-spacer\"><\/div>\n\n\n\n<h2 class=\"wp-block-heading has-text-align-left\" style=\"font-size:50px\"><strong><span style=\"text-decoration: underline;\">\u00c9n<\/span> plattform for \u00e5 f\u00f8lge opp dine<\/strong><\/h2>\n\n\n\n<div style=\"height:80px\" aria-hidden=\"true\" class=\"wp-block-spacer\"><\/div>\n\n\n\n<div class=\"wp-block-columns is-layout-flex wp-container-core-columns-is-layout-9d6595d7 wp-block-columns-is-layout-flex\">\n<div class=\"wp-block-column is-layout-flow wp-block-column-is-layout-flow\">\n<h1 class=\"wp-block-heading\"><mark style=\"background-color:rgba(0, 0, 0, 0)\" class=\"has-inline-color has-white-color\">Produkter<\/mark><\/h1>\n\n\n\n<p>Alle verkt\u00f8yene du trenger.<br>F\u00e5 p\u00e5 kontroll p\u00e5 hele produktportef\u00f8ljen fra ett sted.<\/p>\n\n\n\n<div class=\"wp-block-buttons is-layout-flex wp-block-buttons-is-layout-flex\">\n<div class=\"wp-block-button has-custom-font-size has-small-font-size\"><a class=\"wp-block-button__link wp-element-button\" href=\"https:\/\/myfoodoffice.com\/no\/manage-your-products\/\">L\u00e6r mer<\/a><\/div>\n\n\n\n<div class=\"wp-block-button has-custom-font-size has-small-font-size\"><a class=\"wp-block-button__link wp-element-button\" href=\"https:\/\/app.myfoodoffice.com\/auth\/signup\/?locale\">Kom i gang<\/a><\/div>\n<\/div>\n<\/div>\n\n\n\n<div class=\"wp-block-column is-layout-flow wp-block-column-is-layout-flow\">\n<h1 class=\"wp-block-heading\"><mark style=\"background-color:rgba(0, 0, 0, 0)\" class=\"has-inline-color has-white-color\">Daglig drift<\/mark><\/h1>\n\n\n\n<p>Str\u00f8mlinjeformet og automatisert.<br>Vi kobler dine salgskanaler med driften.<\/p>\n\n\n\n<div class=\"wp-block-buttons is-layout-flex wp-block-buttons-is-layout-flex\">\n<div class=\"wp-block-button has-custom-font-size has-small-font-size\"><a class=\"wp-block-button__link wp-element-button\" href=\"https:\/\/myfoodoffice.com\/no\/manage-your-business\/\">L\u00e6r mer<\/a><\/div>\n\n\n\n<div class=\"wp-block-button has-custom-font-size has-small-font-size\"><a class=\"wp-block-button__link wp-element-button\" href=\"https:\/\/app.myfoodoffice.com\/auth\/signup\/?locale\">Kom i gang<\/a><\/div>\n<\/div>\n<\/div>\n<\/div>\n\n\n\n<div style=\"height:136px\" aria-hidden=\"true\" class=\"wp-block-spacer\"><\/div>\n<\/div><\/div>\n\n\n\n<div class=\"wp-block-cover alignfull is-light book-demo-wide\"><span aria-hidden=\"true\" class=\"wp-block-cover__background has-background-dim-100 has-background-dim has-background-gradient\" style=\"background:linear-gradient(135deg,rgb(255,255,255) 0%,rgb(169,184,195) 100%)\"><\/span><div class=\"wp-block-cover__inner-container is-layout-flow wp-block-cover-is-layout-flow\">\n<div style=\"height:40px\" aria-hidden=\"true\" class=\"wp-block-spacer\"><\/div>\n\n\n\n<h2 class=\"wp-block-heading has-text-align-center\">Har du sp\u00f8rsm\u00e5l?<\/h2>\n\n\n\n<h2 class=\"wp-block-heading has-text-align-center\">\u00d8nsker du en guidet demo?<\/h2>\n\n\n\n<h2 class=\"wp-block-heading has-text-align-center\">Book et m\u00f8te med oss!<\/h2>\n\n\n\n\n\n\n\n\n<br \/>\n<!-- Start of Meetings Embed Script --><\/p>\n<div class=\"meetings-iframe-container\" data-src=\"https:\/\/meetings.hubspot.com\/martin-lang?embed=true\"><\/div>\n<p><script type=\"text\/javascript\" src=\"https:\/\/static.hsappstatic.net\/MeetingsEmbed\/ex\/MeetingsEmbedCode.js\"><\/script><!-- End of Meetings Embed Script \u2014>--><br \/>\n\n\n\n\n<\/div><\/div>\n\n\n\n<div class=\"wp-block-columns is-layout-flex wp-container-core-columns-is-layout-9d6595d7 wp-block-columns-is-layout-flex\">\n<div class=\"wp-block-column feature-colorful-container is-layout-flow wp-block-column-is-layout-flow\">\n<h2 class=\"wp-block-heading\">Vi har alt du trenger for \u00e5 f\u00f8lge opp <\/h2>\n\n\n\n<div class=\"wp-block-columns is-layout-flex wp-container-core-columns-is-layout-9d6595d7 wp-block-columns-is-layout-flex\">\n<div class=\"wp-block-column is-layout-flow wp-block-column-is-layout-flow\">\n<h3 class=\"wp-block-heading\">Daglig drift<\/h3>\n<\/div>\n<\/div>\n\n\n\n<div class=\"wp-block-columns is-layout-flex wp-container-core-columns-is-layout-9d6595d7 wp-block-columns-is-layout-flex\">\n<div class=\"wp-block-column feature-box-colored feature-box-green is-layout-flow wp-block-column-is-layout-flow\">\n<h4 class=\"wp-block-heading\">B2B Salg<\/h4>\n\n\n\n<p>Driver dere en utsalgskjede, engros eller bedriftsalg? <br> Alt-i-ett l\u00f8sningen for alle dine salgskanaler. <br><\/p>\n<\/div>\n\n\n\n<div class=\"wp-block-column feature-box-colored feature-box-green is-layout-flow wp-block-column-is-layout-flow\">\n<h4 class=\"wp-block-heading\">Produksjon<\/h4>\n\n\n\n<p>G\u00e5 digitalt med din produksjon. Ferdig utregnet batchst\u00f8rrelser automatisk klargjort og mye mer.<\/p>\n<\/div>\n\n\n\n<div class=\"wp-block-column feature-box-colored feature-box-green is-layout-flow wp-block-column-is-layout-flow\">\n<h4 class=\"wp-block-heading\">Pakking<\/h4>\n\n\n\n<p>V\u00e5re digitale verkt\u00f8y \u00f8ker farten med plukking og pakking av ordre. F\u00e6rre feil gir god stemning.<\/p>\n<\/div>\n\n\n\n<div class=\"wp-block-column feature-box-colored feature-box-green is-layout-flow wp-block-column-is-layout-flow\">\n<h4 class=\"wp-block-heading\">Connect<\/h4>\n\n\n\n<p>Kutt ut un\u00f8dvendig dataregistrering fra ett system til et annet. Automatiser data mot POS, regnskap og nettbutikk.<\/p>\n<\/div>\n<\/div>\n\n\n\n<div class=\"wp-block-columns is-layout-flex wp-container-core-columns-is-layout-9d6595d7 wp-block-columns-is-layout-flex\">\n<div class=\"wp-block-column is-layout-flow wp-block-column-is-layout-flow\">\n<h3 class=\"wp-block-heading\">Produkter<\/h3>\n<\/div>\n<\/div>\n\n\n\n<div class=\"wp-block-columns is-layout-flex wp-container-core-columns-is-layout-9d6595d7 wp-block-columns-is-layout-flex\">\n<div class=\"wp-block-column feature-box-colored feature-box-blue is-layout-flow wp-block-column-is-layout-flow\">\n<h4 class=\"wp-block-heading\">Varedeklarasjon<\/h4>\n\n\n\n<p>F\u00e5 orden p\u00e5 alle oppskriftene. S\u00f8rg for riktige og oppdaterte varedeklarasjoner<\/p>\n<\/div>\n\n\n\n<div class=\"wp-block-column feature-box-colored feature-box-blue is-layout-flow wp-block-column-is-layout-flow\">\n<h4 class=\"wp-block-heading\">Pro Verkt\u00f8y<\/h4>\n\n\n\n<p>N\u00e5r matmerking er din hovedoppgave. V\u00e5re avanserte verkt\u00f8y tar deg videre.<\/p>\n<\/div>\n\n\n\n<div class=\"wp-block-column feature-box-colored feature-box-blue is-layout-flow wp-block-column-is-layout-flow\">\n<h4 class=\"wp-block-heading\">Etiketter<\/h4>\n\n\n\n<p>Automatiser etikettdesign og innhold. Enkelt og greit. Alltid oppdatert med oppskriftene. <\/p>\n<\/div>\n\n\n\n<div class=\"wp-block-column feature-box-colored feature-box-blue is-layout-flow wp-block-column-is-layout-flow\">\n<h4 class=\"wp-block-heading\">Produktkalkyle<\/h4>\n\n\n\n<p>Kjenn salgsmarginene dine og m\u00f8t konkurransen med selvtillit. Vi gir deg handlekraftig innsikt.<\/p>\n<\/div>\n<\/div>\n<\/div>\n<\/div>\n\n\n\n<div class=\"wp-block-cover alignfull is-light has-parallax is-position-center-center\" style=\"min-height:597px;aspect-ratio:unset;\"><span aria-hidden=\"true\" class=\"wp-block-cover__background has-black-background-color has-background-dim-40 has-background-dim\"><\/span><div role=\"img\" class=\"wp-block-cover__image-background wp-image-1096 has-parallax\" style=\"background-position:50% 50%;background-image:url(https:\/\/myfoodoffice.com\/wp-content\/uploads\/2022\/07\/laura-lefurgey-smith-MGXNnStUi0s-unsplash-scaled.jpg)\"><\/div><div class=\"wp-block-cover__inner-container is-layout-flow wp-block-cover-is-layout-flow\">\n<p class=\"has-text-align-center has-text-color has-huge-font-size\" style=\"color:#fffffa;line-height:1.1\"><\/p>\n\n\n\n<div style=\"height:186px\" aria-hidden=\"true\" class=\"wp-block-spacer\"><\/div>\n\n\n\n<p class=\"has-text-align-center has-white-color has-text-color has-large-font-size\"><strong>MyFoodOffice hjelper deg \u00e5<\/strong><\/p>\n\n\n\n\n\n\n\n\n\n\n\n<div class=\"wp-block-typing-text-typing-text-block no-translation  root-eb-typing-text-55oqrxm\" data-no-translation=\"\"><div class=\"eb-parent-wrapper eb-parent-eb-typing-text-55oqrxm\"><div class=\"eb-typed-wrapper eb-typing-text-55oqrxm\" data-id=\"eb-typing-text-55oqrxm\"><div class=\"eb-typed-content\" data-type-speed=\"50\" data-start-delay=\"0\" data-smart-backspace=\"true\" data-back-speed=\"40\" data-back-delay=\"700\" data-fade=\"false\" data-fade-delay=\"500\" data-loop=\"true\" data-cursor=\"true\"><span class=\"eb-typed-prefix\"><\/span><span class=\"eb-typed-text-wrapper is-hidden\"><span class=\"eb-typed-text\">selge mer<\/span><span class=\"eb-typed-text\">\u00f8ke fortjenesten<\/span><span class=\"eb-typed-text\">bli mer effektiv<\/span><\/span><span class=\"eb-typed-view\"><\/span><span class=\"eb-typed-suffix\"><\/span><\/div><\/div><\/div><\/div>\n\n\n\n\n\n\n\n\n\n\n\n\n\n\n\n<div class=\"wp-block-buttons is-horizontal is-content-justification-center is-layout-flex wp-container-core-buttons-is-layout-499968f5 wp-block-buttons-is-layout-flex\">\n<div class=\"wp-block-button is-style-outline is-style-outline--3\"><a class=\"wp-block-button__link has-white-color has-vivid-cyan-blue-background-color has-text-color has-background wp-element-button\" href=\"https:\/\/app.myfoodoffice.com\/auth\/signup\" target=\"_blank\" rel=\"noreferrer noopener\">Kom i gang<\/a><\/div>\n<\/div>\n\n\n\n<div style=\"height:190px\" aria-hidden=\"true\" class=\"wp-block-spacer\"><\/div>\n<\/div><\/div>","protected":false},"excerpt":{"rendered":"<p>The story of the company that revolutionised the world of bakery and pastry: now MyFoodOffice joins Pav\u00e9 Milano in the digitalisation challenge Pav\u00e9 Milano, the innovative caf\u00e9 born 10 years ago from the vision of three friends determined to revolutionize breakfast in Milan, has charted an incredible growth trajectory. Constantly evolving, Pav\u00e9 has opened new &hellip; <\/p>\n<p class=\"link-more\"><a href=\"https:\/\/myfoodoffice.com\/no\/customer-stories\/story-pave-milano\/\" class=\"more-link\">Read more<span class=\"screen-reader-text\"> &#8220;Story &#8211; Pav\u00e9 Milano&#8221;<\/span><\/a><\/p>","protected":false},"author":4,"featured_media":0,"parent":1196,"menu_order":0,"comment_status":"closed","ping_status":"closed","template":"","meta":{"content-type":"","_eb_attr":"","_kad_blocks_custom_css":"","_kad_blocks_head_custom_js":"","_kad_blocks_body_custom_js":"","_kad_blocks_footer_custom_js":"","_kadence_starter_templates_imported_post":false,"footnotes":""},"class_list":["post-3549","page","type-page","status-publish","hentry"],"taxonomy_info":[],"featured_image_src_large":false,"author_info":{"display_name":"Heidi","author_link":"https:\/\/myfoodoffice.com\/no\/author\/heidi\/"},"comment_info":0,"_links":{"self":[{"href":"https:\/\/myfoodoffice.com\/no\/wp-json\/wp\/v2\/pages\/3549","targetHints":{"allow":["GET"]}}],"collection":[{"href":"https:\/\/myfoodoffice.com\/no\/wp-json\/wp\/v2\/pages"}],"about":[{"href":"https:\/\/myfoodoffice.com\/no\/wp-json\/wp\/v2\/types\/page"}],"author":[{"embeddable":true,"href":"https:\/\/myfoodoffice.com\/no\/wp-json\/wp\/v2\/users\/4"}],"replies":[{"embeddable":true,"href":"https:\/\/myfoodoffice.com\/no\/wp-json\/wp\/v2\/comments?post=3549"}],"version-history":[{"count":16,"href":"https:\/\/myfoodoffice.com\/no\/wp-json\/wp\/v2\/pages\/3549\/revisions"}],"predecessor-version":[{"id":3580,"href":"https:\/\/myfoodoffice.com\/no\/wp-json\/wp\/v2\/pages\/3549\/revisions\/3580"}],"up":[{"embeddable":true,"href":"https:\/\/myfoodoffice.com\/no\/wp-json\/wp\/v2\/pages\/1196"}],"wp:attachment":[{"href":"https:\/\/myfoodoffice.com\/no\/wp-json\/wp\/v2\/media?parent=3549"}],"curies":[{"name":"wp","href":"https:\/\/api.w.org\/{rel}","templated":true}]}}