{"id":1711,"date":"2022-08-03T07:34:26","date_gmt":"2022-08-03T07:34:26","guid":{"rendered":"https:\/\/blog.myfoodoffice.com\/?page_id=1711"},"modified":"2025-04-14T13:34:14","modified_gmt":"2025-04-14T13:34:14","slug":"pricing","status":"publish","type":"page","link":"https:\/\/myfoodoffice.com\/sv\/pricing\/","title":{"rendered":"Priser"},"content":{"rendered":"<div style=\"height:55px\" aria-hidden=\"true\" class=\"wp-block-spacer\"><\/div>\n\n\n\n<h1 class=\"wp-block-heading has-text-align-center has-x-large-font-size\">Betala f\u00f6r det du beh\u00f6ver.<\/h1>\n\n\n\n<h2 class=\"wp-block-heading has-text-align-center has-vivid-cyan-blue-color has-text-color has-large-font-size\">Uppgradera ved behov.<\/h2>\n\n\n\n<p class=\"has-text-align-center\"><em>Inga f\u00f6rpliktelser, avbryt n\u00e4r som helst.<\/em><\/p>\n\n\n\n<div class=\"wp-block-columns is-layout-flex wp-container-core-columns-is-layout-9d6595d7 wp-block-columns-is-layout-flex\">\n<div class=\"wp-block-column pricing-box is-layout-flow wp-block-column-is-layout-flow\">\n<h3 class=\"wp-block-heading\">B2B f\u00f6rs\u00e4ljning<br>Standard<\/h3>\n\n\n\n<h4 class=\"wp-block-heading\" style=\"font-size:14px;font-style:normal;font-weight:300\"><strong><strong>EUR 209<\/strong> <\/strong>\/ m\u00e5nad<br><strong><mark style=\"background-color:rgba(0, 0, 0, 0);color:#939393\" class=\"has-inline-color\">Betalas \u00e5rligen<\/mark><\/strong><\/h4>\n\n\n\n<p>Allt du beh\u00f6ver f\u00f6r att komma ig\u00e5ng.<\/p>\n\n\n\n<div class=\"wp-block-buttons is-layout-flex wp-block-buttons-is-layout-flex\">\n<div class=\"wp-block-button has-custom-font-size has-small-font-size\"><a class=\"wp-block-button__link wp-element-button\" href=\"https:\/\/myfoodoffice.com\/sv\/book-a-demo\/\">BOOK DEMO<\/a><\/div>\n<\/div>\n<\/div>\n\n\n\n<div class=\"wp-block-column pricing-box is-layout-flow wp-block-column-is-layout-flow\">\n<h3 class=\"wp-block-heading\">B2B f\u00f6rs\u00e4ljning<br>Pro<\/h3>\n\n\n\n<h4 class=\"wp-block-heading\" style=\"font-size:14px;font-style:normal;font-weight:300\"><strong><strong>EUR 209<\/strong> <\/strong>\/ m\u00e5nad<br><strong><mark style=\"background-color:rgba(0, 0, 0, 0);color:#939393\" class=\"has-inline-color\">Betalas \u00e5rligen<\/mark><\/strong><\/h4>\n\n\n\n<p>Komplexiteten i B2B-f\u00f6rs\u00e4ljning f\u00f6renklad.<\/p>\n\n\n\n<div class=\"wp-block-buttons is-layout-flex wp-block-buttons-is-layout-flex\">\n<div class=\"wp-block-button has-custom-font-size has-small-font-size\"><a class=\"wp-block-button__link wp-element-button\" href=\"https:\/\/myfoodoffice.com\/sv\/book-a-demo\/\" target=\"_blank\" rel=\"noreferrer noopener\">BOOK DEMO<\/a><\/div>\n<\/div>\n<\/div>\n\n\n\n<div class=\"wp-block-column pricing-box is-layout-flow wp-block-column-is-layout-flow\">\n<h3 class=\"wp-block-heading\">Produktion <\/h3>\n\n\n\n<h4 class=\"wp-block-heading\" style=\"font-size:14px;font-style:normal;font-weight:300\"><strong><strong>EUR 119<\/strong> <\/strong>\/ m\u00e5nad<br><strong><mark style=\"background-color:rgba(0, 0, 0, 0);color:#939393\" class=\"has-inline-color\">Betalas \u00e5rligen<\/mark><\/strong><\/h4>\n\n\n\n<p>G\u00e5 digitalt f\u00f6r enkel uppf\u00f6ljning av produktionen.<\/p>\n\n\n\n<div class=\"wp-block-buttons is-layout-flex wp-block-buttons-is-layout-flex\">\n<div class=\"wp-block-button has-custom-font-size has-small-font-size\"><a class=\"wp-block-button__link wp-element-button\" href=\"https:\/\/myfoodoffice.com\/sv\/book-a-demo\/\">BOOK DEMO<\/a><\/div>\n<\/div>\n<\/div>\n\n\n\n<div class=\"wp-block-column pricing-box is-layout-flow wp-block-column-is-layout-flow\">\n<h3 class=\"wp-block-heading\">Packning<\/h3>\n\n\n\n<h4 class=\"wp-block-heading\" style=\"font-size:14px;font-style:normal;font-weight:300\"><strong><strong>EUR 119<\/strong> <\/strong>\/ m\u00e5nad<br><strong><mark style=\"background-color:rgba(0, 0, 0, 0);color:#939393\" class=\"has-inline-color\">Betalas \u00e5rligen<\/mark><\/strong><\/h4>\n\n\n\n<p>Minska fel och \u00f6ka effektiviteten med orderplockning.<\/p>\n\n\n\n<div class=\"wp-block-buttons is-layout-flex wp-block-buttons-is-layout-flex\">\n<div class=\"wp-block-button has-custom-font-size has-small-font-size\"><a class=\"wp-block-button__link wp-element-button\" href=\"https:\/\/myfoodoffice.com\/sv\/book-a-demo\/\">BOOK DEMO<\/a><\/div>\n<\/div>\n<\/div>\n\n\n\n<div class=\"wp-block-column pricing-box is-layout-flow wp-block-column-is-layout-flow\">\n<h3 class=\"wp-block-heading\">Connect<\/h3>\n\n\n\n<h4 class=\"wp-block-heading\" style=\"font-size:14px;font-style:normal;font-weight:300\"><strong><strong>EUR 49<\/strong> <\/strong>\/ m\u00e5nad<br><strong><mark style=\"background-color:rgba(0, 0, 0, 0);color:#939393\" class=\"has-inline-color\">Betalas \u00e5rligen<\/mark><\/strong><\/h4>\n\n\n\n<p>Automatisera datafl\u00f6det mellan system.<\/p>\n\n\n\n<div class=\"wp-block-buttons is-layout-flex wp-block-buttons-is-layout-flex\">\n<div class=\"wp-block-button has-custom-font-size has-small-font-size\"><a class=\"wp-block-button__link wp-element-button\" href=\"https:\/\/myfoodoffice.com\/sv\/book-a-demo\/\">BOOK DEMO<\/a><\/div>\n<\/div>\n<\/div>\n<\/div>\n\n\n\n<div style=\"height:70px\" aria-hidden=\"true\" class=\"wp-block-spacer\"><\/div>\n\n\n\n<div class=\"wp-block-columns is-layout-flex wp-container-core-columns-is-layout-9d6595d7 wp-block-columns-is-layout-flex\">\n<div class=\"wp-block-column pricing-box is-layout-flow wp-block-column-is-layout-flow\">\n<h3 class=\"wp-block-heading\">Varudeklaration<br>Standard<\/h3>\n\n\n\n<h5 class=\"wp-block-heading\" style=\"font-size:14px;font-style:normal;font-weight:300\"><strong><strong>EUR 49<\/strong> <\/strong>\/ m\u00e5nad<br><strong><mark style=\"background-color:rgba(0, 0, 0, 0);color:#939393\" class=\"has-inline-color\">Betalas \u00e5rligen<\/mark><\/strong><\/h5>\n\n\n\n<p>F\u00e5 full kontroll \u00f6ver recept och produktdeklarationer.<\/p>\n\n\n\n<div class=\"wp-block-buttons is-vertical is-layout-flex wp-container-core-buttons-is-layout-0ca5407a wp-block-buttons-is-layout-flex\">\n<div class=\"wp-block-button has-custom-font-size has-small-font-size\"><a class=\"wp-block-button__link wp-element-button\" href=\"https:\/\/app.myfoodoffice.com\/auth\/signup\/?locale\" target=\"_blank\" rel=\"noreferrer noopener\">Prova gratis<\/a><\/div>\n<\/div>\n<\/div>\n\n\n\n<div class=\"wp-block-column pricing-box is-layout-flow wp-block-column-is-layout-flow\">\n<h3 class=\"wp-block-heading\">Varudeklaration<br>Pro <\/h3>\n\n\n\n<h5 class=\"wp-block-heading\" style=\"font-size:14px;font-style:normal;font-weight:300\"><strong><strong>EUR 119<\/strong> <\/strong>\/ m\u00e5nad<br><strong><mark style=\"background-color:rgba(0, 0, 0, 0);color:#939393\" class=\"has-inline-color\">Betalas \u00e5rligen<\/mark><\/strong> <\/h5>\n\n\n\n<p>N\u00e4r produktdeklarationer \u00e4r ditt huvudsakliga jobb. Perfekta verktyg f\u00f6r experter. <br><\/p>\n\n\n\n<div class=\"wp-block-buttons is-layout-flex wp-container-core-buttons-is-layout-6b4e3324 wp-block-buttons-is-layout-flex\">\n<div class=\"wp-block-button has-custom-font-size has-small-font-size\"><a class=\"wp-block-button__link wp-element-button\" href=\"https:\/\/app.myfoodoffice.com\/auth\/signup\/?locale\" target=\"_blank\" rel=\"noreferrer noopener\">Prova gratis<\/a><\/div>\n<\/div>\n<\/div>\n\n\n\n<div class=\"wp-block-column pricing-box is-layout-flow wp-block-column-is-layout-flow\">\n<h3 class=\"wp-block-heading\">Etiketter<\/h3>\n\n\n\n<h4 class=\"wp-block-heading\" style=\"font-size:14px;font-style:normal;font-weight:300\"><strong><strong>EUR 49<\/strong> <\/strong>\/ m\u00e5nad<br><strong><mark style=\"background-color:rgba(0, 0, 0, 0);color:#939393\" class=\"has-inline-color\">Betalas \u00e5rligen<\/mark><\/strong><\/h4>\n\n\n\n<p>Etiketter uppdateras alltid med de senaste \u00e4ndringarna i receptet.<br><\/p>\n\n\n\n<div class=\"wp-block-buttons is-layout-flex wp-container-core-buttons-is-layout-6b4e3324 wp-block-buttons-is-layout-flex\">\n<div class=\"wp-block-button has-custom-font-size has-small-font-size\"><a class=\"wp-block-button__link wp-element-button\" href=\"https:\/\/app.myfoodoffice.com\/auth\/signup\/?locale\" target=\"_blank\" rel=\"noreferrer noopener\">Prova gratis<\/a><\/div>\n<\/div>\n<\/div>\n\n\n\n<div class=\"wp-block-column pricing-box is-layout-flow wp-block-column-is-layout-flow\">\n<h3 class=\"wp-block-heading\">Produktkalkyl<\/h3>\n\n\n\n<h2 class=\"wp-block-heading\" style=\"font-size:14px;font-style:normal;font-weight:300\"><strong><strong>EUR 119<\/strong> <\/strong>\/ m\u00e5nad<br><strong><mark style=\"background-color:rgba(0, 0, 0, 0);color:#939393\" class=\"has-inline-color\">Betalas \u00e5rligen<\/mark><\/strong><\/h2>\n\n\n\n<p>K\u00e4nn till dina f\u00f6rs\u00e4ljningsmarginaler. Anv\u00e4ndbara insikter f\u00f6r f\u00f6rb\u00e4ttrade vinster. <br><\/p>\n\n\n\n<div class=\"wp-block-buttons is-layout-flex wp-container-core-buttons-is-layout-6b4e3324 wp-block-buttons-is-layout-flex\">\n<div class=\"wp-block-button has-custom-font-size has-small-font-size\"><a class=\"wp-block-button__link wp-element-button\" href=\"https:\/\/app.myfoodoffice.com\/auth\/signup\/?locale\" target=\"_blank\" rel=\"noreferrer noopener\">Prova gratis<\/a><\/div>\n<\/div>\n<\/div>\n<\/div>\n\n\n\n<h1 class=\"wp-block-heading has-text-align-center has-vivid-cyan-blue-color has-text-color has-large-font-size\">Med \u00e5rlig betalning sparar du 15%!<\/h1>\n\n\n\n<p class=\"has-text-align-center\">*Priser exklusive moms.<\/p>\n\n\n\n<div style=\"height:100px\" aria-hidden=\"true\" class=\"wp-block-spacer\"><\/div>\n\n\n<style type='text\/css' media='all'>#tss-container-663297372.tss-wrapper .tss-layout10 .item-content-wrapper,\r\n\t\t\t\t\t#tss-container-663297372.tss-wrapper .tss-isotope3 .item-content-wrapper,\r\n\t\t\t\t\t#tss-container-663297372.tss-wrapper .tss-isotope5 .item-content-wrapper,\r\n\t\t\t\t\t#tss-container-663297372.tss-wrapper .tss-carousel10 .item-content-wrapper{background: transparent;}<\/style><div class='rt-container-fluid tss-wrapper testimonial-profile-pic' id='tss-container-663297372'  data-layout='carousel3' data-desktop-col='1'  data-tab-col='1'  data-mobile-col='1'><div data-title='Loading ...' class='rt-row tss-carousel3 tss-even tss-pre-loader'><div class=\"carousel-wrapper\"><div  class='tss-carousel swiper'\r\n\t\t\t\t\t\t\t\t\t\tdata-loop='false'\r\n\t\t\t\t\t\t\t\t\t\tdata-items-desktop='1'\r\n\t\t\t\t\t\t\t\t\t\tdata-items-tab='1'\r\n\t\t\t\t\t\t\t\t\t\tdata-items-mobile='1'\r\n\t\t\t\t\t\t\t\t\t\tdata-autoplay='true'\r\n\t\t\t\t\t\t\t\t\t\tdata-autoplay-timeout='5000'\r\n\t\t\t\t\t\t\t\t\t\tdata-autoplay-hover-pause='false'\r\n\t\t\t\t\t\t\t\t\t\tdata-dots='true'\r\n\t\t\t\t\t\t\t\t\t\tdata-nav='false'\r\n\t\t\t\t\t\t\t\t\t\tdata-lazy-load='false'\r\n\t\t\t\t\t\t\t\t\t\tdata-auto-height='false'\r\n\t\t\t\t\t\t\t\t\t\tdata-smart-speed='5000'\r\n\t\t\t\t\t\t\t\t\t\t><div class=\"swiper-wrapper\"><div class='rt-col-md-12 rt-col-sm-12 rt-col-xs-12 even-grid-item tss-grid-item slide-item swiper-slide even-grid-item default-margin'><div class=\"single-item-wrapper\"><div class=\"tss-meta-info\"><div class='profile-img-wrapper'><img alt='Francesco Previati' class='rt-responsive-img' src='https:\/\/myfoodoffice.com\/wp-content\/uploads\/2025\/10\/WhatsApp-Image-2025-09-16-at-20.06.10-200x300.jpeg' \/><\/div><\/div><h3 class='author-name'>Francesco Previati<\/h3><h4 class=\"author-bio\"><span class='author-designation'>Owner &amp; Founder<\/span>, <span class='item-company'>Backificio<\/span>, <span class='author-location'>Lana (BZ), Italy<\/span><\/h4><div class=\"item-content-wrapper\"><div class='item-content'><p style=\"text-align: center\">I run everything from my phone. Customer orders used to be a nightmare.<\/p>\r\n<p style=\"text-align: center\">With MyFoodOffice, it\u2019s all under control. I could never go back!<\/p>\r\n<p style=\"text-align: center\">&#8230;plus, the support is amazing!<\/p><\/div><\/div><\/div><\/div><div class='rt-col-md-12 rt-col-sm-12 rt-col-xs-12 even-grid-item tss-grid-item slide-item swiper-slide even-grid-item default-margin'><div class=\"single-item-wrapper\"><div class=\"tss-meta-info\"><div class='profile-img-wrapper'><img alt='Kim Larsen ,CEO, Larsens Bakeruy' class='rt-responsive-img' src='https:\/\/myfoodoffice.com\/wp-content\/uploads\/2023\/01\/Larsens-Bakeri_web3-1404x790-2-300x300.jpg' \/><\/div><\/div><h3 class='author-name'>Kim \u00c5ge Larsen<\/h3><h4 class=\"author-bio\"><span class='author-designation'>Verkst\u00e4llande direkt\u00f6r<\/span>, <span class='item-company'>Larsens Bakeri<\/span>, <span class='author-location'>Farsund, Norge<\/span><\/h4><div class=\"item-content-wrapper\"><div class='item-content'><p style=\"text-align: center\">Det har gett en otrolig besparing.<\/p>\r\n<p style=\"text-align: center\">Bara f\u00f6r min egen del sparar jag 40-50 timmar i m\u00e5naden. Det \u00e4r helt galet.<\/p>\r\n<p style=\"text-align: center\">Jag trodde inte att det var m\u00f6jligt.<\/p><\/div><\/div><\/div><\/div><div class='rt-col-md-12 rt-col-sm-12 rt-col-xs-12 even-grid-item tss-grid-item slide-item swiper-slide even-grid-item default-margin'><div class=\"single-item-wrapper\"><div class=\"tss-meta-info\"><div class='profile-img-wrapper'><img alt='Manuel Chovin, bakerigr\u00fcnder' class='rt-responsive-img' src='https:\/\/myfoodoffice.com\/wp-content\/uploads\/2023\/01\/LowResBoulangerie-2-300x300.jpg' \/><\/div><\/div><h3 class='author-name'>Manuel Chovin<\/h3><h4 class=\"author-bio\"><span class='author-designation'>Bagerientrepren\u00f6r<\/span>, <span class='item-company'>Boulangerie M<\/span>, <span class='author-location'>Oslo, Norge<\/span><\/h4><div class=\"item-content-wrapper\"><div class='item-content'>&nbsp;\r\n<p style=\"text-align: center\">MyFoodOffice f\u00f6r\u00e4ndrade mitt liv \u2764\ufe0f\ud83e\udd42 Bra jobbat!<\/p>\r\n&nbsp;\r\n<p style=\"text-align: center\">Nu har vi ett bra och enkelt s\u00e4tt att effektivisera alla v\u00e5ra best\u00e4llningar.<\/p><\/div><\/div><\/div><\/div><div class='rt-col-md-12 rt-col-sm-12 rt-col-xs-12 even-grid-item tss-grid-item slide-item swiper-slide even-grid-item default-margin'><div class=\"single-item-wrapper\"><div class=\"tss-meta-info\"><div class='profile-img-wrapper'><img alt='Andr\u00e9 L\u00f8vaas' class='rt-responsive-img' src='https:\/\/myfoodoffice.com\/wp-content\/uploads\/2022\/07\/IMG_1677CROP2-300x300-1.jpeg' \/><\/div><\/div><h3 class='author-name'>Andr\u00e9 L\u00f8vaas<\/h3><h4 class=\"author-bio\"><span class='author-designation'>Produktutvecklingschef<\/span>, <span class='item-company'>\u00c5pent Bakeri<\/span>, <span class='author-location'>Oslo, Norge<\/span><\/h4><div class=\"item-content-wrapper\"><div class='item-content'><p style=\"text-align: center\">MyFoodOffice \u00e4r enkelt att anv\u00e4nda.<\/p>\r\n<p style=\"text-align: center\">Den ger dig bra receptadministration.<\/p>\r\n<p style=\"text-align: center\">Mycket bra kundservice n\u00e4r man beh\u00f6ver det.<\/p><\/div><\/div><\/div><\/div><\/div><div class=\"swiper-pagination\"><\/div><\/div><\/div><div class=\"rt-loading-overlay\"><\/div><div class=\"rt-loading rt-ball-clip-rotate\"><div><\/div><\/div><\/div><\/div>\n\n\n<div style=\"height:100px\" aria-hidden=\"true\" class=\"wp-block-spacer\"><\/div>\n\n\n\n<div class=\"wp-block-cover alignfull is-light book-demo-wide\"><span aria-hidden=\"true\" class=\"wp-block-cover__background has-background-dim-100 has-background-dim has-background-gradient\" style=\"background:linear-gradient(135deg,rgb(255,255,255) 0%,rgb(169,184,195) 100%)\"><\/span><div class=\"wp-block-cover__inner-container is-layout-flow wp-block-cover-is-layout-flow\">\n<div style=\"height:40px\" aria-hidden=\"true\" class=\"wp-block-spacer\"><\/div>\n\n\n\n<h2 class=\"wp-block-heading has-text-align-center\">Har du fr\u00e5gor?<\/h2>\n\n\n\n<h2 class=\"wp-block-heading has-text-align-center\">Vill du ha en guidad demo?<\/h2>\n\n\n\n<h2 class=\"wp-block-heading has-text-align-center\">Boka ett m\u00f6te med oss!<\/h2>\n\n\n\n\n\n\n\n\n\n\n\n<br \/>\n<!-- Start of Meetings Embed Script --><\/p>\n<div class=\"meetings-iframe-container\" data-src=\"https:\/\/meetings.hubspot.com\/martin-lang?embed=true\"><\/div>\n<p><script type=\"text\/javascript\" src=\"https:\/\/static.hsappstatic.net\/MeetingsEmbed\/ex\/MeetingsEmbedCode.js\"><\/script><!-- End of Meetings Embed Script \u2014>--><br \/>\n\n<\/div><\/div>\n\n\n\n<div class=\"wp-block-cover alignfull is-light has-parallax is-position-center-center\" style=\"min-height:597px;aspect-ratio:unset;\"><span aria-hidden=\"true\" class=\"wp-block-cover__background has-black-background-color has-background-dim-40 has-background-dim\"><\/span><div role=\"img\" class=\"wp-block-cover__image-background wp-image-1096 has-parallax\" style=\"background-position:50% 50%;background-image:url(https:\/\/myfoodoffice.com\/wp-content\/uploads\/2022\/07\/laura-lefurgey-smith-MGXNnStUi0s-unsplash-scaled.jpg)\"><\/div><div class=\"wp-block-cover__inner-container is-layout-flow wp-block-cover-is-layout-flow\">\n<p class=\"has-text-align-center has-text-color has-huge-font-size\" style=\"color:#fffffa;line-height:1.1\"><\/p>\n\n\n\n<div style=\"height:186px\" aria-hidden=\"true\" class=\"wp-block-spacer\"><\/div>\n\n\n\n<p class=\"has-text-align-center has-white-color has-text-color has-large-font-size\"><strong>MyFoodOffice hj\u00e4lper dig<\/strong><\/p>\n\n\n\n\n\n\n\n\n\n\n\n\n\n\n\n\n\n\n\n<div class=\"wp-block-typing-text-typing-text-block no-translation  root-eb-typing-text-9j26zvy\" data-no-translation=\"\"><div class=\"eb-parent-wrapper eb-parent-eb-typing-text-9j26zvy\"><div class=\"eb-typed-wrapper eb-typing-text-9j26zvy\" data-id=\"eb-typing-text-9j26zvy\"><div class=\"eb-typed-content\" data-type-speed=\"50\" data-start-delay=\"0\" data-smart-backspace=\"true\" data-back-speed=\"40\" data-back-delay=\"700\" data-fade=\"false\" data-fade-delay=\"500\" data-loop=\"true\" data-cursor=\"true\"><span class=\"eb-typed-prefix\"><\/span><span class=\"eb-typed-text-wrapper is-hidden\"><span class=\"eb-typed-text\">s\u00e4lja mer<\/span><span class=\"eb-typed-text\">bli mer l\u00f6nsam<\/span><span class=\"eb-typed-text\">bli mer effektiv<\/span><\/span><span class=\"eb-typed-view\"><\/span><span class=\"eb-typed-suffix\"><\/span><\/div><\/div><\/div><\/div>\n\n\n\n\n\n\n\n<div class=\"wp-block-buttons is-horizontal is-content-justification-center is-layout-flex wp-container-core-buttons-is-layout-499968f5 wp-block-buttons-is-layout-flex\">\n<div class=\"wp-block-button is-style-outline is-style-outline--1\"><a class=\"wp-block-button__link has-white-color has-vivid-cyan-blue-background-color has-text-color has-background wp-element-button\" href=\"https:\/\/app.myfoodoffice.com\/auth\/signup\" target=\"_blank\" rel=\"noreferrer noopener\">KOM IG\u00c5NG<\/a><\/div>\n<\/div>\n\n\n\n<div style=\"height:190px\" aria-hidden=\"true\" class=\"wp-block-spacer\"><\/div>\n<\/div><\/div>\n\n\n\n<h2 class=\"wp-block-heading\"><\/h2>\n\n\n\n<p><\/p>","protected":false},"excerpt":{"rendered":"<p>Pay for what you need. Upgrade as you go. No commitment, cancel anytime. B2B SalesStandard EUR 209 \/ monthBilled Annually Everything you need to get started. B2B SalesPro EUR 209 \/ monthBilled Annually The complexity of B2B sales simplified. Production EUR 119 \/ monthBilled Annually Go digital for easy follow-up of production. Packing EUR 119 &hellip; <\/p>\n<p class=\"link-more\"><a href=\"https:\/\/myfoodoffice.com\/sv\/pricing\/\" class=\"more-link\">L\u00e4s mer<span class=\"screen-reader-text\"> \u201dPricing\u201d<\/span><\/a><\/p>","protected":false},"author":3,"featured_media":0,"parent":0,"menu_order":0,"comment_status":"closed","ping_status":"closed","template":"","meta":{"content-type":"","_eb_attr":"","_kad_blocks_custom_css":"","_kad_blocks_head_custom_js":"","_kad_blocks_body_custom_js":"","_kad_blocks_footer_custom_js":"","_kadence_starter_templates_imported_post":false,"footnotes":""},"class_list":["post-1711","page","type-page","status-publish","hentry"],"taxonomy_info":[],"featured_image_src_large":false,"author_info":{"display_name":"Martin","author_link":"https:\/\/myfoodoffice.com\/sv\/author\/martin\/"},"comment_info":0,"_links":{"self":[{"href":"https:\/\/myfoodoffice.com\/sv\/wp-json\/wp\/v2\/pages\/1711","targetHints":{"allow":["GET"]}}],"collection":[{"href":"https:\/\/myfoodoffice.com\/sv\/wp-json\/wp\/v2\/pages"}],"about":[{"href":"https:\/\/myfoodoffice.com\/sv\/wp-json\/wp\/v2\/types\/page"}],"author":[{"embeddable":true,"href":"https:\/\/myfoodoffice.com\/sv\/wp-json\/wp\/v2\/users\/3"}],"replies":[{"embeddable":true,"href":"https:\/\/myfoodoffice.com\/sv\/wp-json\/wp\/v2\/comments?post=1711"}],"version-history":[{"count":92,"href":"https:\/\/myfoodoffice.com\/sv\/wp-json\/wp\/v2\/pages\/1711\/revisions"}],"predecessor-version":[{"id":3737,"href":"https:\/\/myfoodoffice.com\/sv\/wp-json\/wp\/v2\/pages\/1711\/revisions\/3737"}],"wp:attachment":[{"href":"https:\/\/myfoodoffice.com\/sv\/wp-json\/wp\/v2\/media?parent=1711"}],"curies":[{"name":"wp","href":"https:\/\/api.w.org\/{rel}","templated":true}]}}