{"id":2373,"date":"2022-08-30T09:12:04","date_gmt":"2022-08-30T09:12:04","guid":{"rendered":"https:\/\/blog.myfoodoffice.com\/?page_id=2373"},"modified":"2023-02-05T17:55:30","modified_gmt":"2023-02-05T17:55:30","slug":"story-odegaarden","status":"publish","type":"page","link":"https:\/\/myfoodoffice.com\/sv\/story-odegaarden\/","title":{"rendered":"Story Odegaarden"},"content":{"rendered":"<div style=\"height:40px\" aria-hidden=\"true\" class=\"wp-block-spacer\"><\/div>\n\n\n\n<figure class=\"wp-block-image size-large is-style-rounded\"><img loading=\"lazy\" decoding=\"async\" width=\"1024\" height=\"576\" src=\"https:\/\/blog.myfoodoffice.com\/wp-content\/uploads\/2022\/08\/\u009ddegaarden_2-1024x576.jpg\" alt=\"\" class=\"wp-image-2376\" srcset=\"https:\/\/myfoodoffice.com\/wp-content\/uploads\/2022\/08\/\u009ddegaarden_2-1024x576.jpg 1024w, https:\/\/myfoodoffice.com\/wp-content\/uploads\/2022\/08\/\u009ddegaarden_2-300x169.jpg 300w, https:\/\/myfoodoffice.com\/wp-content\/uploads\/2022\/08\/\u009ddegaarden_2-768x432.jpg 768w, https:\/\/myfoodoffice.com\/wp-content\/uploads\/2022\/08\/\u009ddegaarden_2-18x10.jpg 18w, https:\/\/myfoodoffice.com\/wp-content\/uploads\/2022\/08\/\u009ddegaarden_2.jpg 1500w\" sizes=\"auto, (max-width: 1024px) 100vw, 1024px\" \/><figcaption class=\"wp-element-caption\">Arbetsdagarna p\u00e5 \u00d8degaarden Bakeri og Konditori har blivit enklare med MyFoodOffice.<\/figcaption><\/figure>\n\n\n\n<h2 class=\"has-text-align-center has-medium-font-size wp-block-heading\">De s\u00f6kte noggrant igenom marknaden f\u00f6r att hitta en l\u00f6sning som kunde skapa en b\u00e4ttre arbetsdag. <\/h2>\n\n\n\n<h2 class=\"has-text-align-center has-medium-font-size wp-block-heading\">Det valet blev till slut enkelt.<\/h2>\n\n\n\n<blockquote class=\"wp-block-quote has-text-align-center is-layout-flow wp-block-quote-is-layout-flow\">\n<p class=\"has-black-color has-text-color\"><svg viewbox=\"0 0 24 24\" xmlns=\"http:\/\/www.w3.org\/2000\/svg\" width=\"24\" height=\"24\" aria-hidden=\"true\" focusable=\"false\"><path d=\"M13 6v6h5.2v4c0 .8-.2 1.4-.5 1.7-.6.6-1.6.6-2.5.5h-.3v1.5h.5c1 0 2.3-.1 3.3-1 .6-.6 1-1.6 1-2.8V6H13zm-9 6h5.2v4c0 .8-.2 1.4-.5 1.7-.6.6-1.6.6-2.5.5h-.3v1.5h.5c1 0 2.3-.1 3.3-1 .6-.6 1-1.6 1-2.8V6H4v6z\"><\/path><\/svg> Du beh\u00f6ver inte vara raketingenj\u00f6r f\u00f6r att anv\u00e4nda MyFoodOffice.<br>En timmes utbildning och lite v\u00e4gledning. D\u00e4refter gick allt smidigt.<\/p>\n<cite>Anette Lunde, vice vd, \u00d8degaarden Bakeri<\/cite><\/blockquote>\n\n\n\n<p>\u00d8degaarden Bakeri og Konditori i Vinstra har fyra kaf\u00e9er och en foodtruck. Varje dag producerar de varor till sina egna f\u00f6rs\u00e4ljningsst\u00e4llen, 20 livsmedelsbutiker samt till matsalar, institutioner och f\u00f6rskolor. Bageriet fr\u00e5n 1898 hade kommit till en punkt d\u00e4r de var tvungna att se \u00f6ver sina egna processer, inte minst p\u00e5 grund av mycket manuellt arbete och fel.<\/p>\n\n\n\n<div class=\"wp-block-columns is-layout-flex wp-container-core-columns-is-layout-9d6595d7 wp-block-columns-is-layout-flex\">\n<div class=\"wp-block-column is-layout-flow wp-block-column-is-layout-flow\">\n<h2 class=\"wp-block-heading\">Mycket automation i l\u00f6sningen<\/h2>\n\n\n\n<p><em>\u2013 <\/em>N\u00e4r ni b\u00f6rjade s\u00f6ka, vilka aff\u00e4rsprocesser och alternativa l\u00f6sningar tittade ni p\u00e5 och varf\u00f6r f\u00f6ll valet till slut p\u00e5 MyFoodOffice?<\/p>\n\n\n\n<p><em>\u2013 <\/em>Vi b\u00f6rjade faktiskt med att titta p\u00e5 nya kassasystem f\u00f6r v\u00e5ra butiker. Vi trodde att det skulle l\u00f6sa n\u00e5gra av v\u00e5ra utmaningar, men inte alla. Sedan pratade vi med v\u00e5r bagerif\u00f6rening och tog kontakt med bagerigrupper p\u00e5 sociala medier. Vi fick n\u00e5gra r\u00e5d. Vi pratade med teamet fr\u00e5n MyFoodOffice och n\u00e5gra andra, och l\u00e4t dem demonstrera sina l\u00f6sningar s\u00e5 att vi kunde j\u00e4mf\u00f6ra. MyFoodOffice framstod f\u00f6r oss som den mest moderna och anv\u00e4ndarv\u00e4nliga mjukvaran. Det fanns mycket automation i l\u00f6sningen. Dessutom har teamet p\u00e5 MyFoodOffice en gedigen kunskap om att driva bageri. Det \u00e4r utan tvekan en stor f\u00f6rdel att ha en aff\u00e4rspartner som f\u00f6rst\u00e5r dina utmaningar i vardagen, s\u00e4ger Anette Nyheim Lunde och Merete Brendstuen p\u00e5 \u00d8degaarden Bakeri og Konditori, och forts\u00e4tter:<\/p>\n\n\n\n<p>\u2013 Med den uppf\u00f6ljning vi har f\u00e5tt l\u00e4ngs v\u00e4gen fr\u00e5n teamet p\u00e5 MyFoodOffice \u00e4r vi mer s\u00e4kra \u00e4n n\u00e5gonsin p\u00e5 att vi har valt r\u00e4tt l\u00f6sning och leverant\u00f6r.<\/p>\n<\/div>\n\n\n\n<div class=\"wp-block-column is-vertically-aligned-center is-layout-flow wp-block-column-is-layout-flow\">\n<figure class=\"wp-block-image size-large is-style-default\"><img loading=\"lazy\" decoding=\"async\" width=\"563\" height=\"844\" src=\"https:\/\/blog.myfoodoffice.com\/wp-content\/uploads\/2023\/01\/\u009ddegaarden_11-edited.jpg\" alt=\"\" class=\"wp-image-2752\" srcset=\"https:\/\/myfoodoffice.com\/wp-content\/uploads\/2023\/01\/\u009ddegaarden_11-edited.jpg 563w, https:\/\/myfoodoffice.com\/wp-content\/uploads\/2023\/01\/\u009ddegaarden_11-edited-200x300.jpg 200w, https:\/\/myfoodoffice.com\/wp-content\/uploads\/2023\/01\/\u009ddegaarden_11-edited-8x12.jpg 8w\" sizes=\"auto, (max-width: 563px) 100vw, 563px\" \/><\/figure>\n<\/div>\n<\/div>\n\n\n\n<h2 class=\"wp-block-heading\">Lever upp till l\u00f6ftena<\/h2>\n\n\n\n<p><em>\u2013 <\/em>Hur \u00e4r det med licensavgiften?<\/p>\n\n\n\n<p>Detta \u00e4r naturligtvis en del av bed\u00f6mningen f\u00f6r alla f\u00f6retag. MyFoodOffice ligger prism\u00e4ssigt ungef\u00e4r p\u00e5 samma niv\u00e5 som alternativen. Men efterhand blev licensavgiften mindre och mindre relevant i v\u00e5r utv\u00e4rdering. MyFoodOffice stod i en egen klass n\u00e4r de presenterade sin l\u00f6sning och lyfte fram v\u00e5ra besparingar och f\u00f6rdelar. Det gjordes p\u00e5 ett s\u00e4tt som var anpassat till v\u00e5rt f\u00f6retag och v\u00e5r situation. Och d\u00e5 kan man ju t\u00e4nka sig att det \u00e4r en typisk s\u00e4ljare som \u00f6vers\u00e4ljer och sedan inte levererar \u2013 men s\u00e5 har det inte varit. MyFoodOffice har levererat p\u00e5 alla punkter i efterhand och vi \u00e4r mycket n\u00f6jda med b\u00e5de systemet och leverant\u00f6ren, s\u00e4ger Anette Nyheim Lunde p\u00e5 \u00d8degaarden Bakeri og Konditori.<\/p>\n\n\n\n<h2 class=\"wp-block-heading\">L\u00e4tt att anv\u00e4nda<\/h2>\n\n\n\n<p>Anette Nyheim Lunde har sj\u00e4lv konfigurerat l\u00f6sningen med kunder, produkter och priser och gjort den redo f\u00f6r daglig anv\u00e4ndning.<\/p>\n\n\n\n<p>\u2013 Du beh\u00f6ver inte vara raketingenj\u00f6r f\u00f6r att anv\u00e4nda MyFoodOffice. Vi hade en timmes utbildning med de anst\u00e4llda. D\u00e4refter guidade jag dem lite n\u00e4r de b\u00f6rjade anv\u00e4nda systemet. Sedan gick allt smidigt, s\u00e4ger Lunde.<\/p>\n\n\n\n<figure class=\"wp-block-image size-large\"><img loading=\"lazy\" decoding=\"async\" width=\"1024\" height=\"576\" src=\"https:\/\/blog.myfoodoffice.com\/wp-content\/uploads\/2022\/08\/\u009ddegaarden_14-1024x576.jpg\" alt=\"\" class=\"wp-image-2381\" srcset=\"https:\/\/myfoodoffice.com\/wp-content\/uploads\/2022\/08\/\u009ddegaarden_14-1024x576.jpg 1024w, https:\/\/myfoodoffice.com\/wp-content\/uploads\/2022\/08\/\u009ddegaarden_14-300x169.jpg 300w, https:\/\/myfoodoffice.com\/wp-content\/uploads\/2022\/08\/\u009ddegaarden_14-768x432.jpg 768w, https:\/\/myfoodoffice.com\/wp-content\/uploads\/2022\/08\/\u009ddegaarden_14-18x10.jpg 18w, https:\/\/myfoodoffice.com\/wp-content\/uploads\/2022\/08\/\u009ddegaarden_14.jpg 1500w\" sizes=\"auto, (max-width: 1024px) 100vw, 1024px\" \/><figcaption class=\"wp-element-caption\">Anette Nyheim Lunde (till h\u00f6ger) och Merete Brendstuen p\u00e5 \u00d8degaarden Bakeri og Konditori \u00e4r imponerade \u00f6ver hur enkel \u00f6verg\u00e5ngen till MyFoodOffice var. Bageriet ser redan effekten och f\u00f6rv\u00e4ntar sig att spara tid fram\u00f6ver.<\/figcaption><\/figure>\n\n\n\n<div class=\"wp-block-cover alignfull\" style=\"min-height:600px;aspect-ratio:unset;\"><span aria-hidden=\"true\" class=\"wp-block-cover__background has-background-dim-100 has-background-dim wp-block-cover__gradient-background has-background-gradient\" style=\"background:linear-gradient(135deg,rgb(142,162,248) 0%,rgb(59,67,181) 100%)\"><\/span><img loading=\"lazy\" decoding=\"async\" width=\"2560\" height=\"1707\" class=\"wp-block-cover__image-background wp-image-1405\" alt=\"\" src=\"http:\/\/34.88.199.23\/wp-content\/uploads\/2022\/08\/gradienta-LeG68PrXA6Y-unsplash-scaled.jpg\" data-object-fit=\"cover\" srcset=\"https:\/\/myfoodoffice.com\/wp-content\/uploads\/2022\/08\/gradienta-LeG68PrXA6Y-unsplash-scaled.jpg 2560w, https:\/\/myfoodoffice.com\/wp-content\/uploads\/2022\/08\/gradienta-LeG68PrXA6Y-unsplash-300x200.jpg 300w, https:\/\/myfoodoffice.com\/wp-content\/uploads\/2022\/08\/gradienta-LeG68PrXA6Y-unsplash-1024x683.jpg 1024w, https:\/\/myfoodoffice.com\/wp-content\/uploads\/2022\/08\/gradienta-LeG68PrXA6Y-unsplash-768x512.jpg 768w, https:\/\/myfoodoffice.com\/wp-content\/uploads\/2022\/08\/gradienta-LeG68PrXA6Y-unsplash-1536x1024.jpg 1536w, https:\/\/myfoodoffice.com\/wp-content\/uploads\/2022\/08\/gradienta-LeG68PrXA6Y-unsplash-2048x1365.jpg 2048w, https:\/\/myfoodoffice.com\/wp-content\/uploads\/2022\/08\/gradienta-LeG68PrXA6Y-unsplash-18x12.jpg 18w, https:\/\/myfoodoffice.com\/wp-content\/uploads\/2022\/08\/gradienta-LeG68PrXA6Y-unsplash-2000x1333.jpg 2000w\" sizes=\"auto, (max-width: 2560px) 100vw, 2560px\" \/><div class=\"wp-block-cover__inner-container is-layout-flow wp-block-cover-is-layout-flow\">\n<div style=\"height:40px\" aria-hidden=\"true\" class=\"wp-block-spacer\"><\/div>\n\n\n\n<h2 class=\"wp-block-heading has-text-align-left\" style=\"font-size:50px\"><strong><span style=\"text-decoration: underline;\">En<\/span> plattform f\u00f6r att hantera dina<\/strong><\/h2>\n\n\n\n<div style=\"height:80px\" aria-hidden=\"true\" class=\"wp-block-spacer\"><\/div>\n\n\n\n<div class=\"wp-block-columns is-layout-flex wp-container-core-columns-is-layout-9d6595d7 wp-block-columns-is-layout-flex\">\n<div class=\"wp-block-column is-layout-flow wp-block-column-is-layout-flow\">\n<h1 class=\"wp-block-heading\"><mark style=\"background-color:rgba(0, 0, 0, 0)\" class=\"has-inline-color has-white-color\">Produkter<\/mark><\/h1>\n\n\n\n<p>Alla verktyg du beh\u00f6ver.<br>F\u00e5 kontroll \u00f6ver hela din produktportf\u00f6lj fr\u00e5n ett st\u00e4lle.<\/p>\n\n\n\n<div class=\"wp-block-buttons is-layout-flex wp-block-buttons-is-layout-flex\">\n<div class=\"wp-block-button has-custom-font-size has-small-font-size\"><a class=\"wp-block-button__link wp-element-button\" href=\"https:\/\/myfoodoffice.com\/sv\/manage-your-products\/\">L\u00e4r dig mer<\/a><\/div>\n\n\n\n<div class=\"wp-block-button has-custom-font-size has-small-font-size\"><a class=\"wp-block-button__link wp-element-button\" href=\"https:\/\/app.myfoodoffice.com\/auth\/signup\/?locale\">KOM IG\u00c5NG<\/a><\/div>\n<\/div>\n<\/div>\n\n\n\n<div class=\"wp-block-column is-layout-flow wp-block-column-is-layout-flow\">\n<h1 class=\"wp-block-heading\"><mark style=\"background-color:rgba(0, 0, 0, 0)\" class=\"has-inline-color has-white-color\">Daglig verksamhet<\/mark><\/h1>\n\n\n\n<p>Str\u00f6mlinjeformad och automatiserad.<br>Vi kopplar samman era f\u00f6rs\u00e4ljningskanaler med verksamheten.<\/p>\n\n\n\n<div class=\"wp-block-buttons is-layout-flex wp-block-buttons-is-layout-flex\">\n<div class=\"wp-block-button has-custom-font-size has-small-font-size\"><a class=\"wp-block-button__link wp-element-button\" href=\"https:\/\/myfoodoffice.com\/sv\/manage-your-business\/\">L\u00e4r dig mer<\/a><\/div>\n\n\n\n<div class=\"wp-block-button has-custom-font-size has-small-font-size\"><a class=\"wp-block-button__link wp-element-button\" href=\"https:\/\/app.myfoodoffice.com\/auth\/signup\/?locale\">KOM IG\u00c5NG<\/a><\/div>\n<\/div>\n<\/div>\n<\/div>\n\n\n\n<div style=\"height:136px\" aria-hidden=\"true\" class=\"wp-block-spacer\"><\/div>\n<\/div><\/div>\n\n\n\n<div class=\"wp-block-cover alignfull is-light book-demo-wide\"><span aria-hidden=\"true\" class=\"wp-block-cover__background has-background-dim-100 has-background-dim has-background-gradient\" style=\"background:linear-gradient(135deg,rgb(255,255,255) 0%,rgb(169,184,195) 100%)\"><\/span><div class=\"wp-block-cover__inner-container is-layout-flow wp-block-cover-is-layout-flow\">\n<div style=\"height:40px\" aria-hidden=\"true\" class=\"wp-block-spacer\"><\/div>\n\n\n\n<h2 class=\"wp-block-heading has-text-align-center\">Har du fr\u00e5gor?<\/h2>\n\n\n\n<h2 class=\"wp-block-heading has-text-align-center\">Vill du ha en guidad demo?<\/h2>\n\n\n\n<h2 class=\"wp-block-heading has-text-align-center\">Boka ett m\u00f6te med oss!<\/h2>\n\n\n\n\n\n\n\n\n\n\n\n<br \/>\n<!-- Start of Meetings Embed Script --><\/p>\n<div class=\"meetings-iframe-container\" data-src=\"https:\/\/meetings.hubspot.com\/martin-lang?embed=true\"><\/div>\n<p><script type=\"text\/javascript\" src=\"https:\/\/static.hsappstatic.net\/MeetingsEmbed\/ex\/MeetingsEmbedCode.js\"><\/script><!-- End of Meetings Embed Script \u2014>--><br \/>\n\n<\/div><\/div>\n\n\n\n<div class=\"wp-block-columns is-layout-flex wp-container-core-columns-is-layout-9d6595d7 wp-block-columns-is-layout-flex\">\n<div class=\"wp-block-column feature-colorful-container is-layout-flow wp-block-column-is-layout-flow\">\n<h2 class=\"wp-block-heading\">Vi har allt du beh\u00f6ver f\u00f6r att hantera <\/h2>\n\n\n\n<div class=\"wp-block-columns is-layout-flex wp-container-core-columns-is-layout-9d6595d7 wp-block-columns-is-layout-flex\">\n<div class=\"wp-block-column is-layout-flow wp-block-column-is-layout-flow\">\n<h3 class=\"wp-block-heading\">Daglig verksamhet<\/h3>\n<\/div>\n<\/div>\n\n\n\n<div class=\"wp-block-columns is-layout-flex wp-container-core-columns-is-layout-9d6595d7 wp-block-columns-is-layout-flex\">\n<div class=\"wp-block-column feature-box-colored feature-box-green is-layout-flow wp-block-column-is-layout-flow\">\n<h4 class=\"wp-block-heading\">B2B f\u00f6rs\u00e4ljning<\/h4>\n\n\n\n<p>Driver ni en butikskedja, grossistverksamhet eller f\u00f6retagsf\u00f6rs\u00e4ljning?<br>En allt-i-ett-l\u00f6sning f\u00f6r alla dina f\u00f6rs\u00e4ljningskanaler.<\/p>\n<\/div>\n\n\n\n<div class=\"wp-block-column feature-box-colored feature-box-green is-layout-flow wp-block-column-is-layout-flow\">\n<h4 class=\"wp-block-heading\">Produktion<\/h4>\n\n\n\n<p>G\u00e5 digitalt med din produktion. F\u00e4rdigutr\u00e4knade batchstorlekar automatiskt f\u00f6rberedda och mycket mer.<\/p>\n<\/div>\n\n\n\n<div class=\"wp-block-column feature-box-colored feature-box-green is-layout-flow wp-block-column-is-layout-flow\">\n<h4 class=\"wp-block-heading\">Packning<\/h4>\n\n\n\n<p>V\u00e5ra digitala verktyg snabbar upp orderplockning och packning. F\u00e4rre fel skapar en god atmosf\u00e4r.<\/p>\n<\/div>\n\n\n\n<div class=\"wp-block-column feature-box-colored feature-box-green is-layout-flow wp-block-column-is-layout-flow\">\n<h4 class=\"wp-block-heading\">Connect<\/h4>\n\n\n\n<p>Eliminera on\u00f6dig datainmatning fr\u00e5n ett system till ett annat. Automatisera data f\u00f6r kassasystem, redovisning och webbutik.<\/p>\n<\/div>\n<\/div>\n\n\n\n<div class=\"wp-block-columns is-layout-flex wp-container-core-columns-is-layout-9d6595d7 wp-block-columns-is-layout-flex\">\n<div class=\"wp-block-column is-layout-flow wp-block-column-is-layout-flow\">\n<h3 class=\"wp-block-heading\">Produkter<\/h3>\n<\/div>\n<\/div>\n\n\n\n<div class=\"wp-block-columns is-layout-flex wp-container-core-columns-is-layout-9d6595d7 wp-block-columns-is-layout-flex\">\n<div class=\"wp-block-column feature-box-colored feature-box-blue is-layout-flow wp-block-column-is-layout-flow\">\n<h4 class=\"wp-block-heading\">Varudeklaration<\/h4>\n\n\n\n<p>F\u00e5 ordning p\u00e5 alla dina recept. S\u00e4kerst\u00e4lla korrekta och uppdaterade varudeklarationer<\/p>\n<\/div>\n\n\n\n<div class=\"wp-block-column feature-box-colored feature-box-blue is-layout-flow wp-block-column-is-layout-flow\">\n<h4 class=\"wp-block-heading\">Pro Verktyg<\/h4>\n\n\n\n<p>\u00c4r livsmedelsdeklarationer ditt dedikerade ansvar? Dra nytta av v\u00e5ra kraftfulla verktyg som tar dig l\u00e4ngre.<\/p>\n<\/div>\n\n\n\n<div class=\"wp-block-column feature-box-colored feature-box-blue is-layout-flow wp-block-column-is-layout-flow\">\n<h4 class=\"wp-block-heading\">Etiketter<\/h4>\n\n\n\n<p>Automatisera etikettdesign och inneh\u00e5ll. Enkelt och smidigt. Alltid uppdaterad med recepten. <\/p>\n<\/div>\n\n\n\n<div class=\"wp-block-column feature-box-colored feature-box-blue is-layout-flow wp-block-column-is-layout-flow\">\n<h4 class=\"wp-block-heading\">Produktkalkyl<\/h4>\n\n\n\n<p>K\u00e4nn till dina f\u00f6rs\u00e4ljningsmarginaler och m\u00f6t konkurrensen med sj\u00e4lvf\u00f6rtroende. Anv\u00e4ndbara insikter f\u00f6r f\u00f6rb\u00e4ttrade vinster.<\/p>\n<\/div>\n<\/div>\n<\/div>\n<\/div>\n\n\n\n<div class=\"wp-block-cover alignfull is-light has-parallax is-position-center-center\" style=\"min-height:597px;aspect-ratio:unset;\"><span aria-hidden=\"true\" class=\"wp-block-cover__background has-black-background-color has-background-dim-40 has-background-dim\"><\/span><div role=\"img\" class=\"wp-block-cover__image-background wp-image-1096 has-parallax\" style=\"background-position:50% 50%;background-image:url(https:\/\/myfoodoffice.com\/wp-content\/uploads\/2022\/07\/laura-lefurgey-smith-MGXNnStUi0s-unsplash-scaled.jpg)\"><\/div><div class=\"wp-block-cover__inner-container is-layout-flow wp-block-cover-is-layout-flow\">\n<p class=\"has-text-align-center has-text-color has-huge-font-size\" style=\"color:#fffffa;line-height:1.1\"><\/p>\n\n\n\n<div style=\"height:186px\" aria-hidden=\"true\" class=\"wp-block-spacer\"><\/div>\n\n\n\n<p class=\"has-text-align-center has-white-color has-text-color has-large-font-size\"><strong>MyFoodOffice hj\u00e4lper dig<\/strong><\/p>\n\n\n\n\n\n\n\n\n\n\n\n\n\n\n\n\n\n\n\n<div class=\"wp-block-typing-text-typing-text-block no-translation  root-eb-typing-text-9j26zvy\" data-no-translation=\"\"><div class=\"eb-parent-wrapper eb-parent-eb-typing-text-9j26zvy\"><div class=\"eb-typed-wrapper eb-typing-text-9j26zvy\" data-id=\"eb-typing-text-9j26zvy\"><div class=\"eb-typed-content\" data-type-speed=\"50\" data-start-delay=\"0\" data-smart-backspace=\"true\" data-back-speed=\"40\" data-back-delay=\"700\" data-fade=\"false\" data-fade-delay=\"500\" data-loop=\"true\" data-cursor=\"true\"><span class=\"eb-typed-prefix\"><\/span><span class=\"eb-typed-text-wrapper is-hidden\"><span class=\"eb-typed-text\">s\u00e4lja mer<\/span><span class=\"eb-typed-text\">bli mer l\u00f6nsam<\/span><span class=\"eb-typed-text\">bli mer effektiv<\/span><\/span><span class=\"eb-typed-view\"><\/span><span class=\"eb-typed-suffix\"><\/span><\/div><\/div><\/div><\/div>\n\n\n\n\n\n\n\n<div class=\"wp-block-buttons is-horizontal is-content-justification-center is-layout-flex wp-container-core-buttons-is-layout-499968f5 wp-block-buttons-is-layout-flex\">\n<div class=\"wp-block-button is-style-outline is-style-outline--1\"><a class=\"wp-block-button__link has-white-color has-vivid-cyan-blue-background-color has-text-color has-background wp-element-button\" href=\"https:\/\/app.myfoodoffice.com\/auth\/signup\" target=\"_blank\" rel=\"noreferrer noopener\">KOM IG\u00c5NG<\/a><\/div>\n<\/div>\n\n\n\n<div style=\"height:190px\" aria-hidden=\"true\" class=\"wp-block-spacer\"><\/div>\n<\/div><\/div>","protected":false},"excerpt":{"rendered":"<p>They trawled the market to find a solution that could create a better work day everyday. That choice eventually became easy. You don&#8217;t have to be rocket engineer to use MyFoodOffice.An hour training and some guidance. After that, things went smoothly. Anette Lunde, Deputy General Manager, \u00d8degaarden Bakeri \u00d8degaarden Bakery and Confectionery in Vinstra has &hellip; <\/p>\n<p class=\"link-more\"><a href=\"https:\/\/myfoodoffice.com\/sv\/story-odegaarden\/\" class=\"more-link\">L\u00e4s mer<span class=\"screen-reader-text\"> \u201dStory Odegaarden\u201d<\/span><\/a><\/p>","protected":false},"author":3,"featured_media":0,"parent":0,"menu_order":0,"comment_status":"closed","ping_status":"closed","template":"","meta":{"content-type":"","_eb_attr":"","_kad_blocks_custom_css":"","_kad_blocks_head_custom_js":"","_kad_blocks_body_custom_js":"","_kad_blocks_footer_custom_js":"","_kadence_starter_templates_imported_post":false,"footnotes":""},"class_list":["post-2373","page","type-page","status-publish","hentry"],"taxonomy_info":[],"featured_image_src_large":false,"author_info":{"display_name":"Martin","author_link":"https:\/\/myfoodoffice.com\/sv\/author\/martin\/"},"comment_info":0,"_links":{"self":[{"href":"https:\/\/myfoodoffice.com\/sv\/wp-json\/wp\/v2\/pages\/2373","targetHints":{"allow":["GET"]}}],"collection":[{"href":"https:\/\/myfoodoffice.com\/sv\/wp-json\/wp\/v2\/pages"}],"about":[{"href":"https:\/\/myfoodoffice.com\/sv\/wp-json\/wp\/v2\/types\/page"}],"author":[{"embeddable":true,"href":"https:\/\/myfoodoffice.com\/sv\/wp-json\/wp\/v2\/users\/3"}],"replies":[{"embeddable":true,"href":"https:\/\/myfoodoffice.com\/sv\/wp-json\/wp\/v2\/comments?post=2373"}],"version-history":[{"count":20,"href":"https:\/\/myfoodoffice.com\/sv\/wp-json\/wp\/v2\/pages\/2373\/revisions"}],"predecessor-version":[{"id":3280,"href":"https:\/\/myfoodoffice.com\/sv\/wp-json\/wp\/v2\/pages\/2373\/revisions\/3280"}],"wp:attachment":[{"href":"https:\/\/myfoodoffice.com\/sv\/wp-json\/wp\/v2\/media?parent=2373"}],"curies":[{"name":"wp","href":"https:\/\/api.w.org\/{rel}","templated":true}]}}