{"id":2759,"date":"2023-01-19T12:23:19","date_gmt":"2023-01-19T12:23:19","guid":{"rendered":"https:\/\/blog.myfoodoffice.com\/?page_id=2759"},"modified":"2023-01-24T17:26:17","modified_gmt":"2023-01-24T17:26:17","slug":"story-geheb","status":"publish","type":"page","link":"https:\/\/myfoodoffice.com\/sv\/story-geheb\/","title":{"rendered":"Geheb making quantum leaps with new technology"},"content":{"rendered":"<div class=\"wp-block-columns is-layout-flex wp-container-core-columns-is-layout-9d6595d7 wp-block-columns-is-layout-flex\">\n<div class=\"wp-block-column is-layout-flow wp-block-column-is-layout-flow\">\n<div style=\"height:40px\" aria-hidden=\"true\" class=\"wp-block-spacer\"><\/div>\n\n\n<div class=\"wp-block-image is-style-rounded\">\n<figure class=\"aligncenter size-large\"><img loading=\"lazy\" decoding=\"async\" width=\"1024\" height=\"576\" src=\"https:\/\/blog.myfoodoffice.com\/wp-content\/uploads\/2023\/01\/My-Food-Office_Martin-Lang-og-Kjetil-Hodne_web-1404x790-1-1024x576.jpg\" alt=\"Kjetil Hodne (right) and Martin Lang from MyFoodOffice have found the tone and will now fully digitalize nine bakery companies in Southern Norway.\" class=\"wp-image-2760\" srcset=\"https:\/\/myfoodoffice.com\/wp-content\/uploads\/2023\/01\/My-Food-Office_Martin-Lang-og-Kjetil-Hodne_web-1404x790-1-1024x576.jpg 1024w, https:\/\/myfoodoffice.com\/wp-content\/uploads\/2023\/01\/My-Food-Office_Martin-Lang-og-Kjetil-Hodne_web-1404x790-1-300x169.jpg 300w, https:\/\/myfoodoffice.com\/wp-content\/uploads\/2023\/01\/My-Food-Office_Martin-Lang-og-Kjetil-Hodne_web-1404x790-1-768x432.jpg 768w, https:\/\/myfoodoffice.com\/wp-content\/uploads\/2023\/01\/My-Food-Office_Martin-Lang-og-Kjetil-Hodne_web-1404x790-1-18x10.jpg 18w, https:\/\/myfoodoffice.com\/wp-content\/uploads\/2023\/01\/My-Food-Office_Martin-Lang-og-Kjetil-Hodne_web-1404x790-1.jpg 1404w\" sizes=\"auto, (max-width: 1024px) 100vw, 1024px\" \/><figcaption class=\"wp-element-caption\">Foto: Jon-Are Berg-Jacobsen, Vest Vind Media<\/figcaption><\/figure><\/div><\/div>\n<\/div>\n\n\n\n<h2 class=\"has-text-align-center has-medium-font-size wp-block-heading\">Nio bagerier l\u00e4ngs Norges s\u00f6dra kust g\u00e5r samman<br>f\u00f6r att helt digitalisera sin bageriverksamhet. <\/h2>\n\n\n\n<blockquote class=\"wp-block-quote has-text-align-center is-layout-flow wp-block-quote-is-layout-flow\">\n<p class=\"has-black-color has-text-color\">Det enda s\u00e4ttet att f\u00e5 ut full kraft och effekt av v\u00e5r aff\u00e4rsstrategi<br>\u00e4r att ha aff\u00e4rssystem som st\u00f6der den.<\/p>\n<cite>Kjetil Hodne, VD, Geheb Conditori<\/cite><\/blockquote>\n\n\n\n<h2 class=\"wp-block-heading\">Utnyttjar tekniska m\u00f6jligheter<\/h2>\n\n\n\n<p><em>\u2013<\/em>&nbsp;Vi har letat efter en ny aff\u00e4rsplattform f\u00f6r v\u00e5r \u00f6vergripande bageriverksamhet under en tid. Vi ser att tekniken g\u00f6r kvantspr\u00e5ng. Detta \u00f6ppnar upp nya m\u00f6jligheter som vi vill utnyttja, s\u00e4ger VD Kjetil Hodne. <\/p>\n\n\n\n<p>Han f\u00f6rklarar hur de tekniska framstegen ocks\u00e5 skapar nya krav.<\/p>\n\n\n\n<p><em>\u2013<\/em>&nbsp;Ett exempel \u00e4r hur digital f\u00f6rs\u00e4ljning i kombination med fysiska butiker kr\u00e4ver nya arbetss\u00e4tt, b\u00e5de f\u00f6r hantering av produktinformation, f\u00f6rs\u00e4ljningsordrar och fysiskt varufl\u00f6de. Om v\u00e5ra bagerier ska forts\u00e4tta att ligga i framkant \u00e4r det oerh\u00f6rt viktigt att vi har b\u00e5de flexibla och robusta aff\u00e4rssystem som en st\u00f6djande grund, p\u00e5pekar Hodne.<\/p>\n\n\n\n<h2 class=\"wp-block-heading\">St\u00e4rker hela organisationen<\/h2>\n\n\n\n<p>Kjetil Hodne har haft god hj\u00e4lp av ledningsgruppen under upphandlingsprocessen, d\u00e4r flera alternativ har utv\u00e4rderats.<\/p>\n\n\n\n<p><em>\u2013<\/em>&nbsp;Vi vill st\u00e4rka samarbetet och interaktionen inom v\u00e5r organisation och skapa en kultur av kontinuerligt l\u00e4rande och utveckling, s\u00e4ger HR-chefen Kine Rohnen. Som ansvarig f\u00f6r alla v\u00e5ra personalresurser vill jag ha en plattform som kan lyfta hela verksamheten, inte bara enskilda delar.<\/p>\n\n\n\n<h2 class=\"wp-block-heading\">Strategi f\u00f6rst<\/h2>\n\n\n\n<p>Bagerigruppen \u00e4ger flera lokala bagerier, d\u00e4r vissa funktioner \u00e4r organiserade centralt. Kjetil Hodne ber\u00e4ttar:<\/p>\n\n\n\n<p><em>\u2013<\/em>&nbsp;Hela v\u00e5r strategi \u00e4r att bygga starka lokala varum\u00e4rken. V\u00e5ra centrala funktioner hamnar i bakgrunden till det lokala bageriet. Om strategin ska fungera i praktiken m\u00e5ste vi ha aff\u00e4rssystem som grund som st\u00f6djer detta, s\u00e5 att vi f\u00e5r full kraft och effekt ut p\u00e5 marknaden.<\/p>\n\n\n\n<h2 class=\"wp-block-heading\">F\u00f6rl\u00e4ngd upphandlingsprocess<\/h2>\n\n\n\n<p>Ledningsgruppen valde en f\u00f6rl\u00e4ngd upphandlingsprocess d\u00e4r ett urval av l\u00f6sningsleverant\u00f6rer bed\u00f6mdes b\u00e5de utifr\u00e5n nuvarande och framtida teknik, branschkunskap och licensniv\u00e5, f\u00f6rklarar HR-chefen. <\/p>\n\n\n\n<p><em>\u2013<\/em>&nbsp;Vi har haft en \u00f6ppen dialog med andra bagerier om deras erfarenheter i liknande processer. Det \u00e4r alltid v\u00e4rdefullt att lyssna p\u00e5 dem som har g\u00e5tt igenom detta tidigare. Det gav oss n\u00e5gra viktiga kriterier som vi kunde anv\u00e4nda som grund n\u00e4r vi gjorde v\u00e5ra val, f\u00f6rklarar Kine Rohnen.<\/p>\n\n\n\n<h2 class=\"wp-block-heading\">Entydigt val<\/h2>\n\n\n\n<p>De nio bagerierna \u00f6verv\u00e4gde fem alternativa l\u00f6sningar, som senare smalnades ner till tv\u00e5. Till slut f\u00f6ll valet p\u00e5 MyFoodOffice.<\/p>\n\n\n\n<p><em>\u2013<\/em>&nbsp; \u2013 Det \u00e4r s\u00e4llsynt att s\u00e5 h\u00e4r stora aff\u00e4rer \u00e4r i r\u00f6relse inom den norska bageribranschen. Vi ser det som ett viktigt erk\u00e4nnande av MyFoodOffice som en komplett aff\u00e4rsplattform, s\u00e4ger MyFoodOffices VD, Martin Lang.<\/p>\n\n\n\n<p>Tillsammans med Kjetil, Kine och deras bagerier kommer MyFoodOffice forts\u00e4tta att leda v\u00e4gen i digitaliseringen av livsmedelsverksamheter. Detta \u00e4r det b\u00e4sta s\u00e4ttet vi kan st\u00e4rka bageri- och livsmedelsindustrin p\u00e5, och vi \u00e4r stolta och tacksamma \u00f6ver att f\u00e5 vara en del av den resan, avslutar Martin Lang.<\/p>\n\n\n\n<div style=\"height:64px\" aria-hidden=\"true\" class=\"wp-block-spacer\"><\/div>\n\n\n\n<div class=\"wp-block-cover alignfull\" style=\"min-height:600px;aspect-ratio:unset;\"><span aria-hidden=\"true\" class=\"wp-block-cover__background has-background-dim-100 has-background-dim wp-block-cover__gradient-background has-background-gradient\" style=\"background:linear-gradient(135deg,rgb(142,162,248) 0%,rgb(59,67,181) 100%)\"><\/span><img loading=\"lazy\" decoding=\"async\" width=\"2560\" height=\"1707\" class=\"wp-block-cover__image-background wp-image-1405\" alt=\"\" src=\"http:\/\/34.88.199.23\/wp-content\/uploads\/2022\/08\/gradienta-LeG68PrXA6Y-unsplash-scaled.jpg\" data-object-fit=\"cover\" srcset=\"https:\/\/myfoodoffice.com\/wp-content\/uploads\/2022\/08\/gradienta-LeG68PrXA6Y-unsplash-scaled.jpg 2560w, https:\/\/myfoodoffice.com\/wp-content\/uploads\/2022\/08\/gradienta-LeG68PrXA6Y-unsplash-300x200.jpg 300w, https:\/\/myfoodoffice.com\/wp-content\/uploads\/2022\/08\/gradienta-LeG68PrXA6Y-unsplash-1024x683.jpg 1024w, https:\/\/myfoodoffice.com\/wp-content\/uploads\/2022\/08\/gradienta-LeG68PrXA6Y-unsplash-768x512.jpg 768w, https:\/\/myfoodoffice.com\/wp-content\/uploads\/2022\/08\/gradienta-LeG68PrXA6Y-unsplash-1536x1024.jpg 1536w, https:\/\/myfoodoffice.com\/wp-content\/uploads\/2022\/08\/gradienta-LeG68PrXA6Y-unsplash-2048x1365.jpg 2048w, https:\/\/myfoodoffice.com\/wp-content\/uploads\/2022\/08\/gradienta-LeG68PrXA6Y-unsplash-18x12.jpg 18w, https:\/\/myfoodoffice.com\/wp-content\/uploads\/2022\/08\/gradienta-LeG68PrXA6Y-unsplash-2000x1333.jpg 2000w\" sizes=\"auto, (max-width: 2560px) 100vw, 2560px\" \/><div class=\"wp-block-cover__inner-container is-layout-flow wp-block-cover-is-layout-flow\">\n<div style=\"height:40px\" aria-hidden=\"true\" class=\"wp-block-spacer\"><\/div>\n\n\n\n<h2 class=\"wp-block-heading has-text-align-left\" style=\"font-size:50px\"><strong><span style=\"text-decoration: underline;\">En<\/span> plattform f\u00f6r att hantera dina<\/strong><\/h2>\n\n\n\n<div style=\"height:80px\" aria-hidden=\"true\" class=\"wp-block-spacer\"><\/div>\n\n\n\n<div class=\"wp-block-columns is-layout-flex wp-container-core-columns-is-layout-9d6595d7 wp-block-columns-is-layout-flex\">\n<div class=\"wp-block-column is-layout-flow wp-block-column-is-layout-flow\">\n<h1 class=\"wp-block-heading\"><mark style=\"background-color:rgba(0, 0, 0, 0)\" class=\"has-inline-color has-white-color\">Produkter<\/mark><\/h1>\n\n\n\n<p>Alla verktyg du beh\u00f6ver.<br>F\u00e5 kontroll \u00f6ver hela din produktportf\u00f6lj fr\u00e5n ett st\u00e4lle.<\/p>\n\n\n\n<div class=\"wp-block-buttons is-layout-flex wp-block-buttons-is-layout-flex\">\n<div class=\"wp-block-button has-custom-font-size has-small-font-size\"><a class=\"wp-block-button__link wp-element-button\" href=\"https:\/\/myfoodoffice.com\/sv\/manage-your-products\/\">L\u00e4r dig mer<\/a><\/div>\n\n\n\n<div class=\"wp-block-button has-custom-font-size has-small-font-size\"><a class=\"wp-block-button__link wp-element-button\" href=\"https:\/\/app.myfoodoffice.com\/auth\/signup\/?locale\">KOM IG\u00c5NG<\/a><\/div>\n<\/div>\n<\/div>\n\n\n\n<div class=\"wp-block-column is-layout-flow wp-block-column-is-layout-flow\">\n<h1 class=\"wp-block-heading\"><mark style=\"background-color:rgba(0, 0, 0, 0)\" class=\"has-inline-color has-white-color\">Daglig verksamhet<\/mark><\/h1>\n\n\n\n<p>Str\u00f6mlinjeformad och automatiserad.<br>Vi kopplar samman era f\u00f6rs\u00e4ljningskanaler med verksamheten.<\/p>\n\n\n\n<div class=\"wp-block-buttons is-layout-flex wp-block-buttons-is-layout-flex\">\n<div class=\"wp-block-button has-custom-font-size has-small-font-size\"><a class=\"wp-block-button__link wp-element-button\" href=\"https:\/\/myfoodoffice.com\/sv\/manage-your-business\/\">L\u00e4r dig mer<\/a><\/div>\n\n\n\n<div class=\"wp-block-button has-custom-font-size has-small-font-size\"><a class=\"wp-block-button__link wp-element-button\" href=\"https:\/\/app.myfoodoffice.com\/auth\/signup\/?locale\">KOM IG\u00c5NG<\/a><\/div>\n<\/div>\n<\/div>\n<\/div>\n\n\n\n<div style=\"height:136px\" aria-hidden=\"true\" class=\"wp-block-spacer\"><\/div>\n<\/div><\/div>\n\n\n\n<div class=\"wp-block-cover alignfull is-light book-demo-wide\"><span aria-hidden=\"true\" class=\"wp-block-cover__background has-background-dim-100 has-background-dim has-background-gradient\" style=\"background:linear-gradient(135deg,rgb(255,255,255) 0%,rgb(169,184,195) 100%)\"><\/span><div class=\"wp-block-cover__inner-container is-layout-flow wp-block-cover-is-layout-flow\">\n<div style=\"height:40px\" aria-hidden=\"true\" class=\"wp-block-spacer\"><\/div>\n\n\n\n<h2 class=\"wp-block-heading has-text-align-center\">Har du fr\u00e5gor?<\/h2>\n\n\n\n<h2 class=\"wp-block-heading has-text-align-center\">Vill du ha en guidad demo?<\/h2>\n\n\n\n<h2 class=\"wp-block-heading has-text-align-center\">Boka ett m\u00f6te med oss!<\/h2>\n\n\n\n\n\n\n\n\n\n\n\n<br \/>\n<!-- Start of Meetings Embed Script --><\/p>\n<div class=\"meetings-iframe-container\" data-src=\"https:\/\/meetings.hubspot.com\/martin-lang?embed=true\"><\/div>\n<p><script type=\"text\/javascript\" src=\"https:\/\/static.hsappstatic.net\/MeetingsEmbed\/ex\/MeetingsEmbedCode.js\"><\/script><!-- End of Meetings Embed Script \u2014>--><br \/>\n\n<\/div><\/div>\n\n\n\n<div class=\"wp-block-columns is-layout-flex wp-container-core-columns-is-layout-9d6595d7 wp-block-columns-is-layout-flex\">\n<div class=\"wp-block-column feature-colorful-container is-layout-flow wp-block-column-is-layout-flow\">\n<h2 class=\"wp-block-heading\">Vi har allt du beh\u00f6ver f\u00f6r att hantera <\/h2>\n\n\n\n<div class=\"wp-block-columns is-layout-flex wp-container-core-columns-is-layout-9d6595d7 wp-block-columns-is-layout-flex\">\n<div class=\"wp-block-column is-layout-flow wp-block-column-is-layout-flow\">\n<h3 class=\"wp-block-heading\">Daglig verksamhet<\/h3>\n<\/div>\n<\/div>\n\n\n\n<div class=\"wp-block-columns is-layout-flex wp-container-core-columns-is-layout-9d6595d7 wp-block-columns-is-layout-flex\">\n<div class=\"wp-block-column feature-box-colored feature-box-green is-layout-flow wp-block-column-is-layout-flow\">\n<h4 class=\"wp-block-heading\">B2B f\u00f6rs\u00e4ljning<\/h4>\n\n\n\n<p>Driver ni en butikskedja, grossistverksamhet eller f\u00f6retagsf\u00f6rs\u00e4ljning?<br>En allt-i-ett-l\u00f6sning f\u00f6r alla dina f\u00f6rs\u00e4ljningskanaler.<\/p>\n<\/div>\n\n\n\n<div class=\"wp-block-column feature-box-colored feature-box-green is-layout-flow wp-block-column-is-layout-flow\">\n<h4 class=\"wp-block-heading\">Produktion<\/h4>\n\n\n\n<p>G\u00e5 digitalt med din produktion. F\u00e4rdigutr\u00e4knade batchstorlekar automatiskt f\u00f6rberedda och mycket mer.<\/p>\n<\/div>\n\n\n\n<div class=\"wp-block-column feature-box-colored feature-box-green is-layout-flow wp-block-column-is-layout-flow\">\n<h4 class=\"wp-block-heading\">Packning<\/h4>\n\n\n\n<p>V\u00e5ra digitala verktyg snabbar upp orderplockning och packning. F\u00e4rre fel skapar en god atmosf\u00e4r.<\/p>\n<\/div>\n\n\n\n<div class=\"wp-block-column feature-box-colored feature-box-green is-layout-flow wp-block-column-is-layout-flow\">\n<h4 class=\"wp-block-heading\">Connect<\/h4>\n\n\n\n<p>Eliminera on\u00f6dig datainmatning fr\u00e5n ett system till ett annat. Automatisera data f\u00f6r kassasystem, redovisning och webbutik.<\/p>\n<\/div>\n<\/div>\n\n\n\n<div class=\"wp-block-columns is-layout-flex wp-container-core-columns-is-layout-9d6595d7 wp-block-columns-is-layout-flex\">\n<div class=\"wp-block-column is-layout-flow wp-block-column-is-layout-flow\">\n<h3 class=\"wp-block-heading\">Produkter<\/h3>\n<\/div>\n<\/div>\n\n\n\n<div class=\"wp-block-columns is-layout-flex wp-container-core-columns-is-layout-9d6595d7 wp-block-columns-is-layout-flex\">\n<div class=\"wp-block-column feature-box-colored feature-box-blue is-layout-flow wp-block-column-is-layout-flow\">\n<h4 class=\"wp-block-heading\">Varudeklaration<\/h4>\n\n\n\n<p>F\u00e5 ordning p\u00e5 alla dina recept. S\u00e4kerst\u00e4lla korrekta och uppdaterade varudeklarationer<\/p>\n<\/div>\n\n\n\n<div class=\"wp-block-column feature-box-colored feature-box-blue is-layout-flow wp-block-column-is-layout-flow\">\n<h4 class=\"wp-block-heading\">Pro Verktyg<\/h4>\n\n\n\n<p>\u00c4r livsmedelsdeklarationer ditt dedikerade ansvar? Dra nytta av v\u00e5ra kraftfulla verktyg som tar dig l\u00e4ngre.<\/p>\n<\/div>\n\n\n\n<div class=\"wp-block-column feature-box-colored feature-box-blue is-layout-flow wp-block-column-is-layout-flow\">\n<h4 class=\"wp-block-heading\">Etiketter<\/h4>\n\n\n\n<p>Automatisera etikettdesign och inneh\u00e5ll. Enkelt och smidigt. Alltid uppdaterad med recepten. <\/p>\n<\/div>\n\n\n\n<div class=\"wp-block-column feature-box-colored feature-box-blue is-layout-flow wp-block-column-is-layout-flow\">\n<h4 class=\"wp-block-heading\">Produktkalkyl<\/h4>\n\n\n\n<p>K\u00e4nn till dina f\u00f6rs\u00e4ljningsmarginaler och m\u00f6t konkurrensen med sj\u00e4lvf\u00f6rtroende. Anv\u00e4ndbara insikter f\u00f6r f\u00f6rb\u00e4ttrade vinster.<\/p>\n<\/div>\n<\/div>\n<\/div>\n<\/div>\n\n\n\n<div style=\"height:76px\" aria-hidden=\"true\" class=\"wp-block-spacer\"><\/div>\n\n\n\n<div class=\"wp-block-cover alignfull is-light has-parallax is-position-center-center\" style=\"min-height:597px;aspect-ratio:unset;\"><span aria-hidden=\"true\" class=\"wp-block-cover__background has-black-background-color has-background-dim-40 has-background-dim\"><\/span><div role=\"img\" class=\"wp-block-cover__image-background wp-image-1096 has-parallax\" style=\"background-position:50% 50%;background-image:url(https:\/\/myfoodoffice.com\/wp-content\/uploads\/2022\/07\/laura-lefurgey-smith-MGXNnStUi0s-unsplash-scaled.jpg)\"><\/div><div class=\"wp-block-cover__inner-container is-layout-flow wp-block-cover-is-layout-flow\">\n<p class=\"has-text-align-center has-text-color has-huge-font-size\" style=\"color:#fffffa;line-height:1.1\"><\/p>\n\n\n\n<div style=\"height:186px\" aria-hidden=\"true\" class=\"wp-block-spacer\"><\/div>\n\n\n\n<p class=\"has-text-align-center has-white-color has-text-color has-large-font-size\"><strong>MyFoodOffice hj\u00e4lper dig<\/strong><\/p>\n\n\n\n\n\n\n\n\n\n\n\n\n\n\n\n\n\n\n\n<div class=\"wp-block-typing-text-typing-text-block no-translation  root-eb-typing-text-9j26zvy\" data-no-translation=\"\"><div class=\"eb-parent-wrapper eb-parent-eb-typing-text-9j26zvy\"><div class=\"eb-typed-wrapper eb-typing-text-9j26zvy\" data-id=\"eb-typing-text-9j26zvy\"><div class=\"eb-typed-content\" data-type-speed=\"50\" data-start-delay=\"0\" data-smart-backspace=\"true\" data-back-speed=\"40\" data-back-delay=\"700\" data-fade=\"false\" data-fade-delay=\"500\" data-loop=\"true\" data-cursor=\"true\"><span class=\"eb-typed-prefix\"><\/span><span class=\"eb-typed-text-wrapper is-hidden\"><span class=\"eb-typed-text\">s\u00e4lja mer<\/span><span class=\"eb-typed-text\">bli mer l\u00f6nsam<\/span><span class=\"eb-typed-text\">bli mer effektiv<\/span><\/span><span class=\"eb-typed-view\"><\/span><span class=\"eb-typed-suffix\"><\/span><\/div><\/div><\/div><\/div>\n\n\n\n\n\n\n\n<div class=\"wp-block-buttons is-horizontal is-content-justification-center is-layout-flex wp-container-core-buttons-is-layout-499968f5 wp-block-buttons-is-layout-flex\">\n<div class=\"wp-block-button is-style-outline is-style-outline--1\"><a class=\"wp-block-button__link has-white-color has-vivid-cyan-blue-background-color has-text-color has-background wp-element-button\" href=\"https:\/\/app.myfoodoffice.com\/auth\/signup\" target=\"_blank\" rel=\"noreferrer noopener\">KOM IG\u00c5NG<\/a><\/div>\n<\/div>\n\n\n\n<div style=\"height:190px\" aria-hidden=\"true\" class=\"wp-block-spacer\"><\/div>\n<\/div><\/div>","protected":false},"excerpt":{"rendered":"<p>9 bakeries along the southern coast of Norway are joining forcesto fully digitalise their bakery operations. The only way to get full force and effect from our business strategyis to have business systems supporting it. Kjetil Hodne, CEO, Geheb Bakery Group Tapping into technological opportunities \u2013&nbsp;We have been looking for a new business platform for &hellip; <\/p>\n<p class=\"link-more\"><a href=\"https:\/\/myfoodoffice.com\/sv\/story-geheb\/\" class=\"more-link\">L\u00e4s mer<span class=\"screen-reader-text\"> \u201dGeheb making quantum leaps with new technology\u201d<\/span><\/a><\/p>","protected":false},"author":3,"featured_media":0,"parent":0,"menu_order":0,"comment_status":"closed","ping_status":"closed","template":"","meta":{"content-type":"","_eb_attr":"","_kad_blocks_custom_css":"","_kad_blocks_head_custom_js":"","_kad_blocks_body_custom_js":"","_kad_blocks_footer_custom_js":"","_kadence_starter_templates_imported_post":false,"footnotes":""},"class_list":["post-2759","page","type-page","status-publish","hentry"],"taxonomy_info":[],"featured_image_src_large":false,"author_info":{"display_name":"Martin","author_link":"https:\/\/myfoodoffice.com\/sv\/author\/martin\/"},"comment_info":0,"_links":{"self":[{"href":"https:\/\/myfoodoffice.com\/sv\/wp-json\/wp\/v2\/pages\/2759","targetHints":{"allow":["GET"]}}],"collection":[{"href":"https:\/\/myfoodoffice.com\/sv\/wp-json\/wp\/v2\/pages"}],"about":[{"href":"https:\/\/myfoodoffice.com\/sv\/wp-json\/wp\/v2\/types\/page"}],"author":[{"embeddable":true,"href":"https:\/\/myfoodoffice.com\/sv\/wp-json\/wp\/v2\/users\/3"}],"replies":[{"embeddable":true,"href":"https:\/\/myfoodoffice.com\/sv\/wp-json\/wp\/v2\/comments?post=2759"}],"version-history":[{"count":17,"href":"https:\/\/myfoodoffice.com\/sv\/wp-json\/wp\/v2\/pages\/2759\/revisions"}],"predecessor-version":[{"id":3090,"href":"https:\/\/myfoodoffice.com\/sv\/wp-json\/wp\/v2\/pages\/2759\/revisions\/3090"}],"wp:attachment":[{"href":"https:\/\/myfoodoffice.com\/sv\/wp-json\/wp\/v2\/media?parent=2759"}],"curies":[{"name":"wp","href":"https:\/\/api.w.org\/{rel}","templated":true}]}}