{"id":3361,"date":"2023-09-29T09:34:49","date_gmt":"2023-09-29T09:34:49","guid":{"rendered":"https:\/\/myfoodoffice.com\/?page_id=3361"},"modified":"2025-04-14T13:09:41","modified_gmt":"2025-04-14T13:09:41","slug":"il-panificio-balduzzi","status":"publish","type":"page","link":"https:\/\/myfoodoffice.com\/sv\/customer-stories\/il-panificio-balduzzi\/","title":{"rendered":"Story &#8211; Il Panificio Balduzzi"},"content":{"rendered":"<div style=\"height:40px\" aria-hidden=\"true\" class=\"wp-block-spacer\"><\/div>\n\n\n\n<figure class=\"wp-block-gallery has-nested-images columns-default is-cropped wp-block-gallery-1 is-layout-flex wp-block-gallery-is-layout-flex\">\n<figure class=\"wp-block-image size-large is-style-rounded\"><img loading=\"lazy\" decoding=\"async\" width=\"1024\" height=\"1024\" data-id=\"3366\" src=\"https:\/\/myfoodoffice.com\/wp-content\/uploads\/2023\/08\/IMG_2774-1-1024x1024.jpg\" alt=\"\" class=\"wp-image-3366\" srcset=\"https:\/\/myfoodoffice.com\/wp-content\/uploads\/2023\/08\/IMG_2774-1-1024x1024.jpg 1024w, https:\/\/myfoodoffice.com\/wp-content\/uploads\/2023\/08\/IMG_2774-1-300x300.jpg 300w, https:\/\/myfoodoffice.com\/wp-content\/uploads\/2023\/08\/IMG_2774-1-150x150.jpg 150w, https:\/\/myfoodoffice.com\/wp-content\/uploads\/2023\/08\/IMG_2774-1-768x768.jpg 768w, https:\/\/myfoodoffice.com\/wp-content\/uploads\/2023\/08\/IMG_2774-1-12x12.jpg 12w, https:\/\/myfoodoffice.com\/wp-content\/uploads\/2023\/08\/IMG_2774-1.jpg 1512w\" sizes=\"auto, (max-width: 1024px) 100vw, 1024px\" \/><figcaption class=\"wp-element-caption\">Foto: Heidi Haugli<\/figcaption><\/figure>\n<\/figure>\n\n\n\n<h2 class=\"wp-block-heading has-text-align-center has-medium-font-size\">Inga fler Excel-ark och repetitiva uppgifter. <\/h2>\n\n\n\n<h2 class=\"wp-block-heading has-text-align-center has-medium-font-size\">Med MyFoodOffice hanterar vi n\u00e4ringsdeklarationer, kalkyler, m\u00e4rkning, inkommande kundorder, produktion och fakturering, allt med ETT enda verktyg! <\/h2>\n\n\n\n<blockquote class=\"wp-block-quote has-text-align-center is-layout-flow wp-block-quote-is-layout-flow\">\n<p class=\"has-black-color has-text-color\"><svg viewbox=\"0 0 24 24\" xmlns=\"http:\/\/www.w3.org\/2000\/svg\" width=\"24\" height=\"24\" aria-hidden=\"true\" focusable=\"false\"><path d=\"M13 6v6h5.2v4c0 .8-.2 1.4-.5 1.7-.6.6-1.6.6-2.5.5h-.3v1.5h.5c1 0 2.3-.1 3.3-1 .6-.6 1-1.6 1-2.8V6H13zm-9 6h5.2v4c0 .8-.2 1.4-.5 1.7-.6.6-1.6.6-2.5.5h-.3v1.5h.5c1 0 2.3-.1 3.3-1 .6-.6 1-1.6 1-2.8V6H4v6z\"><\/path><\/svg>MyFoodOffice har djup kunskap om de specifika processerna inom bageri, det \u00e4r tydligt att mjukvaran \u00e4r utvecklad av bagare f\u00f6r bagare! <\/p>\n<cite>Angelo Balduzzi, VD, Il Panificio Balduzzi<\/cite><\/blockquote>\n\n\n\n<p>Panificio Balduzzi (15 anst\u00e4llda och 3 butiker) driver sin dagliga verksamhet genom att producera bageriprodukter f\u00f6r en bred B2B-kundbas som inkluderar barer, livsmedelsbutiker, sjukhus och restauranger, samt sina egna 3 butiker. <\/p>\n\n\n\n<p>Angelo Balduzzi hade l\u00e4nge letat efter ett nytt aff\u00e4rssystem (ERP) som kunde g\u00f6ra arbetet enklare och ge b\u00e4ttre \u00f6verblick \u00f6ver verksamheten.&nbsp;<br>\u2013 Vi har alltid haft ett traditionellt fokus i produktionen f\u00f6r att s\u00e4kerst\u00e4lla h\u00f6gsta kvalitet. Men vi f\u00f6rst\u00e5r att ett traditionellt s\u00e4tt att hantera administration och ledning inte \u00e4r v\u00e4gen till framg\u00e5ng n\u00e4r f\u00f6retaget ska v\u00e4xa. Vi var helt enkelt tvungna att f\u00f6r\u00e4ndra f\u00f6r att kunna skala upp, s\u00e4ger bagerientrepren\u00f6ren.<\/p>\n\n\n\n<div class=\"wp-block-columns are-vertically-aligned-center is-layout-flex wp-container-core-columns-is-layout-9d6595d7 wp-block-columns-is-layout-flex\">\n<div class=\"wp-block-column is-vertically-aligned-center is-layout-flow wp-block-column-is-layout-flow\">\n<h2 class=\"wp-block-heading\">Hur kom du i kontakt med MyFoodOffice?<\/h2>\n\n\n\n<p><a href=\"http:\/\/www.greselin.eu\/\" data-type=\"link\" data-id=\"http:\/\/www.greselin.eu\/\">Stefano Greselin<\/a> introducerade MyFoodOffice f\u00f6r Angelo p\u00e5 ett evenemang organiserat av den lokala bagerif\u00f6reningen <a href=\"http:\/\/Aspan.it\">Aspan <\/a>(Associazione dei Panificatori Bergamaschi) i Bergamo. Greselin \u00e4r frilansingenj\u00f6r som hj\u00e4lper sm\u00e5 och medelstora f\u00f6retag med omorganisation, utveckling och innovationsprojekt.  <\/p>\n\n\n\n<p>Han delar sina intryck:\n\u2013 Jag ins\u00e5g direkt att MyFoodOffice skulle vara DEN perfekta l\u00f6sningen f\u00f6r Panificio Balduzzi. Vi hade l\u00e4nge s\u00f6kt efter en komplett l\u00f6sning som verkligen kunde st\u00f6tta Angelo p\u00e5 hans resa. Efter en djupg\u00e5ende diskussion med honom beslutade vi att v\u00e4lja MyFoodOffice.&nbsp;<\/p>\n\n\n\n<p>\u2013 Digitalisering inneb\u00e4r st\u00f6rre kontroll \u00f6ver processer, kostnader och d\u00e4rmed marginaler. Dessutom delas informationen och \u00e4r inte l\u00e4ngre en enskild persons ansvar. Detta m\u00f6jligg\u00f6r mer delegering till medarbetare och ger entrepren\u00f6ren st\u00f6rre frihet, till\u00e4gger Stefano.<\/p>\n<\/div>\n\n\n\n<div class=\"wp-block-column is-vertically-aligned-center is-layout-flow wp-block-column-is-layout-flow\">\n<figure class=\"wp-block-gallery has-nested-images columns-default is-cropped wp-block-gallery-2 is-layout-flex wp-block-gallery-is-layout-flex\">\n<figure class=\"wp-block-image size-large\"><img loading=\"lazy\" decoding=\"async\" width=\"1024\" height=\"1024\" data-id=\"3364\" src=\"https:\/\/myfoodoffice.com\/wp-content\/uploads\/2023\/08\/Greselin-Balduzzi-1024x1024.jpg\" alt=\"\" class=\"wp-image-3364\" srcset=\"https:\/\/myfoodoffice.com\/wp-content\/uploads\/2023\/08\/Greselin-Balduzzi-1024x1024.jpg 1024w, https:\/\/myfoodoffice.com\/wp-content\/uploads\/2023\/08\/Greselin-Balduzzi-300x300.jpg 300w, https:\/\/myfoodoffice.com\/wp-content\/uploads\/2023\/08\/Greselin-Balduzzi-150x150.jpg 150w, https:\/\/myfoodoffice.com\/wp-content\/uploads\/2023\/08\/Greselin-Balduzzi-768x768.jpg 768w, https:\/\/myfoodoffice.com\/wp-content\/uploads\/2023\/08\/Greselin-Balduzzi-12x12.jpg 12w, https:\/\/myfoodoffice.com\/wp-content\/uploads\/2023\/08\/Greselin-Balduzzi.jpg 1512w\" sizes=\"auto, (max-width: 1024px) 100vw, 1024px\" \/><figcaption class=\"wp-element-caption\">Foto: Heidi Haugli<\/figcaption><\/figure>\n<\/figure>\n<\/div>\n<\/div>\n\n\n\n<blockquote class=\"wp-block-quote is-layout-flow wp-block-quote-is-layout-flow\">\n<p class=\"has-black-color has-text-color\"><svg viewbox=\"0 0 24 24\" xmlns=\"http:\/\/www.w3.org\/2000\/svg\" width=\"24\" height=\"24\" aria-hidden=\"true\" focusable=\"false\"><path d=\"M13 6v6h5.2v4c0 .8-.2 1.4-.5 1.7-.6.6-1.6.6-2.5.5h-.3v1.5h.5c1 0 2.3-.1 3.3-1 .6-.6 1-1.6 1-2.8V6H13zm-9 6h5.2v4c0 .8-.2 1.4-.5 1.7-.6.6-1.6.6-2.5.5h-.3v1.5h.5c1 0 2.3-.1 3.3-1 .6-.6 1-1.6 1-2.8V6H4v6z\"><\/path><\/svg>Bageribranschen, som \u00e4r mycket traditionell, har alltid visat starkt motst\u00e5nd mot digitalisering. Men hela v\u00e4rlden g\u00e5r \u00e5t det h\u00e5llet, och Panificio Balduzzi har f\u00f6rst\u00e5tt vikten av det!<\/p>\n<cite>Stefano Greselin<\/cite><\/blockquote>\n\n\n\n<div class=\"wp-block-columns is-layout-flex wp-container-core-columns-is-layout-9d6595d7 wp-block-columns-is-layout-flex\">\n<div class=\"wp-block-column is-layout-flow wp-block-column-is-layout-flow\" style=\"flex-basis:100%\">\n<figure class=\"wp-block-gallery has-nested-images columns-default is-cropped wp-block-gallery-3 is-layout-flex wp-block-gallery-is-layout-flex\">\n<figure class=\"wp-block-image size-large\"><img loading=\"lazy\" decoding=\"async\" width=\"1512\" height=\"945\" data-id=\"3370\" src=\"https:\/\/myfoodoffice.com\/wp-content\/uploads\/2023\/08\/IMG_2786-edited.jpg\" alt=\"\" class=\"wp-image-3370\" srcset=\"https:\/\/myfoodoffice.com\/wp-content\/uploads\/2023\/08\/IMG_2786-edited.jpg 1512w, https:\/\/myfoodoffice.com\/wp-content\/uploads\/2023\/08\/IMG_2786-edited-300x188.jpg 300w, https:\/\/myfoodoffice.com\/wp-content\/uploads\/2023\/08\/IMG_2786-edited-1024x640.jpg 1024w, https:\/\/myfoodoffice.com\/wp-content\/uploads\/2023\/08\/IMG_2786-edited-768x480.jpg 768w, https:\/\/myfoodoffice.com\/wp-content\/uploads\/2023\/08\/IMG_2786-edited-18x12.jpg 18w\" sizes=\"auto, (max-width: 1512px) 100vw, 1512px\" \/><figcaption class=\"wp-element-caption\">Foto: Heidi Haugli<\/figcaption><\/figure>\n<\/figure>\n\n\n\n<p>The girls at Panifico Balduzzi preparing<em> Frittelle di Mele<\/em><\/p>\n<\/div>\n<\/div>\n\n\n\n<h2 class=\"wp-block-heading\">Hur s\u00e5g en typisk arbetsdag ut hos Panificio Balduzzi?<\/h2>\n\n\n\n<p>\u2013 Vi startar vanligtvis klockan 23. F\u00f6rsta uppgiften var alltid att kontrollera extraorder, som kunder skickade via e-post, WhatsApp eller telefon. F\u00f6rsta steget var att manuellt samla dessa \u201dvariationer\u201d och uppdatera produktionsplanen. \u201dAtt inte ha ett effektivt system f\u00f6r ordermottagning har alltid varit en stor utmaning f\u00f6r oss,\u201d p\u00e5pekar Angelo Balduzzi. \u201dDet blev mycket repetitivt och manuellt arbete (Excel och faktureringsprogram), och d\u00e4rf\u00f6r ocks\u00e5 m\u00e5nga fel.\u201d<\/p>\n\n\n\n<p>\"MyFoodOffice \u00e4r en modul\u00e4r plattform som g\u00f6r att mitt f\u00f6retag kan v\u00e4xa kontinuerligt. Den har gjort det m\u00f6jligt att optimera processerna, och nu \u00f6ppnar den upp f\u00f6r nya aff\u00e4rsm\u00f6jligheter som jag annars inte hade kunnat ta tillvara p\u00e5.\"<\/p>\n\n\n\n<h2 class=\"wp-block-heading\">Uppstart med MyFoodOffice<\/h2>\n\n\n\n<p>N\u00e4r de stod inf\u00f6r att inf\u00f6ra nya arbetsrutiner fanns det initialt viss skepsis. <\/p>\n\n\n\n<p>En av Angelos medarbetare ber\u00e4ttar:\n\u2013 Det \u00e4r alltid en utmaning att l\u00e4ra sig nya s\u00e4tt att organisera arbetet. Vi uppskattade verkligen MyFoodOffice-teamet som v\u00e4gledde och hj\u00e4lpte oss att anpassa oss till de nya rutinerna, vilket gjorde \u00f6verg\u00e5ngen mycket smidigare. Nu har v\u00e5r arbetsdag f\u00f6rb\u00e4ttrats avsev\u00e4rt \u2013 fr\u00e5n orderhantering till produktion och fakturering \u2013 och vi har en tydligare \u00f6verblick \u00f6ver produktlinjer, kostnader och marginaler.<\/p>\n\n\n\n<p>Angelo Balduzzi till\u00e4gger:\n\u2013 Idag genereras alla standardorder automatiskt n\u00e4r vi anger deadline i systemet. N\u00e4r order\u00e4ndringar har registrerats skriver mina medarbetare sj\u00e4lva ut produktionsplanen fr\u00e5n MyFoodOffice, allt detta sker innan jag ens kommer p\u00e5 plats.<br>Det frig\u00f6r tid, ger st\u00f6rre fokus p\u00e5 produktionsprocesserna och g\u00f6r det enklare att delegera. Jag uppskattar ocks\u00e5 hur order automatiskt blir till f\u00f6ljesedlar.<\/p>\n\n\n\n<p>Medarbetaren forts\u00e4tter:\n\u2013 Vid m\u00e5nadens slut beh\u00f6ver jag bara n\u00e5gra f\u00e5 klick, s\u00e5 skickas all information direkt till v\u00e5rt molnbaserade faktureringssystem. Jag skulle aldrig vilja g\u00e5 tillbaka till det traditionella s\u00e4ttet att hantera administrationen!<\/p>\n\n\n\n<p>Dessutom var det viktigt f\u00f6r f\u00f6retaget att finjustera kalkylerna f\u00f6r att kontrollera marginaler och kostnader. En exakt k\u00e4nnedom om f\u00f6rsta marginalen underl\u00e4ttar ocks\u00e5 f\u00f6rhandlingar med kunder. Efter en noggrann datarensning har de nu ett system som hj\u00e4lper dem att h\u00e5lla allt uppdaterat.<\/p>\n\n\n\n<p>\u2013 V\u00e5ra etiketter \u00e4r ett annat exempel p\u00e5 hur arbetet har blivit enklare. Vi anv\u00e4nder bara tre etiketter f\u00f6r att t\u00e4cka alla produkter, och inneh\u00e5llet genereras automatiskt fr\u00e5n recepten. P\u00e5 s\u00e5 s\u00e4tt \u00e4r etiketterna alltid uppdaterade med de senaste \u00e4ndringarna.<\/p>\n\n\n\n<h2 class=\"wp-block-heading\">Vad \u00e4r n\u00e4sta m\u00e5l?<\/h2>\n\n\n\n<p>\u2013 N\u00e4sta steg \u00e4r att inf\u00f6ra best\u00e4llningsportalen f\u00f6r v\u00e5ra B2B-kunder och v\u00e5ra tre butiker. Detta g\u00f6r det m\u00f6jligt f\u00f6r kunderna att sj\u00e4lva l\u00e4gga sina dagliga eller veckovisa best\u00e4llningar n\u00e4r det passar dem. I samma \u00f6gonblick ordern skapas dyker informationen automatiskt upp i n\u00e4sta dags produktions- och packlistor, f\u00f6rklarar Angelo Balduzzi.\nDetta inneb\u00e4r ett ytterligare viktigt steg i effektiviseringsprocessen, och mer tid sparas.<\/p>\n\n\n\n<h2 class=\"wp-block-heading\">Varf\u00f6r MyFoodOffice?<\/h2>\n\n\n\n<p>Medarbetarna delar sk\u00e4len till valet:\n\"Det \u00e4r s\u00e5 enkelt! Gr\u00e4nssnittet i MyFoodOffice \u00e4r mycket anv\u00e4ndarv\u00e4nligt, sidorna \u00e4r intuitiva och l\u00e4tta att anv\u00e4nda.\"<\/p>\n\n\n\n<p>\u2013 MyFoodOffice-teamet, med sin lokala n\u00e4rvaro, ger noggrann utbildning och kontinuerligt st\u00f6d under uppstarten. Dessutom, med sitt eget IT-team, \u00e4r vi imponerade \u00f6ver deras korta svarstid, alltid punktliga och precisa. Detta var helt avg\u00f6rande f\u00f6r oss, till\u00e4gger Angelo Balduzzi.<\/p>\n\n\n\n<p>Hans slutsats \u00e4r enkel:<\/p>\n\n\n\n<p>\u2013 MyFoodOffice \u00e4r den ideala l\u00f6sningen, enkel och effektiv, som har hj\u00e4lpt mig att starta en utvecklingsstrategi f\u00f6r mitt f\u00f6retag. Detta har jag l\u00e4nge \u00f6nskat.<\/p>\n\n\n\n<p>Se videon med Angelo Balduzzi och Stefano Greselin.<\/p>\n\n\n\n<figure class=\"wp-block-video\"><video controls src=\"https:\/\/myfoodoffice.com\/wp-content\/uploads\/2023\/08\/MFOBalduzzi_def.mp4\"><\/video><\/figure>\n\n\n\n<div class=\"wp-block-cover alignfull\" style=\"min-height:600px;aspect-ratio:unset;\"><span aria-hidden=\"true\" class=\"wp-block-cover__background has-background-dim-100 has-background-dim wp-block-cover__gradient-background has-background-gradient\" style=\"background:linear-gradient(135deg,rgb(142,162,248) 0%,rgb(59,67,181) 100%)\"><\/span><img loading=\"lazy\" decoding=\"async\" width=\"2560\" height=\"1707\" class=\"wp-block-cover__image-background wp-image-1405\" alt=\"\" src=\"http:\/\/34.88.199.23\/wp-content\/uploads\/2022\/08\/gradienta-LeG68PrXA6Y-unsplash-scaled.jpg\" data-object-fit=\"cover\" srcset=\"https:\/\/myfoodoffice.com\/wp-content\/uploads\/2022\/08\/gradienta-LeG68PrXA6Y-unsplash-scaled.jpg 2560w, https:\/\/myfoodoffice.com\/wp-content\/uploads\/2022\/08\/gradienta-LeG68PrXA6Y-unsplash-300x200.jpg 300w, https:\/\/myfoodoffice.com\/wp-content\/uploads\/2022\/08\/gradienta-LeG68PrXA6Y-unsplash-1024x683.jpg 1024w, https:\/\/myfoodoffice.com\/wp-content\/uploads\/2022\/08\/gradienta-LeG68PrXA6Y-unsplash-768x512.jpg 768w, https:\/\/myfoodoffice.com\/wp-content\/uploads\/2022\/08\/gradienta-LeG68PrXA6Y-unsplash-1536x1024.jpg 1536w, https:\/\/myfoodoffice.com\/wp-content\/uploads\/2022\/08\/gradienta-LeG68PrXA6Y-unsplash-2048x1365.jpg 2048w, https:\/\/myfoodoffice.com\/wp-content\/uploads\/2022\/08\/gradienta-LeG68PrXA6Y-unsplash-18x12.jpg 18w, https:\/\/myfoodoffice.com\/wp-content\/uploads\/2022\/08\/gradienta-LeG68PrXA6Y-unsplash-2000x1333.jpg 2000w\" sizes=\"auto, (max-width: 2560px) 100vw, 2560px\" \/><div class=\"wp-block-cover__inner-container is-layout-flow wp-block-cover-is-layout-flow\">\n<div style=\"height:40px\" aria-hidden=\"true\" class=\"wp-block-spacer\"><\/div>\n\n\n\n<h2 class=\"wp-block-heading has-text-align-left\" style=\"font-size:50px\"><strong><span style=\"text-decoration: underline;\">En<\/span> plattform f\u00f6r att hantera dina<\/strong><\/h2>\n\n\n\n<div style=\"height:80px\" aria-hidden=\"true\" class=\"wp-block-spacer\"><\/div>\n\n\n\n<div class=\"wp-block-columns is-layout-flex wp-container-core-columns-is-layout-9d6595d7 wp-block-columns-is-layout-flex\">\n<div class=\"wp-block-column is-layout-flow wp-block-column-is-layout-flow\">\n<h1 class=\"wp-block-heading\"><mark style=\"background-color:rgba(0, 0, 0, 0)\" class=\"has-inline-color has-white-color\">Produkter<\/mark><\/h1>\n\n\n\n<p>Alla verktyg du beh\u00f6ver.<br>F\u00e5 kontroll \u00f6ver hela din produktportf\u00f6lj fr\u00e5n ett st\u00e4lle.<\/p>\n\n\n\n<div class=\"wp-block-buttons is-layout-flex wp-block-buttons-is-layout-flex\">\n<div class=\"wp-block-button has-custom-font-size has-small-font-size\"><a class=\"wp-block-button__link wp-element-button\" href=\"https:\/\/myfoodoffice.com\/sv\/manage-your-products\/\">L\u00e4r dig mer<\/a><\/div>\n\n\n\n<div class=\"wp-block-button has-custom-font-size has-small-font-size\"><a class=\"wp-block-button__link wp-element-button\" href=\"https:\/\/app.myfoodoffice.com\/auth\/signup\/?locale\">KOM IG\u00c5NG<\/a><\/div>\n<\/div>\n<\/div>\n\n\n\n<div class=\"wp-block-column is-layout-flow wp-block-column-is-layout-flow\">\n<h1 class=\"wp-block-heading\"><mark style=\"background-color:rgba(0, 0, 0, 0)\" class=\"has-inline-color has-white-color\">Daglig verksamhet<\/mark><\/h1>\n\n\n\n<p>Str\u00f6mlinjeformad och automatiserad.<br>Vi kopplar samman era f\u00f6rs\u00e4ljningskanaler med verksamheten.<\/p>\n\n\n\n<div class=\"wp-block-buttons is-layout-flex wp-block-buttons-is-layout-flex\">\n<div class=\"wp-block-button has-custom-font-size has-small-font-size\"><a class=\"wp-block-button__link wp-element-button\" href=\"https:\/\/myfoodoffice.com\/sv\/manage-your-business\/\">L\u00e4r dig mer<\/a><\/div>\n\n\n\n<div class=\"wp-block-button has-custom-font-size has-small-font-size\"><a class=\"wp-block-button__link wp-element-button\" href=\"https:\/\/app.myfoodoffice.com\/auth\/signup\/?locale\">KOM IG\u00c5NG<\/a><\/div>\n<\/div>\n<\/div>\n<\/div>\n\n\n\n<div style=\"height:136px\" aria-hidden=\"true\" class=\"wp-block-spacer\"><\/div>\n<\/div><\/div>\n\n\n\n<div class=\"wp-block-cover alignfull is-light book-demo-wide\"><span aria-hidden=\"true\" class=\"wp-block-cover__background has-background-dim-100 has-background-dim has-background-gradient\" style=\"background:linear-gradient(135deg,rgb(255,255,255) 0%,rgb(169,184,195) 100%)\"><\/span><div class=\"wp-block-cover__inner-container is-layout-flow wp-block-cover-is-layout-flow\">\n<div style=\"height:40px\" aria-hidden=\"true\" class=\"wp-block-spacer\"><\/div>\n\n\n\n<h2 class=\"wp-block-heading has-text-align-center\">Har du fr\u00e5gor?<\/h2>\n\n\n\n<h2 class=\"wp-block-heading has-text-align-center\">Vill du ha en guidad demo?<\/h2>\n\n\n\n<h2 class=\"wp-block-heading has-text-align-center\">Boka ett m\u00f6te med oss!<\/h2>\n\n\n\n\n\n\n\n\n\n\n\n<br \/>\n<!-- Start of Meetings Embed Script --><\/p>\n<div class=\"meetings-iframe-container\" data-src=\"https:\/\/meetings.hubspot.com\/martin-lang?embed=true\"><\/div>\n<p><script type=\"text\/javascript\" src=\"https:\/\/static.hsappstatic.net\/MeetingsEmbed\/ex\/MeetingsEmbedCode.js\"><\/script><!-- End of Meetings Embed Script \u2014>--><br \/>\n\n<\/div><\/div>\n\n\n\n<div class=\"wp-block-columns is-layout-flex wp-container-core-columns-is-layout-9d6595d7 wp-block-columns-is-layout-flex\">\n<div class=\"wp-block-column feature-colorful-container is-layout-flow wp-block-column-is-layout-flow\">\n<h2 class=\"wp-block-heading\">Vi har allt du beh\u00f6ver f\u00f6r att hantera <\/h2>\n\n\n\n<div class=\"wp-block-columns is-layout-flex wp-container-core-columns-is-layout-9d6595d7 wp-block-columns-is-layout-flex\">\n<div class=\"wp-block-column is-layout-flow wp-block-column-is-layout-flow\">\n<h3 class=\"wp-block-heading\">Daglig verksamhet<\/h3>\n<\/div>\n<\/div>\n\n\n\n<div class=\"wp-block-columns is-layout-flex wp-container-core-columns-is-layout-9d6595d7 wp-block-columns-is-layout-flex\">\n<div class=\"wp-block-column feature-box-colored feature-box-green is-layout-flow wp-block-column-is-layout-flow\">\n<h4 class=\"wp-block-heading\">B2B f\u00f6rs\u00e4ljning<\/h4>\n\n\n\n<p>Driver ni en butikskedja, grossistverksamhet eller f\u00f6retagsf\u00f6rs\u00e4ljning?<br>En allt-i-ett-l\u00f6sning f\u00f6r alla dina f\u00f6rs\u00e4ljningskanaler.<\/p>\n<\/div>\n\n\n\n<div class=\"wp-block-column feature-box-colored feature-box-green is-layout-flow wp-block-column-is-layout-flow\">\n<h4 class=\"wp-block-heading\">Produktion<\/h4>\n\n\n\n<p>G\u00e5 digitalt med din produktion. F\u00e4rdigutr\u00e4knade batchstorlekar automatiskt f\u00f6rberedda och mycket mer.<\/p>\n<\/div>\n\n\n\n<div class=\"wp-block-column feature-box-colored feature-box-green is-layout-flow wp-block-column-is-layout-flow\">\n<h4 class=\"wp-block-heading\">Packning<\/h4>\n\n\n\n<p>V\u00e5ra digitala verktyg snabbar upp orderplockning och packning. F\u00e4rre fel skapar en god atmosf\u00e4r.<\/p>\n<\/div>\n\n\n\n<div class=\"wp-block-column feature-box-colored feature-box-green is-layout-flow wp-block-column-is-layout-flow\">\n<h4 class=\"wp-block-heading\">Connect<\/h4>\n\n\n\n<p>Eliminera on\u00f6dig datainmatning fr\u00e5n ett system till ett annat. Automatisera data f\u00f6r kassasystem, redovisning och webbutik.<\/p>\n<\/div>\n<\/div>\n\n\n\n<div class=\"wp-block-columns is-layout-flex wp-container-core-columns-is-layout-9d6595d7 wp-block-columns-is-layout-flex\">\n<div class=\"wp-block-column is-layout-flow wp-block-column-is-layout-flow\">\n<h3 class=\"wp-block-heading\">Produkter<\/h3>\n<\/div>\n<\/div>\n\n\n\n<div class=\"wp-block-columns is-layout-flex wp-container-core-columns-is-layout-9d6595d7 wp-block-columns-is-layout-flex\">\n<div class=\"wp-block-column feature-box-colored feature-box-blue is-layout-flow wp-block-column-is-layout-flow\">\n<h4 class=\"wp-block-heading\">Varudeklaration<\/h4>\n\n\n\n<p>F\u00e5 ordning p\u00e5 alla dina recept. S\u00e4kerst\u00e4lla korrekta och uppdaterade varudeklarationer<\/p>\n<\/div>\n\n\n\n<div class=\"wp-block-column feature-box-colored feature-box-blue is-layout-flow wp-block-column-is-layout-flow\">\n<h4 class=\"wp-block-heading\">Pro Verktyg<\/h4>\n\n\n\n<p>\u00c4r livsmedelsdeklarationer ditt dedikerade ansvar? Dra nytta av v\u00e5ra kraftfulla verktyg som tar dig l\u00e4ngre.<\/p>\n<\/div>\n\n\n\n<div class=\"wp-block-column feature-box-colored feature-box-blue is-layout-flow wp-block-column-is-layout-flow\">\n<h4 class=\"wp-block-heading\">Etiketter<\/h4>\n\n\n\n<p>Automatisera etikettdesign och inneh\u00e5ll. Enkelt och smidigt. Alltid uppdaterad med recepten. <\/p>\n<\/div>\n\n\n\n<div class=\"wp-block-column feature-box-colored feature-box-blue is-layout-flow wp-block-column-is-layout-flow\">\n<h4 class=\"wp-block-heading\">Produktkalkyl<\/h4>\n\n\n\n<p>K\u00e4nn till dina f\u00f6rs\u00e4ljningsmarginaler och m\u00f6t konkurrensen med sj\u00e4lvf\u00f6rtroende. Anv\u00e4ndbara insikter f\u00f6r f\u00f6rb\u00e4ttrade vinster.<\/p>\n<\/div>\n<\/div>\n<\/div>\n<\/div>\n\n\n\n<div class=\"wp-block-cover alignfull is-light has-parallax is-position-center-center\" style=\"min-height:597px;aspect-ratio:unset;\"><span aria-hidden=\"true\" class=\"wp-block-cover__background has-black-background-color has-background-dim-40 has-background-dim\"><\/span><div role=\"img\" class=\"wp-block-cover__image-background wp-image-1096 has-parallax\" style=\"background-position:50% 50%;background-image:url(https:\/\/myfoodoffice.com\/wp-content\/uploads\/2022\/07\/laura-lefurgey-smith-MGXNnStUi0s-unsplash-scaled.jpg)\"><\/div><div class=\"wp-block-cover__inner-container is-layout-flow wp-block-cover-is-layout-flow\">\n<p class=\"has-text-align-center has-text-color has-huge-font-size\" style=\"color:#fffffa;line-height:1.1\"><\/p>\n\n\n\n<div style=\"height:186px\" aria-hidden=\"true\" class=\"wp-block-spacer\"><\/div>\n\n\n\n<p class=\"has-text-align-center has-white-color has-text-color has-large-font-size\"><strong>MyFoodOffice hj\u00e4lper dig<\/strong><\/p>\n\n\n\n\n\n\n\n\n\n\n\n\n\n\n\n\n\n\n\n<div class=\"wp-block-typing-text-typing-text-block no-translation  root-eb-typing-text-9j26zvy\" data-no-translation=\"\"><div class=\"eb-parent-wrapper eb-parent-eb-typing-text-9j26zvy\"><div class=\"eb-typed-wrapper eb-typing-text-9j26zvy\" data-id=\"eb-typing-text-9j26zvy\"><div class=\"eb-typed-content\" data-type-speed=\"50\" data-start-delay=\"0\" data-smart-backspace=\"true\" data-back-speed=\"40\" data-back-delay=\"700\" data-fade=\"false\" data-fade-delay=\"500\" data-loop=\"true\" data-cursor=\"true\"><span class=\"eb-typed-prefix\"><\/span><span class=\"eb-typed-text-wrapper is-hidden\"><span class=\"eb-typed-text\">s\u00e4lja mer<\/span><span class=\"eb-typed-text\">bli mer l\u00f6nsam<\/span><span class=\"eb-typed-text\">bli mer effektiv<\/span><\/span><span class=\"eb-typed-view\"><\/span><span class=\"eb-typed-suffix\"><\/span><\/div><\/div><\/div><\/div>\n\n\n\n\n\n\n\n<div class=\"wp-block-buttons is-horizontal is-content-justification-center is-layout-flex wp-container-core-buttons-is-layout-499968f5 wp-block-buttons-is-layout-flex\">\n<div class=\"wp-block-button is-style-outline is-style-outline--4\"><a class=\"wp-block-button__link has-white-color has-vivid-cyan-blue-background-color has-text-color has-background wp-element-button\" href=\"https:\/\/app.myfoodoffice.com\/auth\/signup\" target=\"_blank\" rel=\"noreferrer noopener\">KOM IG\u00c5NG<\/a><\/div>\n<\/div>\n\n\n\n<div style=\"height:190px\" aria-hidden=\"true\" class=\"wp-block-spacer\"><\/div>\n<\/div><\/div>","protected":false},"excerpt":{"rendered":"<p>No more excel sheets and repetitive tasks. With MyFoodOffice, we manage food declarations, food costing, labelling, incoming customer orders, production up to invoicing, all with ONE single tool! MyFoodOffice has a profound knowledge of the specific processes of baking, it is absolutely easy to understand that the software is developed by bakers for bakers! Angelo &hellip; <\/p>\n<p class=\"link-more\"><a href=\"https:\/\/myfoodoffice.com\/sv\/customer-stories\/il-panificio-balduzzi\/\" class=\"more-link\">L\u00e4s mer<span class=\"screen-reader-text\"> \u201dStory &#8211; Il Panificio Balduzzi\u201d<\/span><\/a><\/p>","protected":false},"author":3,"featured_media":0,"parent":1196,"menu_order":0,"comment_status":"closed","ping_status":"closed","template":"","meta":{"content-type":"","_eb_attr":"","_kad_blocks_custom_css":"","_kad_blocks_head_custom_js":"","_kad_blocks_body_custom_js":"","_kad_blocks_footer_custom_js":"","_kadence_starter_templates_imported_post":false,"footnotes":""},"class_list":["post-3361","page","type-page","status-publish","hentry"],"taxonomy_info":[],"featured_image_src_large":false,"author_info":{"display_name":"Martin","author_link":"https:\/\/myfoodoffice.com\/sv\/author\/martin\/"},"comment_info":0,"_links":{"self":[{"href":"https:\/\/myfoodoffice.com\/sv\/wp-json\/wp\/v2\/pages\/3361","targetHints":{"allow":["GET"]}}],"collection":[{"href":"https:\/\/myfoodoffice.com\/sv\/wp-json\/wp\/v2\/pages"}],"about":[{"href":"https:\/\/myfoodoffice.com\/sv\/wp-json\/wp\/v2\/types\/page"}],"author":[{"embeddable":true,"href":"https:\/\/myfoodoffice.com\/sv\/wp-json\/wp\/v2\/users\/3"}],"replies":[{"embeddable":true,"href":"https:\/\/myfoodoffice.com\/sv\/wp-json\/wp\/v2\/comments?post=3361"}],"version-history":[{"count":47,"href":"https:\/\/myfoodoffice.com\/sv\/wp-json\/wp\/v2\/pages\/3361\/revisions"}],"predecessor-version":[{"id":3722,"href":"https:\/\/myfoodoffice.com\/sv\/wp-json\/wp\/v2\/pages\/3361\/revisions\/3722"}],"up":[{"embeddable":true,"href":"https:\/\/myfoodoffice.com\/sv\/wp-json\/wp\/v2\/pages\/1196"}],"wp:attachment":[{"href":"https:\/\/myfoodoffice.com\/sv\/wp-json\/wp\/v2\/media?parent=3361"}],"curies":[{"name":"wp","href":"https:\/\/api.w.org\/{rel}","templated":true}]}}