{"id":3549,"date":"2024-05-28T14:36:52","date_gmt":"2024-05-28T14:36:52","guid":{"rendered":"https:\/\/myfoodoffice.com\/?page_id=3549"},"modified":"2024-05-29T07:47:24","modified_gmt":"2024-05-29T07:47:24","slug":"story-pave-milano","status":"publish","type":"page","link":"https:\/\/myfoodoffice.com\/sv\/customer-stories\/story-pave-milano\/","title":{"rendered":"Story &#8211; Pav\u00e9 Milano"},"content":{"rendered":"<div style=\"height:40px\" aria-hidden=\"true\" class=\"wp-block-spacer\"><\/div>\n\n\n\n<figure class=\"wp-block-gallery has-nested-images columns-default is-cropped wp-block-gallery-1 is-layout-flex wp-block-gallery-is-layout-flex\">\n<figure class=\"wp-block-image size-large is-style-rounded\"><img loading=\"lazy\" decoding=\"async\" width=\"1601\" height=\"2560\" data-id=\"3565\" src=\"https:\/\/myfoodoffice.com\/wp-content\/uploads\/2024\/05\/12-edited-scaled.jpg\" alt=\"\" class=\"wp-image-3565\" srcset=\"https:\/\/myfoodoffice.com\/wp-content\/uploads\/2024\/05\/12-edited-scaled.jpg 1601w, https:\/\/myfoodoffice.com\/wp-content\/uploads\/2024\/05\/12-edited-188x300.jpg 188w, https:\/\/myfoodoffice.com\/wp-content\/uploads\/2024\/05\/12-edited-640x1024.jpg 640w, https:\/\/myfoodoffice.com\/wp-content\/uploads\/2024\/05\/12-edited-768x1228.jpg 768w, https:\/\/myfoodoffice.com\/wp-content\/uploads\/2024\/05\/12-edited-960x1536.jpg 960w, https:\/\/myfoodoffice.com\/wp-content\/uploads\/2024\/05\/12-edited-1281x2048.jpg 1281w, https:\/\/myfoodoffice.com\/wp-content\/uploads\/2024\/05\/12-edited-8x12.jpg 8w, https:\/\/myfoodoffice.com\/wp-content\/uploads\/2024\/05\/12-edited-2000x3199.jpg 2000w\" sizes=\"auto, (max-width: 1601px) 100vw, 1601px\" \/><figcaption class=\"wp-element-caption\">Foto: Pav\u00e9 Milano<\/figcaption><\/figure>\n<\/figure>\n\n\n\n<h2 class=\"wp-block-heading has-text-align-center has-medium-font-size\">Historien om f\u00f6retaget som revolutionerade bageri- och konditoriv\u00e4rlden: nu g\u00e5r MyFoodOffice samman med Pav\u00e9 Milano i digitaliseringsutmaningen<\/h2>\n\n\n\n<p><a href=\"https:\/\/www.pavemilano.com\/\" data-type=\"link\" data-id=\"https:\/\/www.pavemilano.com\/\">Pav\u00e9 Milano<\/a>, det innovativa caf\u00e9et som f\u00f6ddes f\u00f6r 10 \u00e5r sedan ur tre v\u00e4nners vision om att revolutionera frukosten i Milano, har f\u00f6ljt en otrolig tillv\u00e4xtbana. St\u00e4ndigt i utveckling har Pav\u00e9 \u00f6ppnat nya butiker och lanserat innovativa projekt: konditorier, gelaterior (glassbarer) och bryggerier. \u00c5r 2023, med sex verksamheter och \u00f6ver 50 anst\u00e4llda, stod Pav\u00e9 inf\u00f6r en ny utmaning: att optimera f\u00f6retagsstyrningen. M\u00e5let var att samla hanteringen av produkter, best\u00e4llningar och kostnader i en enda plattform.<\/p>\n\n\n\n<p class=\"has-text-align-left has-black-color has-text-color\"> - MyFoodOffice har blivit den idealiska partnern, eftersom de kan erbjuda en skr\u00e4ddarsydd l\u00f6sning som har f\u00f6r\u00e4ndrat Pav\u00e9s arbetsrutiner. Alessandro, Pav\u00e9 Milanos logistikansvarig, betonar vikten av samarbetet: <\/p>\n\n\n\n<blockquote class=\"wp-block-quote is-layout-flow wp-block-quote-is-layout-flow\">\n<p>\u201dMyFoodOffice f\u00f6rst\u00e5r utmaningarna inom bagerisektorn. \u00d6verg\u00e5ngen har gett oss m\u00f6jlighet att optimera produkter och processer, vilket har f\u00f6rb\u00e4ttrat v\u00e5ra arbetsrutiner.\u201d<\/p>\n<cite>Alessandro, logistikansvarig Pav\u00e9 Milano<\/cite><\/blockquote>\n\n\n\n<div class=\"wp-block-columns are-vertically-aligned-center is-layout-flex wp-container-core-columns-is-layout-9d6595d7 wp-block-columns-is-layout-flex\">\n<div class=\"wp-block-column is-vertically-aligned-center is-layout-flow wp-block-column-is-layout-flow\">\n<p>Inf\u00f6randet av systemet har gjort det m\u00f6jligt f\u00f6r f\u00f6retaget att planera best\u00e4llningar i f\u00f6rv\u00e4g och generera detaljerade rapporter om r\u00e5varor och produktion, vilket sparar v\u00e4rdefulla arbetstimmar och f\u00f6renklar repetitiva uppgifter. <\/p>\n\n\n\n<p>Elena, Pav\u00e9s administrativt ansvariga, f\u00f6rklarar:\n\u201dMed tillg\u00e5ng i realtid till r\u00e5varukostnader kan vi beh\u00e5lla de marginaler som kr\u00e4vs f\u00f6r tillv\u00e4xt. Att ha all data samlad p\u00e5 ett st\u00e4lle, med dynamiska listor, \u00e4r ov\u00e4rderligt.\u201d Kontrollen \u00f6ver best\u00e4llningar har frigjort extra tid f\u00f6r utveckling av nya produkter och bevarar Pav\u00e9s s\u00e4rpr\u00e4glade kvalitet, som omfattar design, grafik och arkitektur.<\/p>\n<\/div>\n\n\n\n<div class=\"wp-block-column is-vertically-aligned-center is-layout-flow wp-block-column-is-layout-flow\">\n<figure class=\"wp-block-gallery has-nested-images columns-default is-cropped wp-block-gallery-2 is-layout-flex wp-block-gallery-is-layout-flex\">\n<figure class=\"wp-block-image size-full\"><img loading=\"lazy\" decoding=\"async\" width=\"2560\" height=\"1709\" data-id=\"3558\" src=\"https:\/\/myfoodoffice.com\/wp-content\/uploads\/2024\/05\/Store_casati_2-4-scaled.jpg\" alt=\"\" class=\"wp-image-3558\" srcset=\"https:\/\/myfoodoffice.com\/wp-content\/uploads\/2024\/05\/Store_casati_2-4-scaled.jpg 2560w, https:\/\/myfoodoffice.com\/wp-content\/uploads\/2024\/05\/Store_casati_2-4-300x200.jpg 300w, https:\/\/myfoodoffice.com\/wp-content\/uploads\/2024\/05\/Store_casati_2-4-1024x683.jpg 1024w, https:\/\/myfoodoffice.com\/wp-content\/uploads\/2024\/05\/Store_casati_2-4-768x513.jpg 768w, https:\/\/myfoodoffice.com\/wp-content\/uploads\/2024\/05\/Store_casati_2-4-1536x1025.jpg 1536w, https:\/\/myfoodoffice.com\/wp-content\/uploads\/2024\/05\/Store_casati_2-4-2048x1367.jpg 2048w, https:\/\/myfoodoffice.com\/wp-content\/uploads\/2024\/05\/Store_casati_2-4-18x12.jpg 18w, https:\/\/myfoodoffice.com\/wp-content\/uploads\/2024\/05\/Store_casati_2-4-2000x1335.jpg 2000w\" sizes=\"auto, (max-width: 2560px) 100vw, 2560px\" \/><figcaption class=\"wp-element-caption\">Pav\u00e9s butik p\u00e5 Felice Casati, Milano<\/figcaption><\/figure>\n<\/figure>\n<\/div>\n<\/div>\n\n\n\n<blockquote class=\"wp-block-quote is-layout-flow wp-block-quote-is-layout-flow\">\n<p>\u201dMed tillg\u00e5ng i realtid till r\u00e5varukostnader kan vi s\u00e4kerst\u00e4lla de marginaler som kr\u00e4vs f\u00f6r tillv\u00e4xt. Att konsolidera all data p\u00e5 ett st\u00e4lle, med dynamiska listor, \u00e4r ov\u00e4rderligt.\u201d<\/p>\n<cite>Elena, administrativt ansvarig Pav\u00e9 Milano<\/cite><\/blockquote>\n\n\n\n<p><a href=\"https:\/\/myfoodoffice.com\/sv\/customer-stories\/story-pave-milano\/pave-milano-and-myfoodoffice-together-in-innovation\/\" data-type=\"page\" data-id=\"3570\" target=\"_blank\" rel=\"noreferrer noopener\">L\u00e4s hela artikeln (p\u00e5 italienska) publicerad i tidskriften Dolcesalato, januari 2024 <strong>Dolcesalato<\/strong>, January 2024<\/a><\/p>\n\n\n\n<p><\/p>\n\n\n\n<div class=\"wp-block-cover alignfull\" style=\"min-height:600px;aspect-ratio:unset;\"><span aria-hidden=\"true\" class=\"wp-block-cover__background has-background-dim-100 has-background-dim wp-block-cover__gradient-background has-background-gradient\" style=\"background:linear-gradient(135deg,rgb(142,162,248) 0%,rgb(59,67,181) 100%)\"><\/span><img loading=\"lazy\" decoding=\"async\" width=\"2560\" height=\"1707\" class=\"wp-block-cover__image-background wp-image-1405\" alt=\"\" src=\"http:\/\/34.88.199.23\/wp-content\/uploads\/2022\/08\/gradienta-LeG68PrXA6Y-unsplash-scaled.jpg\" data-object-fit=\"cover\" srcset=\"https:\/\/myfoodoffice.com\/wp-content\/uploads\/2022\/08\/gradienta-LeG68PrXA6Y-unsplash-scaled.jpg 2560w, https:\/\/myfoodoffice.com\/wp-content\/uploads\/2022\/08\/gradienta-LeG68PrXA6Y-unsplash-300x200.jpg 300w, https:\/\/myfoodoffice.com\/wp-content\/uploads\/2022\/08\/gradienta-LeG68PrXA6Y-unsplash-1024x683.jpg 1024w, https:\/\/myfoodoffice.com\/wp-content\/uploads\/2022\/08\/gradienta-LeG68PrXA6Y-unsplash-768x512.jpg 768w, https:\/\/myfoodoffice.com\/wp-content\/uploads\/2022\/08\/gradienta-LeG68PrXA6Y-unsplash-1536x1024.jpg 1536w, https:\/\/myfoodoffice.com\/wp-content\/uploads\/2022\/08\/gradienta-LeG68PrXA6Y-unsplash-2048x1365.jpg 2048w, https:\/\/myfoodoffice.com\/wp-content\/uploads\/2022\/08\/gradienta-LeG68PrXA6Y-unsplash-18x12.jpg 18w, https:\/\/myfoodoffice.com\/wp-content\/uploads\/2022\/08\/gradienta-LeG68PrXA6Y-unsplash-2000x1333.jpg 2000w\" sizes=\"auto, (max-width: 2560px) 100vw, 2560px\" \/><div class=\"wp-block-cover__inner-container is-layout-flow wp-block-cover-is-layout-flow\">\n<div style=\"height:40px\" aria-hidden=\"true\" class=\"wp-block-spacer\"><\/div>\n\n\n\n<h2 class=\"wp-block-heading has-text-align-left\" style=\"font-size:50px\"><strong><span style=\"text-decoration: underline;\">En<\/span> plattform f\u00f6r att hantera dina<\/strong><\/h2>\n\n\n\n<div style=\"height:80px\" aria-hidden=\"true\" class=\"wp-block-spacer\"><\/div>\n\n\n\n<div class=\"wp-block-columns is-layout-flex wp-container-core-columns-is-layout-9d6595d7 wp-block-columns-is-layout-flex\">\n<div class=\"wp-block-column is-layout-flow wp-block-column-is-layout-flow\">\n<h1 class=\"wp-block-heading\"><mark style=\"background-color:rgba(0, 0, 0, 0)\" class=\"has-inline-color has-white-color\">Produkter<\/mark><\/h1>\n\n\n\n<p>Alla verktyg du beh\u00f6ver.<br>F\u00e5 kontroll \u00f6ver hela din produktportf\u00f6lj fr\u00e5n ett st\u00e4lle.<\/p>\n\n\n\n<div class=\"wp-block-buttons is-layout-flex wp-block-buttons-is-layout-flex\">\n<div class=\"wp-block-button has-custom-font-size has-small-font-size\"><a class=\"wp-block-button__link wp-element-button\" href=\"https:\/\/myfoodoffice.com\/sv\/manage-your-products\/\">L\u00e4r dig mer<\/a><\/div>\n\n\n\n<div class=\"wp-block-button has-custom-font-size has-small-font-size\"><a class=\"wp-block-button__link wp-element-button\" href=\"https:\/\/app.myfoodoffice.com\/auth\/signup\/?locale\">KOM IG\u00c5NG<\/a><\/div>\n<\/div>\n<\/div>\n\n\n\n<div class=\"wp-block-column is-layout-flow wp-block-column-is-layout-flow\">\n<h1 class=\"wp-block-heading\"><mark style=\"background-color:rgba(0, 0, 0, 0)\" class=\"has-inline-color has-white-color\">Daglig verksamhet<\/mark><\/h1>\n\n\n\n<p>Str\u00f6mlinjeformad och automatiserad.<br>Vi kopplar samman era f\u00f6rs\u00e4ljningskanaler med verksamheten.<\/p>\n\n\n\n<div class=\"wp-block-buttons is-layout-flex wp-block-buttons-is-layout-flex\">\n<div class=\"wp-block-button has-custom-font-size has-small-font-size\"><a class=\"wp-block-button__link wp-element-button\" href=\"https:\/\/myfoodoffice.com\/sv\/manage-your-business\/\">L\u00e4r dig mer<\/a><\/div>\n\n\n\n<div class=\"wp-block-button has-custom-font-size has-small-font-size\"><a class=\"wp-block-button__link wp-element-button\" href=\"https:\/\/app.myfoodoffice.com\/auth\/signup\/?locale\">KOM IG\u00c5NG<\/a><\/div>\n<\/div>\n<\/div>\n<\/div>\n\n\n\n<div style=\"height:136px\" aria-hidden=\"true\" class=\"wp-block-spacer\"><\/div>\n<\/div><\/div>\n\n\n\n<div class=\"wp-block-cover alignfull is-light book-demo-wide\"><span aria-hidden=\"true\" class=\"wp-block-cover__background has-background-dim-100 has-background-dim has-background-gradient\" style=\"background:linear-gradient(135deg,rgb(255,255,255) 0%,rgb(169,184,195) 100%)\"><\/span><div class=\"wp-block-cover__inner-container is-layout-flow wp-block-cover-is-layout-flow\">\n<div style=\"height:40px\" aria-hidden=\"true\" class=\"wp-block-spacer\"><\/div>\n\n\n\n<h2 class=\"wp-block-heading has-text-align-center\">Har du fr\u00e5gor?<\/h2>\n\n\n\n<h2 class=\"wp-block-heading has-text-align-center\">Vill du ha en guidad demo?<\/h2>\n\n\n\n<h2 class=\"wp-block-heading has-text-align-center\">Boka ett m\u00f6te med oss!<\/h2>\n\n\n\n\n\n\n\n\n\n\n\n<br \/>\n<!-- Start of Meetings Embed Script --><\/p>\n<div class=\"meetings-iframe-container\" data-src=\"https:\/\/meetings.hubspot.com\/martin-lang?embed=true\"><\/div>\n<p><script type=\"text\/javascript\" src=\"https:\/\/static.hsappstatic.net\/MeetingsEmbed\/ex\/MeetingsEmbedCode.js\"><\/script><!-- End of Meetings Embed Script \u2014>--><br \/>\n\n<\/div><\/div>\n\n\n\n<div class=\"wp-block-columns is-layout-flex wp-container-core-columns-is-layout-9d6595d7 wp-block-columns-is-layout-flex\">\n<div class=\"wp-block-column feature-colorful-container is-layout-flow wp-block-column-is-layout-flow\">\n<h2 class=\"wp-block-heading\">Vi har allt du beh\u00f6ver f\u00f6r att hantera <\/h2>\n\n\n\n<div class=\"wp-block-columns is-layout-flex wp-container-core-columns-is-layout-9d6595d7 wp-block-columns-is-layout-flex\">\n<div class=\"wp-block-column is-layout-flow wp-block-column-is-layout-flow\">\n<h3 class=\"wp-block-heading\">Daglig verksamhet<\/h3>\n<\/div>\n<\/div>\n\n\n\n<div class=\"wp-block-columns is-layout-flex wp-container-core-columns-is-layout-9d6595d7 wp-block-columns-is-layout-flex\">\n<div class=\"wp-block-column feature-box-colored feature-box-green is-layout-flow wp-block-column-is-layout-flow\">\n<h4 class=\"wp-block-heading\">B2B f\u00f6rs\u00e4ljning<\/h4>\n\n\n\n<p>Driver ni en butikskedja, grossistverksamhet eller f\u00f6retagsf\u00f6rs\u00e4ljning?<br>En allt-i-ett-l\u00f6sning f\u00f6r alla dina f\u00f6rs\u00e4ljningskanaler.<\/p>\n<\/div>\n\n\n\n<div class=\"wp-block-column feature-box-colored feature-box-green is-layout-flow wp-block-column-is-layout-flow\">\n<h4 class=\"wp-block-heading\">Produktion<\/h4>\n\n\n\n<p>G\u00e5 digitalt med din produktion. F\u00e4rdigutr\u00e4knade batchstorlekar automatiskt f\u00f6rberedda och mycket mer.<\/p>\n<\/div>\n\n\n\n<div class=\"wp-block-column feature-box-colored feature-box-green is-layout-flow wp-block-column-is-layout-flow\">\n<h4 class=\"wp-block-heading\">Packning<\/h4>\n\n\n\n<p>V\u00e5ra digitala verktyg snabbar upp orderplockning och packning. F\u00e4rre fel skapar en god atmosf\u00e4r.<\/p>\n<\/div>\n\n\n\n<div class=\"wp-block-column feature-box-colored feature-box-green is-layout-flow wp-block-column-is-layout-flow\">\n<h4 class=\"wp-block-heading\">Connect<\/h4>\n\n\n\n<p>Eliminera on\u00f6dig datainmatning fr\u00e5n ett system till ett annat. Automatisera data f\u00f6r kassasystem, redovisning och webbutik.<\/p>\n<\/div>\n<\/div>\n\n\n\n<div class=\"wp-block-columns is-layout-flex wp-container-core-columns-is-layout-9d6595d7 wp-block-columns-is-layout-flex\">\n<div class=\"wp-block-column is-layout-flow wp-block-column-is-layout-flow\">\n<h3 class=\"wp-block-heading\">Produkter<\/h3>\n<\/div>\n<\/div>\n\n\n\n<div class=\"wp-block-columns is-layout-flex wp-container-core-columns-is-layout-9d6595d7 wp-block-columns-is-layout-flex\">\n<div class=\"wp-block-column feature-box-colored feature-box-blue is-layout-flow wp-block-column-is-layout-flow\">\n<h4 class=\"wp-block-heading\">Varudeklaration<\/h4>\n\n\n\n<p>F\u00e5 ordning p\u00e5 alla dina recept. S\u00e4kerst\u00e4lla korrekta och uppdaterade varudeklarationer<\/p>\n<\/div>\n\n\n\n<div class=\"wp-block-column feature-box-colored feature-box-blue is-layout-flow wp-block-column-is-layout-flow\">\n<h4 class=\"wp-block-heading\">Pro Verktyg<\/h4>\n\n\n\n<p>\u00c4r livsmedelsdeklarationer ditt dedikerade ansvar? Dra nytta av v\u00e5ra kraftfulla verktyg som tar dig l\u00e4ngre.<\/p>\n<\/div>\n\n\n\n<div class=\"wp-block-column feature-box-colored feature-box-blue is-layout-flow wp-block-column-is-layout-flow\">\n<h4 class=\"wp-block-heading\">Etiketter<\/h4>\n\n\n\n<p>Automatisera etikettdesign och inneh\u00e5ll. Enkelt och smidigt. Alltid uppdaterad med recepten. <\/p>\n<\/div>\n\n\n\n<div class=\"wp-block-column feature-box-colored feature-box-blue is-layout-flow wp-block-column-is-layout-flow\">\n<h4 class=\"wp-block-heading\">Produktkalkyl<\/h4>\n\n\n\n<p>K\u00e4nn till dina f\u00f6rs\u00e4ljningsmarginaler och m\u00f6t konkurrensen med sj\u00e4lvf\u00f6rtroende. Anv\u00e4ndbara insikter f\u00f6r f\u00f6rb\u00e4ttrade vinster.<\/p>\n<\/div>\n<\/div>\n<\/div>\n<\/div>\n\n\n\n<div class=\"wp-block-cover alignfull is-light has-parallax is-position-center-center\" style=\"min-height:597px;aspect-ratio:unset;\"><span aria-hidden=\"true\" class=\"wp-block-cover__background has-black-background-color has-background-dim-40 has-background-dim\"><\/span><div role=\"img\" class=\"wp-block-cover__image-background wp-image-1096 has-parallax\" style=\"background-position:50% 50%;background-image:url(https:\/\/myfoodoffice.com\/wp-content\/uploads\/2022\/07\/laura-lefurgey-smith-MGXNnStUi0s-unsplash-scaled.jpg)\"><\/div><div class=\"wp-block-cover__inner-container is-layout-flow wp-block-cover-is-layout-flow\">\n<p class=\"has-text-align-center has-text-color has-huge-font-size\" style=\"color:#fffffa;line-height:1.1\"><\/p>\n\n\n\n<div style=\"height:186px\" aria-hidden=\"true\" class=\"wp-block-spacer\"><\/div>\n\n\n\n<p class=\"has-text-align-center has-white-color has-text-color has-large-font-size\"><strong>MyFoodOffice hj\u00e4lper dig<\/strong><\/p>\n\n\n\n\n\n\n\n\n\n\n\n\n\n\n\n\n\n\n\n<div class=\"wp-block-typing-text-typing-text-block no-translation  root-eb-typing-text-9j26zvy\" data-no-translation=\"\"><div class=\"eb-parent-wrapper eb-parent-eb-typing-text-9j26zvy\"><div class=\"eb-typed-wrapper eb-typing-text-9j26zvy\" data-id=\"eb-typing-text-9j26zvy\"><div class=\"eb-typed-content\" data-type-speed=\"50\" data-start-delay=\"0\" data-smart-backspace=\"true\" data-back-speed=\"40\" data-back-delay=\"700\" data-fade=\"false\" data-fade-delay=\"500\" data-loop=\"true\" data-cursor=\"true\"><span class=\"eb-typed-prefix\"><\/span><span class=\"eb-typed-text-wrapper is-hidden\"><span class=\"eb-typed-text\">s\u00e4lja mer<\/span><span class=\"eb-typed-text\">bli mer l\u00f6nsam<\/span><span class=\"eb-typed-text\">bli mer effektiv<\/span><\/span><span class=\"eb-typed-view\"><\/span><span class=\"eb-typed-suffix\"><\/span><\/div><\/div><\/div><\/div>\n\n\n\n\n\n\n\n<div class=\"wp-block-buttons is-horizontal is-content-justification-center is-layout-flex wp-container-core-buttons-is-layout-499968f5 wp-block-buttons-is-layout-flex\">\n<div class=\"wp-block-button is-style-outline is-style-outline--3\"><a class=\"wp-block-button__link has-white-color has-vivid-cyan-blue-background-color has-text-color has-background wp-element-button\" href=\"https:\/\/app.myfoodoffice.com\/auth\/signup\" target=\"_blank\" rel=\"noreferrer noopener\">KOM IG\u00c5NG<\/a><\/div>\n<\/div>\n\n\n\n<div style=\"height:190px\" aria-hidden=\"true\" class=\"wp-block-spacer\"><\/div>\n<\/div><\/div>","protected":false},"excerpt":{"rendered":"<p>The story of the company that revolutionised the world of bakery and pastry: now MyFoodOffice joins Pav\u00e9 Milano in the digitalisation challenge Pav\u00e9 Milano, the innovative caf\u00e9 born 10 years ago from the vision of three friends determined to revolutionize breakfast in Milan, has charted an incredible growth trajectory. Constantly evolving, Pav\u00e9 has opened new &hellip; <\/p>\n<p class=\"link-more\"><a href=\"https:\/\/myfoodoffice.com\/sv\/customer-stories\/story-pave-milano\/\" class=\"more-link\">L\u00e4s mer<span class=\"screen-reader-text\"> \u201dStory &#8211; Pav\u00e9 Milano\u201d<\/span><\/a><\/p>","protected":false},"author":4,"featured_media":0,"parent":1196,"menu_order":0,"comment_status":"closed","ping_status":"closed","template":"","meta":{"content-type":"","_eb_attr":"","_kad_blocks_custom_css":"","_kad_blocks_head_custom_js":"","_kad_blocks_body_custom_js":"","_kad_blocks_footer_custom_js":"","_kadence_starter_templates_imported_post":false,"footnotes":""},"class_list":["post-3549","page","type-page","status-publish","hentry"],"taxonomy_info":[],"featured_image_src_large":false,"author_info":{"display_name":"Heidi","author_link":"https:\/\/myfoodoffice.com\/sv\/author\/heidi\/"},"comment_info":0,"_links":{"self":[{"href":"https:\/\/myfoodoffice.com\/sv\/wp-json\/wp\/v2\/pages\/3549","targetHints":{"allow":["GET"]}}],"collection":[{"href":"https:\/\/myfoodoffice.com\/sv\/wp-json\/wp\/v2\/pages"}],"about":[{"href":"https:\/\/myfoodoffice.com\/sv\/wp-json\/wp\/v2\/types\/page"}],"author":[{"embeddable":true,"href":"https:\/\/myfoodoffice.com\/sv\/wp-json\/wp\/v2\/users\/4"}],"replies":[{"embeddable":true,"href":"https:\/\/myfoodoffice.com\/sv\/wp-json\/wp\/v2\/comments?post=3549"}],"version-history":[{"count":16,"href":"https:\/\/myfoodoffice.com\/sv\/wp-json\/wp\/v2\/pages\/3549\/revisions"}],"predecessor-version":[{"id":3580,"href":"https:\/\/myfoodoffice.com\/sv\/wp-json\/wp\/v2\/pages\/3549\/revisions\/3580"}],"up":[{"embeddable":true,"href":"https:\/\/myfoodoffice.com\/sv\/wp-json\/wp\/v2\/pages\/1196"}],"wp:attachment":[{"href":"https:\/\/myfoodoffice.com\/sv\/wp-json\/wp\/v2\/media?parent=3549"}],"curies":[{"name":"wp","href":"https:\/\/api.w.org\/{rel}","templated":true}]}}