{"id":852,"date":"2022-07-25T11:13:42","date_gmt":"2022-07-25T11:13:42","guid":{"rendered":"http:\/\/34.88.199.23\/?page_id=852"},"modified":"2023-01-24T17:29:48","modified_gmt":"2023-01-24T17:29:48","slug":"story-romsoes","status":"publish","type":"page","link":"https:\/\/myfoodoffice.com\/sv\/story-romsoes\/","title":{"rendered":"Story &#8211; Romsoes"},"content":{"rendered":"<div class=\"wp-block-columns is-layout-flex wp-container-core-columns-is-layout-9d6595d7 wp-block-columns-is-layout-flex\">\n<div class=\"wp-block-column is-layout-flow wp-block-column-is-layout-flow\">\n<div style=\"height:20px\" aria-hidden=\"true\" class=\"wp-block-spacer\"><\/div>\n\n\n<div class=\"wp-block-image is-style-rounded\">\n<figure class=\"aligncenter size-large is-resized\"><img loading=\"lazy\" decoding=\"async\" src=\"https:\/\/blog.myfoodoffice.com\/wp-content\/uploads\/2022\/07\/Romsoe_4_web-1404x790-1-1024x576.jpeg\" alt=\"Anders Voll, CEO, Roms\u00f8es Conditori\" class=\"wp-image-857\" width=\"933\" height=\"524\" srcset=\"https:\/\/myfoodoffice.com\/wp-content\/uploads\/2022\/07\/Romsoe_4_web-1404x790-1-1024x576.jpeg 1024w, https:\/\/myfoodoffice.com\/wp-content\/uploads\/2022\/07\/Romsoe_4_web-1404x790-1-300x169.jpeg 300w, https:\/\/myfoodoffice.com\/wp-content\/uploads\/2022\/07\/Romsoe_4_web-1404x790-1-768x432.jpeg 768w, https:\/\/myfoodoffice.com\/wp-content\/uploads\/2022\/07\/Romsoe_4_web-1404x790-1-18x10.jpeg 18w, https:\/\/myfoodoffice.com\/wp-content\/uploads\/2022\/07\/Romsoe_4_web-1404x790-1.jpeg 1404w\" sizes=\"auto, (max-width: 933px) 100vw, 933px\" \/><figcaption class=\"wp-element-caption\">Photo: Kristofer Ryde, Negative<\/figcaption><\/figure><\/div>\n\n\n<div style=\"height:20px\" aria-hidden=\"true\" class=\"wp-block-spacer\"><\/div>\n<\/div>\n<\/div>\n\n\n\n<h2 class=\"has-text-align-center has-medium-font-size wp-block-heading\">Pandemin slog till som en tsunami. Teamet v\u00e4nde p\u00e5 varje sten.<br>De letade efter s\u00e4tt att st\u00e4rka sin verksamhet.<\/h2>\n\n\n\n<blockquote class=\"wp-block-quote has-text-align-center is-layout-flow wp-block-quote-is-layout-flow\">\n<p class=\"has-black-color has-text-color\"><svg viewbox=\"0 0 24 24\" xmlns=\"http:\/\/www.w3.org\/2000\/svg\" width=\"24\" height=\"24\" aria-hidden=\"true\" focusable=\"false\"><path d=\"M13 6v6h5.2v4c0 .8-.2 1.4-.5 1.7-.6.6-1.6.6-2.5.5h-.3v1.5h.5c1 0 2.3-.1 3.3-1 .6-.6 1-1.6 1-2.8V6H13zm-9 6h5.2v4c0 .8-.2 1.4-.5 1.7-.6.6-1.6.6-2.5.5h-.3v1.5h.5c1 0 2.3-.1 3.3-1 .6-.6 1-1.6 1-2.8V6H4v6z\"><\/path><\/svg> Bara genom att byta till MyFoodOffice<br>sparar f\u00f6retaget nu ett \u00e5rsverke.<\/p>\n<cite>Anders Voll, VD, Roms\u00f8es Conditori<\/cite><\/blockquote>\n\n\n\n<p>Roms\u00f8es Conditori \u00e4r ett anrikt konditori med bas i Stavanger, Norge. Precis som m\u00e5nga andra fick de det tufft n\u00e4r pandemin kom. De st\u00e4ngde ner hela f\u00f6retaget och \u00f6ppnade gradvis igen i takt med att de vande sig vid covid-reglerna. <\/p>\n\n\n\n<p>Nedst\u00e4ngningen satte ig\u00e5ng en rad processer i det traditionella f\u00f6retaget. Man v\u00e4nde p\u00e5 varje sten f\u00f6r att effektivisera och f\u00f6rb\u00e4ttra verksamheten och st\u00e5 b\u00e4st rustade f\u00f6r framtiden. De st\u00e4ngde tv\u00e5 ol\u00f6nsamma butiker, gick igenom sortimentet, produktionsprocesserna och logistiken. Alla delar av f\u00f6retaget utv\u00e4rderades noggrant. Anders Voll f\u00f6rklarar hur dramatisk situationen var.<\/p>\n\n\n\n<p><em>\u2013<\/em> Vi stod snart inf\u00f6r att fira v\u00e5rt 100-\u00e5rsjubileum som f\u00f6retag. Men n\u00e4r Norge st\u00e4ngde ner tvivlade vi p\u00e5 om vi n\u00e5gonsin skulle kunna fira det stora jubileet. Situationen kr\u00e4vde en snabb och resolut insats.<\/p>\n\n\n\n<p>Inf\u00f6randet av MyFoodOffice var en av flera \u00e5tg\u00e4rder f\u00f6r att g\u00f6ra verksamheten mer effektiv.<\/p>\n\n\n\n<div class=\"wp-block-columns is-layout-flex wp-container-core-columns-is-layout-9d6595d7 wp-block-columns-is-layout-flex\">\n<div class=\"wp-block-column is-vertically-aligned-center is-layout-flow wp-block-column-is-layout-flow\">\n<h2 class=\"wp-block-heading\">Ville effektivisera<\/h2>\n\n\n\n<p class=\"has-text-align-left\">\u2013 N\u00e4r vi satte oss ner f\u00f6r att leta efter f\u00f6rb\u00e4ttringar var det naturligt att ocks\u00e5 grundligt utv\u00e4rdera produktions- och ordersystemet, s\u00e4ger Anders och forts\u00e4tter:<\/p>\n\n\n\n<p class=\"has-text-align-left\">\u2013 Vi ville g\u00f6ra det mer effektivt. Vi letade efter ett framtidsorienterat och molnbaserat system. Det fann vi i MyFoodOffice. Nu kan vi arbeta varifr\u00e5n som helst och \u00e4r inte bundna till kontoret. Det ger st\u00f6rre flexibilitet och g\u00f6r det enkelt att utf\u00f6ra uppgifter p\u00e5 kv\u00e4llen eller under helgen om det beh\u00f6vs, utan att \u00e5ka till jobbet. Inte minst ger det den \u00f6nskade flexibiliteten under semestrar, vid resor eller vid sjukdom. Systemet har varit en ov\u00e4rderlig f\u00f6rdel under pandemin.<\/p>\n<\/div>\n\n\n\n<div class=\"wp-block-column is-vertically-aligned-bottom is-layout-flow wp-block-column-is-layout-flow\"><div class=\"wp-block-image\">\n<figure class=\"aligncenter size-full is-resized\"><img loading=\"lazy\" decoding=\"async\" src=\"https:\/\/blog.myfoodoffice.com\/wp-content\/uploads\/2022\/07\/Romsoe_2_web-790x790-1.jpeg\" alt=\"Anders Voll demonstrating the use of My Food Office.\" class=\"wp-image-869\" width=\"351\" height=\"351\" srcset=\"https:\/\/myfoodoffice.com\/wp-content\/uploads\/2022\/07\/Romsoe_2_web-790x790-1.jpeg 790w, https:\/\/myfoodoffice.com\/wp-content\/uploads\/2022\/07\/Romsoe_2_web-790x790-1-300x300.jpeg 300w, https:\/\/myfoodoffice.com\/wp-content\/uploads\/2022\/07\/Romsoe_2_web-790x790-1-150x150.jpeg 150w, https:\/\/myfoodoffice.com\/wp-content\/uploads\/2022\/07\/Romsoe_2_web-790x790-1-768x768.jpeg 768w, https:\/\/myfoodoffice.com\/wp-content\/uploads\/2022\/07\/Romsoe_2_web-790x790-1-12x12.jpeg 12w\" sizes=\"auto, (max-width: 351px) 100vw, 351px\" \/><figcaption class=\"wp-element-caption\">Foto: Kristofer Ryde, Negative<\/figcaption><\/figure><\/div><\/div>\n<\/div>\n\n\n\n<p>\u2013 Detta var ett val f\u00f6r att f\u00f6rbereda f\u00f6retaget f\u00f6r framtiden. Vi ville ha allt i ett system. Nu har vi etiketter, allergener, recept och data i ett integrerat system tillsammans med v\u00e5r f\u00f6rs\u00e4ljning och produktion. \u00d6verg\u00e5ngen till ett nytt system gav oss ocks\u00e5 en nyttig genomg\u00e5ng av produkter och rutiner. Systemet fungerade fr\u00e5n dag ett och har gett oss en ny vardag, s\u00e4ger Anders, som \u00e4r andra generationen i f\u00f6retaget.<\/p>\n\n\n\n<figure class=\"wp-block-image size-large\"><img loading=\"lazy\" decoding=\"async\" width=\"1024\" height=\"576\" src=\"http:\/\/34.88.199.23\/wp-content\/uploads\/2022\/06\/Romsoe_8_web-1024x576.jpeg\" alt=\"With My Food Office, Roms\u00f8es Conditori has gained full control and a good overview.\" class=\"wp-image-13\" srcset=\"https:\/\/myfoodoffice.com\/wp-content\/uploads\/2022\/06\/Romsoe_8_web-1024x576.jpeg 1024w, https:\/\/myfoodoffice.com\/wp-content\/uploads\/2022\/06\/Romsoe_8_web-300x169.jpeg 300w, https:\/\/myfoodoffice.com\/wp-content\/uploads\/2022\/06\/Romsoe_8_web-768x432.jpeg 768w, https:\/\/myfoodoffice.com\/wp-content\/uploads\/2022\/06\/Romsoe_8_web.jpeg 1500w\" sizes=\"auto, (max-width: 1024px) 100vw, 1024px\" \/><figcaption class=\"wp-element-caption\">Foto: Kristofer Ryde, Negative<\/figcaption><\/figure>\n\n\n\n<h2 class=\"wp-block-heading\">Sparar ett \u00e5rsverke<\/h2>\n\n\n\n<p>\u2013 Hur mycket tid sparar ni med MyFoodOffice?<\/p>\n\n\n\n<p>\u2013 Vi sparar cirka 2\u20133 timmar per dag p\u00e5 kontoret. Tidigare var vi tvungna att ringa runt och jaga in dagens best\u00e4llningar. Dessutom sparar var och en av v\u00e5ra fem butiker antagligen en timme var. R\u00e4knar man ihop detta sparar vi ungef\u00e4r ett helt arbets\u00e5r som kan anv\u00e4ndas till andra uppgifter i f\u00f6retaget.<\/p>\n\n\n\n<p>\u2013 Med det nya systemet har mycket manuellt arbete f\u00f6rsvunnit. Veckolistor, orderlistor, huvudorder f\u00f6r n\u00e4sta dag \u2013 v\u00e5ra butiker och B2B-kunder sk\u00f6ter allt sj\u00e4lva. Med n\u00e5gra f\u00e5 klick \u00f6verf\u00f6rs best\u00e4llningarna automatiskt till v\u00e5r ekonomiansvarige f\u00f6r fakturering och betalningsuppf\u00f6ljning.<\/p>\n\n\n\n<p>\u2013 Dessutom uppskattar vi att MyFoodOffice \u00e4r fram\u00e5tblickande och satsar p\u00e5 vidareutveckling av mjukvaran och funktionaliteten. Jag har h\u00f6rt talas om en ny modul f\u00f6r att minska matsvinnet i bagerierna. Det \u00e4r n\u00e5got vi verkligen vill vara med p\u00e5. Vi uppskattar att ha en aff\u00e4rspartner som f\u00f6rst\u00e5r v\u00e5ra utmaningar, som bidrar till v\u00e5r utveckling som f\u00f6retag och som s\u00e4tter nya standarder f\u00f6r branschen, avslutar Anders Voll. <\/p>\n\n\n\n<div style=\"height:100px\" aria-hidden=\"true\" class=\"wp-block-spacer\"><\/div>\n\n\n\n<div class=\"wp-block-cover alignfull\" style=\"min-height:600px;aspect-ratio:unset;\"><span aria-hidden=\"true\" class=\"wp-block-cover__background has-background-dim-100 has-background-dim wp-block-cover__gradient-background has-background-gradient\" style=\"background:linear-gradient(135deg,rgb(142,162,248) 0%,rgb(59,67,181) 100%)\"><\/span><img loading=\"lazy\" decoding=\"async\" width=\"2560\" height=\"1707\" class=\"wp-block-cover__image-background wp-image-1405\" alt=\"\" src=\"http:\/\/34.88.199.23\/wp-content\/uploads\/2022\/08\/gradienta-LeG68PrXA6Y-unsplash-scaled.jpg\" data-object-fit=\"cover\" srcset=\"https:\/\/myfoodoffice.com\/wp-content\/uploads\/2022\/08\/gradienta-LeG68PrXA6Y-unsplash-scaled.jpg 2560w, https:\/\/myfoodoffice.com\/wp-content\/uploads\/2022\/08\/gradienta-LeG68PrXA6Y-unsplash-300x200.jpg 300w, https:\/\/myfoodoffice.com\/wp-content\/uploads\/2022\/08\/gradienta-LeG68PrXA6Y-unsplash-1024x683.jpg 1024w, https:\/\/myfoodoffice.com\/wp-content\/uploads\/2022\/08\/gradienta-LeG68PrXA6Y-unsplash-768x512.jpg 768w, https:\/\/myfoodoffice.com\/wp-content\/uploads\/2022\/08\/gradienta-LeG68PrXA6Y-unsplash-1536x1024.jpg 1536w, https:\/\/myfoodoffice.com\/wp-content\/uploads\/2022\/08\/gradienta-LeG68PrXA6Y-unsplash-2048x1365.jpg 2048w, https:\/\/myfoodoffice.com\/wp-content\/uploads\/2022\/08\/gradienta-LeG68PrXA6Y-unsplash-18x12.jpg 18w, https:\/\/myfoodoffice.com\/wp-content\/uploads\/2022\/08\/gradienta-LeG68PrXA6Y-unsplash-2000x1333.jpg 2000w\" sizes=\"auto, (max-width: 2560px) 100vw, 2560px\" \/><div class=\"wp-block-cover__inner-container is-layout-flow wp-block-cover-is-layout-flow\">\n<div style=\"height:40px\" aria-hidden=\"true\" class=\"wp-block-spacer\"><\/div>\n\n\n\n<h2 class=\"wp-block-heading has-text-align-left\" style=\"font-size:50px\"><strong><span style=\"text-decoration: underline;\">En<\/span> plattform f\u00f6r att hantera dina<\/strong><\/h2>\n\n\n\n<div style=\"height:80px\" aria-hidden=\"true\" class=\"wp-block-spacer\"><\/div>\n\n\n\n<div class=\"wp-block-columns is-layout-flex wp-container-core-columns-is-layout-9d6595d7 wp-block-columns-is-layout-flex\">\n<div class=\"wp-block-column is-layout-flow wp-block-column-is-layout-flow\">\n<h1 class=\"wp-block-heading\"><mark style=\"background-color:rgba(0, 0, 0, 0)\" class=\"has-inline-color has-white-color\">Produkter<\/mark><\/h1>\n\n\n\n<p>Alla verktyg du beh\u00f6ver.<br>F\u00e5 kontroll \u00f6ver hela din produktportf\u00f6lj fr\u00e5n ett st\u00e4lle.<\/p>\n\n\n\n<div class=\"wp-block-buttons is-layout-flex wp-block-buttons-is-layout-flex\">\n<div class=\"wp-block-button has-custom-font-size has-small-font-size\"><a class=\"wp-block-button__link wp-element-button\" href=\"https:\/\/myfoodoffice.com\/sv\/manage-your-products\/\">L\u00e4r dig mer<\/a><\/div>\n\n\n\n<div class=\"wp-block-button has-custom-font-size has-small-font-size\"><a class=\"wp-block-button__link wp-element-button\" href=\"https:\/\/app.myfoodoffice.com\/auth\/signup\/?locale\">KOM IG\u00c5NG<\/a><\/div>\n<\/div>\n<\/div>\n\n\n\n<div class=\"wp-block-column is-layout-flow wp-block-column-is-layout-flow\">\n<h1 class=\"wp-block-heading\"><mark style=\"background-color:rgba(0, 0, 0, 0)\" class=\"has-inline-color has-white-color\">Daglig verksamhet<\/mark><\/h1>\n\n\n\n<p>Str\u00f6mlinjeformad och automatiserad.<br>Vi kopplar samman era f\u00f6rs\u00e4ljningskanaler med verksamheten.<\/p>\n\n\n\n<div class=\"wp-block-buttons is-layout-flex wp-block-buttons-is-layout-flex\">\n<div class=\"wp-block-button has-custom-font-size has-small-font-size\"><a class=\"wp-block-button__link wp-element-button\" href=\"https:\/\/myfoodoffice.com\/sv\/manage-your-business\/\">L\u00e4r dig mer<\/a><\/div>\n\n\n\n<div class=\"wp-block-button has-custom-font-size has-small-font-size\"><a class=\"wp-block-button__link wp-element-button\" href=\"https:\/\/app.myfoodoffice.com\/auth\/signup\/?locale\">KOM IG\u00c5NG<\/a><\/div>\n<\/div>\n<\/div>\n<\/div>\n\n\n\n<div style=\"height:136px\" aria-hidden=\"true\" class=\"wp-block-spacer\"><\/div>\n<\/div><\/div>\n\n\n\n<div class=\"wp-block-cover alignfull is-light book-demo-wide\"><span aria-hidden=\"true\" class=\"wp-block-cover__background has-background-dim-100 has-background-dim has-background-gradient\" style=\"background:linear-gradient(135deg,rgb(255,255,255) 0%,rgb(169,184,195) 100%)\"><\/span><div class=\"wp-block-cover__inner-container is-layout-flow wp-block-cover-is-layout-flow\">\n<div style=\"height:40px\" aria-hidden=\"true\" class=\"wp-block-spacer\"><\/div>\n\n\n\n<h2 class=\"wp-block-heading has-text-align-center\">Har du fr\u00e5gor?<\/h2>\n\n\n\n<h2 class=\"wp-block-heading has-text-align-center\">Vill du ha en guidad demo?<\/h2>\n\n\n\n<h2 class=\"wp-block-heading has-text-align-center\">Boka ett m\u00f6te med oss!<\/h2>\n\n\n\n\n\n\n\n\n\n\n\n<br \/>\n<!-- Start of Meetings Embed Script --><\/p>\n<div class=\"meetings-iframe-container\" data-src=\"https:\/\/meetings.hubspot.com\/martin-lang?embed=true\"><\/div>\n<p><script type=\"text\/javascript\" src=\"https:\/\/static.hsappstatic.net\/MeetingsEmbed\/ex\/MeetingsEmbedCode.js\"><\/script><!-- End of Meetings Embed Script \u2014>--><br \/>\n\n<\/div><\/div>\n\n\n\n<div class=\"wp-block-columns is-layout-flex wp-container-core-columns-is-layout-9d6595d7 wp-block-columns-is-layout-flex\">\n<div class=\"wp-block-column feature-colorful-container is-layout-flow wp-block-column-is-layout-flow\">\n<h2 class=\"wp-block-heading\">Vi har allt du beh\u00f6ver f\u00f6r att hantera <\/h2>\n\n\n\n<div class=\"wp-block-columns is-layout-flex wp-container-core-columns-is-layout-9d6595d7 wp-block-columns-is-layout-flex\">\n<div class=\"wp-block-column is-layout-flow wp-block-column-is-layout-flow\">\n<h3 class=\"wp-block-heading\">Daglig verksamhet<\/h3>\n<\/div>\n<\/div>\n\n\n\n<div class=\"wp-block-columns is-layout-flex wp-container-core-columns-is-layout-9d6595d7 wp-block-columns-is-layout-flex\">\n<div class=\"wp-block-column feature-box-colored feature-box-green is-layout-flow wp-block-column-is-layout-flow\">\n<h4 class=\"wp-block-heading\">B2B f\u00f6rs\u00e4ljning<\/h4>\n\n\n\n<p>Driver ni en butikskedja, grossistverksamhet eller f\u00f6retagsf\u00f6rs\u00e4ljning?<br>En allt-i-ett-l\u00f6sning f\u00f6r alla dina f\u00f6rs\u00e4ljningskanaler.<\/p>\n<\/div>\n\n\n\n<div class=\"wp-block-column feature-box-colored feature-box-green is-layout-flow wp-block-column-is-layout-flow\">\n<h4 class=\"wp-block-heading\">Produktion<\/h4>\n\n\n\n<p>G\u00e5 digitalt med din produktion. F\u00e4rdigutr\u00e4knade batchstorlekar automatiskt f\u00f6rberedda och mycket mer.<\/p>\n<\/div>\n\n\n\n<div class=\"wp-block-column feature-box-colored feature-box-green is-layout-flow wp-block-column-is-layout-flow\">\n<h4 class=\"wp-block-heading\">Packning<\/h4>\n\n\n\n<p>V\u00e5ra digitala verktyg snabbar upp orderplockning och packning. F\u00e4rre fel skapar en god atmosf\u00e4r.<\/p>\n<\/div>\n\n\n\n<div class=\"wp-block-column feature-box-colored feature-box-green is-layout-flow wp-block-column-is-layout-flow\">\n<h4 class=\"wp-block-heading\">Connect<\/h4>\n\n\n\n<p>Eliminera on\u00f6dig datainmatning fr\u00e5n ett system till ett annat. Automatisera data f\u00f6r kassasystem, redovisning och webbutik.<\/p>\n<\/div>\n<\/div>\n\n\n\n<div class=\"wp-block-columns is-layout-flex wp-container-core-columns-is-layout-9d6595d7 wp-block-columns-is-layout-flex\">\n<div class=\"wp-block-column is-layout-flow wp-block-column-is-layout-flow\">\n<h3 class=\"wp-block-heading\">Produkter<\/h3>\n<\/div>\n<\/div>\n\n\n\n<div class=\"wp-block-columns is-layout-flex wp-container-core-columns-is-layout-9d6595d7 wp-block-columns-is-layout-flex\">\n<div class=\"wp-block-column feature-box-colored feature-box-blue is-layout-flow wp-block-column-is-layout-flow\">\n<h4 class=\"wp-block-heading\">Varudeklaration<\/h4>\n\n\n\n<p>F\u00e5 ordning p\u00e5 alla dina recept. S\u00e4kerst\u00e4lla korrekta och uppdaterade varudeklarationer<\/p>\n<\/div>\n\n\n\n<div class=\"wp-block-column feature-box-colored feature-box-blue is-layout-flow wp-block-column-is-layout-flow\">\n<h4 class=\"wp-block-heading\">Pro Verktyg<\/h4>\n\n\n\n<p>\u00c4r livsmedelsdeklarationer ditt dedikerade ansvar? Dra nytta av v\u00e5ra kraftfulla verktyg som tar dig l\u00e4ngre.<\/p>\n<\/div>\n\n\n\n<div class=\"wp-block-column feature-box-colored feature-box-blue is-layout-flow wp-block-column-is-layout-flow\">\n<h4 class=\"wp-block-heading\">Etiketter<\/h4>\n\n\n\n<p>Automatisera etikettdesign och inneh\u00e5ll. Enkelt och smidigt. Alltid uppdaterad med recepten. <\/p>\n<\/div>\n\n\n\n<div class=\"wp-block-column feature-box-colored feature-box-blue is-layout-flow wp-block-column-is-layout-flow\">\n<h4 class=\"wp-block-heading\">Produktkalkyl<\/h4>\n\n\n\n<p>K\u00e4nn till dina f\u00f6rs\u00e4ljningsmarginaler och m\u00f6t konkurrensen med sj\u00e4lvf\u00f6rtroende. Anv\u00e4ndbara insikter f\u00f6r f\u00f6rb\u00e4ttrade vinster.<\/p>\n<\/div>\n<\/div>\n<\/div>\n<\/div>\n\n\n\n<div class=\"wp-block-cover alignfull is-light has-parallax is-position-center-center\" style=\"min-height:597px;aspect-ratio:unset;\"><span aria-hidden=\"true\" class=\"wp-block-cover__background has-black-background-color has-background-dim-40 has-background-dim\"><\/span><div role=\"img\" class=\"wp-block-cover__image-background wp-image-1096 has-parallax\" style=\"background-position:50% 50%;background-image:url(https:\/\/myfoodoffice.com\/wp-content\/uploads\/2022\/07\/laura-lefurgey-smith-MGXNnStUi0s-unsplash-scaled.jpg)\"><\/div><div class=\"wp-block-cover__inner-container is-layout-flow wp-block-cover-is-layout-flow\">\n<p class=\"has-text-align-center has-text-color has-huge-font-size\" style=\"color:#fffffa;line-height:1.1\"><\/p>\n\n\n\n<div style=\"height:186px\" aria-hidden=\"true\" class=\"wp-block-spacer\"><\/div>\n\n\n\n<p class=\"has-text-align-center has-white-color has-text-color has-large-font-size\"><strong>MyFoodOffice hj\u00e4lper dig<\/strong><\/p>\n\n\n\n\n\n\n\n\n\n\n\n\n\n\n\n\n\n\n\n<div class=\"wp-block-typing-text-typing-text-block no-translation  root-eb-typing-text-9j26zvy\" data-no-translation=\"\"><div class=\"eb-parent-wrapper eb-parent-eb-typing-text-9j26zvy\"><div class=\"eb-typed-wrapper eb-typing-text-9j26zvy\" data-id=\"eb-typing-text-9j26zvy\"><div class=\"eb-typed-content\" data-type-speed=\"50\" data-start-delay=\"0\" data-smart-backspace=\"true\" data-back-speed=\"40\" data-back-delay=\"700\" data-fade=\"false\" data-fade-delay=\"500\" data-loop=\"true\" data-cursor=\"true\"><span class=\"eb-typed-prefix\"><\/span><span class=\"eb-typed-text-wrapper is-hidden\"><span class=\"eb-typed-text\">s\u00e4lja mer<\/span><span class=\"eb-typed-text\">bli mer l\u00f6nsam<\/span><span class=\"eb-typed-text\">bli mer effektiv<\/span><\/span><span class=\"eb-typed-view\"><\/span><span class=\"eb-typed-suffix\"><\/span><\/div><\/div><\/div><\/div>\n\n\n\n\n\n\n\n<div class=\"wp-block-buttons is-horizontal is-content-justification-center is-layout-flex wp-container-core-buttons-is-layout-499968f5 wp-block-buttons-is-layout-flex\">\n<div class=\"wp-block-button is-style-outline is-style-outline--1\"><a class=\"wp-block-button__link has-white-color has-vivid-cyan-blue-background-color has-text-color has-background wp-element-button\" href=\"https:\/\/app.myfoodoffice.com\/auth\/signup\" target=\"_blank\" rel=\"noreferrer noopener\">KOM IG\u00c5NG<\/a><\/div>\n<\/div>\n\n\n\n<div style=\"height:190px\" aria-hidden=\"true\" class=\"wp-block-spacer\"><\/div>\n<\/div><\/div>","protected":false},"excerpt":{"rendered":"<p>The pandemic struck like a tsunami. The team turned over every stone.Searching for ways to strengthen their business. Just by switching to MyFoodOffice,we saved one person-year. Anders Voll, CEO, Roms\u00f8es Conditori Roms\u00f8es Conditori is a time-honoured pastry maker based in Stavanger, Norway. Like many others, they got a a tough time when the pandemic came. &hellip; <\/p>\n<p class=\"link-more\"><a href=\"https:\/\/myfoodoffice.com\/sv\/story-romsoes\/\" class=\"more-link\">L\u00e4s mer<span class=\"screen-reader-text\"> \u201dStory &#8211; Romsoes\u201d<\/span><\/a><\/p>","protected":false},"author":3,"featured_media":0,"parent":0,"menu_order":0,"comment_status":"closed","ping_status":"closed","template":"","meta":{"content-type":"","_eb_attr":"","_kad_blocks_custom_css":"","_kad_blocks_head_custom_js":"","_kad_blocks_body_custom_js":"","_kad_blocks_footer_custom_js":"","_kadence_starter_templates_imported_post":false,"footnotes":""},"class_list":["post-852","page","type-page","status-publish","hentry"],"taxonomy_info":[],"featured_image_src_large":false,"author_info":{"display_name":"Martin","author_link":"https:\/\/myfoodoffice.com\/sv\/author\/martin\/"},"comment_info":0,"_links":{"self":[{"href":"https:\/\/myfoodoffice.com\/sv\/wp-json\/wp\/v2\/pages\/852","targetHints":{"allow":["GET"]}}],"collection":[{"href":"https:\/\/myfoodoffice.com\/sv\/wp-json\/wp\/v2\/pages"}],"about":[{"href":"https:\/\/myfoodoffice.com\/sv\/wp-json\/wp\/v2\/types\/page"}],"author":[{"embeddable":true,"href":"https:\/\/myfoodoffice.com\/sv\/wp-json\/wp\/v2\/users\/3"}],"replies":[{"embeddable":true,"href":"https:\/\/myfoodoffice.com\/sv\/wp-json\/wp\/v2\/comments?post=852"}],"version-history":[{"count":74,"href":"https:\/\/myfoodoffice.com\/sv\/wp-json\/wp\/v2\/pages\/852\/revisions"}],"predecessor-version":[{"id":3093,"href":"https:\/\/myfoodoffice.com\/sv\/wp-json\/wp\/v2\/pages\/852\/revisions\/3093"}],"wp:attachment":[{"href":"https:\/\/myfoodoffice.com\/sv\/wp-json\/wp\/v2\/media?parent=852"}],"curies":[{"name":"wp","href":"https:\/\/api.w.org\/{rel}","templated":true}]}}