{"id":885,"date":"2022-07-25T11:50:10","date_gmt":"2022-07-25T11:50:10","guid":{"rendered":"http:\/\/34.88.199.23\/?page_id=885"},"modified":"2023-01-24T17:26:50","modified_gmt":"2023-01-24T17:26:50","slug":"story-larsens-bakery","status":"publish","type":"page","link":"https:\/\/myfoodoffice.com\/sv\/story-larsens-bakery\/","title":{"rendered":"Story &#8211; Larsens Bakeri"},"content":{"rendered":"<div style=\"height:40px\" aria-hidden=\"true\" class=\"wp-block-spacer\"><\/div>\n\n\n\n<figure class=\"wp-block-image size-large is-style-rounded\"><img loading=\"lazy\" decoding=\"async\" width=\"1024\" height=\"576\" src=\"https:\/\/blog.myfoodoffice.com\/wp-content\/uploads\/2023\/01\/Larsens-Bakeri_web3-1404x790-1-1024x576.jpg\" alt=\"CEO Kim Larsen\" class=\"wp-image-2452\" srcset=\"https:\/\/myfoodoffice.com\/wp-content\/uploads\/2023\/01\/Larsens-Bakeri_web3-1404x790-1-1024x576.jpg 1024w, https:\/\/myfoodoffice.com\/wp-content\/uploads\/2023\/01\/Larsens-Bakeri_web3-1404x790-1-300x169.jpg 300w, https:\/\/myfoodoffice.com\/wp-content\/uploads\/2023\/01\/Larsens-Bakeri_web3-1404x790-1-768x432.jpg 768w, https:\/\/myfoodoffice.com\/wp-content\/uploads\/2023\/01\/Larsens-Bakeri_web3-1404x790-1-18x10.jpg 18w, https:\/\/myfoodoffice.com\/wp-content\/uploads\/2023\/01\/Larsens-Bakeri_web3-1404x790-1.jpg 1404w\" sizes=\"auto, (max-width: 1024px) 100vw, 1024px\" \/><figcaption class=\"wp-element-caption\">Foto: Cecilie Nilsen, Lister24<\/figcaption><\/figure>\n\n\n\n<h2 class=\"has-text-align-center has-medium-font-size wp-block-heading\">Hennes far arbetade dygnet runt, men det r\u00e4ckte \u00e4nd\u00e5 inte. <br>Melissa gav honom ett ultimatum. <br>Antingen hittade de smartare s\u00e4tt att arbeta eller s\u00e5 skulle hon l\u00e4mna familjef\u00f6retaget. <\/h2>\n\n\n\n<h2 class=\"has-text-align-center has-medium-font-size wp-block-heading\">Nu \u00e4r det mycket enklare. <\/h2>\n\n\n\n<blockquote class=\"wp-block-quote has-text-align-center is-layout-flow wp-block-quote-is-layout-flow\">\n<p class=\"has-black-color has-text-color\"><svg viewbox=\"0 0 24 24\" xmlns=\"http:\/\/www.w3.org\/2000\/svg\" width=\"24\" height=\"24\" aria-hidden=\"true\" focusable=\"false\"><path d=\"M13 6v6h5.2v4c0 .8-.2 1.4-.5 1.7-.6.6-1.6.6-2.5.5h-.3v1.5h.5c1 0 2.3-.1 3.3-1 .6-.6 1-1.6 1-2.8V6H13zm-9 6h5.2v4c0 .8-.2 1.4-.5 1.7-.6.6-1.6.6-2.5.5h-.3v1.5h.5c1 0 2.3-.1 3.3-1 .6-.6 1-1.6 1-2.8V6H4v6z\"><\/path><\/svg>Det har gett en otrolig besparing.<br>Det \u00e4r helt galet. Jag trodde inte att det var m\u00f6jligt.<\/p>\n<cite>Kim \u00c5ge Larsen, VD, Larsens Bakeri<\/cite><\/blockquote>\n\n\n\n<p>Larsens Bakeri grundades 1995 av bagaren och konditorn Kim \u00c5ge Larsen, son till den danska bagaren Svend \u00c5ge Larsen. Hans fru Solveig \u00e4r ocks\u00e5 involverad i f\u00f6retaget. Det \u00e4r \u00e4ven fyra av deras fem barn. Med andra ord, ett verkligt familjef\u00f6retag d\u00e4r barnen tidigt fick l\u00e4ra sig om aff\u00e4rsverksamhet. F\u00f6retagets oms\u00e4ttning f\u00f6rra \u00e5ret (2020) var v\u00e4l \u00f6ver 14 miljoner NOK med omkring 35 anst\u00e4llda.<\/p>\n\n\n\n<p>Bageriet har ett gott urval av bageriprodukter baserade p\u00e5 traditionella danska och norska recept. De producerar t\u00e5rtor och br\u00f6d av h\u00f6gsta kvalitet. I dag har de flera butiker i s\u00f6dra Norge. Bageriets v\u00e4lrenommerade produkter g\u00f6r att de finns p\u00e5 hyllorna i alla de st\u00f6rsta dagligvarukedjorna i regionen.<\/p>\n\n\n\n<div class=\"wp-block-columns is-layout-flex wp-container-core-columns-is-layout-9d6595d7 wp-block-columns-is-layout-flex\">\n<div class=\"wp-block-column is-layout-flow wp-block-column-is-layout-flow\">\n<h2 class=\"wp-block-heading\">Sparar mycket tid<\/h2>\n\n\n\n<p>Att g\u00e5 \u00f6ver till MyFoodOffice visade sig bli bageriets mest l\u00f6nsamma investering n\u00e5gonsin. De gick fr\u00e5n m\u00e5nga manuella och arbetsintensiva processer till en l\u00f6sning som revolutionerade hela verksamheten.<\/p>\n\n\n\n<p>Tidigare anv\u00e4nde vi ett generiskt bokf\u00f6rings- och ordersystem, lokalt installerat p\u00e5 en enda PC. Med MyFoodOffice har vi ett skr\u00e4ddarsytt system f\u00f6r bageribranschen som dessutom \u00e4r anpassat till oss. Om det \u00e4r n\u00e5got man vill ha justerat, r\u00e4cker det att ringa eller skicka ett mejl. Med MyFoodOffice har vi n\u00e5gon som kan b\u00e5de systemet och bageriverksamheten. Dessutom \u00e4r de mycket flexibla. F\u00f6rslag p\u00e5 \u00e4ndringar och anpassningar ordnas p\u00e5 v\u00e4ldigt kort tid. Vi har aldrig upplevt n\u00e5got liknande, s\u00e4ger Kim \u00c5ge Larsen.<\/p>\n\n\n\n<p>Vi b\u00f6rjade med allergener och deklarationer. Sedan fortsatte vi med produktkalkylering, och inte minst best\u00e4llning och fakturering. Det har resulterat i en enorm besparing. Bara f\u00f6r min egen del sparar jag 40\u201350 timmar varje m\u00e5nad. Det \u00e4r helt galet. Jag trodde inte att det var m\u00f6jligt. Allt finns i systemet och kan g\u00f6ras med n\u00e5gra f\u00e5 klick.<\/p>\n<\/div>\n\n\n\n<div class=\"wp-block-column is-vertically-aligned-center is-layout-flow wp-block-column-is-layout-flow\">\n<figure class=\"wp-block-image size-full\"><img loading=\"lazy\" decoding=\"async\" width=\"596\" height=\"840\" src=\"https:\/\/blog.myfoodoffice.com\/wp-content\/uploads\/2022\/07\/Larsens-Bakeri_web2.jpeg\" alt=\"Larsens Bakeri\" class=\"wp-image-895\" srcset=\"https:\/\/myfoodoffice.com\/wp-content\/uploads\/2022\/07\/Larsens-Bakeri_web2.jpeg 596w, https:\/\/myfoodoffice.com\/wp-content\/uploads\/2022\/07\/Larsens-Bakeri_web2-213x300.jpeg 213w, https:\/\/myfoodoffice.com\/wp-content\/uploads\/2022\/07\/Larsens-Bakeri_web2-9x12.jpeg 9w\" sizes=\"auto, (max-width: 596px) 100vw, 596px\" \/><figcaption class=\"wp-element-caption\">Foto: Cecilie Nilsen, Lister24<\/figcaption><\/figure>\n<\/div>\n<\/div>\n\n\n\n<figure class=\"wp-block-image size-large\"><img loading=\"lazy\" decoding=\"async\" width=\"1024\" height=\"576\" src=\"https:\/\/blog.myfoodoffice.com\/wp-content\/uploads\/2022\/07\/Larsens-Bakeri_web5-1024x576.jpeg\" alt=\"Bruk av MyFoodOffice har frigitt mye tid som n\u00e5 brukes i produksjonen og til mer fritid.\" class=\"wp-image-897\" srcset=\"https:\/\/myfoodoffice.com\/wp-content\/uploads\/2022\/07\/Larsens-Bakeri_web5-1024x576.jpeg 1024w, https:\/\/myfoodoffice.com\/wp-content\/uploads\/2022\/07\/Larsens-Bakeri_web5-300x169.jpeg 300w, https:\/\/myfoodoffice.com\/wp-content\/uploads\/2022\/07\/Larsens-Bakeri_web5-768x432.jpeg 768w, https:\/\/myfoodoffice.com\/wp-content\/uploads\/2022\/07\/Larsens-Bakeri_web5-18x10.jpeg 18w, https:\/\/myfoodoffice.com\/wp-content\/uploads\/2022\/07\/Larsens-Bakeri_web5.jpeg 1500w\" sizes=\"auto, (max-width: 1024px) 100vw, 1024px\" \/><figcaption class=\"wp-element-caption\">Foto: Cecilie Nilsen, Lister24<\/figcaption><\/figure>\n\n\n\n<p>- Vi sparar ocks\u00e5 en timme varje dag genom att butikerna l\u00e4gger sina egna best\u00e4llningar. Det enda vi g\u00f6r \u00e4r att skriva ut f\u00f6ljesedeln. Med tv\u00e5 klick skickas fakturan ut till alla. Driften kan ske varifr\u00e5n som helst. \u00c4r man p\u00e5 semester och har internet\u00e5tkomst kan man enkelt f\u00f6lja upp akuta saker d\u00e4r man befinner sig.<\/p>\n\n\n\n<p>\u2013 Tidigare tog det v\u00e4ldigt l\u00e5ng tid att tr\u00e4na upp en person inf\u00f6r semestern. Nu har vi m\u00e5nga anv\u00e4ndare av MyFoodOffice. Programvaran \u00e4r intuitiv och l\u00e4tt att anv\u00e4nda. Med flera anv\u00e4ndare har vi stor flexibilitet b\u00e5de vad g\u00e4ller semesterplanering och vid sjukfr\u00e5nvaro.<\/p>\n\n\n\n<p>\u2013 Detta m\u00e5ste vara det mest geniala som n\u00e5gonsin uppfunnits i bageribranschen. I alla fall \u00e4r det den mest l\u00f6nsamma investering vi har gjort p\u00e5 l\u00e4nge. Dessutom har vi blivit av med mycket frustration fr\u00e5n b\u00e5de kunder och anst\u00e4llda.<\/p>\n\n\n\n<p>\u2013 Jag b\u00f6rjade i liten skala 1995. God kundservice har alltid varit viktigt f\u00f6r oss. Kunderna kunde skicka ett meddelande eller ringa in en best\u00e4llning eller \u00e4ndring fram till klockan 22, n\u00e4r jag b\u00f6rjade arbeta. Det gick bra i b\u00f6rjan n\u00e4r vi inte hade s\u00e5 m\u00e5nga kunder, men n\u00e4r det kommer \u00e4ndringar sent p\u00e5 kv\u00e4llen fr\u00e5n 15\u201316 kunder blir det m\u00e5nga detaljer och l\u00e4tt att missa n\u00e5got. I MyFoodOffice har vi best\u00e4mt att v\u00e5ra kunder har fram till klockan 16 p\u00e5 sig att l\u00e4gga sina best\u00e4llningar. Det har skapat en lugnare vardag. Och vi beh\u00f6ver inte l\u00e4ngre registrera best\u00e4llningar och \u00e4ndringar manuellt i efterhand. N\u00e4r man har jobbat hela natten \u00e4r det sk\u00f6nt att slippa s\u00e4tta sig med kontorsarbete efter\u00e5t, s\u00e4ger Kim \u00c5ge.<\/p>\n\n\n\n<h2 class=\"wp-block-heading\"> <\/h2>\n\n\n\n<figure class=\"wp-block-image size-large\"><img loading=\"lazy\" decoding=\"async\" width=\"1024\" height=\"576\" src=\"https:\/\/blog.myfoodoffice.com\/wp-content\/uploads\/2022\/07\/Larsens-Bakeri_web4-1024x576.jpeg\" alt=\"When you've worked all night, it's good not to have to sit down with office work afterwards, says Kim \u00c5ge,\" class=\"wp-image-902\" srcset=\"https:\/\/myfoodoffice.com\/wp-content\/uploads\/2022\/07\/Larsens-Bakeri_web4-1024x576.jpeg 1024w, https:\/\/myfoodoffice.com\/wp-content\/uploads\/2022\/07\/Larsens-Bakeri_web4-300x169.jpeg 300w, https:\/\/myfoodoffice.com\/wp-content\/uploads\/2022\/07\/Larsens-Bakeri_web4-768x432.jpeg 768w, https:\/\/myfoodoffice.com\/wp-content\/uploads\/2022\/07\/Larsens-Bakeri_web4-18x10.jpeg 18w, https:\/\/myfoodoffice.com\/wp-content\/uploads\/2022\/07\/Larsens-Bakeri_web4.jpeg 1500w\" sizes=\"auto, (max-width: 1024px) 100vw, 1024px\" \/><figcaption class=\"wp-element-caption\">Foto: Cecilie Nilsen, Lister24<\/figcaption><\/figure>\n\n\n\n<h2 class=\"wp-block-heading\">Mer v\u00e4rdeskapande och fritid<\/h2>\n\n\n\n<p>\u2013<em>&nbsp;<\/em>Hur kommer ni att anv\u00e4nda den tid ni sparat genom MyFoodOffice?<\/p>\n\n\n\n<p>F\u00f6r det f\u00f6rsta kan vi nu hantera fler kunder. F\u00f6r det andra har vi mer tid att vara sociala. F\u00f6r oss som familjef\u00f6retag d\u00e4r b\u00e5de min fru och v\u00e5ra fyra barn arbetar, har familjeh\u00e4ndelser och familjeresor tidigare varit en stor utmaning. Nu kan vi b\u00e5de \u00e5ka p\u00e5 semester tillsammans och ha familjesammankomster utan att oroa oss f\u00f6r bageriets drift. Det \u00e4r helt enkelt en fantastisk vinst, s\u00e4ger Kim \u00c5ge Larsen.<\/p>\n\n\n\n<p>Hans dotter Melissa nickar och ler, medveten om att det till stor del \u00e4r tack vare hennes ultimatum och hennes krav p\u00e5 att fadern skulle ta in modern teknologi i f\u00f6retaget. Hon hotade faktiskt att sluta annars. I dag \u00e4r de b\u00e5da glada att f\u00f6retaget gjorde ett viktigt teknologiskt val.<\/p>\n\n\n\n<p>\u2013 MyFoodOffice kostar lite mer \u00e4n l\u00f6sningen vi hade tidigare, men det \u00e4r v\u00e4rt varenda krona. Vi sparar s\u00e5 mycket tid p\u00e5 allt. Vi sparar faktiskt n\u00e4stan en hel tj\u00e4nst genom att anv\u00e4nda MyFoodOffice. Det \u00e4r mycket pengar p\u00e5 ett \u00e5r. Jag trodde inte vi kunde spara s\u00e5 mycket tid bara genom att byta programvara, s\u00e4ger Kim \u00c5ge Larsen.<\/p>\n\n\n\n<figure class=\"wp-block-image size-large\"><img loading=\"lazy\" decoding=\"async\" width=\"1024\" height=\"576\" src=\"https:\/\/blog.myfoodoffice.com\/wp-content\/uploads\/2022\/07\/Larsens-Bakeri_web-2-1024x576.jpeg\" alt=\". I didn't think we could save so much time by just changing the software, says Kim \u00c5ge Larsen.\" class=\"wp-image-905\" srcset=\"https:\/\/myfoodoffice.com\/wp-content\/uploads\/2022\/07\/Larsens-Bakeri_web-2-1024x576.jpeg 1024w, https:\/\/myfoodoffice.com\/wp-content\/uploads\/2022\/07\/Larsens-Bakeri_web-2-300x169.jpeg 300w, https:\/\/myfoodoffice.com\/wp-content\/uploads\/2022\/07\/Larsens-Bakeri_web-2-768x432.jpeg 768w, https:\/\/myfoodoffice.com\/wp-content\/uploads\/2022\/07\/Larsens-Bakeri_web-2-18x10.jpeg 18w, https:\/\/myfoodoffice.com\/wp-content\/uploads\/2022\/07\/Larsens-Bakeri_web-2.jpeg 1500w\" sizes=\"auto, (max-width: 1024px) 100vw, 1024px\" \/><figcaption class=\"wp-element-caption\">Foto: Cecilie Nilsen, Lister24<\/figcaption><\/figure>\n\n\n\n<h2 class=\"wp-block-heading\">Mer f\u00f6rs\u00e4ljning<\/h2>\n\n\n\n<p>Genom att anv\u00e4nda MyFoodOffice kan kunderna ocks\u00e5 se hela sitt produktsortiment. Tidigare fortsatte kunderna helt enkelt att best\u00e4lla det de alltid hade k\u00f6pt. Med MyFoodOffice presenteras de nu f\u00f6r andra kvalitetsprodukter som de ocks\u00e5 s\u00e4ljer. Detta har gett Larsens Bakeri en n\u00e5got ov\u00e4ntad merf\u00f6rs\u00e4ljning p\u00e5 sina befintliga kunder.<\/p>\n\n\n\n<p>\u2013 MyFoodOffice g\u00f6r v\u00e5rt bredare produktsortiment tillg\u00e4ngligt f\u00f6r kunden. Det har varit en ov\u00e4ntad vinst, s\u00e4ger far och dotter.<\/p>\n\n\n\n<div class=\"wp-block-cover alignfull\" style=\"min-height:600px;aspect-ratio:unset;\"><span aria-hidden=\"true\" class=\"wp-block-cover__background has-background-dim-100 has-background-dim wp-block-cover__gradient-background has-background-gradient\" style=\"background:linear-gradient(135deg,rgb(142,162,248) 0%,rgb(59,67,181) 100%)\"><\/span><img loading=\"lazy\" decoding=\"async\" width=\"2560\" height=\"1707\" class=\"wp-block-cover__image-background wp-image-1405\" alt=\"\" src=\"http:\/\/34.88.199.23\/wp-content\/uploads\/2022\/08\/gradienta-LeG68PrXA6Y-unsplash-scaled.jpg\" data-object-fit=\"cover\" srcset=\"https:\/\/myfoodoffice.com\/wp-content\/uploads\/2022\/08\/gradienta-LeG68PrXA6Y-unsplash-scaled.jpg 2560w, https:\/\/myfoodoffice.com\/wp-content\/uploads\/2022\/08\/gradienta-LeG68PrXA6Y-unsplash-300x200.jpg 300w, https:\/\/myfoodoffice.com\/wp-content\/uploads\/2022\/08\/gradienta-LeG68PrXA6Y-unsplash-1024x683.jpg 1024w, https:\/\/myfoodoffice.com\/wp-content\/uploads\/2022\/08\/gradienta-LeG68PrXA6Y-unsplash-768x512.jpg 768w, https:\/\/myfoodoffice.com\/wp-content\/uploads\/2022\/08\/gradienta-LeG68PrXA6Y-unsplash-1536x1024.jpg 1536w, https:\/\/myfoodoffice.com\/wp-content\/uploads\/2022\/08\/gradienta-LeG68PrXA6Y-unsplash-2048x1365.jpg 2048w, https:\/\/myfoodoffice.com\/wp-content\/uploads\/2022\/08\/gradienta-LeG68PrXA6Y-unsplash-18x12.jpg 18w, https:\/\/myfoodoffice.com\/wp-content\/uploads\/2022\/08\/gradienta-LeG68PrXA6Y-unsplash-2000x1333.jpg 2000w\" sizes=\"auto, (max-width: 2560px) 100vw, 2560px\" \/><div class=\"wp-block-cover__inner-container is-layout-flow wp-block-cover-is-layout-flow\">\n<div style=\"height:40px\" aria-hidden=\"true\" class=\"wp-block-spacer\"><\/div>\n\n\n\n<h2 class=\"wp-block-heading has-text-align-left\" style=\"font-size:50px\"><strong><span style=\"text-decoration: underline;\">En<\/span> plattform f\u00f6r att hantera dina<\/strong><\/h2>\n\n\n\n<div style=\"height:80px\" aria-hidden=\"true\" class=\"wp-block-spacer\"><\/div>\n\n\n\n<div class=\"wp-block-columns is-layout-flex wp-container-core-columns-is-layout-9d6595d7 wp-block-columns-is-layout-flex\">\n<div class=\"wp-block-column is-layout-flow wp-block-column-is-layout-flow\">\n<h1 class=\"wp-block-heading\"><mark style=\"background-color:rgba(0, 0, 0, 0)\" class=\"has-inline-color has-white-color\">Produkter<\/mark><\/h1>\n\n\n\n<p>Alla verktyg du beh\u00f6ver.<br>F\u00e5 kontroll \u00f6ver hela din produktportf\u00f6lj fr\u00e5n ett st\u00e4lle.<\/p>\n\n\n\n<div class=\"wp-block-buttons is-layout-flex wp-block-buttons-is-layout-flex\">\n<div class=\"wp-block-button has-custom-font-size has-small-font-size\"><a class=\"wp-block-button__link wp-element-button\" href=\"https:\/\/myfoodoffice.com\/sv\/manage-your-products\/\">L\u00e4r dig mer<\/a><\/div>\n\n\n\n<div class=\"wp-block-button has-custom-font-size has-small-font-size\"><a class=\"wp-block-button__link wp-element-button\" href=\"https:\/\/app.myfoodoffice.com\/auth\/signup\/?locale\">KOM IG\u00c5NG<\/a><\/div>\n<\/div>\n<\/div>\n\n\n\n<div class=\"wp-block-column is-layout-flow wp-block-column-is-layout-flow\">\n<h1 class=\"wp-block-heading\"><mark style=\"background-color:rgba(0, 0, 0, 0)\" class=\"has-inline-color has-white-color\">Daglig verksamhet<\/mark><\/h1>\n\n\n\n<p>Str\u00f6mlinjeformad och automatiserad.<br>Vi kopplar samman era f\u00f6rs\u00e4ljningskanaler med verksamheten.<\/p>\n\n\n\n<div class=\"wp-block-buttons is-layout-flex wp-block-buttons-is-layout-flex\">\n<div class=\"wp-block-button has-custom-font-size has-small-font-size\"><a class=\"wp-block-button__link wp-element-button\" href=\"https:\/\/myfoodoffice.com\/sv\/manage-your-business\/\">L\u00e4r dig mer<\/a><\/div>\n\n\n\n<div class=\"wp-block-button has-custom-font-size has-small-font-size\"><a class=\"wp-block-button__link wp-element-button\" href=\"https:\/\/app.myfoodoffice.com\/auth\/signup\/?locale\">KOM IG\u00c5NG<\/a><\/div>\n<\/div>\n<\/div>\n<\/div>\n\n\n\n<div style=\"height:136px\" aria-hidden=\"true\" class=\"wp-block-spacer\"><\/div>\n<\/div><\/div>\n\n\n\n<div class=\"wp-block-cover alignfull is-light book-demo-wide\"><span aria-hidden=\"true\" class=\"wp-block-cover__background has-background-dim-100 has-background-dim has-background-gradient\" style=\"background:linear-gradient(135deg,rgb(255,255,255) 0%,rgb(169,184,195) 100%)\"><\/span><div class=\"wp-block-cover__inner-container is-layout-flow wp-block-cover-is-layout-flow\">\n<div style=\"height:40px\" aria-hidden=\"true\" class=\"wp-block-spacer\"><\/div>\n\n\n\n<h2 class=\"wp-block-heading has-text-align-center\">Har du fr\u00e5gor?<\/h2>\n\n\n\n<h2 class=\"wp-block-heading has-text-align-center\">Vill du ha en guidad demo?<\/h2>\n\n\n\n<h2 class=\"wp-block-heading has-text-align-center\">Boka ett m\u00f6te med oss!<\/h2>\n\n\n\n\n\n\n\n\n\n\n\n<br \/>\n<!-- Start of Meetings Embed Script --><\/p>\n<div class=\"meetings-iframe-container\" data-src=\"https:\/\/meetings.hubspot.com\/martin-lang?embed=true\"><\/div>\n<p><script type=\"text\/javascript\" src=\"https:\/\/static.hsappstatic.net\/MeetingsEmbed\/ex\/MeetingsEmbedCode.js\"><\/script><!-- End of Meetings Embed Script \u2014>--><br \/>\n\n<\/div><\/div>\n\n\n\n<div class=\"wp-block-columns is-layout-flex wp-container-core-columns-is-layout-9d6595d7 wp-block-columns-is-layout-flex\">\n<div class=\"wp-block-column feature-colorful-container is-layout-flow wp-block-column-is-layout-flow\">\n<h2 class=\"wp-block-heading\">Vi har allt du beh\u00f6ver f\u00f6r att hantera <\/h2>\n\n\n\n<div class=\"wp-block-columns is-layout-flex wp-container-core-columns-is-layout-9d6595d7 wp-block-columns-is-layout-flex\">\n<div class=\"wp-block-column is-layout-flow wp-block-column-is-layout-flow\">\n<h3 class=\"wp-block-heading\">Daglig verksamhet<\/h3>\n<\/div>\n<\/div>\n\n\n\n<div class=\"wp-block-columns is-layout-flex wp-container-core-columns-is-layout-9d6595d7 wp-block-columns-is-layout-flex\">\n<div class=\"wp-block-column feature-box-colored feature-box-green is-layout-flow wp-block-column-is-layout-flow\">\n<h4 class=\"wp-block-heading\">B2B f\u00f6rs\u00e4ljning<\/h4>\n\n\n\n<p>Driver ni en butikskedja, grossistverksamhet eller f\u00f6retagsf\u00f6rs\u00e4ljning?<br>En allt-i-ett-l\u00f6sning f\u00f6r alla dina f\u00f6rs\u00e4ljningskanaler.<\/p>\n<\/div>\n\n\n\n<div class=\"wp-block-column feature-box-colored feature-box-green is-layout-flow wp-block-column-is-layout-flow\">\n<h4 class=\"wp-block-heading\">Produktion<\/h4>\n\n\n\n<p>G\u00e5 digitalt med din produktion. F\u00e4rdigutr\u00e4knade batchstorlekar automatiskt f\u00f6rberedda och mycket mer.<\/p>\n<\/div>\n\n\n\n<div class=\"wp-block-column feature-box-colored feature-box-green is-layout-flow wp-block-column-is-layout-flow\">\n<h4 class=\"wp-block-heading\">Packning<\/h4>\n\n\n\n<p>V\u00e5ra digitala verktyg snabbar upp orderplockning och packning. F\u00e4rre fel skapar en god atmosf\u00e4r.<\/p>\n<\/div>\n\n\n\n<div class=\"wp-block-column feature-box-colored feature-box-green is-layout-flow wp-block-column-is-layout-flow\">\n<h4 class=\"wp-block-heading\">Connect<\/h4>\n\n\n\n<p>Eliminera on\u00f6dig datainmatning fr\u00e5n ett system till ett annat. Automatisera data f\u00f6r kassasystem, redovisning och webbutik.<\/p>\n<\/div>\n<\/div>\n\n\n\n<div class=\"wp-block-columns is-layout-flex wp-container-core-columns-is-layout-9d6595d7 wp-block-columns-is-layout-flex\">\n<div class=\"wp-block-column is-layout-flow wp-block-column-is-layout-flow\">\n<h3 class=\"wp-block-heading\">Produkter<\/h3>\n<\/div>\n<\/div>\n\n\n\n<div class=\"wp-block-columns is-layout-flex wp-container-core-columns-is-layout-9d6595d7 wp-block-columns-is-layout-flex\">\n<div class=\"wp-block-column feature-box-colored feature-box-blue is-layout-flow wp-block-column-is-layout-flow\">\n<h4 class=\"wp-block-heading\">Varudeklaration<\/h4>\n\n\n\n<p>F\u00e5 ordning p\u00e5 alla dina recept. S\u00e4kerst\u00e4lla korrekta och uppdaterade varudeklarationer<\/p>\n<\/div>\n\n\n\n<div class=\"wp-block-column feature-box-colored feature-box-blue is-layout-flow wp-block-column-is-layout-flow\">\n<h4 class=\"wp-block-heading\">Pro Verktyg<\/h4>\n\n\n\n<p>\u00c4r livsmedelsdeklarationer ditt dedikerade ansvar? Dra nytta av v\u00e5ra kraftfulla verktyg som tar dig l\u00e4ngre.<\/p>\n<\/div>\n\n\n\n<div class=\"wp-block-column feature-box-colored feature-box-blue is-layout-flow wp-block-column-is-layout-flow\">\n<h4 class=\"wp-block-heading\">Etiketter<\/h4>\n\n\n\n<p>Automatisera etikettdesign och inneh\u00e5ll. Enkelt och smidigt. Alltid uppdaterad med recepten. <\/p>\n<\/div>\n\n\n\n<div class=\"wp-block-column feature-box-colored feature-box-blue is-layout-flow wp-block-column-is-layout-flow\">\n<h4 class=\"wp-block-heading\">Produktkalkyl<\/h4>\n\n\n\n<p>K\u00e4nn till dina f\u00f6rs\u00e4ljningsmarginaler och m\u00f6t konkurrensen med sj\u00e4lvf\u00f6rtroende. Anv\u00e4ndbara insikter f\u00f6r f\u00f6rb\u00e4ttrade vinster.<\/p>\n<\/div>\n<\/div>\n<\/div>\n<\/div>\n\n\n\n<div class=\"wp-block-cover alignfull is-light has-parallax is-position-center-center\" style=\"min-height:597px;aspect-ratio:unset;\"><span aria-hidden=\"true\" class=\"wp-block-cover__background has-black-background-color has-background-dim-40 has-background-dim\"><\/span><div role=\"img\" class=\"wp-block-cover__image-background wp-image-1096 has-parallax\" style=\"background-position:50% 50%;background-image:url(https:\/\/myfoodoffice.com\/wp-content\/uploads\/2022\/07\/laura-lefurgey-smith-MGXNnStUi0s-unsplash-scaled.jpg)\"><\/div><div class=\"wp-block-cover__inner-container is-layout-flow wp-block-cover-is-layout-flow\">\n<p class=\"has-text-align-center has-text-color has-huge-font-size\" style=\"color:#fffffa;line-height:1.1\"><\/p>\n\n\n\n<div style=\"height:186px\" aria-hidden=\"true\" class=\"wp-block-spacer\"><\/div>\n\n\n\n<p class=\"has-text-align-center has-white-color has-text-color has-large-font-size\"><strong>MyFoodOffice hj\u00e4lper dig<\/strong><\/p>\n\n\n\n\n\n\n\n\n\n\n\n\n\n\n\n\n\n\n\n<div class=\"wp-block-typing-text-typing-text-block no-translation  root-eb-typing-text-9j26zvy\" data-no-translation=\"\"><div class=\"eb-parent-wrapper eb-parent-eb-typing-text-9j26zvy\"><div class=\"eb-typed-wrapper eb-typing-text-9j26zvy\" data-id=\"eb-typing-text-9j26zvy\"><div class=\"eb-typed-content\" data-type-speed=\"50\" data-start-delay=\"0\" data-smart-backspace=\"true\" data-back-speed=\"40\" data-back-delay=\"700\" data-fade=\"false\" data-fade-delay=\"500\" data-loop=\"true\" data-cursor=\"true\"><span class=\"eb-typed-prefix\"><\/span><span class=\"eb-typed-text-wrapper is-hidden\"><span class=\"eb-typed-text\">s\u00e4lja mer<\/span><span class=\"eb-typed-text\">bli mer l\u00f6nsam<\/span><span class=\"eb-typed-text\">bli mer effektiv<\/span><\/span><span class=\"eb-typed-view\"><\/span><span class=\"eb-typed-suffix\"><\/span><\/div><\/div><\/div><\/div>\n\n\n\n\n\n\n\n<div class=\"wp-block-buttons is-horizontal is-content-justification-center is-layout-flex wp-container-core-buttons-is-layout-499968f5 wp-block-buttons-is-layout-flex\">\n<div class=\"wp-block-button is-style-outline is-style-outline--1\"><a class=\"wp-block-button__link has-white-color has-vivid-cyan-blue-background-color has-text-color has-background wp-element-button\" href=\"https:\/\/app.myfoodoffice.com\/auth\/signup\" target=\"_blank\" rel=\"noreferrer noopener\">KOM IG\u00c5NG<\/a><\/div>\n<\/div>\n\n\n\n<div style=\"height:190px\" aria-hidden=\"true\" class=\"wp-block-spacer\"><\/div>\n<\/div><\/div>","protected":false},"excerpt":{"rendered":"<p>Her father worked around the clock, but it still wasn&#8217;t enough. Melissa gave him the ultimatum. Either they found smarter ways to work or she would quit their family business. Now, it&#8217;s a piece of cake. The savings are insane.It&#8217;s absolutely wild. I didn&#8217;t think it was possible. Kim \u00c5ge Larsen, CEO, Larsens Bakeri Larsens &hellip; <\/p>\n<p class=\"link-more\"><a href=\"https:\/\/myfoodoffice.com\/sv\/story-larsens-bakery\/\" class=\"more-link\">L\u00e4s mer<span class=\"screen-reader-text\"> \u201dStory &#8211; Larsens Bakeri\u201d<\/span><\/a><\/p>","protected":false},"author":3,"featured_media":0,"parent":0,"menu_order":0,"comment_status":"closed","ping_status":"closed","template":"","meta":{"content-type":"","_eb_attr":"","_kad_blocks_custom_css":"","_kad_blocks_head_custom_js":"","_kad_blocks_body_custom_js":"","_kad_blocks_footer_custom_js":"","_kadence_starter_templates_imported_post":false,"footnotes":""},"class_list":["post-885","page","type-page","status-publish","hentry"],"taxonomy_info":[],"featured_image_src_large":false,"author_info":{"display_name":"Martin","author_link":"https:\/\/myfoodoffice.com\/sv\/author\/martin\/"},"comment_info":0,"_links":{"self":[{"href":"https:\/\/myfoodoffice.com\/sv\/wp-json\/wp\/v2\/pages\/885","targetHints":{"allow":["GET"]}}],"collection":[{"href":"https:\/\/myfoodoffice.com\/sv\/wp-json\/wp\/v2\/pages"}],"about":[{"href":"https:\/\/myfoodoffice.com\/sv\/wp-json\/wp\/v2\/types\/page"}],"author":[{"embeddable":true,"href":"https:\/\/myfoodoffice.com\/sv\/wp-json\/wp\/v2\/users\/3"}],"replies":[{"embeddable":true,"href":"https:\/\/myfoodoffice.com\/sv\/wp-json\/wp\/v2\/comments?post=885"}],"version-history":[{"count":47,"href":"https:\/\/myfoodoffice.com\/sv\/wp-json\/wp\/v2\/pages\/885\/revisions"}],"predecessor-version":[{"id":2821,"href":"https:\/\/myfoodoffice.com\/sv\/wp-json\/wp\/v2\/pages\/885\/revisions\/2821"}],"wp:attachment":[{"href":"https:\/\/myfoodoffice.com\/sv\/wp-json\/wp\/v2\/media?parent=885"}],"curies":[{"name":"wp","href":"https:\/\/api.w.org\/{rel}","templated":true}]}}